{"id":30442,"date":"2021-10-01T08:55:00","date_gmt":"2021-10-01T06:55:00","guid":{"rendered":"https:\/\/iotlab.com\/12-buenas-razones-para-trabajar-con-nosotros\/"},"modified":"2022-08-29T08:48:24","modified_gmt":"2022-08-29T06:48:24","slug":"13-buenas-razones-para-trabajar-con-nosotros","status":"publish","type":"page","link":"https:\/\/iotlab.com\/es\/13-buenas-razones-para-trabajar-con-nosotros\/","title":{"rendered":"13 buenas razones para trabajar con IoT Lab"},"content":{"rendered":"<p>[et_pb_section fb_built=\u00bb1&#8243; fullwidth=\u00bbon\u00bb admin_label=\u00bbHero\u00bb _builder_version=\u00bb4.16&#8243; _module_preset=\u00bbdefault\u00bb background_image=\u00bbhttps:\/\/iotlab.com\/wp-content\/uploads\/2021\/08\/dreamstime_xxl_77811688.jpg\u00bb background_position=\u00bbcenter_left\u00bb custom_css_main_element=\u00bb  background-attachment: fixed;||  background-position: bottom;||  background-repeat: no-repeat;||  background-size: cover;\u00bb box_shadow_style=\u00bbpreset1&#8243; locked=\u00bboff\u00bb global_colors_info=\u00bb{}\u00bb][et_pb_fullwidth_slider use_bg_overlay=\u00bboff\u00bb use_text_overlay=\u00bboff\u00bb admin_label=\u00bbFullwidth Slider\u00bb _builder_version=\u00bb4.16&#8243; _module_preset=\u00bbdefault\u00bb header_text_align=\u00bbleft\u00bb background_enable_color=\u00bboff\u00bb width=\u00bb100%\u00bb module_alignment=\u00bbcenter\u00bb content_width=\u00bb100%\u00bb content_max_width=\u00bb100%\u00bb max_height=\u00bb351px\u00bb custom_padding=\u00bb80px||80px||true|false\u00bb global_colors_info=\u00bb{}\u00bb][et_pb_slide heading=\u00bb13 Good reasons to work with us\u00bb _builder_version=\u00bb4.16&#8243; _module_preset=\u00bbdefault\u00bb header_level=\u00bbh1&#8243; header_font=\u00bb|600|||||||\u00bb header_text_align=\u00bbcenter\u00bb header_font_size=\u00bb40px\u00bb header_line_height=\u00bb1.2em\u00bb body_text_align=\u00bbleft\u00bb body_font_size=\u00bb20px\u00bb body_line_height=\u00bb1.5em\u00bb background_color=\u00bbrgba(16,21,53,0.81)\u00bb background_enable_color=\u00bbon\u00bb use_background_color_gradient=\u00bbon\u00bb background_color_gradient_type=\u00bbcircular\u00bb background_color_gradient_direction_radial=\u00bbbottom\u00bb background_color_gradient_stops=\u00bbrgba(0,0,0,0) 0%|#00abd6 92%\u00bb background_color_gradient_start=\u00bbrgba(0,0,0,0)\u00bb background_color_gradient_end=\u00bb#00abd6&#8243; background_color_gradient_end_position=\u00bb92%\u00bb button_alignment=\u00bbleft\u00bb text_orientation=\u00bbleft\u00bb max_width=\u00bb1080px\u00bb max_width_tablet=\u00bb605px\u00bb max_width_phone=\u00bb304px\u00bb max_width_last_edited=\u00bbon|phone\u00bb custom_padding=\u00bb|0px||0px|false|true\u00bb custom_padding_tablet=\u00bb30px|0px|30px|0px|true|false\u00bb custom_padding_phone=\u00bb25px|0px|25px|0px|true|true\u00bb custom_padding_last_edited=\u00bbon|phone\u00bb header_font_size_tablet=\u00bb\u00bb header_font_size_phone=\u00bb28px\u00bb header_font_size_last_edited=\u00bbon|phone\u00bb custom_css_slide_image=\u00bbmax-width: 40%;\u00bb global_colors_info=\u00bb{}\u00bb sticky_transition=\u00bbon\u00bb][\/et_pb_slide][\/et_pb_fullwidth_slider][\/et_pb_section][et_pb_section fb_built=\u00bb1&#8243; custom_padding_last_edited=\u00bbon|desktop\u00bb _builder_version=\u00bb4.17.6&#8243; _module_preset=\u00bb38daf00d-ad10-460d-98cc-26939271c41b\u00bb custom_padding_tablet=\u00bb\u00bb custom_padding_phone=\u00bb\u00bb global_colors_info=\u00bb{}\u00bb][et_pb_row custom_padding_last_edited=\u00bbon|desktop\u00bb _builder_version=\u00bb4.17.6&#8243; _module_preset=\u00bb_initial\u00bb custom_padding_tablet=\u00bb\u00bb custom_padding_phone=\u00bb\u00bb locked=\u00bboff\u00bb global_colors_info=\u00bb{}\u00bb][et_pb_column type=\u00bb4_4&#8243; _builder_version=\u00bb4.16&#8243; _module_preset=\u00bbdefault\u00bb global_colors_info=\u00bb{}\u00bb][et_pb_cta _builder_version=\u00bb4.18.0&#8243; _module_preset=\u00bbb7ff18db-5cb7-413a-86fc-ef1b2fa70a71&#8243; header_text_color=\u00bb#0c71c3&#8243; custom_margin=\u00bb0px|0px|0px|0px|false|false\u00bb custom_padding_tablet=\u00bb\u00bb custom_padding_phone=\u00bb\u00bb custom_padding_last_edited=\u00bbon|desktop\u00bb hover_enabled=\u00bb0&#8243; locked=\u00bboff\u00bb global_colors_info=\u00bb{}\u00bb sticky_enabled=\u00bb0&#8243;]<\/p>\n<p>1. <strong>Expertos de primer nivel en IoT y transformaci\u00f3n digital<\/strong>, incluidos los presidentes del IoT Forum, IPv6 Forum,<br \/>Europrivacy, Smart City Lab.<br \/>2. <strong>Enfoque centrado en el cliente<\/strong> para abordar sus necesidades espec\u00edficas.<br \/>3. <strong>Modelo \u00e1gil y rentable para ahorrar costos<\/strong> y evitar cargos fijos con un modelo de pago por uso.<br \/>4. <strong>Conexi\u00f3n directa con la comunidad investigadora europea<\/strong> y con una red de m\u00e1s de 150 socios investigadores en 22<br \/>pa\u00edses para acceder <strong>a los \u00faltimos resultados de investigaci\u00f3n e innovaci\u00f3n y seleccionar tecnolog\u00edas preparadas para el futuro.<\/strong><br \/>5. <strong>Experiencia con proyectos e implementaciones a gran escala<\/strong>, incluidas las grandes ciudades europeas.<br \/>6. Experiencia \u00fanica en m\u00e1s de 50 est\u00e1ndares de IoT y M2M y protocolos de comunicaci\u00f3n e interoperabilidad para<br \/>garantizar la integraci\u00f3n heredada y evitar el bloqueo de proveedores.<br \/>7. <strong>Compromiso activo en la estandarizaci\u00f3n<\/strong> para anticipar las pr\u00f3ximas tecnolog\u00edas y normas.<br \/>8. <strong>Equipo multidisciplinario<\/strong> que incluye ingenieros y expertos en TIC, abogados, economistas, auditores y<br \/>ecologistas.<br \/>9. <strong>Experiencia en varios verticales<\/strong>, incluidas ciudades inteligentes, datos m\u00e9dicos, sector de telecomunicaciones, industria inteligente, energ\u00eda,<br \/>veh\u00edculos conectados, edificios inteligentes, gesti\u00f3n del agua y agricultura inteligente.<br \/>10. <strong>Experiencia en IPv6 y 5G<\/strong> y arquitectura de red altamente escalable y estrategias de implementaci\u00f3n, desde el n\u00facleo hasta<br \/>el per\u00edmetro, incluidas las tecnolog\u00edas de corte de red.<br \/>11. <strong>Acceso a la infraestructura de banco de pruebas m\u00e1s grande de Europa<\/strong> que abarca m\u00e1s de 5000 nodos finales para pruebas y<br \/>validaci\u00f3n de soluciones.<br \/>12. <strong>Experiencia en protecci\u00f3n de datos<\/strong> y socio oficial de Europrivacy para brindar evaluaci\u00f3n de impacto de protecci\u00f3n de datos, privacidad<br \/>por dise\u00f1o, auditor\u00eda y an\u00e1lisis de brechas, certificaci\u00f3n suiza y GDPR.<br \/>13. <strong>Experiencia en desarrollo sostenible y ODS<\/strong> para minimizar su huella ambiental y clim\u00e1tica.<\/p>\n<p>[\/et_pb_cta][\/et_pb_column][\/et_pb_row][et_pb_row _builder_version=\u00bb4.17.6&#8243; _module_preset=\u00bbf3406a9a-c674-45a5-9082-7ddf65d6e8b4&#8243; global_colors_info=\u00bb{}\u00bb][et_pb_column type=\u00bb4_4&#8243; _builder_version=\u00bb4.16&#8243; _module_preset=\u00bbdefault\u00bb global_colors_info=\u00bb{}\u00bb][et_pb_button button_url=\u00bb@ET-DC@eyJkeW5hbWljIjp0cnVlLCJjb250ZW50IjoicG9zdF9saW5rX3VybF9wYWdlIiwic2V0dGluZ3MiOnsicG9zdF9pZCI6IjQ1In19@\u00bb button_text=\u00bbContactenos\u00bb button_alignment=\u00bbright\u00bb _builder_version=\u00bb4.16&#8243; _dynamic_attributes=\u00bbbutton_url\u00bb _module_preset=\u00bbdefault\u00bb global_colors_info=\u00bb{}\u00bb][\/et_pb_button][\/et_pb_column][\/et_pb_row][\/et_pb_section]<\/p>\n","protected":false},"excerpt":{"rendered":"<p>1. Expertos de primer nivel en IoT y transformaci\u00f3n digital, incluidos los presidentes del IoT Forum, IPv6 Forum,Europrivacy, Smart City Lab.2. Enfoque centrado en el cliente para abordar sus necesidades espec\u00edficas.3. Modelo \u00e1gil y rentable para ahorrar costos y evitar cargos fijos con un modelo de pago por uso.4. Conexi\u00f3n directa con la comunidad investigadora [&hellip;]<\/p>\n","protected":false},"author":1,"featured_media":0,"parent":0,"menu_order":0,"comment_status":"closed","ping_status":"closed","template":"","meta":{"_et_pb_use_builder":"on","_et_pb_old_content":"","_et_gb_content_width":"","inline_featured_image":false,"footnotes":""},"class_list":["post-30442","page","type-page","status-publish","hentry"],"yoast_head":"<!-- This site is optimized with the Yoast SEO Premium plugin v25.5 (Yoast SEO v27.3) - https:\/\/yoast.com\/product\/yoast-seo-premium-wordpress\/ -->\n<title>13 buenas razones para trabajar con IoT Lab - IoT Lab<\/title>\n<meta name=\"robots\" content=\"index, follow, max-snippet:-1, max-image-preview:large, max-video-preview:-1\" \/>\n<link rel=\"canonical\" href=\"https:\/\/iotlab.com\/es\/13-buenas-razones-para-trabajar-con-nosotros\/\" \/>\n<meta property=\"og:locale\" content=\"es_ES\" \/>\n<meta property=\"og:type\" content=\"article\" \/>\n<meta property=\"og:title\" content=\"13 buenas razones para trabajar con IoT Lab\" \/>\n<meta property=\"og:description\" content=\"1. Expertos de primer nivel en IoT y transformaci\u00f3n digital, incluidos los presidentes del IoT Forum, IPv6 Forum,Europrivacy, Smart City Lab.2. Enfoque centrado en el cliente para abordar sus necesidades espec\u00edficas.3. Modelo \u00e1gil y rentable para ahorrar costos y evitar cargos fijos con un modelo de pago por uso.4. Conexi\u00f3n directa con la comunidad investigadora [&hellip;]\" \/>\n<meta property=\"og:url\" content=\"https:\/\/iotlab.com\/es\/13-buenas-razones-para-trabajar-con-nosotros\/\" \/>\n<meta property=\"og:site_name\" content=\"IoT Lab\" \/>\n<meta property=\"article:modified_time\" content=\"2022-08-29T06:48:24+00:00\" \/>\n<meta name=\"twitter:card\" content=\"summary_large_image\" \/>\n<meta name=\"twitter:label1\" content=\"Tiempo de lectura\" \/>\n\t<meta name=\"twitter:data1\" content=\"4 minutos\" \/>\n<script type=\"application\/ld+json\" class=\"yoast-schema-graph\">{\"@context\":\"https:\\\/\\\/schema.org\",\"@graph\":[{\"@type\":\"WebPage\",\"@id\":\"https:\\\/\\\/iotlab.com\\\/es\\\/13-buenas-razones-para-trabajar-con-nosotros\\\/\",\"url\":\"https:\\\/\\\/iotlab.com\\\/es\\\/13-buenas-razones-para-trabajar-con-nosotros\\\/\",\"name\":\"13 buenas razones para trabajar con IoT Lab - IoT Lab\",\"isPartOf\":{\"@id\":\"https:\\\/\\\/iotlab.com\\\/es\\\/#website\"},\"datePublished\":\"2021-10-01T06:55:00+00:00\",\"dateModified\":\"2022-08-29T06:48:24+00:00\",\"breadcrumb\":{\"@id\":\"https:\\\/\\\/iotlab.com\\\/es\\\/13-buenas-razones-para-trabajar-con-nosotros\\\/#breadcrumb\"},\"inLanguage\":\"es\",\"potentialAction\":[{\"@type\":\"ReadAction\",\"target\":[\"https:\\\/\\\/iotlab.com\\\/es\\\/13-buenas-razones-para-trabajar-con-nosotros\\\/\"]}]},{\"@type\":\"BreadcrumbList\",\"@id\":\"https:\\\/\\\/iotlab.com\\\/es\\\/13-buenas-razones-para-trabajar-con-nosotros\\\/#breadcrumb\",\"itemListElement\":[{\"@type\":\"ListItem\",\"position\":1,\"name\":\"Home\",\"item\":\"https:\\\/\\\/iotlab.com\\\/es\\\/\"},{\"@type\":\"ListItem\",\"position\":2,\"name\":\"13 buenas razones para trabajar con IoT Lab\"}]},{\"@type\":\"WebSite\",\"@id\":\"https:\\\/\\\/iotlab.com\\\/es\\\/#website\",\"url\":\"https:\\\/\\\/iotlab.com\\\/es\\\/\",\"name\":\"Iot Lab\",\"description\":\"IoT Lab is an international platform of services and resources for the Internet of Things (IoT), digital transformation and data protection, providing solutions and services for Internet of Things and Digital Transformation, Smart Cities, Privacy &amp; Security, Research &amp; Innovation, Technology transfer &amp; Standardization, International Cooperation and SDGs.\",\"alternateName\":\"Iot Lab\",\"potentialAction\":[{\"@type\":\"SearchAction\",\"target\":{\"@type\":\"EntryPoint\",\"urlTemplate\":\"https:\\\/\\\/iotlab.com\\\/es\\\/?s={search_term_string}\"},\"query-input\":{\"@type\":\"PropertyValueSpecification\",\"valueRequired\":true,\"valueName\":\"search_term_string\"}}],\"inLanguage\":\"es\"}]}<\/script>\n<!-- \/ Yoast SEO Premium plugin. -->","yoast_head_json":{"title":"13 buenas razones para trabajar con IoT Lab - IoT Lab","robots":{"index":"index","follow":"follow","max-snippet":"max-snippet:-1","max-image-preview":"max-image-preview:large","max-video-preview":"max-video-preview:-1"},"canonical":"https:\/\/iotlab.com\/es\/13-buenas-razones-para-trabajar-con-nosotros\/","og_locale":"es_ES","og_type":"article","og_title":"13 buenas razones para trabajar con IoT Lab","og_description":"1. Expertos de primer nivel en IoT y transformaci\u00f3n digital, incluidos los presidentes del IoT Forum, IPv6 Forum,Europrivacy, Smart City Lab.2. Enfoque centrado en el cliente para abordar sus necesidades espec\u00edficas.3. Modelo \u00e1gil y rentable para ahorrar costos y evitar cargos fijos con un modelo de pago por uso.4. Conexi\u00f3n directa con la comunidad investigadora [&hellip;]","og_url":"https:\/\/iotlab.com\/es\/13-buenas-razones-para-trabajar-con-nosotros\/","og_site_name":"IoT Lab","article_modified_time":"2022-08-29T06:48:24+00:00","twitter_card":"summary_large_image","twitter_misc":{"Tiempo de lectura":"4 minutos"},"schema":{"@context":"https:\/\/schema.org","@graph":[{"@type":"WebPage","@id":"https:\/\/iotlab.com\/es\/13-buenas-razones-para-trabajar-con-nosotros\/","url":"https:\/\/iotlab.com\/es\/13-buenas-razones-para-trabajar-con-nosotros\/","name":"13 buenas razones para trabajar con IoT Lab - IoT Lab","isPartOf":{"@id":"https:\/\/iotlab.com\/es\/#website"},"datePublished":"2021-10-01T06:55:00+00:00","dateModified":"2022-08-29T06:48:24+00:00","breadcrumb":{"@id":"https:\/\/iotlab.com\/es\/13-buenas-razones-para-trabajar-con-nosotros\/#breadcrumb"},"inLanguage":"es","potentialAction":[{"@type":"ReadAction","target":["https:\/\/iotlab.com\/es\/13-buenas-razones-para-trabajar-con-nosotros\/"]}]},{"@type":"BreadcrumbList","@id":"https:\/\/iotlab.com\/es\/13-buenas-razones-para-trabajar-con-nosotros\/#breadcrumb","itemListElement":[{"@type":"ListItem","position":1,"name":"Home","item":"https:\/\/iotlab.com\/es\/"},{"@type":"ListItem","position":2,"name":"13 buenas razones para trabajar con IoT Lab"}]},{"@type":"WebSite","@id":"https:\/\/iotlab.com\/es\/#website","url":"https:\/\/iotlab.com\/es\/","name":"Iot Lab","description":"IoT Lab is an international platform of services and resources for the Internet of Things (IoT), digital transformation and data protection, providing solutions and services for Internet of Things and Digital Transformation, Smart Cities, Privacy &amp; Security, Research &amp; Innovation, Technology transfer &amp; Standardization, International Cooperation and SDGs.","alternateName":"Iot Lab","potentialAction":[{"@type":"SearchAction","target":{"@type":"EntryPoint","urlTemplate":"https:\/\/iotlab.com\/es\/?s={search_term_string}"},"query-input":{"@type":"PropertyValueSpecification","valueRequired":true,"valueName":"search_term_string"}}],"inLanguage":"es"}]}},"_links":{"self":[{"href":"https:\/\/iotlab.com\/es\/wp-json\/wp\/v2\/pages\/30442","targetHints":{"allow":["GET"]}}],"collection":[{"href":"https:\/\/iotlab.com\/es\/wp-json\/wp\/v2\/pages"}],"about":[{"href":"https:\/\/iotlab.com\/es\/wp-json\/wp\/v2\/types\/page"}],"author":[{"embeddable":true,"href":"https:\/\/iotlab.com\/es\/wp-json\/wp\/v2\/users\/1"}],"replies":[{"embeddable":true,"href":"https:\/\/iotlab.com\/es\/wp-json\/wp\/v2\/comments?post=30442"}],"version-history":[{"count":19,"href":"https:\/\/iotlab.com\/es\/wp-json\/wp\/v2\/pages\/30442\/revisions"}],"predecessor-version":[{"id":33282,"href":"https:\/\/iotlab.com\/es\/wp-json\/wp\/v2\/pages\/30442\/revisions\/33282"}],"wp:attachment":[{"href":"https:\/\/iotlab.com\/es\/wp-json\/wp\/v2\/media?parent=30442"}],"curies":[{"name":"wp","href":"https:\/\/api.w.org\/{rel}","templated":true}]}}