{"id":30538,"date":"2021-10-01T09:06:46","date_gmt":"2021-10-01T07:06:46","guid":{"rendered":"https:\/\/iotlab.com\/sobre-nosotros-y-socios\/"},"modified":"2025-02-20T00:34:58","modified_gmt":"2025-02-19T23:34:58","slug":"sobre-nosotros-y-socios","status":"publish","type":"page","link":"https:\/\/iotlab.com\/es\/sobre-nosotros-y-socios\/","title":{"rendered":"Sobre nosotros"},"content":{"rendered":"<p>[et_pb_section fb_built=\u00bb1&#8243; fullwidth=\u00bbon\u00bb admin_label=\u00bbHero\u00bb _builder_version=\u00bb4.16&#8243; _module_preset=\u00bbdefault\u00bb background_image=\u00bbhttps:\/\/iotlab.com\/wp-content\/uploads\/2021\/05\/Logo-Horizontal-innovation-crafters.png\u00bb background_position=\u00bbcenter_left\u00bb custom_css_main_element=\u00bb  background-attachment: fixed;||  background-position: bottom;||  background-repeat: no-repeat;||  background-size: cover;\u00bb box_shadow_style=\u00bbpreset1&#8243; locked=\u00bboff\u00bb global_colors_info=\u00bb{}\u00bb][et_pb_fullwidth_slider use_bg_overlay=\u00bboff\u00bb use_text_overlay=\u00bboff\u00bb admin_label=\u00bbFullwidth Slider\u00bb _builder_version=\u00bb4.16&#8243; _module_preset=\u00bbdefault\u00bb header_text_align=\u00bbleft\u00bb background_enable_color=\u00bboff\u00bb width=\u00bb100%\u00bb module_alignment=\u00bbcenter\u00bb content_width=\u00bb100%\u00bb content_max_width=\u00bb100%\u00bb max_height=\u00bb351px\u00bb custom_padding=\u00bb80px||80px||true|false\u00bb global_colors_info=\u00bb{}\u00bb][et_pb_slide heading=\u00bbSobre nosotros\u00bb _builder_version=\u00bb4.16&#8243; _module_preset=\u00bbdefault\u00bb header_level=\u00bbh1&#8243; header_font=\u00bb|600|||||||\u00bb header_text_align=\u00bbcenter\u00bb header_font_size=\u00bb40px\u00bb header_line_height=\u00bb1.2em\u00bb body_text_align=\u00bbleft\u00bb body_font_size=\u00bb20px\u00bb body_line_height=\u00bb1.5em\u00bb background_color=\u00bbrgba(16,21,53,0.81)\u00bb background_enable_color=\u00bbon\u00bb use_background_color_gradient=\u00bbon\u00bb background_color_gradient_type=\u00bbcircular\u00bb background_color_gradient_direction_radial=\u00bbbottom\u00bb background_color_gradient_stops=\u00bbrgba(0,0,0,0) 0%|#00abd6 92%\u00bb background_color_gradient_start=\u00bbrgba(0,0,0,0)\u00bb background_color_gradient_end=\u00bb#00abd6&#8243; background_color_gradient_end_position=\u00bb92%\u00bb button_alignment=\u00bbleft\u00bb text_orientation=\u00bbleft\u00bb max_width=\u00bb1080px\u00bb max_width_tablet=\u00bb605px\u00bb max_width_phone=\u00bb304px\u00bb max_width_last_edited=\u00bbon|phone\u00bb custom_padding=\u00bb|0px||0px|false|true\u00bb custom_padding_tablet=\u00bb30px|0px|30px|0px|true|false\u00bb custom_padding_phone=\u00bb25px|0px|25px|0px|true|true\u00bb custom_padding_last_edited=\u00bbon|phone\u00bb header_font_size_tablet=\u00bb\u00bb header_font_size_phone=\u00bb28px\u00bb header_font_size_last_edited=\u00bbon|phone\u00bb custom_css_slide_image=\u00bbmax-width: 40%;\u00bb global_colors_info=\u00bb{}\u00bb sticky_transition=\u00bbon\u00bb][\/et_pb_slide][\/et_pb_fullwidth_slider][\/et_pb_section][et_pb_section fb_built=\u00bb1&#8243; custom_padding_last_edited=\u00bbon|desktop\u00bb admin_label=\u00bbOur Mission\u00bb module_id=\u00bbacerca de\u00bb _builder_version=\u00bb4.17.6&#8243; _module_preset=\u00bb38daf00d-ad10-460d-98cc-26939271c41b\u00bb custom_padding_tablet=\u00bb\u00bb custom_padding_phone=\u00bb\u00bb locked=\u00bboff\u00bb global_colors_info=\u00bb{}\u00bb][et_pb_row column_structure=\u00bb1_2,1_2&#8243; custom_padding_last_edited=\u00bbon|desktop\u00bb _builder_version=\u00bb4.17.6&#8243; _module_preset=\u00bb_initial\u00bb custom_padding_tablet=\u00bb\u00bb custom_padding_phone=\u00bb\u00bb global_colors_info=\u00bb{}\u00bb][et_pb_column type=\u00bb1_2&#8243; _builder_version=\u00bb4.16&#8243; _module_preset=\u00bbdefault\u00bb global_colors_info=\u00bb{}\u00bb][et_pb_text _builder_version=\u00bb4.18.0&#8243; _module_preset=\u00bb_initial\u00bb custom_padding_tablet=\u00bb23px|26px|23px|26px|true|true\u00bb global_colors_info=\u00bb{}\u00bb]<\/p>\n<p>IoT Lab ha sido establecido por el proyecto de investigaci\u00f3n europeo del mismo nombre para desarrollar un laboratorio colaborativo que re\u00fana a expertos internacionales en el dominio de IoT de la industria y la comunidad de investigaci\u00f3n. Ha tenido su sede en Ginebra, en el Biotech Campus, junto a las organizaciones internacionales y las organizaciones de desarrollo de normas mundiales como la UIT, la ISO y la CEI.<\/p>\n<p>[\/et_pb_text][\/et_pb_column][et_pb_column type=\u00bb1_2&#8243; _builder_version=\u00bb4.16&#8243; _module_preset=\u00bbdefault\u00bb global_colors_info=\u00bb{}\u00bb][et_pb_image src=\u00bbhttps:\/\/iotlab.com\/wp-content\/uploads\/2021\/05\/Logo-Horizontal-innovation-crafters-162&#215;60-1.png\u00bb alt=\u00bbLaboratorio de IoT: artesanos de la innovaci\u00f3n del logotipo\u00bb title_text=\u00bbLaboratorio de IoT: artesanos de la innovaci\u00f3n del logotipo\u00bb align_tablet=\u00bb\u00bb align_phone=\u00bb\u00bb align_last_edited=\u00bbon|desktop\u00bb _builder_version=\u00bb4.17.6&#8243; _module_preset=\u00bbdefault\u00bb max_width=\u00bb88%\u00bb custom_margin=\u00bb||||false|false\u00bb module_alignment_tablet=\u00bb\u00bb module_alignment_phone=\u00bb\u00bb module_alignment_last_edited=\u00bbon|desktop\u00bb global_colors_info=\u00bb{}\u00bb][\/et_pb_image][\/et_pb_column][\/et_pb_row][et_pb_row custom_padding_last_edited=\u00bbon|desktop\u00bb _builder_version=\u00bb4.17.6&#8243; _module_preset=\u00bb_initial\u00bb custom_padding_tablet=\u00bb\u00bb custom_padding_phone=\u00bb\u00bb global_colors_info=\u00bb{}\u00bb][et_pb_column type=\u00bb4_4&#8243; _builder_version=\u00bb4.16&#8243; _module_preset=\u00bbdefault\u00bb global_colors_info=\u00bb{}\u00bb][et_pb_text _builder_version=\u00bb4.18.0&#8243; _module_preset=\u00bb_initial\u00bb global_colors_info=\u00bb{}\u00bb]<\/p>\n<p>IoT Lab sirve como punto de entrada e interfaz con la comunidad de investigaci\u00f3n e innovaci\u00f3n para abordar las demandas de:<\/p>\n<ul>\n<li>Empresas e industria, incluidos bancos y seguros;<\/li>\n<li>Ciudades, municipios y administraciones p\u00fablicas.<\/li>\n<\/ul>\n<p>[\/et_pb_text][\/et_pb_column][\/et_pb_row][et_pb_row custom_padding_last_edited=\u00bbon|desktop\u00bb _builder_version=\u00bb4.17.6&#8243; _module_preset=\u00bb_initial\u00bb custom_padding_tablet=\u00bb\u00bb custom_padding_phone=\u00bb\u00bb global_colors_info=\u00bb{}\u00bb][et_pb_column type=\u00bb4_4&#8243; _builder_version=\u00bb4.16&#8243; _module_preset=\u00bbdefault\u00bb global_colors_info=\u00bb{}\u00bb][et_pb_text _builder_version=\u00bb4.17.6&#8243; _module_preset=\u00bb_initial\u00bb global_colors_info=\u00bb{}\u00bb]<\/p>\n<p>El Laboratorio de IoT tiene como objetivo:<\/p>\n<ul>\n<li>Promoci\u00f3n de la cooperaci\u00f3n internacional en el \u00e1mbito de la investigaci\u00f3n;<\/li>\n<li>Apoyar y participar en actividades colaborativas de investigaci\u00f3n y desarrollo;<\/li>\n<li>Desarrollar y mantener una investigaci\u00f3n compartida y una infraestructura de banco de pruebas, incluida la plataforma IoT Lab de Testbed as a Service;<\/li>\n<li>Apoyar la transferencia y explotaci\u00f3n de los resultados de la investigaci\u00f3n para la estandarizaci\u00f3n, el desarrollo sostenible y la adopci\u00f3n del mercado;<\/li>\n<li>Promover el uso de los recursos y la experiencia de sus miembros.<\/li>\n<\/ul>\n<p>[\/et_pb_text][\/et_pb_column][\/et_pb_row][et_pb_row custom_padding_last_edited=\u00bbon|desktop\u00bb _builder_version=\u00bb4.17.6&#8243; _module_preset=\u00bb_initial\u00bb custom_padding_tablet=\u00bb\u00bb custom_padding_phone=\u00bb\u00bb global_colors_info=\u00bb{}\u00bb][et_pb_column type=\u00bb4_4&#8243; _builder_version=\u00bb4.16&#8243; _module_preset=\u00bbdefault\u00bb global_colors_info=\u00bb{}\u00bb][et_pb_text _builder_version=\u00bb4.27.4&#8243; _module_preset=\u00bb_initial\u00bb global_colors_info=\u00bb{}\u00bb]A trav\u00e9s de sus miembros, IoT Lab re\u00fane y mutualiza experiencia complementaria en:<\/p>\n<ul>\n<li>Internet de las cosas, que incluye integraci\u00f3n multiprotocolo, interoperabilidad, plataformas escalables, etc.<\/li>\n<li>Protecci\u00f3n de datos personales y cumplimiento de GDPR, incluida la protecci\u00f3n de datos por dise\u00f1o, DPIA, servicios de DPO, etc.<\/li>\n<li>Ciberseguridad, incluida la experiencia en ISO \/ IEC 27001<\/li>\n<li>Tecnolog\u00edas de red, incluidas 5G, IPv6, SDN, NFV, segmentaci\u00f3n din\u00e1mica de red, etc.<\/li>\n<li>Desarrollo sostenible, incluidos los Objetivos de Desarrollo Sostenible (ODS)<\/li>\n<li>Estandarizaci\u00f3n e interoperabilidad<\/li>\n<li>Divulgaci\u00f3n y comunicaci\u00f3n<\/li>\n<\/ul>\n<p>[\/et_pb_text][\/et_pb_column][\/et_pb_row][\/et_pb_section][et_pb_section fb_built=\u00bb1&#8243; custom_padding_last_edited=\u00bbon|desktop\u00bb admin_label=\u00bbOur Mission\u00bb module_id=\u00bbacerca de\u00bb _builder_version=\u00bb4.16&#8243; _module_preset=\u00bbdefault\u00bb background_color=\u00bb#fafafa\u00bb custom_margin=\u00bb||||false|false\u00bb custom_padding=\u00bb3px||10px||false|false\u00bb custom_padding_tablet=\u00bb\u00bb custom_padding_phone=\u00bb\u00bb top_divider_color=\u00bbrgba(12,113,195,0.56)\u00bb top_divider_height=\u00bb44px\u00bb top_divider_flip=\u00bbhorizontal\u00bb bottom_divider_color=\u00bb#FFFFFF\u00bb bottom_divider_height=\u00bb72px\u00bb border_style_all=\u00bbnone\u00bb locked=\u00bboff\u00bb global_colors_info=\u00bb{}\u00bb][et_pb_row column_structure=\u00bb1_2,1_2&#8243; _builder_version=\u00bb4.16&#8243; _module_preset=\u00bbdefault\u00bb global_colors_info=\u00bb{}\u00bb][et_pb_column type=\u00bb1_2&#8243; _builder_version=\u00bb4.16&#8243; _module_preset=\u00bbdefault\u00bb global_colors_info=\u00bb{}\u00bb][et_pb_text _builder_version=\u00bb4.17.6&#8243; _module_preset=\u00bb_initial\u00bb custom_padding=\u00bb|23px||23px|true|true\u00bb custom_padding_tablet=\u00bb23px|26px|23px|26px|true|true\u00bb global_colors_info=\u00bb{}\u00bb]<\/p>\n<p><a href=\"https:\/\/iotlab.com\/es\/13-buenas-razones-para-trabajar-con-nosotros\/\">13 buenas razones para trabajar con IoT Lab<\/a><\/p>\n<p><a href=\"https:\/\/iotlab.com\/es\/junta-de-expertos-de-iot-lab-smart-city\/\">Junta de Expertos<\/a><\/p>\n<p><a href=\"https:\/\/iotlab.com\/es\/socios\/\">Socios<\/a><\/p>\n<p>[\/et_pb_text][\/et_pb_column][et_pb_column type=\u00bb1_2&#8243; _builder_version=\u00bb4.16&#8243; _module_preset=\u00bbdefault\u00bb global_colors_info=\u00bb{}\u00bb][et_pb_text _builder_version=\u00bb4.17.6&#8243; _module_preset=\u00bb_initial\u00bb custom_padding=\u00bb|23px||23px|true|true\u00bb custom_padding_tablet=\u00bb23px|26px|23px|26px|true|true\u00bb global_colors_info=\u00bb{}\u00bb]<\/p>\n<p><a href=\"https:\/\/iotlab.com\/es\/politica-de-privacidad-y-cookies\/\">Pol\u00edtica de privacidad y cookies<\/a><\/p>\n<p><a href=\"https:\/\/iotlab.com\/es\/terminos-y-condiciones\/\">T\u00e9rminos y condiciones<\/a><\/p>\n<p>[\/et_pb_text][\/et_pb_column][\/et_pb_row][et_pb_row _builder_version=\u00bb4.17.6&#8243; _module_preset=\u00bbf3406a9a-c674-45a5-9082-7ddf65d6e8b4&#8243; global_colors_info=\u00bb{}\u00bb][et_pb_column type=\u00bb4_4&#8243; _builder_version=\u00bb4.17.6&#8243; _module_preset=\u00bbdefault\u00bb global_colors_info=\u00bb{}\u00bb][et_pb_button button_url=\u00bb@ET-DC@eyJkeW5hbWljIjp0cnVlLCJjb250ZW50IjoicG9zdF9saW5rX3VybF9wYWdlIiwic2V0dGluZ3MiOnsicG9zdF9pZCI6IjQ1In19@\u00bb button_text=\u00bbContactenos\u00bb button_alignment=\u00bbright\u00bb _builder_version=\u00bb4.16&#8243; _dynamic_attributes=\u00bbbutton_url\u00bb _module_preset=\u00bbdefault\u00bb global_colors_info=\u00bb{}\u00bb][\/et_pb_button][\/et_pb_column][\/et_pb_row][\/et_pb_section]<\/p>\n","protected":false},"excerpt":{"rendered":"<p>IoT Lab ha sido establecido por el proyecto de investigaci\u00f3n europeo del mismo nombre para desarrollar un laboratorio colaborativo que re\u00fana a expertos internacionales en el dominio de IoT de la industria y la comunidad de investigaci\u00f3n. Ha tenido su sede en Ginebra, en el Biotech Campus, junto a las organizaciones internacionales y las organizaciones [&hellip;]<\/p>\n","protected":false},"author":1,"featured_media":0,"parent":0,"menu_order":0,"comment_status":"closed","ping_status":"closed","template":"","meta":{"_et_pb_use_builder":"on","_et_pb_old_content":"","_et_gb_content_width":"","inline_featured_image":false,"footnotes":""},"class_list":["post-30538","page","type-page","status-publish","hentry"],"yoast_head":"<!-- This site is optimized with the Yoast SEO Premium plugin v25.5 (Yoast SEO v27.4) - https:\/\/yoast.com\/product\/yoast-seo-premium-wordpress\/ -->\n<title>Sobre nosotros - IoT Lab<\/title>\n<meta name=\"robots\" content=\"index, follow, max-snippet:-1, max-image-preview:large, max-video-preview:-1\" \/>\n<link rel=\"canonical\" href=\"https:\/\/iotlab.com\/es\/sobre-nosotros-y-socios\/\" \/>\n<meta property=\"og:locale\" content=\"es_ES\" \/>\n<meta property=\"og:type\" content=\"article\" \/>\n<meta property=\"og:title\" content=\"Sobre nosotros\" \/>\n<meta property=\"og:description\" content=\"IoT Lab ha sido establecido por el proyecto de investigaci\u00f3n europeo del mismo nombre para desarrollar un laboratorio colaborativo que re\u00fana a expertos internacionales en el dominio de IoT de la industria y la comunidad de investigaci\u00f3n. Ha tenido su sede en Ginebra, en el Biotech Campus, junto a las organizaciones internacionales y las organizaciones [&hellip;]\" \/>\n<meta property=\"og:url\" content=\"https:\/\/iotlab.com\/es\/sobre-nosotros-y-socios\/\" \/>\n<meta property=\"og:site_name\" content=\"IoT Lab\" \/>\n<meta property=\"article:modified_time\" content=\"2025-02-19T23:34:58+00:00\" \/>\n<meta name=\"twitter:card\" content=\"summary_large_image\" \/>\n<meta name=\"twitter:label1\" content=\"Tiempo de lectura\" \/>\n\t<meta name=\"twitter:data1\" content=\"6 minutos\" \/>\n<script type=\"application\/ld+json\" class=\"yoast-schema-graph\">{\"@context\":\"https:\\\/\\\/schema.org\",\"@graph\":[{\"@type\":\"WebPage\",\"@id\":\"https:\\\/\\\/iotlab.com\\\/es\\\/sobre-nosotros-y-socios\\\/\",\"url\":\"https:\\\/\\\/iotlab.com\\\/es\\\/sobre-nosotros-y-socios\\\/\",\"name\":\"Sobre nosotros - IoT Lab\",\"isPartOf\":{\"@id\":\"https:\\\/\\\/iotlab.com\\\/es\\\/#website\"},\"datePublished\":\"2021-10-01T07:06:46+00:00\",\"dateModified\":\"2025-02-19T23:34:58+00:00\",\"breadcrumb\":{\"@id\":\"https:\\\/\\\/iotlab.com\\\/es\\\/sobre-nosotros-y-socios\\\/#breadcrumb\"},\"inLanguage\":\"es\",\"potentialAction\":[{\"@type\":\"ReadAction\",\"target\":[\"https:\\\/\\\/iotlab.com\\\/es\\\/sobre-nosotros-y-socios\\\/\"]}]},{\"@type\":\"BreadcrumbList\",\"@id\":\"https:\\\/\\\/iotlab.com\\\/es\\\/sobre-nosotros-y-socios\\\/#breadcrumb\",\"itemListElement\":[{\"@type\":\"ListItem\",\"position\":1,\"name\":\"Home\",\"item\":\"https:\\\/\\\/iotlab.com\\\/es\\\/\"},{\"@type\":\"ListItem\",\"position\":2,\"name\":\"Sobre nosotros\"}]},{\"@type\":\"WebSite\",\"@id\":\"https:\\\/\\\/iotlab.com\\\/es\\\/#website\",\"url\":\"https:\\\/\\\/iotlab.com\\\/es\\\/\",\"name\":\"Iot Lab\",\"description\":\"IoT Lab is an international platform of services and resources for the Internet of Things (IoT), digital transformation and data protection, providing solutions and services for Internet of Things and Digital Transformation, Smart Cities, Privacy &amp; Security, Research &amp; Innovation, Technology transfer &amp; Standardization, International Cooperation and SDGs.\",\"alternateName\":\"Iot Lab\",\"potentialAction\":[{\"@type\":\"SearchAction\",\"target\":{\"@type\":\"EntryPoint\",\"urlTemplate\":\"https:\\\/\\\/iotlab.com\\\/es\\\/?s={search_term_string}\"},\"query-input\":{\"@type\":\"PropertyValueSpecification\",\"valueRequired\":true,\"valueName\":\"search_term_string\"}}],\"inLanguage\":\"es\"}]}<\/script>\n<!-- \/ Yoast SEO Premium plugin. -->","yoast_head_json":{"title":"Sobre nosotros - IoT Lab","robots":{"index":"index","follow":"follow","max-snippet":"max-snippet:-1","max-image-preview":"max-image-preview:large","max-video-preview":"max-video-preview:-1"},"canonical":"https:\/\/iotlab.com\/es\/sobre-nosotros-y-socios\/","og_locale":"es_ES","og_type":"article","og_title":"Sobre nosotros","og_description":"IoT Lab ha sido establecido por el proyecto de investigaci\u00f3n europeo del mismo nombre para desarrollar un laboratorio colaborativo que re\u00fana a expertos internacionales en el dominio de IoT de la industria y la comunidad de investigaci\u00f3n. Ha tenido su sede en Ginebra, en el Biotech Campus, junto a las organizaciones internacionales y las organizaciones [&hellip;]","og_url":"https:\/\/iotlab.com\/es\/sobre-nosotros-y-socios\/","og_site_name":"IoT Lab","article_modified_time":"2025-02-19T23:34:58+00:00","twitter_card":"summary_large_image","twitter_misc":{"Tiempo de lectura":"6 minutos"},"schema":{"@context":"https:\/\/schema.org","@graph":[{"@type":"WebPage","@id":"https:\/\/iotlab.com\/es\/sobre-nosotros-y-socios\/","url":"https:\/\/iotlab.com\/es\/sobre-nosotros-y-socios\/","name":"Sobre nosotros - IoT Lab","isPartOf":{"@id":"https:\/\/iotlab.com\/es\/#website"},"datePublished":"2021-10-01T07:06:46+00:00","dateModified":"2025-02-19T23:34:58+00:00","breadcrumb":{"@id":"https:\/\/iotlab.com\/es\/sobre-nosotros-y-socios\/#breadcrumb"},"inLanguage":"es","potentialAction":[{"@type":"ReadAction","target":["https:\/\/iotlab.com\/es\/sobre-nosotros-y-socios\/"]}]},{"@type":"BreadcrumbList","@id":"https:\/\/iotlab.com\/es\/sobre-nosotros-y-socios\/#breadcrumb","itemListElement":[{"@type":"ListItem","position":1,"name":"Home","item":"https:\/\/iotlab.com\/es\/"},{"@type":"ListItem","position":2,"name":"Sobre nosotros"}]},{"@type":"WebSite","@id":"https:\/\/iotlab.com\/es\/#website","url":"https:\/\/iotlab.com\/es\/","name":"Iot Lab","description":"IoT Lab is an international platform of services and resources for the Internet of Things (IoT), digital transformation and data protection, providing solutions and services for Internet of Things and Digital Transformation, Smart Cities, Privacy &amp; Security, Research &amp; Innovation, Technology transfer &amp; Standardization, International Cooperation and SDGs.","alternateName":"Iot Lab","potentialAction":[{"@type":"SearchAction","target":{"@type":"EntryPoint","urlTemplate":"https:\/\/iotlab.com\/es\/?s={search_term_string}"},"query-input":{"@type":"PropertyValueSpecification","valueRequired":true,"valueName":"search_term_string"}}],"inLanguage":"es"}]}},"_links":{"self":[{"href":"https:\/\/iotlab.com\/es\/wp-json\/wp\/v2\/pages\/30538","targetHints":{"allow":["GET"]}}],"collection":[{"href":"https:\/\/iotlab.com\/es\/wp-json\/wp\/v2\/pages"}],"about":[{"href":"https:\/\/iotlab.com\/es\/wp-json\/wp\/v2\/types\/page"}],"author":[{"embeddable":true,"href":"https:\/\/iotlab.com\/es\/wp-json\/wp\/v2\/users\/1"}],"replies":[{"embeddable":true,"href":"https:\/\/iotlab.com\/es\/wp-json\/wp\/v2\/comments?post=30538"}],"version-history":[{"count":36,"href":"https:\/\/iotlab.com\/es\/wp-json\/wp\/v2\/pages\/30538\/revisions"}],"predecessor-version":[{"id":33802,"href":"https:\/\/iotlab.com\/es\/wp-json\/wp\/v2\/pages\/30538\/revisions\/33802"}],"wp:attachment":[{"href":"https:\/\/iotlab.com\/es\/wp-json\/wp\/v2\/media?parent=30538"}],"curies":[{"name":"wp","href":"https:\/\/api.w.org\/{rel}","templated":true}]}}