{"id":31229,"date":"2022-08-29T19:56:22","date_gmt":"2022-08-29T17:56:22","guid":{"rendered":"https:\/\/iotlab.com\/?page_id=31229"},"modified":"2022-08-29T20:09:12","modified_gmt":"2022-08-29T18:09:12","slug":"terminos-y-condiciones","status":"publish","type":"page","link":"https:\/\/iotlab.com\/es\/terminos-y-condiciones\/","title":{"rendered":"T\u00e9rminos y condiciones"},"content":{"rendered":"\n[et_pb_section fb_built=\u00bb1&#8243; fullwidth=\u00bbon\u00bb admin_label=\u00bbHero\u00bb _builder_version=\u00bb4.16&#8243; _module_preset=\u00bbdefault\u00bb background_image=\u00bbhttps:\/\/iotlab.com\/wp-content\/uploads\/2021\/05\/Logo-Horizontal-innovation-crafters.png\u00bb background_position=\u00bbcenter_left\u00bb custom_css_main_element=\u00bb  background-attachment: fixed;||  background-position: bottom;||  background-repeat: no-repeat;||  background-size: cover;\u00bb box_shadow_style=\u00bbpreset1&#8243; locked=\u00bboff\u00bb global_colors_info=\u00bb{}\u00bb][et_pb_fullwidth_slider use_bg_overlay=\u00bboff\u00bb use_text_overlay=\u00bboff\u00bb admin_label=\u00bbFullwidth Slider\u00bb _builder_version=\u00bb4.16&#8243; _module_preset=\u00bbdefault\u00bb header_text_align=\u00bbleft\u00bb background_enable_color=\u00bboff\u00bb width=\u00bb100%\u00bb module_alignment=\u00bbcenter\u00bb content_width=\u00bb100%\u00bb content_max_width=\u00bb100%\u00bb max_height=\u00bb351px\u00bb custom_padding=\u00bb80px||80px||true|false\u00bb global_colors_info=\u00bb{}\u00bb][et_pb_slide heading=\u00bbT\u00e9rminos y condiciones\u00bb _builder_version=\u00bb4.16&#8243; _module_preset=\u00bbdefault\u00bb header_level=\u00bbh1&#8243; header_font=\u00bb|600|||||||\u00bb header_text_align=\u00bbcenter\u00bb header_font_size=\u00bb40px\u00bb header_line_height=\u00bb1.2em\u00bb body_text_align=\u00bbleft\u00bb body_font_size=\u00bb20px\u00bb body_line_height=\u00bb1.5em\u00bb background_color=\u00bbrgba(16,21,53,0.81)\u00bb background_enable_color=\u00bbon\u00bb use_background_color_gradient=\u00bbon\u00bb background_color_gradient_type=\u00bbcircular\u00bb background_color_gradient_direction_radial=\u00bbbottom\u00bb background_color_gradient_stops=\u00bbrgba(0,0,0,0) 0%|#00abd6 92%\u00bb background_color_gradient_start=\u00bbrgba(0,0,0,0)\u00bb background_color_gradient_end=\u00bb#00abd6&#8243; background_color_gradient_end_position=\u00bb92%\u00bb button_alignment=\u00bbleft\u00bb text_orientation=\u00bbleft\u00bb max_width=\u00bb1080px\u00bb max_width_tablet=\u00bb605px\u00bb max_width_phone=\u00bb304px\u00bb max_width_last_edited=\u00bbon|phone\u00bb custom_padding=\u00bb|0px||0px|false|true\u00bb custom_padding_tablet=\u00bb30px|0px|30px|0px|true|false\u00bb custom_padding_phone=\u00bb25px|0px|25px|0px|true|true\u00bb custom_padding_last_edited=\u00bbon|phone\u00bb header_font_size_tablet=\u00bb\u00bb header_font_size_phone=\u00bb28px\u00bb header_font_size_last_edited=\u00bbon|phone\u00bb custom_css_slide_image=\u00bbmax-width: 40%;\u00bb global_colors_info=\u00bb{}\u00bb sticky_transition=\u00bbon\u00bb][\/et_pb_slide][\/et_pb_fullwidth_slider][\/et_pb_section][et_pb_section fb_built=\u00bb1&#8243; custom_padding_last_edited=\u00bbon|desktop\u00bb admin_label=\u00bbOur Mission\u00bb module_id=\u00bbacerca de\u00bb _builder_version=\u00bb4.17.6&#8243; _module_preset=\u00bb38daf00d-ad10-460d-98cc-26939271c41b\u00bb custom_padding_tablet=\u00bb\u00bb custom_padding_phone=\u00bb\u00bb locked=\u00bboff\u00bb global_colors_info=\u00bb{}\u00bb][et_pb_row custom_padding_last_edited=\u00bbon|desktop\u00bb _builder_version=\u00bb4.17.6&#8243; _module_preset=\u00bb_initial\u00bb custom_padding_tablet=\u00bb\u00bb custom_padding_phone=\u00bb\u00bb global_colors_info=\u00bb{}\u00bb][et_pb_column type=\u00bb4_4&#8243; _builder_version=\u00bb4.16&#8243; _module_preset=\u00bbdefault\u00bb global_colors_info=\u00bb{}\u00bb][et_pb_text _builder_version=\u00bb4.18.0&#8243; _module_preset=\u00bb_initial\u00bb hover_enabled=\u00bb0&#8243; global_colors_info=\u00bb{}\u00bb sticky_enabled=\u00bb0&#8243;]<p>Todos los contenidos son Copyright \u00a9 IoT Lab y\/o sus afiliados. Reservados todos los derechos.<br>Ninguna parte de este servicio puede reproducirse de ninguna forma ni por ning\u00fan medio sin el permiso previo por escrito de IoT Lab y\/o sus afiliados.<\/p>\n<p><strong>1. Normas y Reglamentos.<\/strong><br>Las siguientes reglas y regulaciones se aplican a todos los visitantes o usuarios de este sitio web. Al acceder a este Sitio Web, el usuario reconoce la aceptaci\u00f3n de estos t\u00e9rminos y condiciones. IoT Lab se reserva el derecho de cambiar estas reglas y regulaciones de vez en cuando a su entera discreci\u00f3n. En el caso de cualquier violaci\u00f3n de estas reglas y regulaciones, IoT Lab se reserva el derecho de buscar todos los recursos disponibles por ley y en equidad para tales violaciones. Estas reglas y regulaciones se aplican a todas las visitas al sitio web de IoT Lab, tanto ahora como en el futuro.<\/p>\n<p><strong>2. Licencia limitada.<\/strong><br>IoT Lab lo autoriza a copiar materiales publicados por IoT Lab en este sitio web \u00fanicamente para uso no comercial dentro de su organizaci\u00f3n (o si es un socio de IoT Lab, la organizaci\u00f3n de su cliente) en apoyo de los productos de IoT Lab.<br>No se autoriza ning\u00fan otro uso de la informaci\u00f3n. En consideraci\u00f3n a esta autorizaci\u00f3n, usted acepta que cualquier copia de estos materiales que haga conservar\u00e1 todos los derechos de autor y otros avisos de propiedad de la misma forma y manera que en el original. Salvo lo especificado anteriormente, nada de lo contenido en este documento se interpretar\u00e1 como una concesi\u00f3n por implicaci\u00f3n, impedimento legal o de otro modo de cualquier licencia o derecho bajo cualquier patente, marca comercial o derecho de autor de IoT Lab o de un tercero.<br>TODOS LOS CONTENIDOS DE ESTE SITIO EST\u00c1N PROTEGIDOS POR DERECHOS DE AUTOR. SALVO QUE SE PERMITA ESPEC\u00cdFICAMENTE EN EL PRESENTE DOCUMENTO, NINGUNA PARTE DE LA INFORMACI\u00d3N EN ESTE SITIO WEB PUEDE SER REPRODUCIDA DE NINGUNA FORMA NI POR NING\u00daN MEDIO SIN EL PERMISO PREVIO POR ESCRITO DE IoT Lab. NO SE PERMITE A LOS VISITANTES O USUARIOS MODIFICAR, DISTRIBUIR, PUBLICAR, TRANSMITIR O CREAR TRABAJOS DERIVADOS DE CUALQUIER MATERIAL ENCONTRADO EN ESTE SITIO PARA CUALQUIER PROP\u00d3SITO P\u00daBLICO O COMERCIAL.<\/p>\n<p><strong>3. Cumplimiento de las Leyes Aplicables; Leyes de Control de Exportaciones.<\/strong><br>El acceso del usuario a este sitio web se rige por todas las leyes federales, estatales y locales suizas aplicables. Toda la informaci\u00f3n disponible en el sitio web est\u00e1 sujeta a las leyes suizas y tambi\u00e9n puede estar sujeta a las leyes del pa\u00eds donde reside.<\/p>\n<p><strong>4. Marcas registradas.<\/strong><br>Las marcas comerciales, los logotipos y las marcas de servicio (\u00abMarcas\u00bb) que se muestran en este sitio web son propiedad de IoT Lab o de terceros. Los usuarios no pueden usar estas Marcas sin el consentimiento previo por escrito de IoT Lab o de un tercero que pueda ser propietario de la Marca. \u00abIoT Lab\u00bb y \u00abUDG\u00bb son marcas registradas de IoT Lab y\/o sus afiliados. Otras marcas comerciales de terceros a las que se hace referencia son propiedad de sus respectivos due\u00f1os. El uso de la palabra socio no implica una relaci\u00f3n de sociedad entre IoT Lab y ninguna otra empresa.<\/p>\n<p><strong>5. Descargo de responsabilidad general.<\/strong><br>Aunque IoT Lab ha intentado proporcionar informaci\u00f3n precisa en el sitio web, IoT Lab no asume ninguna responsabilidad por la exactitud de la informaci\u00f3n. IoT Lab puede cambiar los programas o productos mencionados en cualquier momento sin previo aviso. La menci\u00f3n de productos o servicios que no son de IoT Lab es solo para fines informativos y no constituye un respaldo ni una recomendaci\u00f3n.<br>TODA LA INFORMACI\u00d3N PROPORCIONADA EN ESTE SITIO WEB SE PROPORCIONA \u00abTAL CUAL\u00bb CON TODOS LOS DEFECTOS SIN GARANT\u00cdA DE NING\u00daN TIPO, YA SEA EXPRESA O IMPL\u00cdCITA. IoT Lab Y SUS PROVEEDORES NIEGAN TODAS LAS GARANT\u00cdAS, EXPRESAS O IMPL\u00cdCITAS, INCLUYENDO, SIN LIMITACI\u00d3N, LAS DE COMERCIABILIDAD, IDONEIDAD PARA UN FIN DETERMINADO Y NO INFRACCI\u00d3N O QUE SURJAN DE UN CURSO DE NEGOCIACI\u00d3N, USO O PR\u00c1CTICA COMERCIAL.<br>IoT Lab Y SUS PROVEEDORES NO SER\u00c1N RESPONSABLES DE NING\u00daN DA\u00d1O INDIRECTO, ESPECIAL, CONSECUENTE O INCIDENTAL, INCLUYENDO, ENTRE OTROS, LA P\u00c9RDIDA DE BENEFICIOS O INGRESOS, LOS COSTOS DE BIENES DE REEMPLAZO, LA P\u00c9RDIDA O EL DA\u00d1O A LOS DATOS QUE SURJAN DEL USO O LA INCAPACIDAD DE UTILIZAR ESTE SITIO O CUALQUIER PRODUCTO DE IoT Lab, DA\u00d1OS RESULTANTES DEL USO O CONFIANZA EN LA INFORMACI\u00d3N PRESENTE, INCLUSO SI IoT Lab O SUS PROVEEDORES HAN SIDO ADVERTIDO DE LA POSIBILIDAD DE DICHOS DA\u00d1OS.<\/p>\n<p><strong>6. Divulgaci\u00f3n; Declaraciones prospectivas.<\/strong><br>Parte de la informaci\u00f3n en este sitio web puede contener proyecciones u otras declaraciones a futuro sobre eventos futuros o el desempe\u00f1o financiero futuro de la Compa\u00f1\u00eda. Deseamos advertirle que estas declaraciones son solo predicciones y que los eventos o resultados reales pueden diferir materialmente. Lo remitimos a los documentos que la Compa\u00f1\u00eda presenta peri\u00f3dicamente ante la Comisi\u00f3n de Bolsa y Valores, espec\u00edficamente, el Formulario 10-K, el Formulario 10-Q y el Formulario 10-Q\/A m\u00e1s recientes de la Compa\u00f1\u00eda. Estos documentos contienen e identifican factores importantes que podr\u00edan causar que los resultados reales difieran materialmente de los contenidos en nuestras proyecciones o declaraciones prospectivas, incluidas, entre otras, posibles fluctuaciones en los resultados trimestrales, dependencia del desarrollo de nuevos productos; r\u00e1pido cambio tecnol\u00f3gico y de mercado, estrategia de adquisici\u00f3n, riesgos de fabricaci\u00f3n, riesgos asociados con la infraestructura de Internet, volatilidad de las acciones<br>precio, gesti\u00f3n de riesgos financieros y crecimiento futuro sujeto a riesgos.<\/p>\n<p><strong>7. Cookies<\/strong><br>Una cookie es un peque\u00f1o archivo de datos que ciertos sitios web escriben en su disco duro cuando los visita. Un archivo de cookie puede contener informaci\u00f3n como una identificaci\u00f3n de usuario que el sitio utiliza para rastrear las p\u00e1ginas que ha visitado, pero la \u00fanica informaci\u00f3n personal que puede contener una cookie es la informaci\u00f3n que usted mismo proporciona. Una cookie no puede leer datos de su disco duro ni leer archivos de cookies creados por otros sitios. Algunas partes de CCO usan cookies para rastrear patrones de tr\u00e1fico de usuarios. Hacemos esto para determinar la utilidad de la informaci\u00f3n de CCO para nuestros usuarios y para ver qu\u00e9 tan efectiva es nuestra estructura de navegaci\u00f3n para ayudar a los usuarios a llegar a esa informaci\u00f3n. IoT Lab Systems no correlaciona esta informaci\u00f3n con datos sobre usuarios individuales, ni comparte esta informaci\u00f3n ni la vende a terceros.<br>Si prefiere no recibir cookies en CCO, puede configurar su navegador para que le avise antes de aceptar cookies y rechazar la cookie cuando su navegador le avise de su presencia. Tambi\u00e9n puede rechazar todas las cookies apag\u00e1ndolas en su navegador. No necesita tener activadas las cookies para usar cualquier \u00e1rea de CCO.<\/p>\n<p><strong>8. Disponibilidad de Productos y Servicios.<\/strong><br>Debido a que se proporciona informaci\u00f3n internacional en este sitio web, no todos los productos o programas mencionados estar\u00e1n disponibles en su pa\u00eds. P\u00f3ngase en contacto con su representante de ventas local para obtener informaci\u00f3n sobre los productos y servicios disponibles en su pa\u00eds.<\/p>\n<p><strong>9. Enlaces a sitios de terceros.<\/strong><br>Este sitio web puede contener enlaces a sitios de terceros. El acceso a cualquier otro sitio de Internet vinculado a este sitio web corre por cuenta y riesgo del usuario e IoT Lab no es responsable de la exactitud o confiabilidad de cualquier informaci\u00f3n, datos, opiniones, consejos o declaraciones realizadas en estos sitios. IoT Lab proporciona estos enlaces simplemente para su comodidad y la inclusi\u00f3n de dichos enlaces no implica un respaldo.<\/p>\n<p><strong>10. Uso aceptable.<\/strong><br>El acceso y uso de \u00e1reas seguras y\/o protegidas por contrase\u00f1a del sitio web est\u00e1n restringidos \u00fanicamente a usuarios autorizados. Las personas no autorizadas que intenten acceder a estas \u00e1reas del sitio web, o las personas\/usuarios que intenten acceder a \u00e1reas del sitio web a las que no tienen derechos de acceso, pueden estar sujetos a acciones judiciales. Usted acepta que no utilizar\u00e1 el Sitio Web (a) en apoyo de o con la intenci\u00f3n de cometer actividades fraudulentas u otras actividades ilegales, o en violaci\u00f3n de cualquier ley, regulaci\u00f3n, acuerdo legal o pol\u00edticas publicadas de IoT Lab aplicables; o (b) de una manera que sea abusiva de los programas de IoT Lab u otra informaci\u00f3n en el sitio web.<\/p>\n<p><strong>11. Pol\u00edtica de derechos de autor\/DMCA.<\/strong><br>No puede publicar, modificar, distribuir o reproducir de ninguna manera materiales con derechos de autor u otros materiales de propiedad sin obtener el consentimiento previo por escrito del propietario de los derechos de autor de dichos materiales. Podemos cancelar una cuenta, denegar el acceso a un sitio o servicio, o cancelar a cualquier usuario que presuntamente haya infringido los derechos de autor o de propiedad de otro.<br>Sin limitar lo anterior, si cree que se han infringido sus derechos de autor u otros derechos, proporcione a nuestro Agente designado un aviso por escrito con la siguiente informaci\u00f3n:<br>Una firma electr\u00f3nica o f\u00edsica de la persona autorizada para actuar en nombre del propietario de los derechos de autor u otros intereses<br>Una descripci\u00f3n del trabajo protegido por derechos de autor u otro trabajo que afirma que se ha infringido<br>Una descripci\u00f3n de d\u00f3nde se encuentra el material que usted afirma que est\u00e1 infringiendo en nuestros sitios, redes u otros repositorios.<\/p>\n<p>Su direcci\u00f3n, n\u00famero de tel\u00e9fono y direcci\u00f3n de correo electr\u00f3nico<br>Una declaraci\u00f3n por escrito de usted de que cree de buena fe que el uso en disputa no est\u00e1 autorizado por el propietario de los derechos de autor, su agente o la ley.<br>Una declaraci\u00f3n suya, hecha bajo pena de perjurio, de que la informaci\u00f3n anterior en su aviso es precisa y que usted es el propietario de los derechos de autor o est\u00e1 autorizado para actuar en nombre del propietario de los derechos de autor.<br>Se puede contactar a nuestro Agente Designado para notificaciones de reclamos de infracci\u00f3n de derechos de autor a trav\u00e9s de la direcci\u00f3n de la compa\u00f1\u00eda indicada en la p\u00e1gina de Contacto del sitio web de IoT Lab.<br>Si los materiales en disputa fueron publicados por un tercero identificable a trav\u00e9s de esfuerzos razonables, le enviaremos un aviso razonable al tercero sobre el cargo. Si el tercero responde con una contranotificaci\u00f3n v\u00e1lida, le proporcionaremos una copia para que pueda tomar cualquier otra medida que considere adecuada.<\/p>[\/et_pb_text][\/et_pb_column][\/et_pb_row][\/et_pb_section]\n","protected":false},"excerpt":{"rendered":"<p>Todos los contenidos son Copyright \u00a9 IoT Lab y\/o sus afiliados. Reservados todos los derechos.Ninguna parte de este servicio puede reproducirse de ninguna forma ni por ning\u00fan medio sin el permiso previo por escrito de IoT Lab y\/o sus afiliados. 1. Normas y Reglamentos.Las siguientes reglas y regulaciones se aplican a todos los visitantes o [&hellip;]<\/p>\n","protected":false},"author":1,"featured_media":0,"parent":0,"menu_order":0,"comment_status":"closed","ping_status":"closed","template":"","meta":{"_et_pb_use_builder":"on","_et_pb_old_content":"","_et_gb_content_width":"","inline_featured_image":false,"footnotes":""},"class_list":["post-31229","page","type-page","status-publish","hentry"],"yoast_head":"<!-- This site is optimized with the Yoast SEO Premium plugin v25.5 (Yoast SEO v27.4) - https:\/\/yoast.com\/product\/yoast-seo-premium-wordpress\/ -->\n<title>T\u00e9rminos y condiciones - IoT Lab<\/title>\n<meta name=\"robots\" content=\"index, follow, max-snippet:-1, max-image-preview:large, max-video-preview:-1\" \/>\n<link rel=\"canonical\" href=\"https:\/\/iotlab.com\/es\/terminos-y-condiciones\/\" \/>\n<meta property=\"og:locale\" content=\"es_ES\" \/>\n<meta property=\"og:type\" content=\"article\" \/>\n<meta property=\"og:title\" content=\"T\u00e9rminos y condiciones\" \/>\n<meta property=\"og:description\" content=\"Todos los contenidos son Copyright \u00a9 IoT Lab y\/o sus afiliados. Reservados todos los derechos.Ninguna parte de este servicio puede reproducirse de ninguna forma ni por ning\u00fan medio sin el permiso previo por escrito de IoT Lab y\/o sus afiliados. 1. Normas y Reglamentos.Las siguientes reglas y regulaciones se aplican a todos los visitantes o [&hellip;]\" \/>\n<meta property=\"og:url\" content=\"https:\/\/iotlab.com\/es\/terminos-y-condiciones\/\" \/>\n<meta property=\"og:site_name\" content=\"IoT Lab\" \/>\n<meta property=\"article:modified_time\" content=\"2022-08-29T18:09:12+00:00\" \/>\n<meta name=\"twitter:card\" content=\"summary_large_image\" \/>\n<meta name=\"twitter:label1\" content=\"Tiempo de lectura\" \/>\n\t<meta name=\"twitter:data1\" content=\"11 minutos\" \/>\n<script type=\"application\/ld+json\" class=\"yoast-schema-graph\">{\"@context\":\"https:\\\/\\\/schema.org\",\"@graph\":[{\"@type\":\"WebPage\",\"@id\":\"https:\\\/\\\/iotlab.com\\\/es\\\/terminos-y-condiciones\\\/\",\"url\":\"https:\\\/\\\/iotlab.com\\\/es\\\/terminos-y-condiciones\\\/\",\"name\":\"T\u00e9rminos y condiciones - IoT Lab\",\"isPartOf\":{\"@id\":\"https:\\\/\\\/iotlab.com\\\/es\\\/#website\"},\"datePublished\":\"2022-08-29T17:56:22+00:00\",\"dateModified\":\"2022-08-29T18:09:12+00:00\",\"breadcrumb\":{\"@id\":\"https:\\\/\\\/iotlab.com\\\/es\\\/terminos-y-condiciones\\\/#breadcrumb\"},\"inLanguage\":\"es\",\"potentialAction\":[{\"@type\":\"ReadAction\",\"target\":[\"https:\\\/\\\/iotlab.com\\\/es\\\/terminos-y-condiciones\\\/\"]}]},{\"@type\":\"BreadcrumbList\",\"@id\":\"https:\\\/\\\/iotlab.com\\\/es\\\/terminos-y-condiciones\\\/#breadcrumb\",\"itemListElement\":[{\"@type\":\"ListItem\",\"position\":1,\"name\":\"Home\",\"item\":\"https:\\\/\\\/iotlab.com\\\/es\\\/\"},{\"@type\":\"ListItem\",\"position\":2,\"name\":\"T\u00e9rminos y condiciones\"}]},{\"@type\":\"WebSite\",\"@id\":\"https:\\\/\\\/iotlab.com\\\/es\\\/#website\",\"url\":\"https:\\\/\\\/iotlab.com\\\/es\\\/\",\"name\":\"Iot Lab\",\"description\":\"IoT Lab is an international platform of services and resources for the Internet of Things (IoT), digital transformation and data protection, providing solutions and services for Internet of Things and Digital Transformation, Smart Cities, Privacy &amp; Security, Research &amp; Innovation, Technology transfer &amp; Standardization, International Cooperation and SDGs.\",\"alternateName\":\"Iot Lab\",\"potentialAction\":[{\"@type\":\"SearchAction\",\"target\":{\"@type\":\"EntryPoint\",\"urlTemplate\":\"https:\\\/\\\/iotlab.com\\\/es\\\/?s={search_term_string}\"},\"query-input\":{\"@type\":\"PropertyValueSpecification\",\"valueRequired\":true,\"valueName\":\"search_term_string\"}}],\"inLanguage\":\"es\"}]}<\/script>\n<!-- \/ Yoast SEO Premium plugin. -->","yoast_head_json":{"title":"T\u00e9rminos y condiciones - IoT Lab","robots":{"index":"index","follow":"follow","max-snippet":"max-snippet:-1","max-image-preview":"max-image-preview:large","max-video-preview":"max-video-preview:-1"},"canonical":"https:\/\/iotlab.com\/es\/terminos-y-condiciones\/","og_locale":"es_ES","og_type":"article","og_title":"T\u00e9rminos y condiciones","og_description":"Todos los contenidos son Copyright \u00a9 IoT Lab y\/o sus afiliados. Reservados todos los derechos.Ninguna parte de este servicio puede reproducirse de ninguna forma ni por ning\u00fan medio sin el permiso previo por escrito de IoT Lab y\/o sus afiliados. 1. Normas y Reglamentos.Las siguientes reglas y regulaciones se aplican a todos los visitantes o [&hellip;]","og_url":"https:\/\/iotlab.com\/es\/terminos-y-condiciones\/","og_site_name":"IoT Lab","article_modified_time":"2022-08-29T18:09:12+00:00","twitter_card":"summary_large_image","twitter_misc":{"Tiempo de lectura":"11 minutos"},"schema":{"@context":"https:\/\/schema.org","@graph":[{"@type":"WebPage","@id":"https:\/\/iotlab.com\/es\/terminos-y-condiciones\/","url":"https:\/\/iotlab.com\/es\/terminos-y-condiciones\/","name":"T\u00e9rminos y condiciones - IoT Lab","isPartOf":{"@id":"https:\/\/iotlab.com\/es\/#website"},"datePublished":"2022-08-29T17:56:22+00:00","dateModified":"2022-08-29T18:09:12+00:00","breadcrumb":{"@id":"https:\/\/iotlab.com\/es\/terminos-y-condiciones\/#breadcrumb"},"inLanguage":"es","potentialAction":[{"@type":"ReadAction","target":["https:\/\/iotlab.com\/es\/terminos-y-condiciones\/"]}]},{"@type":"BreadcrumbList","@id":"https:\/\/iotlab.com\/es\/terminos-y-condiciones\/#breadcrumb","itemListElement":[{"@type":"ListItem","position":1,"name":"Home","item":"https:\/\/iotlab.com\/es\/"},{"@type":"ListItem","position":2,"name":"T\u00e9rminos y condiciones"}]},{"@type":"WebSite","@id":"https:\/\/iotlab.com\/es\/#website","url":"https:\/\/iotlab.com\/es\/","name":"Iot Lab","description":"IoT Lab is an international platform of services and resources for the Internet of Things (IoT), digital transformation and data protection, providing solutions and services for Internet of Things and Digital Transformation, Smart Cities, Privacy &amp; Security, Research &amp; Innovation, Technology transfer &amp; Standardization, International Cooperation and SDGs.","alternateName":"Iot Lab","potentialAction":[{"@type":"SearchAction","target":{"@type":"EntryPoint","urlTemplate":"https:\/\/iotlab.com\/es\/?s={search_term_string}"},"query-input":{"@type":"PropertyValueSpecification","valueRequired":true,"valueName":"search_term_string"}}],"inLanguage":"es"}]}},"_links":{"self":[{"href":"https:\/\/iotlab.com\/es\/wp-json\/wp\/v2\/pages\/31229","targetHints":{"allow":["GET"]}}],"collection":[{"href":"https:\/\/iotlab.com\/es\/wp-json\/wp\/v2\/pages"}],"about":[{"href":"https:\/\/iotlab.com\/es\/wp-json\/wp\/v2\/types\/page"}],"author":[{"embeddable":true,"href":"https:\/\/iotlab.com\/es\/wp-json\/wp\/v2\/users\/1"}],"replies":[{"embeddable":true,"href":"https:\/\/iotlab.com\/es\/wp-json\/wp\/v2\/comments?post=31229"}],"version-history":[{"count":4,"href":"https:\/\/iotlab.com\/es\/wp-json\/wp\/v2\/pages\/31229\/revisions"}],"predecessor-version":[{"id":33315,"href":"https:\/\/iotlab.com\/es\/wp-json\/wp\/v2\/pages\/31229\/revisions\/33315"}],"wp:attachment":[{"href":"https:\/\/iotlab.com\/es\/wp-json\/wp\/v2\/media?parent=31229"}],"curies":[{"name":"wp","href":"https:\/\/api.w.org\/{rel}","templated":true}]}}