{"id":31247,"date":"2022-08-29T19:26:01","date_gmt":"2022-08-29T17:26:01","guid":{"rendered":"https:\/\/iotlab.com\/?page_id=31247"},"modified":"2022-08-29T19:26:49","modified_gmt":"2022-08-29T17:26:49","slug":"politica-de-privacidad-y-cookies","status":"publish","type":"page","link":"https:\/\/iotlab.com\/es\/politica-de-privacidad-y-cookies\/","title":{"rendered":"Pol\u00edtica de Privacidad y Cookies"},"content":{"rendered":"<p>[et_pb_section fb_built=\u00bb1&#8243; fullwidth=\u00bbon\u00bb admin_label=\u00bbHero\u00bb _builder_version=\u00bb4.16&#8243; _module_preset=\u00bbdefault\u00bb background_image=\u00bbhttps:\/\/iotlab.com\/wp-content\/uploads\/2021\/05\/Logo-Horizontal-innovation-crafters.png\u00bb background_position=\u00bbcenter_left\u00bb custom_css_main_element=\u00bb  background-attachment: fixed;||  background-position: bottom;||  background-repeat: no-repeat;||  background-size: cover;\u00bb box_shadow_style=\u00bbpreset1&#8243; locked=\u00bboff\u00bb global_colors_info=\u00bb{}\u00bb][et_pb_fullwidth_slider use_bg_overlay=\u00bboff\u00bb use_text_overlay=\u00bboff\u00bb admin_label=\u00bbFullwidth Slider\u00bb _builder_version=\u00bb4.16&#8243; _module_preset=\u00bbdefault\u00bb header_text_align=\u00bbleft\u00bb background_enable_color=\u00bboff\u00bb width=\u00bb100%\u00bb module_alignment=\u00bbcenter\u00bb content_width=\u00bb100%\u00bb content_max_width=\u00bb100%\u00bb max_height=\u00bb351px\u00bb custom_padding=\u00bb80px||80px||true|false\u00bb global_colors_info=\u00bb{}\u00bb][et_pb_slide heading=\u00bbPol\u00edtica de privacidad y cookies\u00bb _builder_version=\u00bb4.16&#8243; _module_preset=\u00bbdefault\u00bb header_level=\u00bbh1&#8243; header_font=\u00bb|600|||||||\u00bb header_text_align=\u00bbcenter\u00bb header_font_size=\u00bb40px\u00bb header_line_height=\u00bb1.2em\u00bb body_text_align=\u00bbleft\u00bb body_font_size=\u00bb20px\u00bb body_line_height=\u00bb1.5em\u00bb background_color=\u00bbrgba(16,21,53,0.81)\u00bb background_enable_color=\u00bbon\u00bb use_background_color_gradient=\u00bbon\u00bb background_color_gradient_type=\u00bbcircular\u00bb background_color_gradient_direction_radial=\u00bbbottom\u00bb background_color_gradient_stops=\u00bbrgba(0,0,0,0) 0%|#00abd6 92%\u00bb background_color_gradient_start=\u00bbrgba(0,0,0,0)\u00bb background_color_gradient_end=\u00bb#00abd6&#8243; background_color_gradient_end_position=\u00bb92%\u00bb button_alignment=\u00bbleft\u00bb text_orientation=\u00bbleft\u00bb max_width=\u00bb1080px\u00bb max_width_tablet=\u00bb605px\u00bb max_width_phone=\u00bb304px\u00bb max_width_last_edited=\u00bbon|phone\u00bb custom_padding=\u00bb|0px||0px|false|true\u00bb custom_padding_tablet=\u00bb30px|0px|30px|0px|true|false\u00bb custom_padding_phone=\u00bb25px|0px|25px|0px|true|true\u00bb custom_padding_last_edited=\u00bbon|phone\u00bb header_font_size_tablet=\u00bb\u00bb header_font_size_phone=\u00bb28px\u00bb header_font_size_last_edited=\u00bbon|phone\u00bb custom_css_slide_image=\u00bbmax-width: 40%;\u00bb global_colors_info=\u00bb{}\u00bb sticky_transition=\u00bbon\u00bb][\/et_pb_slide][\/et_pb_fullwidth_slider][\/et_pb_section][et_pb_section fb_built=\u00bb1&#8243; custom_padding_last_edited=\u00bbon|desktop\u00bb admin_label=\u00bbOur Mission\u00bb module_id=\u00bbacerca de\u00bb _builder_version=\u00bb4.17.6&#8243; _module_preset=\u00bb38daf00d-ad10-460d-98cc-26939271c41b\u00bb custom_padding_tablet=\u00bb\u00bb custom_padding_phone=\u00bb\u00bb top_divider_color=\u00bbrgba(12,113,195,0.56)\u00bb top_divider_height=\u00bb44px\u00bb top_divider_flip=\u00bbhorizontal\u00bb bottom_divider_color=\u00bb#FFFFFF\u00bb bottom_divider_height=\u00bb72px\u00bb hover_enabled=\u00bb0&#8243; border_style_all=\u00bbnone\u00bb locked=\u00bboff\u00bb global_colors_info=\u00bb{}\u00bb sticky_enabled=\u00bb0&#8243;][et_pb_row custom_padding_last_edited=\u00bbon|desktop\u00bb _builder_version=\u00bb4.17.6&#8243; _module_preset=\u00bb_initial\u00bb custom_padding_tablet=\u00bb\u00bb custom_padding_phone=\u00bb\u00bb hover_enabled=\u00bb0&#8243; global_colors_info=\u00bb{}\u00bb sticky_enabled=\u00bb0&#8243;][et_pb_column type=\u00bb4_4&#8243; _builder_version=\u00bb4.16&#8243; _module_preset=\u00bbdefault\u00bb global_colors_info=\u00bb{}\u00bb][et_pb_text _builder_version=\u00bb4.17.6&#8243; _module_preset=\u00bb_initial\u00bb hover_enabled=\u00bb0&#8243; global_colors_info=\u00bb{}\u00bb sticky_enabled=\u00bb0&#8243;]<\/p>\n<p>IoT Lab respeta y se compromete a proteger su informaci\u00f3n personal. Nuestras pol\u00edticas de privacidad reflejan los principios y est\u00e1ndares globales actuales sobre el manejo de informaci\u00f3n personal, incluidas las normas suizas y europeas sobre protecci\u00f3n de datos personales, aviso y elecci\u00f3n del uso de datos, acceso e integridad de datos, seguridad y cumplimiento\/supervisi\u00f3n. A continuaci\u00f3n se presentan algunos de los aspectos m\u00e1s destacados de nuestra Declaraci\u00f3n de privacidad en l\u00ednea.<\/p>\n<p><strong>Informacion personal<\/strong><\/p>\n<p>Evitamos recopilar datos personales innecesarios. La informaci\u00f3n personal se limita a razones muy espec\u00edficas, como procesar su pedido, proporcionarle una suscripci\u00f3n al bolet\u00edn informativo, personalizar su experiencia o en relaci\u00f3n con una solicitud de empleo. Le informaremos del prop\u00f3sito de recopilar informaci\u00f3n personal cuando la recopilemos de usted y la conservemos para cumplir con los fines para los que se recopil\u00f3 o seg\u00fan lo exijan las leyes aplicables o para fines leg\u00edtimos.<\/p>\n<p>Excepcionalmente, podemos combinar la informaci\u00f3n que recopilamos de usted con informaci\u00f3n obtenida de otras fuentes para ayudarnos a mejorar su precisi\u00f3n e integridad general, y para ayudarnos a adaptar mejor nuestras interacciones con usted. Tambi\u00e9n podemos recopilar informaci\u00f3n relacionada con su uso de nuestros sitios web mediante el uso de diversas tecnolog\u00edas, incluidas las cookies.<\/p>\n<p><strong>Aviso y sus opciones de uso de datos<\/strong><\/p>\n<p>Usaremos su informaci\u00f3n personal para el prop\u00f3sito para el que fue recopilada y no la usaremos para un prop\u00f3sito diferente sin antes pedir su permiso.<\/p>\n<p>Por principio, no compartimos informaci\u00f3n personal con ning\u00fan tercero, p\u00fablico o privado. Si por alguna raz\u00f3n no prevista esto debe ser considerado, le pediremos su permiso antes de compartir su informaci\u00f3n personal con terceros para cualquier otro prop\u00f3sito que no sea el motivo por el cual usted la proporcion\u00f3 o como se indica de otra manera en nuestra Declaraci\u00f3n de privacidad en l\u00ednea.<\/p>\n<p>Para obtener informaci\u00f3n relacionada con su uso de nuestros sitios web, puede desactivar las cookies en su navegador.<\/p>\n<p><strong>Acceso e integridad de datos<\/strong><\/p>\n<p>Para actualizar su informaci\u00f3n personal y preferencia de comunicaci\u00f3n, u obtener m\u00e1s informaci\u00f3n sobre los datos personales que nos proporcion\u00f3, cont\u00e1ctenos a trav\u00e9s de nuestro formulario de contacto en el sitio web de IoT Lab.<\/p>\n<p><strong>Seguridad de datos<\/strong><\/p>\n<p>Estamos comprometidos a proteger su informaci\u00f3n personal contra el uso o divulgaci\u00f3n no autorizados.<\/p>\n<p><strong>Pol\u00edtica de cookies<\/strong><\/p>\n<p>Cuando alguien visita nuestro sitio web, podemos recopilar informaci\u00f3n est\u00e1ndar de registro de Internet y detalles de los patrones de comportamiento de los visitantes. Hacemos esto para averiguar cosas como el n\u00famero de visitantes a las distintas partes del sitio. Recopilamos esta informaci\u00f3n de una manera que no identifica a nadie. No asociaremos ning\u00fan dato recopilado de este sitio con ninguna informaci\u00f3n de identificaci\u00f3n personal de ninguna fuente. Si queremos recopilar informaci\u00f3n de identificaci\u00f3n personal a trav\u00e9s de nuestro sitio web, seremos sinceros al respecto. Lo dejaremos claro cuando recopilemos informaci\u00f3n personal y explicaremos qu\u00e9 pretendemos hacer con ella.<\/p>\n<p><strong><em>\u00bfQu\u00e9 son las cookies?<\/em><\/strong><\/p>\n<p>Una cookie es un archivo de texto simple que el servidor de un sitio web almacena en su computadora o dispositivo m\u00f3vil y solo ese servidor podr\u00e1 recuperar o leer el contenido de esa cookie. Cada cookie es \u00fanica para su navegador web. Contendr\u00e1 cierta informaci\u00f3n an\u00f3nima, como un identificador \u00fanico y el nombre del sitio y algunos d\u00edgitos y n\u00fameros. Usamos el t\u00e9rmino &#8216;cookies&#8217; en esta pol\u00edtica para referirnos a todos los archivos que almacenan informaci\u00f3n de esta manera.<\/p>\n<p>Hay muchas funciones que sirven las cookies. Por ejemplo, pueden ayudarnos a recordar su nombre de usuario y preferencias, analizar el rendimiento de nuestro sitio web o incluso permitirnos recomendar contenido que creemos que ser\u00e1 m\u00e1s relevante para usted.<\/p>\n<p>Ciertas cookies contienen informaci\u00f3n personal; por ejemplo, si hace clic en \u00abrecordarme\u00bb al iniciar sesi\u00f3n, una cookie almacenar\u00e1 su nombre de usuario. La mayor\u00eda de las cookies no recopilar\u00e1n informaci\u00f3n que lo identifique, sino que recopilar\u00e1n informaci\u00f3n m\u00e1s general, como la forma en que los usuarios llegan y usan nuestros sitios web, o la ubicaci\u00f3n general de un usuario.<\/p>\n<p>La mayor\u00eda de los navegadores web permiten cierto control de la mayor\u00eda de las cookies a trav\u00e9s de la configuraci\u00f3n del navegador. Para obtener m\u00e1s informaci\u00f3n sobre las cookies, incluido c\u00f3mo ver qu\u00e9 cookies se han configurado y c\u00f3mo administrarlas y eliminarlas, visite <a href=\"http:\/\/www.allaboutcookies.org\">www.allaboutcookies.org<\/a>.<\/p>\n<p><em><strong>Uso de cookies por parte del IES<\/strong><\/em><\/p>\n<p>El uso de Cookies en nuestro sitio es m\u00ednimo. Usamos cookies de sesi\u00f3n que son necesarias para permitirle moverse por el sitio y proporcionar ciertas funciones; por ejemplo, recordar la configuraci\u00f3n de su regi\u00f3n, moneda y zona horaria para que podamos personalizar el contenido. Adem\u00e1s, si elige hacer clic en \u00abrecordarme\u00bb al iniciar sesi\u00f3n, se utilizar\u00e1 una cookie para reconocerlo y recuperar su nombre de usuario.<\/p>\n<p>Si desea deshabilitar nuestras cookies, siga las instrucciones para Internet Explorer, Google Chrome o Firefox. Tenga en cuenta que si elige deshabilitar las cookies, encontrar\u00e1 que ciertas secciones de nuestro sitio web no funcionan correctamente.<\/p>\n<p><em><strong>Cookies de Google Analytics<\/strong><\/em><\/p>\n<p>Estas cookies se pueden usar para recopilar informaci\u00f3n sobre c\u00f3mo los visitantes usan nuestro sitio. Podemos usar la informaci\u00f3n para compilar informes y ayudarnos a mejorar el sitio. Esas cookies recopilan informaci\u00f3n de forma an\u00f3nima, incluida la cantidad de visitantes al sitio, de d\u00f3nde vienen los visitantes al sitio y las p\u00e1ginas que visitaron. Puede encontrar m\u00e1s informaci\u00f3n sobre la pol\u00edtica de privacidad de Google en su sitio web. Para optar por no ser rastreado por Google Analytics en todos los sitios web, visite <a href=\"https:\/\/tools.google.com\/dlpage\/gaoptout\">https:\/\/tools.google.com\/dlpage\/gaoptout<\/a>.<\/p>\n<p><em><strong>Cookies de Youtube<\/strong><\/em><\/p>\n<p>Enlazamos e incrustamos videos de nuestro canal oficial de YouTube. YouTube utiliza varias tecnolog\u00edas para recopilar y almacenar informaci\u00f3n cuando las visitas, lo que puede incluir una o m\u00e1s cookies o identificadores an\u00f3nimos enviados a tu dispositivo. YouTube usa cookies para ayudar a mantener la integridad de las estad\u00edsticas de video, prevenir el fraude y mejorar su experiencia en el sitio, entre otras cosas. YouTube tambi\u00e9n utiliza cookies e identificadores an\u00f3nimos cuando interact\u00faa con los servicios que ofrecen a sus socios, como los servicios de publicidad o las funciones de Google que pueden aparecer en otros sitios. YouTube es propiedad de Google y YouTube y Google comparten la misma tecnolog\u00eda de cookies para determinar los intereses de los usuarios. Puede obtener m\u00e1s informaci\u00f3n sobre el uso de la tecnolog\u00eda de cookies que utiliza Google para publicar anuncios en el Centro de privacidad de Google Ads. Google ofrece un administrador de preferencias de anuncios y un complemento de exclusi\u00f3n de cookies publicitarias que cubre tanto a Google como a YouTube.<\/p>\n<p><em><strong>A\u00f1adir estas cookies<\/strong><\/em><\/p>\n<p>Podemos usar el bot\u00f3n de marcadores sociales AddThis en nuestro blog (blog.iesve.com) para permitir compartir f\u00e1cilmente las p\u00e1ginas en sitios web como Facebook y Twitter. Se utiliza una cookie para registrar si un usuario ha utilizado el bot\u00f3n de compartir &#8216;Addthis&#8217;. Almacena informaci\u00f3n sobre qu\u00e9 p\u00e1ginas ha compartido, pero no almacena ninguna otra informaci\u00f3n personal. AddThis recopila informaci\u00f3n de identificaci\u00f3n no personal de muchos de los sitios web en los que AddThis est\u00e1 habilitado y usa esa informaci\u00f3n para ofrecer publicidad dirigida en esos sitios web, as\u00ed como en otros sitios web que pueda visitar. Para cancelar la recopilaci\u00f3n de datos por parte de Addthis, visite <a href=\"http:\/\/www.addthis.com\/privacy\/opt-out\">www.addthis.com\/privacy\/opt-out<\/a>.<\/p>\n<p>[\/et_pb_text][\/et_pb_column][\/et_pb_row][\/et_pb_section]<\/p>\n","protected":false},"excerpt":{"rendered":"<p>IoT Lab respeta y se compromete a proteger su informaci\u00f3n personal. Nuestras pol\u00edticas de privacidad reflejan los principios y est\u00e1ndares globales actuales sobre el manejo de informaci\u00f3n personal, incluidas las normas suizas y europeas sobre protecci\u00f3n de datos personales, aviso y elecci\u00f3n del uso de datos, acceso e integridad de datos, seguridad y cumplimiento\/supervisi\u00f3n. A [&hellip;]<\/p>\n","protected":false},"author":1,"featured_media":0,"parent":0,"menu_order":0,"comment_status":"closed","ping_status":"closed","template":"","meta":{"_et_pb_use_builder":"on","_et_pb_old_content":"","_et_gb_content_width":"","inline_featured_image":false,"footnotes":""},"class_list":["post-31247","page","type-page","status-publish","hentry"],"yoast_head":"<!-- This site is optimized with the Yoast SEO Premium plugin v25.5 (Yoast SEO v27.4) - https:\/\/yoast.com\/product\/yoast-seo-premium-wordpress\/ -->\n<title>Pol\u00edtica de Privacidad y Cookies - IoT Lab<\/title>\n<meta name=\"robots\" content=\"index, follow, max-snippet:-1, max-image-preview:large, max-video-preview:-1\" \/>\n<link rel=\"canonical\" href=\"https:\/\/iotlab.com\/es\/politica-de-privacidad-y-cookies\/\" \/>\n<meta property=\"og:locale\" content=\"es_ES\" \/>\n<meta property=\"og:type\" content=\"article\" \/>\n<meta property=\"og:title\" content=\"Pol\u00edtica de Privacidad y Cookies\" \/>\n<meta property=\"og:description\" content=\"IoT Lab respeta y se compromete a proteger su informaci\u00f3n personal. Nuestras pol\u00edticas de privacidad reflejan los principios y est\u00e1ndares globales actuales sobre el manejo de informaci\u00f3n personal, incluidas las normas suizas y europeas sobre protecci\u00f3n de datos personales, aviso y elecci\u00f3n del uso de datos, acceso e integridad de datos, seguridad y cumplimiento\/supervisi\u00f3n. A [&hellip;]\" \/>\n<meta property=\"og:url\" content=\"https:\/\/iotlab.com\/es\/politica-de-privacidad-y-cookies\/\" \/>\n<meta property=\"og:site_name\" content=\"IoT Lab\" \/>\n<meta property=\"article:modified_time\" content=\"2022-08-29T17:26:49+00:00\" \/>\n<meta name=\"twitter:card\" content=\"summary_large_image\" \/>\n<meta name=\"twitter:label1\" content=\"Tiempo de lectura\" \/>\n\t<meta name=\"twitter:data1\" content=\"9 minutos\" \/>\n<script type=\"application\/ld+json\" class=\"yoast-schema-graph\">{\"@context\":\"https:\\\/\\\/schema.org\",\"@graph\":[{\"@type\":\"WebPage\",\"@id\":\"https:\\\/\\\/iotlab.com\\\/es\\\/politica-de-privacidad-y-cookies\\\/\",\"url\":\"https:\\\/\\\/iotlab.com\\\/es\\\/politica-de-privacidad-y-cookies\\\/\",\"name\":\"Pol\u00edtica de Privacidad y Cookies - IoT Lab\",\"isPartOf\":{\"@id\":\"https:\\\/\\\/iotlab.com\\\/es\\\/#website\"},\"datePublished\":\"2022-08-29T17:26:01+00:00\",\"dateModified\":\"2022-08-29T17:26:49+00:00\",\"breadcrumb\":{\"@id\":\"https:\\\/\\\/iotlab.com\\\/es\\\/politica-de-privacidad-y-cookies\\\/#breadcrumb\"},\"inLanguage\":\"es\",\"potentialAction\":[{\"@type\":\"ReadAction\",\"target\":[\"https:\\\/\\\/iotlab.com\\\/es\\\/politica-de-privacidad-y-cookies\\\/\"]}]},{\"@type\":\"BreadcrumbList\",\"@id\":\"https:\\\/\\\/iotlab.com\\\/es\\\/politica-de-privacidad-y-cookies\\\/#breadcrumb\",\"itemListElement\":[{\"@type\":\"ListItem\",\"position\":1,\"name\":\"Home\",\"item\":\"https:\\\/\\\/iotlab.com\\\/es\\\/\"},{\"@type\":\"ListItem\",\"position\":2,\"name\":\"Pol\u00edtica de Privacidad y Cookies\"}]},{\"@type\":\"WebSite\",\"@id\":\"https:\\\/\\\/iotlab.com\\\/es\\\/#website\",\"url\":\"https:\\\/\\\/iotlab.com\\\/es\\\/\",\"name\":\"Iot Lab\",\"description\":\"IoT Lab is an international platform of services and resources for the Internet of Things (IoT), digital transformation and data protection, providing solutions and services for Internet of Things and Digital Transformation, Smart Cities, Privacy &amp; Security, Research &amp; Innovation, Technology transfer &amp; Standardization, International Cooperation and SDGs.\",\"alternateName\":\"Iot Lab\",\"potentialAction\":[{\"@type\":\"SearchAction\",\"target\":{\"@type\":\"EntryPoint\",\"urlTemplate\":\"https:\\\/\\\/iotlab.com\\\/es\\\/?s={search_term_string}\"},\"query-input\":{\"@type\":\"PropertyValueSpecification\",\"valueRequired\":true,\"valueName\":\"search_term_string\"}}],\"inLanguage\":\"es\"}]}<\/script>\n<!-- \/ Yoast SEO Premium plugin. -->","yoast_head_json":{"title":"Pol\u00edtica de Privacidad y Cookies - IoT Lab","robots":{"index":"index","follow":"follow","max-snippet":"max-snippet:-1","max-image-preview":"max-image-preview:large","max-video-preview":"max-video-preview:-1"},"canonical":"https:\/\/iotlab.com\/es\/politica-de-privacidad-y-cookies\/","og_locale":"es_ES","og_type":"article","og_title":"Pol\u00edtica de Privacidad y Cookies","og_description":"IoT Lab respeta y se compromete a proteger su informaci\u00f3n personal. Nuestras pol\u00edticas de privacidad reflejan los principios y est\u00e1ndares globales actuales sobre el manejo de informaci\u00f3n personal, incluidas las normas suizas y europeas sobre protecci\u00f3n de datos personales, aviso y elecci\u00f3n del uso de datos, acceso e integridad de datos, seguridad y cumplimiento\/supervisi\u00f3n. A [&hellip;]","og_url":"https:\/\/iotlab.com\/es\/politica-de-privacidad-y-cookies\/","og_site_name":"IoT Lab","article_modified_time":"2022-08-29T17:26:49+00:00","twitter_card":"summary_large_image","twitter_misc":{"Tiempo de lectura":"9 minutos"},"schema":{"@context":"https:\/\/schema.org","@graph":[{"@type":"WebPage","@id":"https:\/\/iotlab.com\/es\/politica-de-privacidad-y-cookies\/","url":"https:\/\/iotlab.com\/es\/politica-de-privacidad-y-cookies\/","name":"Pol\u00edtica de Privacidad y Cookies - IoT Lab","isPartOf":{"@id":"https:\/\/iotlab.com\/es\/#website"},"datePublished":"2022-08-29T17:26:01+00:00","dateModified":"2022-08-29T17:26:49+00:00","breadcrumb":{"@id":"https:\/\/iotlab.com\/es\/politica-de-privacidad-y-cookies\/#breadcrumb"},"inLanguage":"es","potentialAction":[{"@type":"ReadAction","target":["https:\/\/iotlab.com\/es\/politica-de-privacidad-y-cookies\/"]}]},{"@type":"BreadcrumbList","@id":"https:\/\/iotlab.com\/es\/politica-de-privacidad-y-cookies\/#breadcrumb","itemListElement":[{"@type":"ListItem","position":1,"name":"Home","item":"https:\/\/iotlab.com\/es\/"},{"@type":"ListItem","position":2,"name":"Pol\u00edtica de Privacidad y Cookies"}]},{"@type":"WebSite","@id":"https:\/\/iotlab.com\/es\/#website","url":"https:\/\/iotlab.com\/es\/","name":"Iot Lab","description":"IoT Lab is an international platform of services and resources for the Internet of Things (IoT), digital transformation and data protection, providing solutions and services for Internet of Things and Digital Transformation, Smart Cities, Privacy &amp; Security, Research &amp; Innovation, Technology transfer &amp; Standardization, International Cooperation and SDGs.","alternateName":"Iot Lab","potentialAction":[{"@type":"SearchAction","target":{"@type":"EntryPoint","urlTemplate":"https:\/\/iotlab.com\/es\/?s={search_term_string}"},"query-input":{"@type":"PropertyValueSpecification","valueRequired":true,"valueName":"search_term_string"}}],"inLanguage":"es"}]}},"_links":{"self":[{"href":"https:\/\/iotlab.com\/es\/wp-json\/wp\/v2\/pages\/31247","targetHints":{"allow":["GET"]}}],"collection":[{"href":"https:\/\/iotlab.com\/es\/wp-json\/wp\/v2\/pages"}],"about":[{"href":"https:\/\/iotlab.com\/es\/wp-json\/wp\/v2\/types\/page"}],"author":[{"embeddable":true,"href":"https:\/\/iotlab.com\/es\/wp-json\/wp\/v2\/users\/1"}],"replies":[{"embeddable":true,"href":"https:\/\/iotlab.com\/es\/wp-json\/wp\/v2\/comments?post=31247"}],"version-history":[{"count":6,"href":"https:\/\/iotlab.com\/es\/wp-json\/wp\/v2\/pages\/31247\/revisions"}],"predecessor-version":[{"id":33306,"href":"https:\/\/iotlab.com\/es\/wp-json\/wp\/v2\/pages\/31247\/revisions\/33306"}],"wp:attachment":[{"href":"https:\/\/iotlab.com\/es\/wp-json\/wp\/v2\/media?parent=31247"}],"curies":[{"name":"wp","href":"https:\/\/api.w.org\/{rel}","templated":true}]}}