{"id":31497,"date":"2022-08-27T07:34:27","date_gmt":"2022-08-27T05:34:27","guid":{"rendered":"https:\/\/iotlab.com\/?page_id=31497"},"modified":"2022-08-27T07:35:18","modified_gmt":"2022-08-27T05:35:18","slug":"privacidad-y-seguridad","status":"publish","type":"page","link":"https:\/\/iotlab.com\/es\/privacidad-y-seguridad\/","title":{"rendered":"Privacidad y seguridad"},"content":{"rendered":"<p>[et_pb_section fb_built=\u00bb1&#8243; admin_label=\u00bbS. Primary Menu\u00bb _builder_version=\u00bb4.16&#8243; _module_preset=\u00bbdefault\u00bb positioning=\u00bbfixed\u00bb position_origin_f=\u00bbtop_center\u00bb height=\u00bb52px\u00bb custom_padding=\u00bb0px||0px||true|false\u00bb global_colors_info=\u00bb{}\u00bb][et_pb_row admin_label=\u00bbLogo + Menu\u00bb _builder_version=\u00bb4.16&#8243; _module_preset=\u00bbdefault\u00bb module_alignment=\u00bbcenter\u00bb custom_padding=\u00bb0%||0%||true|false\u00bb custom_css_main_element=\u00bbdisplay: flex;||align-items: center;\u00bb global_colors_info=\u00bb{}\u00bb][et_pb_column type=\u00bb4_4&#8243; _builder_version=\u00bb4.16&#8243; _module_preset=\u00bbdefault\u00bb global_colors_info=\u00bb{}\u00bb][et_pb_image src=\u00bbhttps:\/\/iotlab.com\/wp-content\/uploads\/2021\/09\/logo-header-menu_v2_2021-08-02_700x252.png\u00bb alt=\u00bbIoT Lab Logo &#8211; white background\u00bb title_text=\u00bbIoT Lab Logo &#8211; white background\u00bb url=\u00bb\/\u00bb _builder_version=\u00bb4.16&#8243; _module_preset=\u00bbdefault\u00bb max_width=\u00bb92px\u00bb module_alignment=\u00bbleft\u00bb custom_margin=\u00bb7px||||false|false\u00bb custom_css_main_element=\u00bbfloat: left;\u00bb global_colors_info=\u00bb{}\u00bb][\/et_pb_image][et_pb_menu module_id=\u00bbprimary-menu-nonresponsive\u00bb _builder_version=\u00bb4.16&#8243; _module_preset=\u00bbdefault\u00bb module_alignment=\u00bbleft\u00bb custom_margin=\u00bb10px||||false|false\u00bb custom_css_main_element=\u00bbfloat: right;\u00bb custom_css_dropdown_links=\u00bbline-height: 1.3em;\u00bb global_colors_info=\u00bb{}\u00bb][\/et_pb_menu][et_pb_menu menu_id=\u00bb22&#8243; module_id=\u00bbprimary-menu-responsive\u00bb _builder_version=\u00bb4.16&#8243; _module_preset=\u00bbdefault\u00bb module_alignment=\u00bbleft\u00bb custom_margin=\u00bb10px||||false|false\u00bb custom_css_main_element=\u00bbfloat: right;\u00bb global_colors_info=\u00bb{}\u00bb][\/et_pb_menu][\/et_pb_column][\/et_pb_row][et_pb_row use_custom_gutter=\u00bbon\u00bb gutter_width=\u00bb1&#8243; custom_padding_last_edited=\u00bbon|phone\u00bb admin_label=\u00bbSlide Menu\u00bb module_id=\u00bbslide-menu\u00bb module_class=\u00bbslide-in-menu-container\u00bb _builder_version=\u00bb4.16&#8243; _module_preset=\u00bbdefault\u00bb background_color=\u00bb#10aed6&#8243; positioning=\u00bbabsolute\u00bb position_origin_a=\u00bbtop_right\u00bb horizontal_offset=\u00bb-20%\u00bb z_index=\u00bb3&#8243; horizontal_offset_tablet=\u00bb-40%\u00bb horizontal_offset_phone=\u00bb-60%\u00bb horizontal_offset_last_edited=\u00bbon|phone\u00bb width=\u00bb300px\u00bb width_tablet=\u00bb40%\u00bb width_phone=\u00bb\u00bb width_last_edited=\u00bbon|phone\u00bb height=\u00bb100vh\u00bb height_last_edited=\u00bboff|phone\u00bb custom_padding=\u00bb2vw||||false|false\u00bb custom_padding_tablet=\u00bb25vw||||false|false\u00bb custom_padding_phone=\u00bb20vw||||false|false\u00bb custom_css_main_element=\u00bbopacity: 0;\u00bb global_colors_info=\u00bb{}\u00bb][et_pb_column type=\u00bb4_4&#8243; _builder_version=\u00bb4.16&#8243; _module_preset=\u00bbdefault\u00bb global_colors_info=\u00bb{}\u00bb][et_pb_text _builder_version=\u00bb4.16&#8243; _module_preset=\u00bbdefault\u00bb text_orientation=\u00bbcenter\u00bb text_text_shadow_style=\u00bbpreset3&#8243; global_colors_info=\u00bb{}\u00bb]<a id=\"slide-menu-close\" href=\"javascript:void(0)\" style=\"color: white;\">Cerrar X<\/a>[\/et_pb_text][et_pb_code module_id=\u00bbmenu-slide-code\u00bb _builder_version=\u00bb4.16&#8243; _module_preset=\u00bbdefault\u00bb text_orientation=\u00bbleft\u00bb global_colors_info=\u00bb{}\u00bb]<\/p>\n<ul><!-- [et_pb_line_break_holder] -->    <\/p>\n<li><a href=\"\/\">Inicio<\/a><\/li>\n<p><!-- [et_pb_line_break_holder] -->    <\/p>\n<li><a href=\"\/internet-of-things-and-digital-transformation\">Internet de las cosas y transformaci\u00f3n digital<\/a><\/li>\n<p><!-- [et_pb_line_break_holder] -->    <\/p>\n<li><!-- [et_pb_line_break_holder] -->        <span><a href=\"\/smart-cities-and-communities\">Ciudades y comunidades inteligentes<\/a><\/span><!-- [et_pb_line_break_holder] -->\n<ul><!-- [et_pb_line_break_holder] -->            <\/p>\n<li><a href=\"\/smart-city-expertise-and-consultancy\">Experiencia y consultor\u00eda en ciudades inteligentes<\/a><\/li>\n<p><!-- [et_pb_line_break_holder] -->            <\/p>\n<li><a href=\"\/smart-city-applications\">Aplicaciones de Smart City<\/a><\/li>\n<p><!-- [et_pb_line_break_holder] -->            <\/p>\n<li><a href=\"\/training-and-capacity-building\">Capacitaci\u00f3n y desarrollo de capacidades<\/a><\/li>\n<p><!-- [et_pb_line_break_holder] -->            <\/p>\n<li><a href=\"\/iot-lab-smart-city-board-of-experts\">Junta de expertos de IoT Lab Smart City<\/a><\/li>\n<p><!-- [et_pb_line_break_holder] -->        <\/ul>\n<p><!-- [et_pb_line_break_holder] -->    <\/li>\n<p><!-- [et_pb_line_break_holder] -->    <\/p>\n<li><a href=\"\/data-protection-and-privacy\">Protecci\u00f3n de datos y privacidad<\/a><\/li>\n<p><!-- [et_pb_line_break_holder] -->    <\/p>\n<li><!-- [et_pb_line_break_holder] -->        <span><a href=\"\/research-and-development\">Investigaci\u00f3n y desarrollo<\/a><\/span><!-- [et_pb_line_break_holder] -->\n<ul><!-- [et_pb_line_break_holder] -->            <\/p>\n<li><a href=\"\/research-projects-linked-to-iot-lab\">Proyectos de investigaci\u00f3n vinculados a IotLab<\/a><\/li>\n<p><!-- [et_pb_line_break_holder] -->            <\/p>\n<li><a href=\"\/fiware-hub\">Hub de FIWARE<\/a><\/li>\n<p><!-- [et_pb_line_break_holder] -->        <\/ul>\n<p><!-- [et_pb_line_break_holder] -->    <\/li>\n<p><!-- [et_pb_line_break_holder] -->    <\/p>\n<li><a href=\"\/technology-transfer-and-standardization\">Nuestra transferencia de tecnolog\u00eda y estandarizaci\u00f3n<\/a><\/li>\n<p><!-- [et_pb_line_break_holder] -->    <\/p>\n<li><a href=\"\/international-cooperation-and-sdgs\">Cooperaci\u00f3n internacional y ODS<\/a><\/li>\n<p><!-- [et_pb_line_break_holder] -->    <\/p>\n<li><a href=\"\/12-good-reasons-to-work-with-us\">Trabaja con nosotros<\/a><\/li>\n<p><!-- [et_pb_line_break_holder] -->    <\/p>\n<li><a href=\"\/about-us-and-partners\">Sobre nosotros y socios<\/a><\/li>\n<p><!-- [et_pb_line_break_holder] -->    <\/p>\n<li><a href=\"https:\/\/iotlab.com\/es\/contacto\/\">Cont\u00e1ctenos<\/a><\/li>\n<p><!-- [et_pb_line_break_holder] --><\/ul>\n<p>[\/et_pb_code][\/et_pb_column][\/et_pb_row][\/et_pb_section][et_pb_section fb_built=\u00bb1&#8243; fullwidth=\u00bbon\u00bb admin_label=\u00bbHero\u00bb _builder_version=\u00bb4.16&#8243; _module_preset=\u00bbdefault\u00bb background_image=\u00bbhttps:\/\/iotlab.com\/wp-content\/uploads\/2021\/08\/shutterstock_755023309.jpg\u00bb custom_css_main_element=\u00bb  background-attachment: fixed;||  background-position: bottom;||  background-repeat: no-repeat;||  background-size: cover;\u00bb box_shadow_style=\u00bbpreset1&#8243; locked=\u00bboff\u00bb global_colors_info=\u00bb{}\u00bb][et_pb_fullwidth_slider use_bg_overlay=\u00bboff\u00bb use_text_overlay=\u00bboff\u00bb admin_label=\u00bbFullwidth Slider\u00bb _builder_version=\u00bb4.16&#8243; _module_preset=\u00bbdefault\u00bb header_text_align=\u00bbleft\u00bb background_enable_color=\u00bboff\u00bb width=\u00bb100%\u00bb module_alignment=\u00bbcenter\u00bb content_width=\u00bb100%\u00bb content_max_width=\u00bb100%\u00bb max_height=\u00bb351px\u00bb custom_padding=\u00bb80px||80px||true|false\u00bb global_colors_info=\u00bb{}\u00bb][et_pb_slide heading=\u00bbPrivacidad y seguridad\u00bb _builder_version=\u00bb4.16&#8243; _module_preset=\u00bbdefault\u00bb header_level=\u00bbh1&#8243; header_font=\u00bb|600|||||||\u00bb header_text_align=\u00bbcenter\u00bb header_font_size=\u00bb40px\u00bb header_line_height=\u00bb1.2em\u00bb body_text_align=\u00bbleft\u00bb body_font_size=\u00bb20px\u00bb body_line_height=\u00bb1.5em\u00bb background_color=\u00bbrgba(16,21,53,0.81)\u00bb background_enable_color=\u00bbon\u00bb use_background_color_gradient=\u00bbon\u00bb background_color_gradient_type=\u00bbcircular\u00bb background_color_gradient_direction_radial=\u00bbbottom\u00bb background_color_gradient_stops=\u00bbrgba(0,0,0,0) 0%|#00abd6 92%\u00bb background_color_gradient_start=\u00bbrgba(0,0,0,0)\u00bb background_color_gradient_end=\u00bb#00abd6&#8243; background_color_gradient_end_position=\u00bb92%\u00bb button_alignment=\u00bbleft\u00bb text_orientation=\u00bbleft\u00bb max_width=\u00bb1080px\u00bb max_width_tablet=\u00bb605px\u00bb max_width_phone=\u00bb304px\u00bb max_width_last_edited=\u00bbon|phone\u00bb custom_padding=\u00bb|0px||0px|false|true\u00bb custom_padding_tablet=\u00bb30px|0px|30px|0px|true|false\u00bb custom_padding_phone=\u00bb25px|0px|25px|0px|true|true\u00bb custom_padding_last_edited=\u00bbon|phone\u00bb header_font_size_tablet=\u00bb\u00bb header_font_size_phone=\u00bb28px\u00bb header_font_size_last_edited=\u00bbon|phone\u00bb custom_css_slide_image=\u00bbmax-width: 40%;\u00bb global_colors_info=\u00bb{}\u00bb sticky_transition=\u00bbon\u00bb][\/et_pb_slide][\/et_pb_fullwidth_slider][\/et_pb_section][et_pb_section fb_built=\u00bb1&#8243; _builder_version=\u00bb4.17.6&#8243; _module_preset=\u00bb38daf00d-ad10-460d-98cc-26939271c41b\u00bb global_colors_info=\u00bb{}\u00bb][et_pb_row column_structure=\u00bb1_4,3_4&#8243; custom_padding_last_edited=\u00bbon|desktop\u00bb _builder_version=\u00bb4.17.6&#8243; _module_preset=\u00bb_initial\u00bb custom_padding_tablet=\u00bb\u00bb custom_padding_phone=\u00bb\u00bb global_colors_info=\u00bb{}\u00bb][et_pb_column type=\u00bb1_4&#8243; _builder_version=\u00bb4.16&#8243; _module_preset=\u00bbdefault\u00bb global_colors_info=\u00bb{}\u00bb][et_pb_image src=\u00bbhttps:\/\/iotlab.com\/wp-content\/uploads\/2022\/01\/GDPRdreamstime_375x250.jpg\u00bb alt=\u00bbIoTLab &#8211; GDPR\u00bb title_text=\u00bbGDPRdreamstime_375x250&#8243; show_bottom_space=\u00bboff\u00bb align=\u00bbcenter\u00bb _builder_version=\u00bb4.17.6&#8243; _module_preset=\u00bbdefault\u00bb module_alignment=\u00bbleft\u00bb custom_margin=\u00bb25px||||false|false\u00bb custom_margin_tablet=\u00bb25px||||false|false\u00bb custom_margin_phone=\u00bb||-20px||false|false\u00bb custom_margin_last_edited=\u00bbon|desktop\u00bb custom_padding=\u00bb|||20px|false|false\u00bb custom_padding_tablet=\u00bb|||0px|false|false\u00bb custom_padding_phone=\u00bb15px|15px|15px|15px|true|true\u00bb custom_padding_last_edited=\u00bbon|phone\u00bb global_colors_info=\u00bb{}\u00bb][\/et_pb_image][\/et_pb_column][et_pb_column type=\u00bb3_4&#8243; _builder_version=\u00bb4.16&#8243; _module_preset=\u00bbdefault\u00bb global_colors_info=\u00bb{}\u00bb][et_pb_text _builder_version=\u00bb4.18.0&#8243; _module_preset=\u00bb_initial\u00bb width=\u00bb100%\u00bb custom_padding=\u00bb15px|21px|0px|21px|false|true\u00bb custom_padding_tablet=\u00bb23px|23px|0px|23px|false|true\u00bb hover_enabled=\u00bb0&#8243; global_colors_info=\u00bb{}\u00bb sticky_enabled=\u00bb0&#8243;]<\/p>\n<p><strong>IoT Lab<\/strong> tiene una experiencia \u00fanica en privacidad y protecci\u00f3n de datos personales para soluciones e implementaciones de TIC para cumplir con las regulaciones aplicables, incluido el Reglamento General Europeo de Protecci\u00f3n de Datos (<strong>GDPR<\/strong>), otras regulaciones europeas (eprivacy, NIS2, MDR, etc.) y regulaciones nacionales . Es socio oficial de <a href=\"https:\/\/iotlab.com\/es\/?page_id=31439\">Europrivacy<\/a> del Centro Europeo para la Certificaci\u00f3n y la Privacidad (ECCP) en Luxemburgo y trabaja en estrecha colaboraci\u00f3n con SECAN Lab en Luxemburgo, el Instituto Italiano para la Privacidad (IIP) y Archimede Solutions en Ginebra. Sus servicios de privacidad y seguridad incluyen:<\/p>\n<p>[\/et_pb_text][et_pb_text _builder_version=\u00bb4.17.6&#8243; _module_preset=\u00bb_initial\u00bb custom_padding=\u00bb0px|21px|0px|21px|true|true\u00bb custom_padding_tablet=\u00bb0px|21px|0px|21px|false|true\u00bb custom_padding_phone=\u00bb0px|21px|0px|21px|false|true\u00bb custom_padding_last_edited=\u00bbon|desktop\u00bb global_colors_info=\u00bb{}\u00bb]<\/p>\n<ul>\n<li>Evaluaci\u00f3n de Impacto de Protecci\u00f3n de Datos (RGPD Art. 35) y an\u00e1lisis de riesgos<\/li>\n<li>Protecci\u00f3n de datos por dise\u00f1o (GDPR Art. 25)<\/li>\n<li>Auditor\u00eda RGPD y an\u00e1lisis de brechas<\/li>\n<li>Preparaci\u00f3n para la certificaci\u00f3n <a href=\"https:\/\/iotlab.com\/es\/?page_id=31439\">Europrivacy<\/a>, EuroPriSe e ISO\/IEC 27001<\/li>\n<li>Servicios DPO<\/li>\n<li>Consultor\u00eda en protecci\u00f3n de datos y ciberseguridad<\/li>\n<li>Informaci\u00f3n y servicios en l\u00ednea<\/li>\n<\/ul>\n<p>[\/et_pb_text][\/et_pb_column][\/et_pb_row][\/et_pb_section][et_pb_section fb_built=\u00bb1&#8243; custom_padding_last_edited=\u00bbon|phone\u00bb admin_label=\u00bbOur Mission\u00bb module_id=\u00bbacerca de\u00bb _builder_version=\u00bb4.17.6&#8243; _module_preset=\u00bbc52d8cf5-37f6-4515-901c-c58cf5d675a2&#8243; custom_padding_tablet=\u00bb\u00bb custom_padding_phone=\u00bb\u00bb locked=\u00bboff\u00bb global_colors_info=\u00bb{}\u00bb][et_pb_row module_id=\u00bbabout-us\u00bb _builder_version=\u00bb4.17.6&#8243; _module_preset=\u00bb7fd053b9-c243-4260-9eb4-baa2e3fdd7d7&#8243; background_color=\u00bb#FFFFFF\u00bb width_tablet=\u00bb\u00bb width_phone=\u00bb80%\u00bb width_last_edited=\u00bbon|tablet\u00bb locked=\u00bboff\u00bb global_colors_info=\u00bb{}\u00bb][et_pb_column type=\u00bb4_4&#8243; _builder_version=\u00bb4.16&#8243; _module_preset=\u00bbdefault\u00bb global_colors_info=\u00bb{}\u00bb][et_pb_text _builder_version=\u00bb4.17.6&#8243; _module_preset=\u00bb65dfe38b-9d4a-4738-83a5-344f025501a8&#8243; header_2_text_align=\u00bbcenter\u00bb width_tablet=\u00bb\u00bb width_phone=\u00bb\u00bb width_last_edited=\u00bbon|desktop\u00bb module_alignment=\u00bbcenter\u00bb custom_padding_tablet=\u00bb\u00bb custom_padding_phone=\u00bb\u00bb custom_padding_last_edited=\u00bbon|tablet\u00bb global_colors_info=\u00bb{}\u00bb]<\/p>\n<h2>Ciberseguridad<\/h2>\n<p>[\/et_pb_text][\/et_pb_column][\/et_pb_row][et_pb_row column_structure=\u00bb1_4,3_4&#8243; _builder_version=\u00bb4.17.6&#8243; _module_preset=\u00bbcdfa9649-ddd2-4713-9f49-fb781af19591&#8243; background_color=\u00bb#FFFFFF\u00bb custom_margin=\u00bb0px||||false|false\u00bb custom_margin_tablet=\u00bb0px||||false|false\u00bb custom_margin_phone=\u00bb0px||||false|false\u00bb custom_margin_last_edited=\u00bbon|phone\u00bb custom_padding=\u00bb0px||0px||true|false\u00bb global_colors_info=\u00bb{}\u00bb][et_pb_column type=\u00bb1_4&#8243; _builder_version=\u00bb4.16&#8243; _module_preset=\u00bbdefault\u00bb global_colors_info=\u00bb{}\u00bb][et_pb_image src=\u00bbhttps:\/\/iotlab.com\/wp-content\/uploads\/2022\/08\/Asset-2.png\u00bb title_text=\u00bbAsset 2&#8243; align=\u00bbright\u00bb align_tablet=\u00bbcenter\u00bb align_phone=\u00bbcenter\u00bb align_last_edited=\u00bbon|tablet\u00bb _builder_version=\u00bb4.17.6&#8243; _module_preset=\u00bbdefault\u00bb module_alignment=\u00bbcenter\u00bb custom_margin=\u00bb20px||||false|false\u00bb custom_margin_tablet=\u00bb20px||||false|false\u00bb custom_margin_phone=\u00bb||||false|false\u00bb custom_margin_last_edited=\u00bbon|phone\u00bb custom_padding=\u00bb|||20px|false|false\u00bb custom_padding_tablet=\u00bb0px||0px||true|false\u00bb custom_padding_phone=\u00bb0px|20px|0px|20px|true|true\u00bb custom_padding_last_edited=\u00bbon|desktop\u00bb global_colors_info=\u00bb{}\u00bb][\/et_pb_image][\/et_pb_column][et_pb_column type=\u00bb3_4&#8243; _builder_version=\u00bb4.16&#8243; _module_preset=\u00bbdefault\u00bb global_colors_info=\u00bb{}\u00bb][et_pb_cta _builder_version=\u00bb4.17.6&#8243; _module_preset=\u00bbb7ff18db-5cb7-413a-86fc-ef1b2fa70a71&#8243; global_colors_info=\u00bb{}\u00bb]<\/p>\n<p>IoT Lab ofrece una experiencia especializada en seguridad de IoT, desde el dise\u00f1o hasta la implementaci\u00f3n y la auditor\u00eda, incluidas las pruebas de penetraci\u00f3n para ciberseguridad. Tambi\u00e9n puede prepararse para el cumplimiento de la normativa y los est\u00e1ndares aplicables, como ISO\/IEC 27001. IoT Lab tambi\u00e9n brinda acceso a soluciones en l\u00ednea como:<\/p>\n<ul>\n<li>DP-ID: un registro universal de procesamiento de datos.<\/li>\n<li>Pacto de Privacidad: una herramienta contractual online para el cumplimiento del RGPD.<\/li>\n<li>Aplicaci\u00f3n de privacidad: una aplicaci\u00f3n en l\u00ednea para el cumplimiento de GDPR con implementaciones de IoT.<\/li>\n<\/ul>\n<p>Leer m\u00e1s de <strong><a href=\"https:\/\/iotlab.com\/es\/?page_id=31439\">Europrivacy<\/a><\/strong> y nuestro <strong><a href=\"https:\/\/iotlab.com\/es\/catalogo\/#applications\">Cat\u00e1logo de aplicaciones y servicios<\/a><\/strong><\/p>\n<p>[\/et_pb_cta][\/et_pb_column][\/et_pb_row][et_pb_row _builder_version=\u00bb4.17.6&#8243; _module_preset=\u00bbf3406a9a-c674-45a5-9082-7ddf65d6e8b4&#8243; min_height=\u00bb70.2px\u00bb global_colors_info=\u00bb{}\u00bb][et_pb_column type=\u00bb4_4&#8243; _builder_version=\u00bb4.16&#8243; _module_preset=\u00bbdefault\u00bb global_colors_info=\u00bb{}\u00bb][et_pb_button button_url=\u00bb@ET-DC@eyJkeW5hbWljIjp0cnVlLCJjb250ZW50IjoicG9zdF9saW5rX3VybF9wYWdlIiwic2V0dGluZ3MiOnsicG9zdF9pZCI6IjQ1In19@\u00bb button_text=\u00bbContactenos\u00bb button_alignment=\u00bbright\u00bb _builder_version=\u00bb4.16&#8243; _dynamic_attributes=\u00bbbutton_url\u00bb _module_preset=\u00bbdefault\u00bb global_colors_info=\u00bb{}\u00bb][\/et_pb_button][\/et_pb_column][\/et_pb_row][\/et_pb_section]<\/p>\n","protected":false},"excerpt":{"rendered":"<p>Cerrar XIoT Lab tiene una experiencia \u00fanica en privacidad y protecci\u00f3n de datos personales para soluciones e implementaciones de TIC para cumplir con las regulaciones aplicables, incluido el Reglamento General Europeo de Protecci\u00f3n de Datos (GDPR), otras regulaciones europeas (eprivacy, NIS2, MDR, etc.) y regulaciones nacionales . Es socio oficial de Europrivacy del Centro Europeo [&hellip;]<\/p>\n","protected":false},"author":1,"featured_media":0,"parent":0,"menu_order":0,"comment_status":"closed","ping_status":"closed","template":"","meta":{"_et_pb_use_builder":"on","_et_pb_old_content":"","_et_gb_content_width":"","inline_featured_image":false,"footnotes":""},"class_list":["post-31497","page","type-page","status-publish","hentry"],"yoast_head":"<!-- This site is optimized with the Yoast SEO Premium plugin v25.5 (Yoast SEO v27.3) - https:\/\/yoast.com\/product\/yoast-seo-premium-wordpress\/ -->\n<title>Privacidad y seguridad - IoT Lab<\/title>\n<meta name=\"robots\" content=\"index, follow, max-snippet:-1, max-image-preview:large, max-video-preview:-1\" \/>\n<link rel=\"canonical\" href=\"https:\/\/iotlab.com\/es\/privacidad-y-seguridad\/\" \/>\n<meta property=\"og:locale\" content=\"es_ES\" \/>\n<meta property=\"og:type\" content=\"article\" \/>\n<meta property=\"og:title\" content=\"Privacidad y seguridad\" \/>\n<meta property=\"og:description\" content=\"Cerrar XIoT Lab tiene una experiencia \u00fanica en privacidad y protecci\u00f3n de datos personales para soluciones e implementaciones de TIC para cumplir con las regulaciones aplicables, incluido el Reglamento General Europeo de Protecci\u00f3n de Datos (GDPR), otras regulaciones europeas (eprivacy, NIS2, MDR, etc.) y regulaciones nacionales . Es socio oficial de Europrivacy del Centro Europeo [&hellip;]\" \/>\n<meta property=\"og:url\" content=\"https:\/\/iotlab.com\/es\/privacidad-y-seguridad\/\" \/>\n<meta property=\"og:site_name\" content=\"IoT Lab\" \/>\n<meta property=\"article:modified_time\" content=\"2022-08-27T05:35:18+00:00\" \/>\n<meta name=\"twitter:card\" content=\"summary_large_image\" \/>\n<meta name=\"twitter:label1\" content=\"Tiempo de lectura\" \/>\n\t<meta name=\"twitter:data1\" content=\"8 minutos\" \/>\n<script type=\"application\/ld+json\" class=\"yoast-schema-graph\">{\"@context\":\"https:\\\/\\\/schema.org\",\"@graph\":[{\"@type\":\"WebPage\",\"@id\":\"https:\\\/\\\/iotlab.com\\\/es\\\/privacidad-y-seguridad\\\/\",\"url\":\"https:\\\/\\\/iotlab.com\\\/es\\\/privacidad-y-seguridad\\\/\",\"name\":\"Privacidad y seguridad - IoT Lab\",\"isPartOf\":{\"@id\":\"https:\\\/\\\/iotlab.com\\\/es\\\/#website\"},\"datePublished\":\"2022-08-27T05:34:27+00:00\",\"dateModified\":\"2022-08-27T05:35:18+00:00\",\"breadcrumb\":{\"@id\":\"https:\\\/\\\/iotlab.com\\\/es\\\/privacidad-y-seguridad\\\/#breadcrumb\"},\"inLanguage\":\"es\",\"potentialAction\":[{\"@type\":\"ReadAction\",\"target\":[\"https:\\\/\\\/iotlab.com\\\/es\\\/privacidad-y-seguridad\\\/\"]}]},{\"@type\":\"BreadcrumbList\",\"@id\":\"https:\\\/\\\/iotlab.com\\\/es\\\/privacidad-y-seguridad\\\/#breadcrumb\",\"itemListElement\":[{\"@type\":\"ListItem\",\"position\":1,\"name\":\"Home\",\"item\":\"https:\\\/\\\/iotlab.com\\\/es\\\/\"},{\"@type\":\"ListItem\",\"position\":2,\"name\":\"Privacidad y seguridad\"}]},{\"@type\":\"WebSite\",\"@id\":\"https:\\\/\\\/iotlab.com\\\/es\\\/#website\",\"url\":\"https:\\\/\\\/iotlab.com\\\/es\\\/\",\"name\":\"Iot Lab\",\"description\":\"IoT Lab is an international platform of services and resources for the Internet of Things (IoT), digital transformation and data protection, providing solutions and services for Internet of Things and Digital Transformation, Smart Cities, Privacy &amp; Security, Research &amp; Innovation, Technology transfer &amp; Standardization, International Cooperation and SDGs.\",\"alternateName\":\"Iot Lab\",\"potentialAction\":[{\"@type\":\"SearchAction\",\"target\":{\"@type\":\"EntryPoint\",\"urlTemplate\":\"https:\\\/\\\/iotlab.com\\\/es\\\/?s={search_term_string}\"},\"query-input\":{\"@type\":\"PropertyValueSpecification\",\"valueRequired\":true,\"valueName\":\"search_term_string\"}}],\"inLanguage\":\"es\"}]}<\/script>\n<!-- \/ Yoast SEO Premium plugin. -->","yoast_head_json":{"title":"Privacidad y seguridad - IoT Lab","robots":{"index":"index","follow":"follow","max-snippet":"max-snippet:-1","max-image-preview":"max-image-preview:large","max-video-preview":"max-video-preview:-1"},"canonical":"https:\/\/iotlab.com\/es\/privacidad-y-seguridad\/","og_locale":"es_ES","og_type":"article","og_title":"Privacidad y seguridad","og_description":"Cerrar XIoT Lab tiene una experiencia \u00fanica en privacidad y protecci\u00f3n de datos personales para soluciones e implementaciones de TIC para cumplir con las regulaciones aplicables, incluido el Reglamento General Europeo de Protecci\u00f3n de Datos (GDPR), otras regulaciones europeas (eprivacy, NIS2, MDR, etc.) y regulaciones nacionales . Es socio oficial de Europrivacy del Centro Europeo [&hellip;]","og_url":"https:\/\/iotlab.com\/es\/privacidad-y-seguridad\/","og_site_name":"IoT Lab","article_modified_time":"2022-08-27T05:35:18+00:00","twitter_card":"summary_large_image","twitter_misc":{"Tiempo de lectura":"8 minutos"},"schema":{"@context":"https:\/\/schema.org","@graph":[{"@type":"WebPage","@id":"https:\/\/iotlab.com\/es\/privacidad-y-seguridad\/","url":"https:\/\/iotlab.com\/es\/privacidad-y-seguridad\/","name":"Privacidad y seguridad - IoT Lab","isPartOf":{"@id":"https:\/\/iotlab.com\/es\/#website"},"datePublished":"2022-08-27T05:34:27+00:00","dateModified":"2022-08-27T05:35:18+00:00","breadcrumb":{"@id":"https:\/\/iotlab.com\/es\/privacidad-y-seguridad\/#breadcrumb"},"inLanguage":"es","potentialAction":[{"@type":"ReadAction","target":["https:\/\/iotlab.com\/es\/privacidad-y-seguridad\/"]}]},{"@type":"BreadcrumbList","@id":"https:\/\/iotlab.com\/es\/privacidad-y-seguridad\/#breadcrumb","itemListElement":[{"@type":"ListItem","position":1,"name":"Home","item":"https:\/\/iotlab.com\/es\/"},{"@type":"ListItem","position":2,"name":"Privacidad y seguridad"}]},{"@type":"WebSite","@id":"https:\/\/iotlab.com\/es\/#website","url":"https:\/\/iotlab.com\/es\/","name":"Iot Lab","description":"IoT Lab is an international platform of services and resources for the Internet of Things (IoT), digital transformation and data protection, providing solutions and services for Internet of Things and Digital Transformation, Smart Cities, Privacy &amp; Security, Research &amp; Innovation, Technology transfer &amp; Standardization, International Cooperation and SDGs.","alternateName":"Iot Lab","potentialAction":[{"@type":"SearchAction","target":{"@type":"EntryPoint","urlTemplate":"https:\/\/iotlab.com\/es\/?s={search_term_string}"},"query-input":{"@type":"PropertyValueSpecification","valueRequired":true,"valueName":"search_term_string"}}],"inLanguage":"es"}]}},"_links":{"self":[{"href":"https:\/\/iotlab.com\/es\/wp-json\/wp\/v2\/pages\/31497","targetHints":{"allow":["GET"]}}],"collection":[{"href":"https:\/\/iotlab.com\/es\/wp-json\/wp\/v2\/pages"}],"about":[{"href":"https:\/\/iotlab.com\/es\/wp-json\/wp\/v2\/types\/page"}],"author":[{"embeddable":true,"href":"https:\/\/iotlab.com\/es\/wp-json\/wp\/v2\/users\/1"}],"replies":[{"embeddable":true,"href":"https:\/\/iotlab.com\/es\/wp-json\/wp\/v2\/comments?post=31497"}],"version-history":[{"count":8,"href":"https:\/\/iotlab.com\/es\/wp-json\/wp\/v2\/pages\/31497\/revisions"}],"predecessor-version":[{"id":33117,"href":"https:\/\/iotlab.com\/es\/wp-json\/wp\/v2\/pages\/31497\/revisions\/33117"}],"wp:attachment":[{"href":"https:\/\/iotlab.com\/es\/wp-json\/wp\/v2\/media?parent=31497"}],"curies":[{"name":"wp","href":"https:\/\/api.w.org\/{rel}","templated":true}]}}