{"id":31597,"date":"2022-08-25T06:56:53","date_gmt":"2022-08-25T04:56:53","guid":{"rendered":"https:\/\/iotlab.com\/?page_id=31597"},"modified":"2022-08-25T08:00:40","modified_gmt":"2022-08-25T06:00:40","slug":"iot-inteligente-y-digital","status":"publish","type":"page","link":"https:\/\/iotlab.com\/es\/iot-inteligente-y-digital\/","title":{"rendered":"Digital &#038; IoT"},"content":{"rendered":"<p>[et_pb_section fb_built=\u00bb1&#8243; fullwidth=\u00bbon\u00bb admin_label=\u00bbHero\u00bb _builder_version=\u00bb4.16&#8243; _module_preset=\u00bbdefault\u00bb background_image=\u00bbhttps:\/\/iotlab.com\/wp-content\/uploads\/2021\/08\/shutterstock_594819566.jpg\u00bb background_position=\u00bbbottom_center\u00bb custom_css_main_element=\u00bb  background-attachment: fixed;||  background-position: bottom;||  background-repeat: no-repeat;||  background-size: cover;\u00bb box_shadow_style=\u00bbpreset1&#8243; locked=\u00bboff\u00bb global_colors_info=\u00bb{}\u00bb][et_pb_fullwidth_slider use_bg_overlay=\u00bboff\u00bb use_text_overlay=\u00bboff\u00bb admin_label=\u00bbFullwidth Slider\u00bb _builder_version=\u00bb4.16&#8243; _module_preset=\u00bbdefault\u00bb header_text_align=\u00bbleft\u00bb background_enable_color=\u00bboff\u00bb width=\u00bb100%\u00bb module_alignment=\u00bbcenter\u00bb content_width=\u00bb100%\u00bb content_max_width=\u00bb100%\u00bb max_height=\u00bb351px\u00bb custom_padding=\u00bb80px||80px||true|false\u00bb global_colors_info=\u00bb{}\u00bb][et_pb_slide heading=\u00bbIoT, inteligente y digital\u00bb _builder_version=\u00bb4.16&#8243; _module_preset=\u00bbdefault\u00bb header_level=\u00bbh1&#8243; header_font=\u00bb|600|||||||\u00bb header_text_align=\u00bbcenter\u00bb header_font_size=\u00bb40px\u00bb header_line_height=\u00bb1.2em\u00bb body_text_align=\u00bbleft\u00bb body_font_size=\u00bb20px\u00bb body_line_height=\u00bb1.5em\u00bb background_color=\u00bbrgba(16,21,53,0.81)\u00bb background_enable_color=\u00bbon\u00bb use_background_color_gradient=\u00bbon\u00bb background_color_gradient_type=\u00bbcircular\u00bb background_color_gradient_direction_radial=\u00bbbottom\u00bb background_color_gradient_stops=\u00bbrgba(0,0,0,0) 0%|#00abd6 92%\u00bb background_color_gradient_start=\u00bbrgba(0,0,0,0)\u00bb background_color_gradient_end=\u00bb#00abd6&#8243; background_color_gradient_end_position=\u00bb92%\u00bb button_alignment=\u00bbleft\u00bb text_orientation=\u00bbleft\u00bb max_width=\u00bb1080px\u00bb max_width_tablet=\u00bb605px\u00bb max_width_phone=\u00bb304px\u00bb max_width_last_edited=\u00bbon|phone\u00bb custom_padding=\u00bb|0px||0px|false|true\u00bb custom_padding_tablet=\u00bb30px|0px|30px|0px|true|false\u00bb custom_padding_phone=\u00bb25px|0px|25px|0px|true|true\u00bb custom_padding_last_edited=\u00bbon|phone\u00bb header_font_size_tablet=\u00bb\u00bb header_font_size_phone=\u00bb28px\u00bb header_font_size_last_edited=\u00bbon|phone\u00bb custom_css_slide_image=\u00bbmax-width: 40%;\u00bb global_colors_info=\u00bb{}\u00bb sticky_transition=\u00bbon\u00bb][\/et_pb_slide][\/et_pb_fullwidth_slider][\/et_pb_section][et_pb_section fb_built=\u00bb1&#8243; _builder_version=\u00bb4.17.6&#8243; _module_preset=\u00bb38daf00d-ad10-460d-98cc-26939271c41b\u00bb global_colors_info=\u00bb{}\u00bb][et_pb_row _builder_version=\u00bb4.17.6&#8243; _module_preset=\u00bb_initial\u00bb global_colors_info=\u00bb{}\u00bb][et_pb_column type=\u00bb4_4&#8243; _builder_version=\u00bb4.16&#8243; _module_preset=\u00bbdefault\u00bb global_colors_info=\u00bb{}\u00bb][et_pb_text _builder_version=\u00bb4.18.0&#8243; _module_preset=\u00bbdefault\u00bb hover_enabled=\u00bb0&#8243; global_colors_info=\u00bb{}\u00bb sticky_enabled=\u00bb0&#8243;]<\/p>\n<p>IoT Lab re\u00fane una experiencia integral para ayudarlo en su transformaci\u00f3n digital, desde el dise\u00f1o y la planificaci\u00f3n hasta la implementaci\u00f3n y el mantenimiento. Nuestra experiencia abarca implementaciones de ciudades inteligentes, salud electr\u00f3nica, agricultura inteligente, industria inteligente, energ\u00eda y gesti\u00f3n del agua. IoT Lab est\u00e1 aqu\u00ed para abordar sus necesidades y resolver sus problemas de manera inteligente y eficiente.<\/p>\n<p>Aprender m\u00e1s acerca de:<\/p>\n<ul>\n<li><strong><a href=\"https:\/\/iotlab.com\/es\/?page_id=31582\">Experiencia en Ciudades Inteligentes<\/a><\/strong><\/li>\n<li><strong><a href=\"https:\/\/iotlab.com\/es\/?page_id=31525\">FIWARE iHub<\/a><\/strong><\/li>\n<li><strong><a href=\"https:\/\/iotlab.com\/es\/?page_id=31371\">Nuestro cat\u00e1logo de aplicaciones y servicios clave<\/a><\/strong><\/li>\n<\/ul>\n<p>[\/et_pb_text][\/et_pb_column][\/et_pb_row][\/et_pb_section][et_pb_section fb_built=\u00bb1&#8243; custom_padding_last_edited=\u00bbon|desktop\u00bb admin_label=\u00bbIoT and Digital Transformation Services\u00bb module_id=\u00bbServicios de transformaci\u00f3n digital y de IoT\u00bb _builder_version=\u00bb4.17.6&#8243; _module_preset=\u00bb38daf00d-ad10-460d-98cc-26939271c41b\u00bb custom_padding_tablet=\u00bb\u00bb custom_padding_phone=\u00bb\u00bb top_divider_color=\u00bbrgba(0,106,193,0.04)\u00bb top_divider_height=\u00bb500px\u00bb top_divider_repeat=\u00bb1x\u00bb bottom_divider_color=\u00bbrgba(0,106,193,0.04)\u00bb locked=\u00bboff\u00bb global_colors_info=\u00bb{}\u00bb][et_pb_row module_id=\u00bbabout-us\u00bb _builder_version=\u00bb4.17.6&#8243; _module_preset=\u00bb7fd053b9-c243-4260-9eb4-baa2e3fdd7d7&#8243; background_color=\u00bb#FFFFFF\u00bb width_tablet=\u00bb\u00bb width_phone=\u00bb80%\u00bb width_last_edited=\u00bbon|tablet\u00bb locked=\u00bboff\u00bb global_colors_info=\u00bb{}\u00bb][et_pb_column type=\u00bb4_4&#8243; _builder_version=\u00bb4.16&#8243; _module_preset=\u00bbdefault\u00bb global_colors_info=\u00bb{}\u00bb][et_pb_text _builder_version=\u00bb4.17.6&#8243; _module_preset=\u00bbb7aad84b-4396-4388-862b-89f63d9791bf\u00bb custom_padding_tablet=\u00bb\u00bb custom_padding_phone=\u00bb|||10px|true|false\u00bb custom_padding_last_edited=\u00bbon|phone\u00bb locked=\u00bboff\u00bb global_colors_info=\u00bb{}\u00bb]<\/p>\n<h2>Soporte integral de la A a la Z<\/h2>\n<p>[\/et_pb_text][\/et_pb_column][\/et_pb_row][et_pb_row _builder_version=\u00bb4.17.6&#8243; _module_preset=\u00bbdefault\u00bb custom_padding=\u00bb4px||25px||false|false\u00bb scroll_horizontal_motion=\u00bb0|46|81|100|4|0|-4&#8243; global_colors_info=\u00bb{}\u00bb][et_pb_column type=\u00bb4_4&#8243; _builder_version=\u00bb4.16&#8243; _module_preset=\u00bbdefault\u00bb global_colors_info=\u00bb{}\u00bb][et_pb_image src=\u00bbhttps:\/\/iotlab.com\/wp-content\/uploads\/2022\/01\/5-steps.png\u00bb title_text=\u00bb5 pasos\u00bb align=\u00bbcenter\u00bb _builder_version=\u00bb4.17.6&#8243; _module_preset=\u00bbdefault\u00bb background_color=\u00bb#FFFFFF\u00bb max_width_tablet=\u00bb95%\u00bb max_width_phone=\u00bb95%\u00bb max_width_last_edited=\u00bbon|phone\u00bb global_colors_info=\u00bb{}\u00bb][\/et_pb_image][\/et_pb_column][\/et_pb_row][\/et_pb_section][et_pb_section fb_built=\u00bb1&#8243; custom_padding_last_edited=\u00bbon|desktop\u00bb admin_label=\u00bbIoT and Digital Transformation Services\u00bb module_id=\u00bbServicios de transformaci\u00f3n digital y de IoT\u00bb _builder_version=\u00bb4.16&#8243; _module_preset=\u00bbdefault\u00bb background_color=\u00bb#fafafa\u00bb custom_margin=\u00bb||||false|false\u00bb custom_padding=\u00bb23px||23px||true|false\u00bb custom_padding_tablet=\u00bb\u00bb custom_padding_phone=\u00bb\u00bb top_divider_color=\u00bbrgba(0,106,193,0.04)\u00bb top_divider_height=\u00bb500px\u00bb top_divider_repeat=\u00bb1x\u00bb top_divider_flip=\u00bbhorizontal\u00bb bottom_divider_color=\u00bbrgba(0,106,193,0.04)\u00bb border_style_all=\u00bbnone\u00bb locked=\u00bboff\u00bb global_colors_info=\u00bb{}\u00bb][et_pb_row _builder_version=\u00bb4.17.6&#8243; _module_preset=\u00bb_initial\u00bb scroll_horizontal_motion=\u00bb0|46|81|100|4|0|-4&#8243; global_colors_info=\u00bb{}\u00bb][et_pb_column type=\u00bb4_4&#8243; _builder_version=\u00bb4.16&#8243; _module_preset=\u00bbdefault\u00bb global_colors_info=\u00bb{}\u00bb][et_pb_cta title=\u00bbAnalizar y Seleccionar\u00bb button_text=\u00bbHaga clic aqu\u00ed\u00bb _builder_version=\u00bb4.17.6&#8243; _module_preset=\u00bbb7ff18db-5cb7-413a-86fc-ef1b2fa70a71&#8243; header_text_color=\u00bb#0f9ac3&#8243; custom_padding_tablet=\u00bb\u00bb custom_padding_phone=\u00bb13px|26px|13px|26px|true|true\u00bb custom_padding_last_edited=\u00bbon|tablet\u00bb locked=\u00bboff\u00bb global_colors_info=\u00bb{}\u00bb]<\/p>\n<p>Con experiencia en metodolog\u00edas de co-creaci\u00f3n y grupos focales, IoT Lab lo ayudar\u00e1 a analizar y especificar sus necesidades y requisitos desde la perspectiva del usuario final. Le ayudar\u00e1 a identificar, comparar y seleccionar la tecnolog\u00eda \u00f3ptima a trav\u00e9s de un an\u00e1lisis comparativo de soluciones y tecnolog\u00edas.<\/p>\n<p>[\/et_pb_cta][\/et_pb_column][\/et_pb_row][et_pb_row _builder_version=\u00bb4.17.6&#8243; _module_preset=\u00bb_initial\u00bb custom_margin=\u00bb||||false|false\u00bb scroll_horizontal_motion=\u00bb0|46|81|100|4|0|-4&#8243; global_colors_info=\u00bb{}\u00bb][et_pb_column type=\u00bb4_4&#8243; _builder_version=\u00bb4.16&#8243; _module_preset=\u00bbdefault\u00bb global_colors_info=\u00bb{}\u00bb][et_pb_cta title=\u00bbPlan de dise\u00f1o\u00bb button_text=\u00bbHaga clic aqu\u00ed\u00bb _builder_version=\u00bb4.17.6&#8243; _module_preset=\u00bbb7ff18db-5cb7-413a-86fc-ef1b2fa70a71&#8243; custom_margin=\u00bb0px|0px|0px|0px|false|false\u00bb custom_padding_tablet=\u00bb\u00bb custom_padding_phone=\u00bb13px|26px|13px|26px|true|true\u00bb custom_padding_last_edited=\u00bbon|tablet\u00bb locked=\u00bboff\u00bb global_colors_info=\u00bb{}\u00bb]<\/p>\n<p>IoT Lab lo ayuda a dise\u00f1ar y optimizar la arquitectura de su implementaci\u00f3n con un enfoque de privacidad y protecci\u00f3n de datos por dise\u00f1o. Luego, entregaremos un plan claro de implementaci\u00f3n de IoT y especificaciones para proveedores y proveedores de tecnolog\u00eda. Completaremos nuestro an\u00e1lisis mediante un an\u00e1lisis de costes y beneficios que le permitir\u00e1 dimensionar sus necesidades y tomar las decisiones correctas.<\/p>\n<p>[\/et_pb_cta][\/et_pb_column][\/et_pb_row][et_pb_row _builder_version=\u00bb4.17.6&#8243; _module_preset=\u00bb_initial\u00bb custom_margin=\u00bb0px||0px||false|false\u00bb scroll_horizontal_motion=\u00bb0|46|81|100|4|0|-4&#8243; global_colors_info=\u00bb{}\u00bb][et_pb_column type=\u00bb4_4&#8243; _builder_version=\u00bb4.16&#8243; _module_preset=\u00bbdefault\u00bb global_colors_info=\u00bb{}\u00bb][et_pb_cta title=\u00bbImplementar e Integrar\u00bb button_text=\u00bbHaga clic aqu\u00ed\u00bb _builder_version=\u00bb4.17.6&#8243; _module_preset=\u00bbb7ff18db-5cb7-413a-86fc-ef1b2fa70a71&#8243; custom_padding_tablet=\u00bb\u00bb custom_padding_phone=\u00bb13px|26px|13px|26px|true|true\u00bb custom_padding_last_edited=\u00bbon|tablet\u00bb locked=\u00bboff\u00bb global_colors_info=\u00bb{}\u00bb]<\/p>\n<p>IoT Lab lo apoya en su proceso de licitaci\u00f3n, incluso, cuando sea necesario, a trav\u00e9s de pruebas de muestra. Tambi\u00e9n podemos encargarnos de la implementaci\u00f3n de la plataforma y la integraci\u00f3n del sistema con m\u00e1s de 50 protocolos y est\u00e1ndares de comunicaci\u00f3n para la integraci\u00f3n heredada. Ver m\u00e1s sobre <a href=\"https:\/\/www.devicegateway.com\/main-iot-protocols\" target=\"_blank\" rel=\"noopener\">Protocolos<\/a>.<\/p>\n<p>[\/et_pb_cta][\/et_pb_column][\/et_pb_row][et_pb_row _builder_version=\u00bb4.17.6&#8243; _module_preset=\u00bb_initial\u00bb custom_margin=\u00bb||||false|false\u00bb scroll_horizontal_motion=\u00bb0|46|81|100|4|0|-4&#8243; global_colors_info=\u00bb{}\u00bb][et_pb_column type=\u00bb4_4&#8243; _builder_version=\u00bb4.16&#8243; _module_preset=\u00bbdefault\u00bb global_colors_info=\u00bb{}\u00bb][et_pb_cta title=\u00bbProbar y Validar \u00bb button_text=\u00bbHaga clic aqu\u00ed\u00bb _builder_version=\u00bb4.17.6&#8243; _module_preset=\u00bbb7ff18db-5cb7-413a-86fc-ef1b2fa70a71&#8243; custom_margin=\u00bb0px|0px|0px|0px|false|false\u00bb custom_padding_tablet=\u00bb\u00bb custom_padding_phone=\u00bb13px|26px|13px|26px|true|true\u00bb custom_padding_last_edited=\u00bbon|tablet\u00bb locked=\u00bboff\u00bb global_colors_info=\u00bb{}\u00bb]<\/p>\n<p>IoT Lab admite la validaci\u00f3n tecnol\u00f3gica de implementaciones de IoT a trav\u00e9s de pruebas de conformidad, rendimiento e interoperabilidad in situ y en laboratorio en bancos de pruebas. Podemos complementar estas pruebas t\u00e9cnicas con pruebas y validaciones de usuario final.<\/p>\n<p>[\/et_pb_cta][\/et_pb_column][\/et_pb_row][et_pb_row _builder_version=\u00bb4.17.6&#8243; _module_preset=\u00bb_initial\u00bb custom_margin=\u00bb||||false|false\u00bb scroll_horizontal_motion=\u00bb0|46|81|100|4|0|-4&#8243; global_colors_info=\u00bb{}\u00bb][et_pb_column type=\u00bb4_4&#8243; _builder_version=\u00bb4.16&#8243; _module_preset=\u00bbdefault\u00bb global_colors_info=\u00bb{}\u00bb][et_pb_cta title=\u00bbIoT como servicio\u00bb button_text=\u00bbHaga clic aqu\u00ed\u00bb _builder_version=\u00bb4.17.6&#8243; _module_preset=\u00bbb7ff18db-5cb7-413a-86fc-ef1b2fa70a71&#8243; custom_margin=\u00bb0px|0px|0px|0px|false|false\u00bb custom_padding_tablet=\u00bb\u00bb custom_padding_phone=\u00bb13px|26px|13px|26px|true|true\u00bb custom_padding_last_edited=\u00bbon|tablet\u00bb locked=\u00bboff\u00bb global_colors_info=\u00bb{}\u00bb]<\/p>\n<p>Como expertos en FIWARE, UDG y TMF, IoT Lab le brinda soluciones personalizadas de c\u00f3digo abierto para controlar y monitorear su IoT y su plataforma digital. Podemos encargarnos del monitoreo, mantenimiento y optimizaci\u00f3n de su infraestructura. M\u00e1s en nuestro cat\u00e1logo de soluciones.<\/p>\n<p>[\/et_pb_cta][\/et_pb_column][\/et_pb_row][et_pb_row _builder_version=\u00bb4.17.6&#8243; _module_preset=\u00bbf3406a9a-c674-45a5-9082-7ddf65d6e8b4&#8243; global_colors_info=\u00bb{}\u00bb][et_pb_column type=\u00bb4_4&#8243; _builder_version=\u00bb4.16&#8243; _module_preset=\u00bbdefault\u00bb global_colors_info=\u00bb{}\u00bb][et_pb_button button_url=\u00bb@ET-DC@eyJkeW5hbWljIjp0cnVlLCJjb250ZW50IjoicG9zdF9saW5rX3VybF9wYWdlIiwic2V0dGluZ3MiOnsicG9zdF9pZCI6IjQ1In19@\u00bb button_text=\u00bbContactenos\u00bb button_alignment=\u00bbright\u00bb _builder_version=\u00bb4.17.6&#8243; _dynamic_attributes=\u00bbbutton_url\u00bb _module_preset=\u00bbdefault\u00bb global_colors_info=\u00bb{}\u00bb][\/et_pb_button][\/et_pb_column][\/et_pb_row][\/et_pb_section]<\/p>\n","protected":false},"excerpt":{"rendered":"<p>IoT Lab re\u00fane una experiencia integral para ayudarlo en su transformaci\u00f3n digital, desde el dise\u00f1o y la planificaci\u00f3n hasta la implementaci\u00f3n y el mantenimiento. Nuestra experiencia abarca implementaciones de ciudades inteligentes, salud electr\u00f3nica, agricultura inteligente, industria inteligente, energ\u00eda y gesti\u00f3n del agua. IoT Lab est\u00e1 aqu\u00ed para abordar sus necesidades y resolver sus problemas de [&hellip;]<\/p>\n","protected":false},"author":1,"featured_media":0,"parent":0,"menu_order":0,"comment_status":"closed","ping_status":"closed","template":"","meta":{"_et_pb_use_builder":"on","_et_pb_old_content":"","_et_gb_content_width":"","inline_featured_image":false,"footnotes":""},"class_list":["post-31597","page","type-page","status-publish","hentry"],"yoast_head":"<!-- This site is optimized with the Yoast SEO Premium plugin v25.5 (Yoast SEO v27.4) - https:\/\/yoast.com\/product\/yoast-seo-premium-wordpress\/ -->\n<title>Digital &amp; IoT - IoT Lab<\/title>\n<meta name=\"robots\" content=\"index, follow, max-snippet:-1, max-image-preview:large, max-video-preview:-1\" \/>\n<link rel=\"canonical\" href=\"https:\/\/iotlab.com\/es\/iot-inteligente-y-digital\/\" \/>\n<meta property=\"og:locale\" content=\"es_ES\" \/>\n<meta property=\"og:type\" content=\"article\" \/>\n<meta property=\"og:title\" content=\"Digital &amp; IoT\" \/>\n<meta property=\"og:description\" content=\"IoT Lab re\u00fane una experiencia integral para ayudarlo en su transformaci\u00f3n digital, desde el dise\u00f1o y la planificaci\u00f3n hasta la implementaci\u00f3n y el mantenimiento. Nuestra experiencia abarca implementaciones de ciudades inteligentes, salud electr\u00f3nica, agricultura inteligente, industria inteligente, energ\u00eda y gesti\u00f3n del agua. IoT Lab est\u00e1 aqu\u00ed para abordar sus necesidades y resolver sus problemas de [&hellip;]\" \/>\n<meta property=\"og:url\" content=\"https:\/\/iotlab.com\/es\/iot-inteligente-y-digital\/\" \/>\n<meta property=\"og:site_name\" content=\"IoT Lab\" \/>\n<meta property=\"article:modified_time\" content=\"2022-08-25T06:00:40+00:00\" \/>\n<meta name=\"twitter:card\" content=\"summary_large_image\" \/>\n<meta name=\"twitter:label1\" content=\"Tiempo de lectura\" \/>\n\t<meta name=\"twitter:data1\" content=\"8 minutos\" \/>\n<script type=\"application\/ld+json\" class=\"yoast-schema-graph\">{\"@context\":\"https:\\\/\\\/schema.org\",\"@graph\":[{\"@type\":\"WebPage\",\"@id\":\"https:\\\/\\\/iotlab.com\\\/es\\\/iot-inteligente-y-digital\\\/\",\"url\":\"https:\\\/\\\/iotlab.com\\\/es\\\/iot-inteligente-y-digital\\\/\",\"name\":\"Digital & IoT - IoT Lab\",\"isPartOf\":{\"@id\":\"https:\\\/\\\/iotlab.com\\\/es\\\/#website\"},\"datePublished\":\"2022-08-25T04:56:53+00:00\",\"dateModified\":\"2022-08-25T06:00:40+00:00\",\"breadcrumb\":{\"@id\":\"https:\\\/\\\/iotlab.com\\\/es\\\/iot-inteligente-y-digital\\\/#breadcrumb\"},\"inLanguage\":\"es\",\"potentialAction\":[{\"@type\":\"ReadAction\",\"target\":[\"https:\\\/\\\/iotlab.com\\\/es\\\/iot-inteligente-y-digital\\\/\"]}]},{\"@type\":\"BreadcrumbList\",\"@id\":\"https:\\\/\\\/iotlab.com\\\/es\\\/iot-inteligente-y-digital\\\/#breadcrumb\",\"itemListElement\":[{\"@type\":\"ListItem\",\"position\":1,\"name\":\"Home\",\"item\":\"https:\\\/\\\/iotlab.com\\\/es\\\/\"},{\"@type\":\"ListItem\",\"position\":2,\"name\":\"Digital &#038; IoT\"}]},{\"@type\":\"WebSite\",\"@id\":\"https:\\\/\\\/iotlab.com\\\/es\\\/#website\",\"url\":\"https:\\\/\\\/iotlab.com\\\/es\\\/\",\"name\":\"Iot Lab\",\"description\":\"IoT Lab is an international platform of services and resources for the Internet of Things (IoT), digital transformation and data protection, providing solutions and services for Internet of Things and Digital Transformation, Smart Cities, Privacy &amp; Security, Research &amp; Innovation, Technology transfer &amp; Standardization, International Cooperation and SDGs.\",\"alternateName\":\"Iot Lab\",\"potentialAction\":[{\"@type\":\"SearchAction\",\"target\":{\"@type\":\"EntryPoint\",\"urlTemplate\":\"https:\\\/\\\/iotlab.com\\\/es\\\/?s={search_term_string}\"},\"query-input\":{\"@type\":\"PropertyValueSpecification\",\"valueRequired\":true,\"valueName\":\"search_term_string\"}}],\"inLanguage\":\"es\"}]}<\/script>\n<!-- \/ Yoast SEO Premium plugin. -->","yoast_head_json":{"title":"Digital & IoT - IoT Lab","robots":{"index":"index","follow":"follow","max-snippet":"max-snippet:-1","max-image-preview":"max-image-preview:large","max-video-preview":"max-video-preview:-1"},"canonical":"https:\/\/iotlab.com\/es\/iot-inteligente-y-digital\/","og_locale":"es_ES","og_type":"article","og_title":"Digital & IoT","og_description":"IoT Lab re\u00fane una experiencia integral para ayudarlo en su transformaci\u00f3n digital, desde el dise\u00f1o y la planificaci\u00f3n hasta la implementaci\u00f3n y el mantenimiento. Nuestra experiencia abarca implementaciones de ciudades inteligentes, salud electr\u00f3nica, agricultura inteligente, industria inteligente, energ\u00eda y gesti\u00f3n del agua. IoT Lab est\u00e1 aqu\u00ed para abordar sus necesidades y resolver sus problemas de [&hellip;]","og_url":"https:\/\/iotlab.com\/es\/iot-inteligente-y-digital\/","og_site_name":"IoT Lab","article_modified_time":"2022-08-25T06:00:40+00:00","twitter_card":"summary_large_image","twitter_misc":{"Tiempo de lectura":"8 minutos"},"schema":{"@context":"https:\/\/schema.org","@graph":[{"@type":"WebPage","@id":"https:\/\/iotlab.com\/es\/iot-inteligente-y-digital\/","url":"https:\/\/iotlab.com\/es\/iot-inteligente-y-digital\/","name":"Digital & IoT - IoT Lab","isPartOf":{"@id":"https:\/\/iotlab.com\/es\/#website"},"datePublished":"2022-08-25T04:56:53+00:00","dateModified":"2022-08-25T06:00:40+00:00","breadcrumb":{"@id":"https:\/\/iotlab.com\/es\/iot-inteligente-y-digital\/#breadcrumb"},"inLanguage":"es","potentialAction":[{"@type":"ReadAction","target":["https:\/\/iotlab.com\/es\/iot-inteligente-y-digital\/"]}]},{"@type":"BreadcrumbList","@id":"https:\/\/iotlab.com\/es\/iot-inteligente-y-digital\/#breadcrumb","itemListElement":[{"@type":"ListItem","position":1,"name":"Home","item":"https:\/\/iotlab.com\/es\/"},{"@type":"ListItem","position":2,"name":"Digital &#038; IoT"}]},{"@type":"WebSite","@id":"https:\/\/iotlab.com\/es\/#website","url":"https:\/\/iotlab.com\/es\/","name":"Iot Lab","description":"IoT Lab is an international platform of services and resources for the Internet of Things (IoT), digital transformation and data protection, providing solutions and services for Internet of Things and Digital Transformation, Smart Cities, Privacy &amp; Security, Research &amp; Innovation, Technology transfer &amp; Standardization, International Cooperation and SDGs.","alternateName":"Iot Lab","potentialAction":[{"@type":"SearchAction","target":{"@type":"EntryPoint","urlTemplate":"https:\/\/iotlab.com\/es\/?s={search_term_string}"},"query-input":{"@type":"PropertyValueSpecification","valueRequired":true,"valueName":"search_term_string"}}],"inLanguage":"es"}]}},"_links":{"self":[{"href":"https:\/\/iotlab.com\/es\/wp-json\/wp\/v2\/pages\/31597","targetHints":{"allow":["GET"]}}],"collection":[{"href":"https:\/\/iotlab.com\/es\/wp-json\/wp\/v2\/pages"}],"about":[{"href":"https:\/\/iotlab.com\/es\/wp-json\/wp\/v2\/types\/page"}],"author":[{"embeddable":true,"href":"https:\/\/iotlab.com\/es\/wp-json\/wp\/v2\/users\/1"}],"replies":[{"embeddable":true,"href":"https:\/\/iotlab.com\/es\/wp-json\/wp\/v2\/comments?post=31597"}],"version-history":[{"count":9,"href":"https:\/\/iotlab.com\/es\/wp-json\/wp\/v2\/pages\/31597\/revisions"}],"predecessor-version":[{"id":33054,"href":"https:\/\/iotlab.com\/es\/wp-json\/wp\/v2\/pages\/31597\/revisions\/33054"}],"wp:attachment":[{"href":"https:\/\/iotlab.com\/es\/wp-json\/wp\/v2\/media?parent=31597"}],"curies":[{"name":"wp","href":"https:\/\/api.w.org\/{rel}","templated":true}]}}