{"id":32800,"date":"2022-08-29T05:24:03","date_gmt":"2022-08-29T03:24:03","guid":{"rendered":"https:\/\/iotlab.com\/?page_id=32800"},"modified":"2022-08-29T05:26:27","modified_gmt":"2022-08-29T03:26:27","slug":"slices","status":"publish","type":"page","link":"https:\/\/iotlab.com\/es\/slices\/","title":{"rendered":"SLICES"},"content":{"rendered":"<p>[et_pb_section fb_built=\u00bb1&#8243; fullwidth=\u00bbon\u00bb admin_label=\u00bbHero\u00bb _builder_version=\u00bb4.16&#8243; _module_preset=\u00bbdefault\u00bb background_image=\u00bbhttps:\/\/iotlab.com\/wp-content\/uploads\/2021\/05\/Logo-Horizontal-innovation-crafters.png\u00bb background_position=\u00bbcenter_left\u00bb custom_css_main_element=\u00bb  background-attachment: fixed;||  background-position: bottom;||  background-repeat: no-repeat;||  background-size: cover;\u00bb box_shadow_style=\u00bbpreset1&#8243; locked=\u00bboff\u00bb global_colors_info=\u00bb{}\u00bb][et_pb_fullwidth_slider use_bg_overlay=\u00bboff\u00bb use_text_overlay=\u00bboff\u00bb admin_label=\u00bbFullwidth Slider\u00bb _builder_version=\u00bb4.17.6&#8243; _module_preset=\u00bbdefault\u00bb header_text_align=\u00bbleft\u00bb background_enable_color=\u00bboff\u00bb width=\u00bb100%\u00bb module_alignment=\u00bbcenter\u00bb content_width=\u00bb100%\u00bb content_max_width=\u00bb100%\u00bb max_height=\u00bb351px\u00bb custom_padding=\u00bb80px||80px||true|false\u00bb global_colors_info=\u00bb{}\u00bb][et_pb_slide heading=\u00bbSLICES\u00bb _builder_version=\u00bb4.17.6&#8243; _module_preset=\u00bbdefault\u00bb header_level=\u00bbh1&#8243; header_font=\u00bb|600|||||||\u00bb header_text_align=\u00bbcenter\u00bb header_font_size=\u00bb40px\u00bb header_line_height=\u00bb1.2em\u00bb body_text_align=\u00bbleft\u00bb body_font_size=\u00bb20px\u00bb body_line_height=\u00bb1.5em\u00bb background_color=\u00bbrgba(16,21,53,0.81)\u00bb background_enable_color=\u00bbon\u00bb use_background_color_gradient=\u00bbon\u00bb background_color_gradient_type=\u00bbcircular\u00bb background_color_gradient_direction_radial=\u00bbbottom\u00bb background_color_gradient_stops=\u00bbrgba(0,0,0,0) 0%|#00abd6 92%\u00bb background_color_gradient_start=\u00bbrgba(0,0,0,0)\u00bb background_color_gradient_end=\u00bb#00abd6&#8243; background_color_gradient_end_position=\u00bb92%\u00bb button_alignment=\u00bbleft\u00bb text_orientation=\u00bbleft\u00bb max_width=\u00bb1080px\u00bb max_width_tablet=\u00bb605px\u00bb max_width_phone=\u00bb304px\u00bb max_width_last_edited=\u00bbon|phone\u00bb custom_padding=\u00bb|0px||0px|false|true\u00bb custom_padding_tablet=\u00bb30px|0px|30px|0px|true|false\u00bb custom_padding_phone=\u00bb25px|0px|25px|0px|true|true\u00bb custom_padding_last_edited=\u00bbon|phone\u00bb header_font_size_tablet=\u00bb\u00bb header_font_size_phone=\u00bb28px\u00bb header_font_size_last_edited=\u00bbon|phone\u00bb custom_css_slide_image=\u00bbmax-width: 40%;\u00bb global_colors_info=\u00bb{}\u00bb sticky_transition=\u00bbon\u00bb][\/et_pb_slide][\/et_pb_fullwidth_slider][\/et_pb_section][et_pb_section fb_built=\u00bb1&#8243; custom_padding_last_edited=\u00bbon|desktop\u00bb admin_label=\u00bbOur Mission\u00bb module_id=\u00bbacerca de\u00bb _builder_version=\u00bb4.17.6&#8243; _module_preset=\u00bb38daf00d-ad10-460d-98cc-26939271c41b\u00bb custom_padding_tablet=\u00bb\u00bb custom_padding_phone=\u00bb\u00bb locked=\u00bboff\u00bb global_colors_info=\u00bb{}\u00bb][et_pb_row column_structure=\u00bb1_3,2_3&#8243; _builder_version=\u00bb4.17.6&#8243; _module_preset=\u00bbdefault\u00bb background_color=\u00bb#000000&#8243; custom_padding=\u00bb12px|20px|12px|20px|true|true\u00bb global_colors_info=\u00bb{}\u00bb][et_pb_column type=\u00bb1_3&#8243; _builder_version=\u00bb4.17.6&#8243; _module_preset=\u00bbdefault\u00bb global_colors_info=\u00bb{}\u00bb][et_pb_image src=\u00bbhttps:\/\/iotlab.com\/wp-content\/uploads\/2022\/07\/slices-logo_281x80.png\u00bb alt=\u00bbSLICES &#8211; logo\u00bb title_text=\u00bbSlices &#8211; logo\u00bb align_tablet=\u00bbcenter\u00bb align_phone=\u00bbcenter\u00bb align_last_edited=\u00bbon|tablet\u00bb _builder_version=\u00bb4.17.6&#8243; _module_preset=\u00bbdefault\u00bb custom_margin_tablet=\u00bb20px||0px||false|false\u00bb custom_margin_phone=\u00bb||0px||false|false\u00bb custom_margin_last_edited=\u00bbon|tablet\u00bb custom_padding=\u00bb||||false|false\u00bb global_colors_info=\u00bb{}\u00bb][\/et_pb_image][\/et_pb_column][et_pb_column type=\u00bb2_3&#8243; _builder_version=\u00bb4.17.6&#8243; _module_preset=\u00bbdefault\u00bb global_colors_info=\u00bb{}\u00bb][et_pb_text _builder_version=\u00bb4.18.0&#8243; _module_preset=\u00bbb7aad84b-4396-4388-862b-89f63d9791bf\u00bb header_2_text_color=\u00bb#FFFFFF\u00bb header_2_font_size=\u00bb41px\u00bb custom_margin=\u00bb11px||||false|false\u00bb custom_margin_tablet=\u00bb11px||||false|false\u00bb custom_margin_phone=\u00bb11px||||false|false\u00bb custom_margin_last_edited=\u00bbon|desktop\u00bb hover_enabled=\u00bb0&#8243; global_colors_info=\u00bb{}\u00bb sticky_enabled=\u00bb0&#8243;]<\/p>\n<h2>Presentaci\u00f3n del Cl\u00faster Suizo<\/h2>\n<p>[\/et_pb_text][\/et_pb_column][\/et_pb_row][et_pb_row custom_padding_last_edited=\u00bbon|desktop\u00bb _builder_version=\u00bb4.17.6&#8243; _module_preset=\u00bb_initial\u00bb custom_padding_tablet=\u00bb\u00bb custom_padding_phone=\u00bb\u00bb global_colors_info=\u00bb{}\u00bb][et_pb_column type=\u00bb4_4&#8243; _builder_version=\u00bb4.16&#8243; _module_preset=\u00bbdefault\u00bb global_colors_info=\u00bb{}\u00bb][et_pb_text _builder_version=\u00bb4.17.6&#8243; _module_preset=\u00bb97473d9d-4621-4b21-bf3a-a41498a614d1&#8243; header_2_text_color=\u00bb#000000&#8243; global_colors_info=\u00bb{}\u00bb]<\/p>\n<h2><strong>Descripci\u00f3n general del cl\u00faster suizo SICES<\/strong><\/h2>\n<p>[\/et_pb_text][et_pb_text _builder_version=\u00bb4.17.6&#8243; _module_preset=\u00bb79c8b34a-6293-481e-93ee-498bc7976b59&#8243; global_colors_info=\u00bb{}\u00bb]<\/p>\n<p><strong>SLICES est\u00e1 construyendo una infraestructura de investigaci\u00f3n a nivel europeo para apoyar la investigaci\u00f3n y la innovaci\u00f3n con tecnolog\u00edas de la informaci\u00f3n y la comunicaci\u00f3n, redes futuras y transformaci\u00f3n digital, incluida la Internet de las cosas, la computaci\u00f3n en el borde y la computaci\u00f3n en la nube.<\/strong> Respaldado por ESFRI, SLICES proporcionar\u00e1 infraestructura y herramientas avanzadas de banco de pruebas, incluidos componentes inform\u00e1ticos, de almacenamiento y de red, interconectados por enlaces de alta velocidad dedicados que federar\u00e1n y mutualizar\u00e1n los recursos puestos a disposici\u00f3n por diversas universidades y centros de investigaci\u00f3n.<\/p>\n<p>SLICES est\u00e1 organizado en nodos o cl\u00fasteres nacionales que participan en la gobernanza de la infraestructura de investigaci\u00f3n. El cl\u00faster suizo de SLICES cuenta con el respaldo de IoT Lab y re\u00fane a las universidades y centros de investigaci\u00f3n suizos m\u00e1s grandes. A trav\u00e9s de sus miembros, el cl\u00faster suizo participa directamente en el dise\u00f1o, desarrollo y gobernanza de SLICES.<\/p>\n<p>Los objetivos del Cl\u00faster Suizo de SLICES son:<\/p>\n<ul>\n<li>para <strong>apoyar el desarrollo de SLICES;<\/strong><\/li>\n<li><strong>movilizar y coordinar la participaci\u00f3n de la comunidad cient\u00edfica suiza<\/strong> y sus instituciones en el desarrollo e implementaci\u00f3n de SLICES;<\/li>\n<li><strong>apoyar la cooperaci\u00f3n y la mutualizaci\u00f3n de las infraestructuras de investigaci\u00f3n<\/strong> a nivel nacional entre las organizaciones de investigaci\u00f3n suizas;<\/li>\n<li><strong>apoyar la integraci\u00f3n t\u00e9cnica de las infraestructuras de investigaci\u00f3n<\/strong> suizas en SLICES a nivel europeo;<\/li>\n<li>para <strong>apoyar y garantizar un pleno acceso<\/strong> de investigadores e innovadores con sede en Suiza a esta nueva infraestructura de investigaci\u00f3n.<\/li>\n<\/ul>\n<p>El cl\u00faster suizo tambi\u00e9n es un centro l\u00edder de SLICES para la investigaci\u00f3n sobre:<\/p>\n<ul>\n<li>Internet de las cosas y transformaci\u00f3n digital;<\/li>\n<li>dominios de aplicaci\u00f3n como ciudades inteligentes, energ\u00eda y salud;<\/li>\n<li>tecnolog\u00edas de protecci\u00f3n de datos y mejora de la privacidad;<\/li>\n<li>interoperabilidad y estandarizaci\u00f3n;<\/li>\n<li>desarrollo sostenible.<\/li>\n<\/ul>\n<p>El cl\u00faster suizo tambi\u00e9n est\u00e1 aprovechando su proximidad a las organizaciones internacionales para apoyar la estrategia de estandarizaci\u00f3n y cooperaci\u00f3n internacional de SLICES.<\/p>\n<p>[\/et_pb_text][\/et_pb_column][\/et_pb_row][et_pb_row custom_padding_last_edited=\u00bbon|desktop\u00bb _builder_version=\u00bb4.17.6&#8243; _module_preset=\u00bb_initial\u00bb custom_padding_tablet=\u00bb\u00bb custom_padding_phone=\u00bb\u00bb global_colors_info=\u00bb{}\u00bb][et_pb_column type=\u00bb4_4&#8243; _builder_version=\u00bb4.16&#8243; _module_preset=\u00bbdefault\u00bb global_colors_info=\u00bb{}\u00bb][et_pb_text _builder_version=\u00bb4.17.6&#8243; _module_preset=\u00bb97473d9d-4621-4b21-bf3a-a41498a614d1&#8243; custom_margin_tablet=\u00bb||0px||false|false\u00bb global_colors_info=\u00bb{}\u00bb]<\/p>\n<h3>Enlaces \u00fatiles<\/h3>\n<p>[\/et_pb_text][et_pb_text _builder_version=\u00bb4.17.6&#8243; _module_preset=\u00bb79c8b34a-6293-481e-93ee-498bc7976b59&#8243; global_colors_info=\u00bb{}\u00bb]<\/p>\n<ul>\n<li><strong><a href=\"https:\/\/slices-ri.eu\/\" target=\"_blank\" rel=\"noopener\">SLICES-RI<\/a><\/strong><\/li>\n<li><strong><a href=\"https:\/\/slices-ds.eu\/%20\" target=\"_blank\" rel=\"noopener\">SLICES-DS<\/a><\/strong><\/li>\n<li><strong><a href=\"https:\/\/slices-sc.eu\/%20\" target=\"_blank\" rel=\"noopener\">SLICES-SC<\/a><\/strong><\/li>\n<li>SLICES-PP<\/li>\n<li>SLICES-CH (Cl\u00faster suizo)<\/li>\n<\/ul>\n<p>[\/et_pb_text][\/et_pb_column][\/et_pb_row][et_pb_row custom_padding_last_edited=\u00bbon|desktop\u00bb _builder_version=\u00bb4.17.6&#8243; _module_preset=\u00bb_initial\u00bb custom_padding_tablet=\u00bb\u00bb custom_padding_phone=\u00bb\u00bb global_colors_info=\u00bb{}\u00bb][et_pb_column type=\u00bb4_4&#8243; _builder_version=\u00bb4.16&#8243; _module_preset=\u00bbdefault\u00bb global_colors_info=\u00bb{}\u00bb][et_pb_text _builder_version=\u00bb4.17.6&#8243; _module_preset=\u00bb97473d9d-4621-4b21-bf3a-a41498a614d1&#8243; custom_margin_tablet=\u00bb||0px||false|false\u00bb global_colors_info=\u00bb{}\u00bb]<\/p>\n<h3>Contacto y coordinaci\u00f3n para el Cl\u00faster Suizo de SLICES (SLICES-CH)<\/h3>\n<p>[\/et_pb_text][\/et_pb_column][\/et_pb_row][et_pb_row column_structure=\u00bb1_2,1_2&#8243; _builder_version=\u00bb4.16&#8243; _module_preset=\u00bbdefault\u00bb global_colors_info=\u00bb{}\u00bb][et_pb_column type=\u00bb1_2&#8243; _builder_version=\u00bb4.16&#8243; _module_preset=\u00bbdefault\u00bb global_colors_info=\u00bb{}\u00bb][et_pb_text _builder_version=\u00bb4.17.6&#8243; _module_preset=\u00bb79c8b34a-6293-481e-93ee-498bc7976b59&#8243; global_colors_info=\u00bb{}\u00bb]<\/p>\n<p>IoT Lab \/ Mandat International<br \/>Biotech Campus \u2013 15 Avenida de Secheron<br \/>1201 Ginebra, Suiza<\/p>\n<p>[\/et_pb_text][\/et_pb_column][et_pb_column type=\u00bb1_2&#8243; _builder_version=\u00bb4.16&#8243; _module_preset=\u00bbdefault\u00bb global_colors_info=\u00bb{}\u00bb][\/et_pb_column][\/et_pb_row][et_pb_row _builder_version=\u00bb4.17.6&#8243; _module_preset=\u00bbf3406a9a-c674-45a5-9082-7ddf65d6e8b4&#8243; global_colors_info=\u00bb{}\u00bb][et_pb_column type=\u00bb4_4&#8243; _builder_version=\u00bb4.17.6&#8243; _module_preset=\u00bbdefault\u00bb global_colors_info=\u00bb{}\u00bb][et_pb_button button_url=\u00bb@ET-DC@eyJkeW5hbWljIjp0cnVlLCJjb250ZW50IjoicG9zdF9saW5rX3VybF9wYWdlIiwic2V0dGluZ3MiOnsicG9zdF9pZCI6IjQ1In19@\u00bb button_text=\u00bbContactenos\u00bb button_alignment=\u00bbright\u00bb _builder_version=\u00bb4.16&#8243; _dynamic_attributes=\u00bbbutton_url\u00bb _module_preset=\u00bbdefault\u00bb global_colors_info=\u00bb{}\u00bb][\/et_pb_button][\/et_pb_column][\/et_pb_row][\/et_pb_section]<\/p>\n","protected":false},"excerpt":{"rendered":"<p>Presentaci\u00f3n del Cl\u00faster SuizoDescripci\u00f3n general del cl\u00faster suizo SICESSLICES est\u00e1 construyendo una infraestructura de investigaci\u00f3n a nivel europeo para apoyar la investigaci\u00f3n y la innovaci\u00f3n con tecnolog\u00edas de la informaci\u00f3n y la comunicaci\u00f3n, redes futuras y transformaci\u00f3n digital, incluida la Internet de las cosas, la computaci\u00f3n en el borde y la computaci\u00f3n en la nube. [&hellip;]<\/p>\n","protected":false},"author":1,"featured_media":0,"parent":0,"menu_order":0,"comment_status":"closed","ping_status":"closed","template":"","meta":{"_et_pb_use_builder":"on","_et_pb_old_content":"","_et_gb_content_width":"","inline_featured_image":false,"footnotes":""},"class_list":["post-32800","page","type-page","status-publish","hentry"],"yoast_head":"<!-- This site is optimized with the Yoast SEO Premium plugin v25.5 (Yoast SEO v27.4) - https:\/\/yoast.com\/product\/yoast-seo-premium-wordpress\/ -->\n<title>SLICES - IoT Lab<\/title>\n<meta name=\"robots\" content=\"index, follow, max-snippet:-1, max-image-preview:large, max-video-preview:-1\" \/>\n<link rel=\"canonical\" href=\"https:\/\/iotlab.com\/es\/slices\/\" \/>\n<meta property=\"og:locale\" content=\"es_ES\" \/>\n<meta property=\"og:type\" content=\"article\" \/>\n<meta property=\"og:title\" content=\"SLICES\" \/>\n<meta property=\"og:description\" content=\"Presentaci\u00f3n del Cl\u00faster SuizoDescripci\u00f3n general del cl\u00faster suizo SICESSLICES est\u00e1 construyendo una infraestructura de investigaci\u00f3n a nivel europeo para apoyar la investigaci\u00f3n y la innovaci\u00f3n con tecnolog\u00edas de la informaci\u00f3n y la comunicaci\u00f3n, redes futuras y transformaci\u00f3n digital, incluida la Internet de las cosas, la computaci\u00f3n en el borde y la computaci\u00f3n en la nube. [&hellip;]\" \/>\n<meta property=\"og:url\" content=\"https:\/\/iotlab.com\/es\/slices\/\" \/>\n<meta property=\"og:site_name\" content=\"IoT Lab\" \/>\n<meta property=\"article:modified_time\" content=\"2022-08-29T03:26:27+00:00\" \/>\n<meta name=\"twitter:card\" content=\"summary_large_image\" \/>\n<meta name=\"twitter:label1\" content=\"Tiempo de lectura\" \/>\n\t<meta name=\"twitter:data1\" content=\"6 minutos\" \/>\n<script type=\"application\/ld+json\" class=\"yoast-schema-graph\">{\"@context\":\"https:\\\/\\\/schema.org\",\"@graph\":[{\"@type\":\"WebPage\",\"@id\":\"https:\\\/\\\/iotlab.com\\\/es\\\/slices\\\/\",\"url\":\"https:\\\/\\\/iotlab.com\\\/es\\\/slices\\\/\",\"name\":\"SLICES - IoT Lab\",\"isPartOf\":{\"@id\":\"https:\\\/\\\/iotlab.com\\\/es\\\/#website\"},\"datePublished\":\"2022-08-29T03:24:03+00:00\",\"dateModified\":\"2022-08-29T03:26:27+00:00\",\"breadcrumb\":{\"@id\":\"https:\\\/\\\/iotlab.com\\\/es\\\/slices\\\/#breadcrumb\"},\"inLanguage\":\"es\",\"potentialAction\":[{\"@type\":\"ReadAction\",\"target\":[\"https:\\\/\\\/iotlab.com\\\/es\\\/slices\\\/\"]}]},{\"@type\":\"BreadcrumbList\",\"@id\":\"https:\\\/\\\/iotlab.com\\\/es\\\/slices\\\/#breadcrumb\",\"itemListElement\":[{\"@type\":\"ListItem\",\"position\":1,\"name\":\"Home\",\"item\":\"https:\\\/\\\/iotlab.com\\\/es\\\/\"},{\"@type\":\"ListItem\",\"position\":2,\"name\":\"SLICES\"}]},{\"@type\":\"WebSite\",\"@id\":\"https:\\\/\\\/iotlab.com\\\/es\\\/#website\",\"url\":\"https:\\\/\\\/iotlab.com\\\/es\\\/\",\"name\":\"Iot Lab\",\"description\":\"IoT Lab is an international platform of services and resources for the Internet of Things (IoT), digital transformation and data protection, providing solutions and services for Internet of Things and Digital Transformation, Smart Cities, Privacy &amp; Security, Research &amp; Innovation, Technology transfer &amp; Standardization, International Cooperation and SDGs.\",\"alternateName\":\"Iot Lab\",\"potentialAction\":[{\"@type\":\"SearchAction\",\"target\":{\"@type\":\"EntryPoint\",\"urlTemplate\":\"https:\\\/\\\/iotlab.com\\\/es\\\/?s={search_term_string}\"},\"query-input\":{\"@type\":\"PropertyValueSpecification\",\"valueRequired\":true,\"valueName\":\"search_term_string\"}}],\"inLanguage\":\"es\"}]}<\/script>\n<!-- \/ Yoast SEO Premium plugin. -->","yoast_head_json":{"title":"SLICES - IoT Lab","robots":{"index":"index","follow":"follow","max-snippet":"max-snippet:-1","max-image-preview":"max-image-preview:large","max-video-preview":"max-video-preview:-1"},"canonical":"https:\/\/iotlab.com\/es\/slices\/","og_locale":"es_ES","og_type":"article","og_title":"SLICES","og_description":"Presentaci\u00f3n del Cl\u00faster SuizoDescripci\u00f3n general del cl\u00faster suizo SICESSLICES est\u00e1 construyendo una infraestructura de investigaci\u00f3n a nivel europeo para apoyar la investigaci\u00f3n y la innovaci\u00f3n con tecnolog\u00edas de la informaci\u00f3n y la comunicaci\u00f3n, redes futuras y transformaci\u00f3n digital, incluida la Internet de las cosas, la computaci\u00f3n en el borde y la computaci\u00f3n en la nube. [&hellip;]","og_url":"https:\/\/iotlab.com\/es\/slices\/","og_site_name":"IoT Lab","article_modified_time":"2022-08-29T03:26:27+00:00","twitter_card":"summary_large_image","twitter_misc":{"Tiempo de lectura":"6 minutos"},"schema":{"@context":"https:\/\/schema.org","@graph":[{"@type":"WebPage","@id":"https:\/\/iotlab.com\/es\/slices\/","url":"https:\/\/iotlab.com\/es\/slices\/","name":"SLICES - IoT Lab","isPartOf":{"@id":"https:\/\/iotlab.com\/es\/#website"},"datePublished":"2022-08-29T03:24:03+00:00","dateModified":"2022-08-29T03:26:27+00:00","breadcrumb":{"@id":"https:\/\/iotlab.com\/es\/slices\/#breadcrumb"},"inLanguage":"es","potentialAction":[{"@type":"ReadAction","target":["https:\/\/iotlab.com\/es\/slices\/"]}]},{"@type":"BreadcrumbList","@id":"https:\/\/iotlab.com\/es\/slices\/#breadcrumb","itemListElement":[{"@type":"ListItem","position":1,"name":"Home","item":"https:\/\/iotlab.com\/es\/"},{"@type":"ListItem","position":2,"name":"SLICES"}]},{"@type":"WebSite","@id":"https:\/\/iotlab.com\/es\/#website","url":"https:\/\/iotlab.com\/es\/","name":"Iot Lab","description":"IoT Lab is an international platform of services and resources for the Internet of Things (IoT), digital transformation and data protection, providing solutions and services for Internet of Things and Digital Transformation, Smart Cities, Privacy &amp; Security, Research &amp; Innovation, Technology transfer &amp; Standardization, International Cooperation and SDGs.","alternateName":"Iot Lab","potentialAction":[{"@type":"SearchAction","target":{"@type":"EntryPoint","urlTemplate":"https:\/\/iotlab.com\/es\/?s={search_term_string}"},"query-input":{"@type":"PropertyValueSpecification","valueRequired":true,"valueName":"search_term_string"}}],"inLanguage":"es"}]}},"_links":{"self":[{"href":"https:\/\/iotlab.com\/es\/wp-json\/wp\/v2\/pages\/32800","targetHints":{"allow":["GET"]}}],"collection":[{"href":"https:\/\/iotlab.com\/es\/wp-json\/wp\/v2\/pages"}],"about":[{"href":"https:\/\/iotlab.com\/es\/wp-json\/wp\/v2\/types\/page"}],"author":[{"embeddable":true,"href":"https:\/\/iotlab.com\/es\/wp-json\/wp\/v2\/users\/1"}],"replies":[{"embeddable":true,"href":"https:\/\/iotlab.com\/es\/wp-json\/wp\/v2\/comments?post=32800"}],"version-history":[{"count":5,"href":"https:\/\/iotlab.com\/es\/wp-json\/wp\/v2\/pages\/32800\/revisions"}],"predecessor-version":[{"id":33189,"href":"https:\/\/iotlab.com\/es\/wp-json\/wp\/v2\/pages\/32800\/revisions\/33189"}],"wp:attachment":[{"href":"https:\/\/iotlab.com\/es\/wp-json\/wp\/v2\/media?parent=32800"}],"curies":[{"name":"wp","href":"https:\/\/api.w.org\/{rel}","templated":true}]}}