{"id":33226,"date":"2022-08-29T07:33:27","date_gmt":"2022-08-29T05:33:27","guid":{"rendered":"https:\/\/iotlab.com\/desarrollo-sostenible\/experiencia-en-desarrollo-sostenible-y-esg\/"},"modified":"2022-08-29T07:33:29","modified_gmt":"2022-08-29T05:33:29","slug":"experiencia-en-desarrollo-sostenible-y-esg","status":"publish","type":"page","link":"https:\/\/iotlab.com\/es\/desarrollo-sostenible\/experiencia-en-desarrollo-sostenible-y-esg\/","title":{"rendered":"Experiencia en desarrollo sostenible y ESG"},"content":{"rendered":"<p>[et_pb_section fb_built=\u00bb1&#8243; fullwidth=\u00bbon\u00bb admin_label=\u00bbHero\u00bb _builder_version=\u00bb4.16&#8243; _module_preset=\u00bbdefault\u00bb background_image=\u00bbhttps:\/\/iotlab.com\/wp-content\/uploads\/2021\/08\/earth-3866609_1280.jpg\u00bb custom_css_main_element=\u00bb  background-attachment: fixed;||  background-position: bottom;||  background-repeat: no-repeat;||  background-size: cover;\u00bb box_shadow_style=\u00bbpreset1&#8243; locked=\u00bboff\u00bb global_colors_info=\u00bb{}\u00bb][et_pb_fullwidth_slider use_bg_overlay=\u00bboff\u00bb use_text_overlay=\u00bboff\u00bb admin_label=\u00bbFullwidth Slider\u00bb _builder_version=\u00bb4.17.6&#8243; _module_preset=\u00bbdefault\u00bb header_text_align=\u00bbleft\u00bb background_enable_color=\u00bboff\u00bb width=\u00bb100%\u00bb module_alignment=\u00bbcenter\u00bb content_width=\u00bb100%\u00bb content_max_width=\u00bb100%\u00bb max_height=\u00bb351px\u00bb custom_padding=\u00bb80px||80px||true|false\u00bb global_colors_info=\u00bb{}\u00bb][et_pb_slide heading=\u00bbExperiencia en desarrollo sostenible y ESG\u00bb _builder_version=\u00bb4.17.6&#8243; _module_preset=\u00bbdefault\u00bb header_level=\u00bbh1&#8243; header_font=\u00bb|600|||||||\u00bb header_text_align=\u00bbcenter\u00bb header_font_size=\u00bb40px\u00bb header_line_height=\u00bb1.2em\u00bb body_text_align=\u00bbleft\u00bb body_font_size=\u00bb20px\u00bb body_line_height=\u00bb1.5em\u00bb background_color=\u00bbrgba(16,21,53,0.81)\u00bb background_enable_color=\u00bbon\u00bb use_background_color_gradient=\u00bbon\u00bb background_color_gradient_type=\u00bbcircular\u00bb background_color_gradient_direction_radial=\u00bbbottom\u00bb background_color_gradient_stops=\u00bbrgba(0,0,0,0) 0%|#00abd6 92%\u00bb background_color_gradient_start=\u00bbrgba(0,0,0,0)\u00bb background_color_gradient_end=\u00bb#00abd6&#8243; background_color_gradient_end_position=\u00bb92%\u00bb button_alignment=\u00bbleft\u00bb text_orientation=\u00bbleft\u00bb max_width=\u00bb1080px\u00bb max_width_tablet=\u00bb605px\u00bb max_width_phone=\u00bb304px\u00bb max_width_last_edited=\u00bbon|phone\u00bb custom_padding=\u00bb|0px||0px|false|true\u00bb custom_padding_tablet=\u00bb30px|0px|30px|0px|true|false\u00bb custom_padding_phone=\u00bb25px|0px|25px|0px|true|true\u00bb custom_padding_last_edited=\u00bbon|phone\u00bb header_font_size_tablet=\u00bb\u00bb header_font_size_phone=\u00bb28px\u00bb header_font_size_last_edited=\u00bbon|phone\u00bb custom_css_slide_image=\u00bbmax-width: 40%;\u00bb global_colors_info=\u00bb{}\u00bb sticky_transition=\u00bbon\u00bb][\/et_pb_slide][\/et_pb_fullwidth_slider][\/et_pb_section][et_pb_section fb_built=\u00bb1&#8243; admin_label=\u00bbOur Mission\u00bb module_id=\u00bbiam4sdg\u00bb _builder_version=\u00bb4.17.6&#8243; _module_preset=\u00bbc52d8cf5-37f6-4515-901c-c58cf5d675a2&#8243; locked=\u00bboff\u00bb global_colors_info=\u00bb{}\u00bb][et_pb_row module_id=\u00bbabout-us\u00bb _builder_version=\u00bb4.17.6&#8243; _module_preset=\u00bb7fd053b9-c243-4260-9eb4-baa2e3fdd7d7&#8243; background_color=\u00bb#FFFFFF\u00bb width_tablet=\u00bb\u00bb width_phone=\u00bb\u00bb width_last_edited=\u00bbon|tablet\u00bb module_alignment=\u00bbcenter\u00bb locked=\u00bboff\u00bb global_colors_info=\u00bb{}\u00bb][et_pb_column type=\u00bb4_4&#8243; _builder_version=\u00bb4.16&#8243; _module_preset=\u00bbdefault\u00bb global_colors_info=\u00bb{}\u00bb][et_pb_text _builder_version=\u00bb4.17.6&#8243; _module_preset=\u00bb65dfe38b-9d4a-4738-83a5-344f025501a8&#8243; header_2_text_align=\u00bbcenter\u00bb global_colors_info=\u00bb{}\u00bb]<\/p>\n<h2>Servicios de desarrollo sostenible y cumplimiento ESG<\/h2>\n<p>[\/et_pb_text][et_pb_image src=\u00bbhttps:\/\/iotlab.com\/wp-content\/uploads\/2022\/07\/Sustainable-Development-Goals-_1005x505.png\u00bb alt=\u00bbMetas de desarrollo sostenible\u00bb title_text=\u00bbMetas de desarrollo sostenible\u00bb align=\u00bbcenter\u00bb _builder_version=\u00bb4.17.6&#8243; _module_preset=\u00bbdefault\u00bb global_colors_info=\u00bb{}\u00bb][\/et_pb_image][et_pb_text _builder_version=\u00bb4.17.6&#8243; _module_preset=\u00bb_initial\u00bb global_colors_info=\u00bb{}\u00bb]<\/p>\n<p>Nuestro equipo de expertos en ESG y desarrollo sostenible lo apoyar\u00e1 para:<\/p>\n<p>[\/et_pb_text][et_pb_text _builder_version=\u00bb4.17.6&#8243; _module_preset=\u00bb_initial\u00bb global_colors_info=\u00bb{}\u00bb]<\/p>\n<p><strong>Alinee sus actividades con los principios del desarrollo sostenible<\/strong>, que incluyen:<\/p>\n<ul>\n<li>Objetivos de Desarrollo Sostenible (ODS) de la ONU;<\/li>\n<li>Reglamento europeo sobre inversiones sostenibles (Reglamento UE 2020\/852 sobre el establecimiento de un marco para facilitar las inversiones sostenibles);<\/li>\n<li>Conferencia de las Naciones Unidas sobre el Desarrollo Sostenible (UNCSD);<\/li>\n<li>Convenio de las Naciones Unidas sobre la Diversidad Biol\u00f3gica (CDB).<\/li>\n<\/ul>\n<p>[\/et_pb_text][et_pb_text _builder_version=\u00bb4.17.6&#8243; _module_preset=\u00bb_initial\u00bb global_colors_info=\u00bb{}\u00bb]<\/p>\n<p><strong>Eval\u00fae el impacto de su proyecto y actividades en el desarrollo sostenible<\/strong>, con una metodolog\u00eda de primer nivel, IAM4SDG, desarrollada en el contexto del programa de investigaci\u00f3n europeo.<\/p>\n<p>[\/et_pb_text][et_pb_text _builder_version=\u00bb4.17.6&#8243; _module_preset=\u00bb_initial\u00bb global_colors_info=\u00bb{}\u00bb]<\/p>\n<p><strong>Auditar y certificar el cumplimiento de la normativa europea sobre inversiones sostenibles y su Principio de No Da\u00f1ar,<\/strong> incluso para:<\/p>\n<ul>\n<li>mitigaci\u00f3n del cambio clim\u00e1tico;<\/li>\n<li>adaptaci\u00f3n al cambio clim\u00e1tico;<\/li>\n<li>el uso sostenible y la protecci\u00f3n de los recursos h\u00eddricos y marinos;<\/li>\n<li>la transici\u00f3n a una econom\u00eda circular;<\/li>\n<li>prevenci\u00f3n y control de la contaminaci\u00f3n;<\/li>\n<li>la protecci\u00f3n y restauraci\u00f3n de la biodiversidad y los ecosistemas.<\/li>\n<\/ul>\n<p>[\/et_pb_text][et_pb_text _builder_version=\u00bb4.17.6&#8243; _module_preset=\u00bb_initial\u00bb global_colors_info=\u00bb{}\u00bb]<\/p>\n<p><strong>Brindarle acceso a su red internacional de expertos<\/strong> en desarrollo sostenible que abarca finanzas verdes, industria verde y cadenas de suministro, ciudades inteligentes, agricultura inteligente, gesti\u00f3n de energ\u00eda y agua, transporte, biodiversidad, salud y contaminaci\u00f3n.<\/p>\n<p>[\/et_pb_text][\/et_pb_column][\/et_pb_row][et_pb_row _builder_version=\u00bb4.17.6&#8243; _module_preset=\u00bbf3406a9a-c674-45a5-9082-7ddf65d6e8b4&#8243; global_colors_info=\u00bb{}\u00bb][et_pb_column type=\u00bb4_4&#8243; _builder_version=\u00bb4.16&#8243; _module_preset=\u00bbdefault\u00bb global_colors_info=\u00bb{}\u00bb][et_pb_button button_url=\u00bb@ET-DC@eyJkeW5hbWljIjp0cnVlLCJjb250ZW50IjoicG9zdF9saW5rX3VybF9wYWdlIiwic2V0dGluZ3MiOnsicG9zdF9pZCI6IjQ1In19@\u00bb button_text=\u00bbContactenos\u00bb button_alignment=\u00bbright\u00bb _builder_version=\u00bb4.17.6&#8243; _dynamic_attributes=\u00bbbutton_url\u00bb _module_preset=\u00bbdefault\u00bb global_colors_info=\u00bb{}\u00bb][\/et_pb_button][\/et_pb_column][\/et_pb_row][\/et_pb_section]<\/p>\n","protected":false},"excerpt":{"rendered":"<p>Servicios de desarrollo sostenible y cumplimiento ESGNuestro equipo de expertos en ESG y desarrollo sostenible lo apoyar\u00e1 para:Alinee sus actividades con los principios del desarrollo sostenible, que incluyen: Objetivos de Desarrollo Sostenible (ODS) de la ONU; Reglamento europeo sobre inversiones sostenibles (Reglamento UE 2020\/852 sobre el establecimiento de un marco para facilitar las inversiones sostenibles); [&hellip;]<\/p>\n","protected":false},"author":1,"featured_media":0,"parent":31512,"menu_order":0,"comment_status":"closed","ping_status":"closed","template":"","meta":{"_et_pb_use_builder":"on","_et_pb_old_content":"","_et_gb_content_width":"","inline_featured_image":false,"footnotes":""},"class_list":["post-33226","page","type-page","status-publish","hentry"],"yoast_head":"<!-- This site is optimized with the Yoast SEO Premium plugin v25.5 (Yoast SEO v27.4) - https:\/\/yoast.com\/product\/yoast-seo-premium-wordpress\/ -->\n<title>Experiencia en desarrollo sostenible y ESG - IoT Lab<\/title>\n<meta name=\"robots\" content=\"index, follow, max-snippet:-1, max-image-preview:large, max-video-preview:-1\" \/>\n<link rel=\"canonical\" href=\"https:\/\/iotlab.com\/es\/desarrollo-sostenible\/experiencia-en-desarrollo-sostenible-y-esg\/\" \/>\n<meta property=\"og:locale\" content=\"es_ES\" \/>\n<meta property=\"og:type\" content=\"article\" \/>\n<meta property=\"og:title\" content=\"Experiencia en desarrollo sostenible y ESG\" \/>\n<meta property=\"og:description\" content=\"Servicios de desarrollo sostenible y cumplimiento ESGNuestro equipo de expertos en ESG y desarrollo sostenible lo apoyar\u00e1 para:Alinee sus actividades con los principios del desarrollo sostenible, que incluyen: Objetivos de Desarrollo Sostenible (ODS) de la ONU; Reglamento europeo sobre inversiones sostenibles (Reglamento UE 2020\/852 sobre el establecimiento de un marco para facilitar las inversiones sostenibles); [&hellip;]\" \/>\n<meta property=\"og:url\" content=\"https:\/\/iotlab.com\/es\/desarrollo-sostenible\/experiencia-en-desarrollo-sostenible-y-esg\/\" \/>\n<meta property=\"og:site_name\" content=\"IoT Lab\" \/>\n<meta property=\"article:modified_time\" content=\"2022-08-29T05:33:29+00:00\" \/>\n<meta name=\"twitter:card\" content=\"summary_large_image\" \/>\n<meta name=\"twitter:label1\" content=\"Tiempo de lectura\" \/>\n\t<meta name=\"twitter:data1\" content=\"4 minutos\" \/>\n<script type=\"application\/ld+json\" class=\"yoast-schema-graph\">{\"@context\":\"https:\\\/\\\/schema.org\",\"@graph\":[{\"@type\":\"WebPage\",\"@id\":\"https:\\\/\\\/iotlab.com\\\/es\\\/desarrollo-sostenible\\\/experiencia-en-desarrollo-sostenible-y-esg\\\/\",\"url\":\"https:\\\/\\\/iotlab.com\\\/es\\\/desarrollo-sostenible\\\/experiencia-en-desarrollo-sostenible-y-esg\\\/\",\"name\":\"Experiencia en desarrollo sostenible y ESG - IoT Lab\",\"isPartOf\":{\"@id\":\"https:\\\/\\\/iotlab.com\\\/es\\\/#website\"},\"datePublished\":\"2022-08-29T05:33:27+00:00\",\"dateModified\":\"2022-08-29T05:33:29+00:00\",\"breadcrumb\":{\"@id\":\"https:\\\/\\\/iotlab.com\\\/es\\\/desarrollo-sostenible\\\/experiencia-en-desarrollo-sostenible-y-esg\\\/#breadcrumb\"},\"inLanguage\":\"es\",\"potentialAction\":[{\"@type\":\"ReadAction\",\"target\":[\"https:\\\/\\\/iotlab.com\\\/es\\\/desarrollo-sostenible\\\/experiencia-en-desarrollo-sostenible-y-esg\\\/\"]}]},{\"@type\":\"BreadcrumbList\",\"@id\":\"https:\\\/\\\/iotlab.com\\\/es\\\/desarrollo-sostenible\\\/experiencia-en-desarrollo-sostenible-y-esg\\\/#breadcrumb\",\"itemListElement\":[{\"@type\":\"ListItem\",\"position\":1,\"name\":\"Home\",\"item\":\"https:\\\/\\\/iotlab.com\\\/es\\\/\"},{\"@type\":\"ListItem\",\"position\":2,\"name\":\"Desarrollo sostenible\",\"item\":\"https:\\\/\\\/iotlab.com\\\/es\\\/desarrollo-sostenible\\\/\"},{\"@type\":\"ListItem\",\"position\":3,\"name\":\"Experiencia en desarrollo sostenible y ESG\"}]},{\"@type\":\"WebSite\",\"@id\":\"https:\\\/\\\/iotlab.com\\\/es\\\/#website\",\"url\":\"https:\\\/\\\/iotlab.com\\\/es\\\/\",\"name\":\"Iot Lab\",\"description\":\"IoT Lab is an international platform of services and resources for the Internet of Things (IoT), digital transformation and data protection, providing solutions and services for Internet of Things and Digital Transformation, Smart Cities, Privacy &amp; Security, Research &amp; Innovation, Technology transfer &amp; Standardization, International Cooperation and SDGs.\",\"alternateName\":\"Iot Lab\",\"potentialAction\":[{\"@type\":\"SearchAction\",\"target\":{\"@type\":\"EntryPoint\",\"urlTemplate\":\"https:\\\/\\\/iotlab.com\\\/es\\\/?s={search_term_string}\"},\"query-input\":{\"@type\":\"PropertyValueSpecification\",\"valueRequired\":true,\"valueName\":\"search_term_string\"}}],\"inLanguage\":\"es\"}]}<\/script>\n<!-- \/ Yoast SEO Premium plugin. -->","yoast_head_json":{"title":"Experiencia en desarrollo sostenible y ESG - IoT Lab","robots":{"index":"index","follow":"follow","max-snippet":"max-snippet:-1","max-image-preview":"max-image-preview:large","max-video-preview":"max-video-preview:-1"},"canonical":"https:\/\/iotlab.com\/es\/desarrollo-sostenible\/experiencia-en-desarrollo-sostenible-y-esg\/","og_locale":"es_ES","og_type":"article","og_title":"Experiencia en desarrollo sostenible y ESG","og_description":"Servicios de desarrollo sostenible y cumplimiento ESGNuestro equipo de expertos en ESG y desarrollo sostenible lo apoyar\u00e1 para:Alinee sus actividades con los principios del desarrollo sostenible, que incluyen: Objetivos de Desarrollo Sostenible (ODS) de la ONU; Reglamento europeo sobre inversiones sostenibles (Reglamento UE 2020\/852 sobre el establecimiento de un marco para facilitar las inversiones sostenibles); [&hellip;]","og_url":"https:\/\/iotlab.com\/es\/desarrollo-sostenible\/experiencia-en-desarrollo-sostenible-y-esg\/","og_site_name":"IoT Lab","article_modified_time":"2022-08-29T05:33:29+00:00","twitter_card":"summary_large_image","twitter_misc":{"Tiempo de lectura":"4 minutos"},"schema":{"@context":"https:\/\/schema.org","@graph":[{"@type":"WebPage","@id":"https:\/\/iotlab.com\/es\/desarrollo-sostenible\/experiencia-en-desarrollo-sostenible-y-esg\/","url":"https:\/\/iotlab.com\/es\/desarrollo-sostenible\/experiencia-en-desarrollo-sostenible-y-esg\/","name":"Experiencia en desarrollo sostenible y ESG - IoT Lab","isPartOf":{"@id":"https:\/\/iotlab.com\/es\/#website"},"datePublished":"2022-08-29T05:33:27+00:00","dateModified":"2022-08-29T05:33:29+00:00","breadcrumb":{"@id":"https:\/\/iotlab.com\/es\/desarrollo-sostenible\/experiencia-en-desarrollo-sostenible-y-esg\/#breadcrumb"},"inLanguage":"es","potentialAction":[{"@type":"ReadAction","target":["https:\/\/iotlab.com\/es\/desarrollo-sostenible\/experiencia-en-desarrollo-sostenible-y-esg\/"]}]},{"@type":"BreadcrumbList","@id":"https:\/\/iotlab.com\/es\/desarrollo-sostenible\/experiencia-en-desarrollo-sostenible-y-esg\/#breadcrumb","itemListElement":[{"@type":"ListItem","position":1,"name":"Home","item":"https:\/\/iotlab.com\/es\/"},{"@type":"ListItem","position":2,"name":"Desarrollo sostenible","item":"https:\/\/iotlab.com\/es\/desarrollo-sostenible\/"},{"@type":"ListItem","position":3,"name":"Experiencia en desarrollo sostenible y ESG"}]},{"@type":"WebSite","@id":"https:\/\/iotlab.com\/es\/#website","url":"https:\/\/iotlab.com\/es\/","name":"Iot Lab","description":"IoT Lab is an international platform of services and resources for the Internet of Things (IoT), digital transformation and data protection, providing solutions and services for Internet of Things and Digital Transformation, Smart Cities, Privacy &amp; Security, Research &amp; Innovation, Technology transfer &amp; Standardization, International Cooperation and SDGs.","alternateName":"Iot Lab","potentialAction":[{"@type":"SearchAction","target":{"@type":"EntryPoint","urlTemplate":"https:\/\/iotlab.com\/es\/?s={search_term_string}"},"query-input":{"@type":"PropertyValueSpecification","valueRequired":true,"valueName":"search_term_string"}}],"inLanguage":"es"}]}},"_links":{"self":[{"href":"https:\/\/iotlab.com\/es\/wp-json\/wp\/v2\/pages\/33226","targetHints":{"allow":["GET"]}}],"collection":[{"href":"https:\/\/iotlab.com\/es\/wp-json\/wp\/v2\/pages"}],"about":[{"href":"https:\/\/iotlab.com\/es\/wp-json\/wp\/v2\/types\/page"}],"author":[{"embeddable":true,"href":"https:\/\/iotlab.com\/es\/wp-json\/wp\/v2\/users\/1"}],"replies":[{"embeddable":true,"href":"https:\/\/iotlab.com\/es\/wp-json\/wp\/v2\/comments?post=33226"}],"version-history":[{"count":2,"href":"https:\/\/iotlab.com\/es\/wp-json\/wp\/v2\/pages\/33226\/revisions"}],"predecessor-version":[{"id":33228,"href":"https:\/\/iotlab.com\/es\/wp-json\/wp\/v2\/pages\/33226\/revisions\/33228"}],"up":[{"embeddable":true,"href":"https:\/\/iotlab.com\/es\/wp-json\/wp\/v2\/pages\/31512"}],"wp:attachment":[{"href":"https:\/\/iotlab.com\/es\/wp-json\/wp\/v2\/media?parent=33226"}],"curies":[{"name":"wp","href":"https:\/\/api.w.org\/{rel}","templated":true}]}}