{"id":33235,"date":"2022-08-29T07:47:11","date_gmt":"2022-08-29T05:47:11","guid":{"rendered":"https:\/\/iotlab.com\/desarrollo-sostenible\/iam4sdg\/"},"modified":"2022-08-29T07:47:13","modified_gmt":"2022-08-29T05:47:13","slug":"iam4sdg","status":"publish","type":"page","link":"https:\/\/iotlab.com\/es\/desarrollo-sostenible\/iam4sdg\/","title":{"rendered":"IAM4SDG"},"content":{"rendered":"<p>[et_pb_section fb_built=\u00bb1&#8243; fullwidth=\u00bbon\u00bb admin_label=\u00bbHero\u00bb _builder_version=\u00bb4.16&#8243; _module_preset=\u00bbdefault\u00bb background_image=\u00bbhttps:\/\/iotlab.com\/wp-content\/uploads\/2021\/08\/earth-3866609_1280.jpg\u00bb custom_css_main_element=\u00bb  background-attachment: fixed;||  background-position: bottom;||  background-repeat: no-repeat;||  background-size: cover;\u00bb box_shadow_style=\u00bbpreset1&#8243; locked=\u00bboff\u00bb global_colors_info=\u00bb{}\u00bb][et_pb_fullwidth_slider use_bg_overlay=\u00bboff\u00bb use_text_overlay=\u00bboff\u00bb admin_label=\u00bbFullwidth Slider\u00bb _builder_version=\u00bb4.17.6&#8243; _module_preset=\u00bbdefault\u00bb header_text_align=\u00bbleft\u00bb background_enable_color=\u00bboff\u00bb width=\u00bb100%\u00bb module_alignment=\u00bbcenter\u00bb content_width=\u00bb100%\u00bb content_max_width=\u00bb100%\u00bb max_height=\u00bb351px\u00bb custom_padding=\u00bb80px||80px||true|false\u00bb global_colors_info=\u00bb{}\u00bb][et_pb_slide heading=\u00bbIAM4SDG\u00bb _builder_version=\u00bb4.17.6&#8243; _module_preset=\u00bbdefault\u00bb header_level=\u00bbh1&#8243; header_font=\u00bb|600|||||||\u00bb header_text_align=\u00bbcenter\u00bb header_font_size=\u00bb40px\u00bb header_line_height=\u00bb1.2em\u00bb body_text_align=\u00bbleft\u00bb body_font_size=\u00bb20px\u00bb body_line_height=\u00bb1.5em\u00bb background_color=\u00bbrgba(16,21,53,0.81)\u00bb background_enable_color=\u00bbon\u00bb use_background_color_gradient=\u00bbon\u00bb background_color_gradient_type=\u00bbcircular\u00bb background_color_gradient_direction_radial=\u00bbbottom\u00bb background_color_gradient_stops=\u00bbrgba(0,0,0,0) 0%|#00abd6 92%\u00bb background_color_gradient_start=\u00bbrgba(0,0,0,0)\u00bb background_color_gradient_end=\u00bb#00abd6&#8243; background_color_gradient_end_position=\u00bb92%\u00bb button_alignment=\u00bbleft\u00bb text_orientation=\u00bbleft\u00bb max_width=\u00bb1080px\u00bb max_width_tablet=\u00bb605px\u00bb max_width_phone=\u00bb304px\u00bb max_width_last_edited=\u00bbon|phone\u00bb custom_padding=\u00bb|0px||0px|false|true\u00bb custom_padding_tablet=\u00bb30px|0px|30px|0px|true|false\u00bb custom_padding_phone=\u00bb25px|0px|25px|0px|true|true\u00bb custom_padding_last_edited=\u00bbon|phone\u00bb header_font_size_tablet=\u00bb\u00bb header_font_size_phone=\u00bb28px\u00bb header_font_size_last_edited=\u00bbon|phone\u00bb custom_css_slide_image=\u00bbmax-width: 40%;\u00bb global_colors_info=\u00bb{}\u00bb sticky_transition=\u00bbon\u00bb][\/et_pb_slide][\/et_pb_fullwidth_slider][\/et_pb_section][et_pb_section fb_built=\u00bb1&#8243; admin_label=\u00bbOur Mission\u00bb module_id=\u00bbiam4sdg\u00bb _builder_version=\u00bb4.17.6&#8243; _module_preset=\u00bb38daf00d-ad10-460d-98cc-26939271c41b\u00bb hover_enabled=\u00bb0&#8243; locked=\u00bboff\u00bb global_colors_info=\u00bb{}\u00bb sticky_enabled=\u00bb0&#8243;][et_pb_row module_id=\u00bbabout-us\u00bb _builder_version=\u00bb4.17.6&#8243; _module_preset=\u00bb7fd053b9-c243-4260-9eb4-baa2e3fdd7d7&#8243; background_color=\u00bb#FFFFFF\u00bb width_tablet=\u00bb\u00bb width_phone=\u00bb\u00bb width_last_edited=\u00bbon|tablet\u00bb module_alignment=\u00bbcenter\u00bb hover_enabled=\u00bb0&#8243; locked=\u00bboff\u00bb global_colors_info=\u00bb{}\u00bb sticky_enabled=\u00bb0&#8243;][et_pb_column type=\u00bb4_4&#8243; _builder_version=\u00bb4.16&#8243; _module_preset=\u00bbdefault\u00bb global_colors_info=\u00bb{}\u00bb][et_pb_text _builder_version=\u00bb4.17.6&#8243; _module_preset=\u00bb_initial\u00bb hover_enabled=\u00bb0&#8243; global_colors_info=\u00bb{}\u00bb sticky_enabled=\u00bb0&#8243;]<\/p>\n<p>Est\u00e1s buscando\u2026<\/p>\n<ul>\n<li>\u00bf<strong>Una herramienta hol\u00edstica y f\u00e1cil de usar<\/strong> para ayudarlo a identificar los riesgos y oportunidades para los ODS derivados de las actividades de su organizaci\u00f3n\/proyecto?<\/li>\n<li>\u00bf<strong>Orientaci\u00f3n personalizada<\/strong> para ayudarlo a definir las acciones adecuadas de mitigaci\u00f3n de <strong>riesgos<\/strong> y las estrategias de implementaci\u00f3n de <strong>oportunidades<\/strong> para apoyar la Agenda 2030 para el Desarrollo Sostenible?<\/li>\n<li>\u00bfUna metodolog\u00eda <strong>&#8216;lista para usar&#8217;<\/strong> para principiantes y expertos, que lo ayudar\u00e1 a descubrir el tema de los ODS?<\/li>\n<li>\u00bfAyudar a <strong>crear conciencia<\/strong> sobre los ODS en el contexto de sus actividades?<\/li>\n<\/ul>\n<p>[\/et_pb_text][\/et_pb_column][\/et_pb_row][\/et_pb_section][et_pb_section fb_built=\u00bb1&#8243; theme_builder_area=\u00bbpost_content\u00bb _builder_version=\u00bb4.17.6&#8243; _module_preset=\u00bb38daf00d-ad10-460d-98cc-26939271c41b\u00bb hover_enabled=\u00bb0&#8243; sticky_enabled=\u00bb0&#8243;][et_pb_row _builder_version=\u00bb4.17.6&#8243; _module_preset=\u00bb_initial\u00bb theme_builder_area=\u00bbpost_content\u00bb hover_enabled=\u00bb0&#8243; sticky_enabled=\u00bb0&#8243;][et_pb_column _builder_version=\u00bb4.17.6&#8243; _module_preset=\u00bbdefault\u00bb type=\u00bb4_4&#8243; theme_builder_area=\u00bbpost_content\u00bb][et_pb_text _builder_version=\u00bb4.17.6&#8243; _module_preset=\u00bbb7aad84b-4396-4388-862b-89f63d9791bf\u00bb theme_builder_area=\u00bbpost_content\u00bb header_2_text_align=\u00bbcenter\u00bb hover_enabled=\u00bb0&#8243; sticky_enabled=\u00bb0&#8243;]<\/p>\n<h2>\u00a1IAM4SDG es la herramienta para usted!<\/h2>\n<p>[\/et_pb_text][\/et_pb_column][\/et_pb_row][et_pb_row _builder_version=\u00bb4.17.6&#8243; _module_preset=\u00bb_initial\u00bb theme_builder_area=\u00bbpost_content\u00bb hover_enabled=\u00bb0&#8243; sticky_enabled=\u00bb0&#8243;][et_pb_column _builder_version=\u00bb4.17.6&#8243; _module_preset=\u00bbdefault\u00bb type=\u00bb4_4&#8243; theme_builder_area=\u00bbpost_content\u00bb][et_pb_text _builder_version=\u00bb4.17.6&#8243; _module_preset=\u00bb_initial\u00bb theme_builder_area=\u00bbpost_content\u00bb hover_enabled=\u00bb0&#8243; sticky_enabled=\u00bb0&#8243;]<\/p>\n<p><strong>\u00bfQu\u00e9 es IAM4SDG?<\/strong><\/p>\n<p>IAM4SDG es la metodolog\u00eda de evaluaci\u00f3n de impacto de los ODS desarrollada en el curso del proyecto de investigaci\u00f3n NAIADES Horizonte 2020. Proporciona una metodolog\u00eda formal y bien estructurada que permite a las partes interesadas evaluar sistem\u00e1ticamente los posibles impactos negativos y positivos de un proyecto sobre los ODS y traducir los resultados en un plan de acci\u00f3n pr\u00e1ctico para alinear mejor sus actividades con los ODS. M\u00e1s all\u00e1 de sus resultados formales, IAM4SDG tambi\u00e9n puede contribuir a crear conciencia sobre los requisitos de los ODS en un proyecto.<\/p>\n<p>Tiene <strong><em>dos objetivos:<\/em><\/strong><\/p>\n<ol>\n<li>Identificar y mitigar los riesgos potenciales y los impactos negativos del proyecto evaluado en los 17 ODS<\/li>\n<li>Identificar y aprovechar los impactos positivos potenciales<\/li>\n<\/ol>\n<p>[\/et_pb_text][\/et_pb_column][\/et_pb_row][et_pb_row _builder_version=\u00bb4.17.6&#8243; _module_preset=\u00bb_initial\u00bb theme_builder_area=\u00bbpost_content\u00bb hover_enabled=\u00bb0&#8243; sticky_enabled=\u00bb0&#8243;][et_pb_column _builder_version=\u00bb4.17.6&#8243; _module_preset=\u00bbdefault\u00bb type=\u00bb4_4&#8243; theme_builder_area=\u00bbpost_content\u00bb][et_pb_text _builder_version=\u00bb4.17.6&#8243; _module_preset=\u00bb_initial\u00bb theme_builder_area=\u00bbpost_content\u00bb hover_enabled=\u00bb0&#8243; sticky_enabled=\u00bb0&#8243;]<\/p>\n<p><strong>\u00bfPor qu\u00e9 deber\u00eda utilizar IAM4SDG y c\u00f3mo puede beneficiarse su organizaci\u00f3n?<\/strong><\/p>\n<p>IAM4SDG, a diferencia de los Estudios de Impacto Ambiental (EIA) cl\u00e1sicos, proporciona una herramienta pr\u00e1ctica para medir el impacto de un proyecto espec\u00edfico que va m\u00e1s all\u00e1 de la simple evaluaci\u00f3n de riesgos para el medio ambiente. De hecho, IAM4SDG ampl\u00eda las perspectivas en dos direcciones al (1) considerar todo el conjunto de ODS y (2) identificar y considerar los posibles impactos positivos y negativos del proyecto para el logro de los ODS, en lugar de solo los riesgos.<br \/>La metodolog\u00eda ser\u00e1 particularmente \u00fatil si est\u00e1 iniciando un nuevo proyecto y desea comprender de manera integral c\u00f3mo este proyecto espec\u00edfico influir\u00e1 en los ODS. Esto lo ayudar\u00e1 a maximizar su impacto positivo en asuntos de desarrollo sostenible y minimizar las posibles consecuencias negativas. Adem\u00e1s, IAM4SDG busca alentarlo a familiarizarse mejor con los diversos aspectos del desarrollo sostenible y, al mismo tiempo, invitarlo a pensar \u00abfuera de la caja\u00bb haci\u00e9ndole considerar las posibles conexiones entre su proyecto y el impacto en el desarrollo sostenible. Como consecuencia, IAM4SDG le permite estar mejor equipado para priorizar acciones futuras mientras aprende sobre las oportunidades y dificultades de implementar los ODS.<\/p>\n<p>[\/et_pb_text][\/et_pb_column][\/et_pb_row][et_pb_row _builder_version=\u00bb4.17.6&#8243; _module_preset=\u00bb_initial\u00bb theme_builder_area=\u00bbpost_content\u00bb hover_enabled=\u00bb0&#8243; sticky_enabled=\u00bb0&#8243;][et_pb_column _builder_version=\u00bb4.17.6&#8243; _module_preset=\u00bbdefault\u00bb type=\u00bb4_4&#8243; theme_builder_area=\u00bbpost_content\u00bb][et_pb_text _builder_version=\u00bb4.17.6&#8243; _module_preset=\u00bb_initial\u00bb theme_builder_area=\u00bbpost_content\u00bb hover_enabled=\u00bb0&#8243; sticky_enabled=\u00bb0&#8243;]<\/p>\n<p><strong>\u00bfQui\u00e9n debe aplicar IAM4SDG?<\/strong><\/p>\n<p>IAM4SDG tiene la intenci\u00f3n de evaluar las actividades de acuerdo con su impacto en los 17 ODS. Por ello, se recomienda que todos los actores que planeen lanzar o involucrarse en un nuevo proyecto o actividad, apliquen previamente la metodolog\u00eda. Los actores objetivo, por lo tanto, incluyen, entre otros, autoridades p\u00fablicas, industrias, investigadores, formuladores de pol\u00edticas, evaluadores de proyectos y gerentes de proyectos.<\/p>\n<p>[\/et_pb_text][\/et_pb_column][\/et_pb_row][et_pb_row _builder_version=\u00bb4.17.6&#8243; _module_preset=\u00bb_initial\u00bb theme_builder_area=\u00bbpost_content\u00bb hover_enabled=\u00bb0&#8243; sticky_enabled=\u00bb0&#8243;][et_pb_column _builder_version=\u00bb4.17.6&#8243; _module_preset=\u00bbdefault\u00bb type=\u00bb4_4&#8243; theme_builder_area=\u00bbpost_content\u00bb][et_pb_text _builder_version=\u00bb4.17.6&#8243; _module_preset=\u00bb_initial\u00bb theme_builder_area=\u00bbpost_content\u00bb hover_enabled=\u00bb0&#8243; sticky_enabled=\u00bb0&#8243;]<\/p>\n<p><strong>\u00bfComo funciona?<\/strong><\/p>\n<p>La metodolog\u00eda consta de seis fases que deben llevarse a cabo en orden consecutivo.<\/p>\n<p>[\/et_pb_text][et_pb_image src=\u00bbhttps:\/\/iotlab.com\/wp-content\/uploads\/2022\/07\/six-phases_1030x205.png\u00bb _builder_version=\u00bb4.17.6&#8243; _module_preset=\u00bbdefault\u00bb theme_builder_area=\u00bbpost_content\u00bb alt=\u00bbIAM4SDG &#8211; six phases\u00bb title_text=\u00bbIAM4SDG &#8211; six phases\u00bb hover_enabled=\u00bb0&#8243; sticky_enabled=\u00bb0&#8243; align=\u00bbcenter\u00bb][\/et_pb_image][et_pb_text _builder_version=\u00bb4.17.6&#8243; _module_preset=\u00bb_initial\u00bb theme_builder_area=\u00bbpost_content\u00bb hover_enabled=\u00bb0&#8243; sticky_enabled=\u00bb0&#8243;]<\/p>\n<p>\u00a1Te guiaremos paso a paso para ayudarte a lograr los mejores resultados!<\/p>\n<p>&nbsp;<\/p>\n<p>\u00bfInteresado?<\/p>\n<p>\u00a1Comun\u00edquese con nosotros a trav\u00e9s del formulario de contacto y nos pondremos en contacto con usted en breve!<\/p>\n<p>[\/et_pb_text][\/et_pb_column][\/et_pb_row][et_pb_row _builder_version=\u00bb4.17.6&#8243; _module_preset=\u00bbf3406a9a-c674-45a5-9082-7ddf65d6e8b4&#8243; min_height=\u00bb70.2px\u00bb hover_enabled=\u00bb0&#8243; global_colors_info=\u00bb{}\u00bb locked=\u00bboff\u00bb theme_builder_area=\u00bbpost_content\u00bb sticky_enabled=\u00bb0&#8243;][et_pb_column type=\u00bb4_4&#8243; _builder_version=\u00bb4.16&#8243; _module_preset=\u00bbdefault\u00bb global_colors_info=\u00bb{}\u00bb theme_builder_area=\u00bbpost_content\u00bb][et_pb_button button_url=\u00bb@ET-DC@eyJkeW5hbWljIjp0cnVlLCJjb250ZW50IjoicG9zdF9saW5rX3VybF9wYWdlIiwic2V0dGluZ3MiOnsicG9zdF9pZCI6IjQ1In19@\u00bb button_text=\u00bbContactenos\u00bb button_alignment=\u00bbright\u00bb _builder_version=\u00bb4.17.6&#8243; _dynamic_attributes=\u00bbbutton_url\u00bb _module_preset=\u00bbdefault\u00bb hover_enabled=\u00bb0&#8243; global_colors_info=\u00bb{}\u00bb theme_builder_area=\u00bbpost_content\u00bb sticky_enabled=\u00bb0&#8243;][\/et_pb_button][\/et_pb_column][\/et_pb_row][\/et_pb_section]<\/p>\n","protected":false},"excerpt":{"rendered":"<p>Est\u00e1s buscando\u2026 \u00bfUna herramienta hol\u00edstica y f\u00e1cil de usar para ayudarlo a identificar los riesgos y oportunidades para los ODS derivados de las actividades de su organizaci\u00f3n\/proyecto? \u00bfOrientaci\u00f3n personalizada para ayudarlo a definir las acciones adecuadas de mitigaci\u00f3n de riesgos y las estrategias de implementaci\u00f3n de oportunidades para apoyar la Agenda 2030 para el Desarrollo [&hellip;]<\/p>\n","protected":false},"author":1,"featured_media":0,"parent":31512,"menu_order":0,"comment_status":"closed","ping_status":"closed","template":"","meta":{"_et_pb_use_builder":"on","_et_pb_old_content":"","_et_gb_content_width":"","inline_featured_image":false,"footnotes":""},"class_list":["post-33235","page","type-page","status-publish","hentry"],"yoast_head":"<!-- This site is optimized with the Yoast SEO Premium plugin v27.5 (Yoast SEO v27.5) - https:\/\/yoast.com\/product\/yoast-seo-premium-wordpress\/ -->\n<title>IAM4SDG - IoT Lab<\/title>\n<meta name=\"robots\" content=\"index, follow, max-snippet:-1, max-image-preview:large, max-video-preview:-1\" \/>\n<link rel=\"canonical\" href=\"https:\/\/iotlab.com\/es\/desarrollo-sostenible\/iam4sdg\/\" \/>\n<meta property=\"og:locale\" content=\"es_ES\" \/>\n<meta property=\"og:type\" content=\"article\" \/>\n<meta property=\"og:title\" content=\"IAM4SDG\" \/>\n<meta property=\"og:description\" content=\"Est\u00e1s buscando\u2026 \u00bfUna herramienta hol\u00edstica y f\u00e1cil de usar para ayudarlo a identificar los riesgos y oportunidades para los ODS derivados de las actividades de su organizaci\u00f3n\/proyecto? \u00bfOrientaci\u00f3n personalizada para ayudarlo a definir las acciones adecuadas de mitigaci\u00f3n de riesgos y las estrategias de implementaci\u00f3n de oportunidades para apoyar la Agenda 2030 para el Desarrollo [&hellip;]\" \/>\n<meta property=\"og:url\" content=\"https:\/\/iotlab.com\/es\/desarrollo-sostenible\/iam4sdg\/\" \/>\n<meta property=\"og:site_name\" content=\"IoT Lab\" \/>\n<meta property=\"article:modified_time\" content=\"2022-08-29T05:47:13+00:00\" \/>\n<meta name=\"twitter:card\" content=\"summary_large_image\" \/>\n<meta name=\"twitter:label1\" content=\"Tiempo de lectura\" \/>\n\t<meta name=\"twitter:data1\" content=\"7 minutos\" \/>\n<script type=\"application\/ld+json\" class=\"yoast-schema-graph\">{\"@context\":\"https:\\\/\\\/schema.org\",\"@graph\":[{\"@type\":\"WebPage\",\"@id\":\"https:\\\/\\\/iotlab.com\\\/es\\\/desarrollo-sostenible\\\/iam4sdg\\\/\",\"url\":\"https:\\\/\\\/iotlab.com\\\/es\\\/desarrollo-sostenible\\\/iam4sdg\\\/\",\"name\":\"IAM4SDG - IoT Lab\",\"isPartOf\":{\"@id\":\"https:\\\/\\\/iotlab.com\\\/es\\\/#website\"},\"datePublished\":\"2022-08-29T05:47:11+00:00\",\"dateModified\":\"2022-08-29T05:47:13+00:00\",\"breadcrumb\":{\"@id\":\"https:\\\/\\\/iotlab.com\\\/es\\\/desarrollo-sostenible\\\/iam4sdg\\\/#breadcrumb\"},\"inLanguage\":\"es\",\"potentialAction\":[{\"@type\":\"ReadAction\",\"target\":[\"https:\\\/\\\/iotlab.com\\\/es\\\/desarrollo-sostenible\\\/iam4sdg\\\/\"]}]},{\"@type\":\"BreadcrumbList\",\"@id\":\"https:\\\/\\\/iotlab.com\\\/es\\\/desarrollo-sostenible\\\/iam4sdg\\\/#breadcrumb\",\"itemListElement\":[{\"@type\":\"ListItem\",\"position\":1,\"name\":\"Home\",\"item\":\"https:\\\/\\\/iotlab.com\\\/es\\\/\"},{\"@type\":\"ListItem\",\"position\":2,\"name\":\"Desarrollo sostenible\",\"item\":\"https:\\\/\\\/iotlab.com\\\/es\\\/desarrollo-sostenible\\\/\"},{\"@type\":\"ListItem\",\"position\":3,\"name\":\"IAM4SDG\"}]},{\"@type\":\"WebSite\",\"@id\":\"https:\\\/\\\/iotlab.com\\\/es\\\/#website\",\"url\":\"https:\\\/\\\/iotlab.com\\\/es\\\/\",\"name\":\"Iot Lab\",\"description\":\"IoT Lab is an international platform of services and resources for the Internet of Things (IoT), digital transformation and data protection, providing solutions and services for Internet of Things and Digital Transformation, Smart Cities, Privacy &amp; Security, Research &amp; Innovation, Technology transfer &amp; Standardization, International Cooperation and SDGs.\",\"alternateName\":\"Iot Lab\",\"potentialAction\":[{\"@type\":\"SearchAction\",\"target\":{\"@type\":\"EntryPoint\",\"urlTemplate\":\"https:\\\/\\\/iotlab.com\\\/es\\\/?s={search_term_string}\"},\"query-input\":{\"@type\":\"PropertyValueSpecification\",\"valueRequired\":true,\"valueName\":\"search_term_string\"}}],\"inLanguage\":\"es\"}]}<\/script>\n<!-- \/ Yoast SEO Premium plugin. -->","yoast_head_json":{"title":"IAM4SDG - IoT Lab","robots":{"index":"index","follow":"follow","max-snippet":"max-snippet:-1","max-image-preview":"max-image-preview:large","max-video-preview":"max-video-preview:-1"},"canonical":"https:\/\/iotlab.com\/es\/desarrollo-sostenible\/iam4sdg\/","og_locale":"es_ES","og_type":"article","og_title":"IAM4SDG","og_description":"Est\u00e1s buscando\u2026 \u00bfUna herramienta hol\u00edstica y f\u00e1cil de usar para ayudarlo a identificar los riesgos y oportunidades para los ODS derivados de las actividades de su organizaci\u00f3n\/proyecto? \u00bfOrientaci\u00f3n personalizada para ayudarlo a definir las acciones adecuadas de mitigaci\u00f3n de riesgos y las estrategias de implementaci\u00f3n de oportunidades para apoyar la Agenda 2030 para el Desarrollo [&hellip;]","og_url":"https:\/\/iotlab.com\/es\/desarrollo-sostenible\/iam4sdg\/","og_site_name":"IoT Lab","article_modified_time":"2022-08-29T05:47:13+00:00","twitter_card":"summary_large_image","twitter_misc":{"Tiempo de lectura":"7 minutos"},"schema":{"@context":"https:\/\/schema.org","@graph":[{"@type":"WebPage","@id":"https:\/\/iotlab.com\/es\/desarrollo-sostenible\/iam4sdg\/","url":"https:\/\/iotlab.com\/es\/desarrollo-sostenible\/iam4sdg\/","name":"IAM4SDG - IoT Lab","isPartOf":{"@id":"https:\/\/iotlab.com\/es\/#website"},"datePublished":"2022-08-29T05:47:11+00:00","dateModified":"2022-08-29T05:47:13+00:00","breadcrumb":{"@id":"https:\/\/iotlab.com\/es\/desarrollo-sostenible\/iam4sdg\/#breadcrumb"},"inLanguage":"es","potentialAction":[{"@type":"ReadAction","target":["https:\/\/iotlab.com\/es\/desarrollo-sostenible\/iam4sdg\/"]}]},{"@type":"BreadcrumbList","@id":"https:\/\/iotlab.com\/es\/desarrollo-sostenible\/iam4sdg\/#breadcrumb","itemListElement":[{"@type":"ListItem","position":1,"name":"Home","item":"https:\/\/iotlab.com\/es\/"},{"@type":"ListItem","position":2,"name":"Desarrollo sostenible","item":"https:\/\/iotlab.com\/es\/desarrollo-sostenible\/"},{"@type":"ListItem","position":3,"name":"IAM4SDG"}]},{"@type":"WebSite","@id":"https:\/\/iotlab.com\/es\/#website","url":"https:\/\/iotlab.com\/es\/","name":"Iot Lab","description":"IoT Lab is an international platform of services and resources for the Internet of Things (IoT), digital transformation and data protection, providing solutions and services for Internet of Things and Digital Transformation, Smart Cities, Privacy &amp; Security, Research &amp; Innovation, Technology transfer &amp; Standardization, International Cooperation and SDGs.","alternateName":"Iot Lab","potentialAction":[{"@type":"SearchAction","target":{"@type":"EntryPoint","urlTemplate":"https:\/\/iotlab.com\/es\/?s={search_term_string}"},"query-input":{"@type":"PropertyValueSpecification","valueRequired":true,"valueName":"search_term_string"}}],"inLanguage":"es"}]}},"_links":{"self":[{"href":"https:\/\/iotlab.com\/es\/wp-json\/wp\/v2\/pages\/33235","targetHints":{"allow":["GET"]}}],"collection":[{"href":"https:\/\/iotlab.com\/es\/wp-json\/wp\/v2\/pages"}],"about":[{"href":"https:\/\/iotlab.com\/es\/wp-json\/wp\/v2\/types\/page"}],"author":[{"embeddable":true,"href":"https:\/\/iotlab.com\/es\/wp-json\/wp\/v2\/users\/1"}],"replies":[{"embeddable":true,"href":"https:\/\/iotlab.com\/es\/wp-json\/wp\/v2\/comments?post=33235"}],"version-history":[{"count":2,"href":"https:\/\/iotlab.com\/es\/wp-json\/wp\/v2\/pages\/33235\/revisions"}],"predecessor-version":[{"id":33237,"href":"https:\/\/iotlab.com\/es\/wp-json\/wp\/v2\/pages\/33235\/revisions\/33237"}],"up":[{"embeddable":true,"href":"https:\/\/iotlab.com\/es\/wp-json\/wp\/v2\/pages\/31512"}],"wp:attachment":[{"href":"https:\/\/iotlab.com\/es\/wp-json\/wp\/v2\/media?parent=33235"}],"curies":[{"name":"wp","href":"https:\/\/api.w.org\/{rel}","templated":true}]}}