{"id":33254,"date":"2022-08-29T08:15:57","date_gmt":"2022-08-29T06:15:57","guid":{"rendered":"https:\/\/iotlab.com\/desarrollo-sostenible\/nuestros-compromisos-ods\/"},"modified":"2022-08-29T08:15:59","modified_gmt":"2022-08-29T06:15:59","slug":"nuestros-compromisos-ods","status":"publish","type":"page","link":"https:\/\/iotlab.com\/es\/desarrollo-sostenible\/nuestros-compromisos-ods\/","title":{"rendered":"Nuestros compromisos ODS"},"content":{"rendered":"<p>[et_pb_section fb_built=\u00bb1&#8243; fullwidth=\u00bbon\u00bb admin_label=\u00bbHero\u00bb _builder_version=\u00bb4.16&#8243; _module_preset=\u00bbdefault\u00bb background_image=\u00bbhttps:\/\/iotlab.com\/wp-content\/uploads\/2021\/08\/earth-3866609_1280.jpg\u00bb custom_css_main_element=\u00bb  background-attachment: fixed;||  background-position: bottom;||  background-repeat: no-repeat;||  background-size: cover;\u00bb box_shadow_style=\u00bbpreset1&#8243; locked=\u00bboff\u00bb global_colors_info=\u00bb{}\u00bb][et_pb_fullwidth_slider use_bg_overlay=\u00bboff\u00bb use_text_overlay=\u00bboff\u00bb admin_label=\u00bbFullwidth Slider\u00bb _builder_version=\u00bb4.17.6&#8243; _module_preset=\u00bbdefault\u00bb header_text_align=\u00bbleft\u00bb background_enable_color=\u00bboff\u00bb width=\u00bb100%\u00bb module_alignment=\u00bbcenter\u00bb content_width=\u00bb100%\u00bb content_max_width=\u00bb100%\u00bb max_height=\u00bb351px\u00bb custom_padding=\u00bb80px||80px||true|false\u00bb global_colors_info=\u00bb{}\u00bb][et_pb_slide heading=\u00bbNuestros compromisos ODS\u00bb _builder_version=\u00bb4.17.6&#8243; _module_preset=\u00bbdefault\u00bb header_level=\u00bbh1&#8243; header_font=\u00bb|600|||||||\u00bb header_text_align=\u00bbcenter\u00bb header_font_size=\u00bb40px\u00bb header_line_height=\u00bb1.2em\u00bb body_text_align=\u00bbleft\u00bb body_font_size=\u00bb20px\u00bb body_line_height=\u00bb1.5em\u00bb background_color=\u00bbrgba(16,21,53,0.81)\u00bb background_enable_color=\u00bbon\u00bb use_background_color_gradient=\u00bbon\u00bb background_color_gradient_type=\u00bbcircular\u00bb background_color_gradient_direction_radial=\u00bbbottom\u00bb background_color_gradient_stops=\u00bbrgba(0,0,0,0) 0%|#00abd6 92%\u00bb background_color_gradient_start=\u00bbrgba(0,0,0,0)\u00bb background_color_gradient_end=\u00bb#00abd6&#8243; background_color_gradient_end_position=\u00bb92%\u00bb button_alignment=\u00bbleft\u00bb text_orientation=\u00bbleft\u00bb max_width=\u00bb1080px\u00bb max_width_tablet=\u00bb605px\u00bb max_width_phone=\u00bb304px\u00bb max_width_last_edited=\u00bbon|phone\u00bb custom_padding=\u00bb|0px||0px|false|true\u00bb custom_padding_tablet=\u00bb30px|0px|30px|0px|true|false\u00bb custom_padding_phone=\u00bb25px|0px|25px|0px|true|true\u00bb custom_padding_last_edited=\u00bbon|phone\u00bb header_font_size_tablet=\u00bb\u00bb header_font_size_phone=\u00bb28px\u00bb header_font_size_last_edited=\u00bbon|phone\u00bb custom_css_slide_image=\u00bbmax-width: 40%;\u00bb global_colors_info=\u00bb{}\u00bb sticky_transition=\u00bbon\u00bb][\/et_pb_slide][\/et_pb_fullwidth_slider][\/et_pb_section][et_pb_section fb_built=\u00bb1&#8243; custom_padding_last_edited=\u00bbon|desktop\u00bb _builder_version=\u00bb4.17.6&#8243; _module_preset=\u00bb38daf00d-ad10-460d-98cc-26939271c41b\u00bb custom_padding_tablet=\u00bb\u00bb custom_padding_phone=\u00bb\u00bb locked=\u00bboff\u00bb global_colors_info=\u00bb{}\u00bb][et_pb_row _builder_version=\u00bb4.17.6&#8243; _module_preset=\u00bb_initial\u00bb global_colors_info=\u00bb{}\u00bb][et_pb_column type=\u00bb4_4&#8243; _builder_version=\u00bb4.16&#8243; _module_preset=\u00bbdefault\u00bb global_colors_info=\u00bb{}\u00bb][et_pb_text _builder_version=\u00bb4.17.6&#8243; _module_preset=\u00bbb7aad84b-4396-4388-862b-89f63d9791bf\u00bb header_2_text_align=\u00bbcenter\u00bb max_width=\u00bb80%\u00bb max_width_tablet=\u00bb90%\u00bb max_width_phone=\u00bb90%\u00bb max_width_last_edited=\u00bbon|phone\u00bb module_alignment=\u00bbcenter\u00bb custom_margin=\u00bb0px||0px||true|false\u00bb custom_padding=\u00bb4px||4px|21px|true|false\u00bb locked=\u00bboff\u00bb global_colors_info=\u00bb{}\u00bb]<\/p>\n<h2>Construyendo un mundo mejor y sostenible<\/h2>\n<p>[\/et_pb_text][et_pb_text _builder_version=\u00bb4.17.6&#8243; _module_preset=\u00bb_initial\u00bb custom_padding_tablet=\u00bb\u00bb custom_padding_phone=\u00bb\u00bb custom_padding_last_edited=\u00bbon|desktop\u00bb global_colors_info=\u00bb{}\u00bb]IoT Lab est\u00e1 comprometido con la construcci\u00f3n de un mundo mejor y sostenible para las generaciones presentes y futuras. [\/et_pb_text][\/et_pb_column][\/et_pb_row][\/et_pb_section][et_pb_section fb_built=\u00bb1&#8243; custom_padding_last_edited=\u00bbon|desktop\u00bb _builder_version=\u00bb4.17.6&#8243; _module_preset=\u00bb38daf00d-ad10-460d-98cc-26939271c41b\u00bb custom_padding_tablet=\u00bb\u00bb custom_padding_phone=\u00bb\u00bb locked=\u00bboff\u00bb global_colors_info=\u00bb{}\u00bb][et_pb_row _builder_version=\u00bb4.17.6&#8243; _module_preset=\u00bb_initial\u00bb global_colors_info=\u00bb{}\u00bb][et_pb_column type=\u00bb4_4&#8243; _builder_version=\u00bb4.16&#8243; _module_preset=\u00bbdefault\u00bb global_colors_info=\u00bb{}\u00bb][et_pb_text _builder_version=\u00bb4.17.6&#8243; _module_preset=\u00bb_initial\u00bb custom_padding_tablet=\u00bb\u00bb custom_padding_phone=\u00bb\u00bb custom_padding_last_edited=\u00bbon|desktop\u00bb global_colors_info=\u00bb{}\u00bb]<\/p>\n<p><strong>Reducimos nuestras emisiones de <em>CO<\/em><sub>2<\/sub>:<\/strong><\/p>\n<ul>\n<li><strong>Fomentar el teletrabajo desde casa<\/strong><\/li>\n<li><strong style=\"font-size: 16px;\">Privilegiar el uso de energ\u00edas renovables<\/strong><\/li>\n<li><strong>Utilice servidores neutros en CO<sub>2<\/sub> <\/strong><\/li>\n<li><strong>Alentar a caminar, andar en bicicleta y andar en tren<\/strong><\/li>\n<\/ul>\n<p>[\/et_pb_text][\/et_pb_column][\/et_pb_row][\/et_pb_section][et_pb_section fb_built=\u00bb1&#8243; custom_padding_last_edited=\u00bbon|desktop\u00bb _builder_version=\u00bb4.17.6&#8243; _module_preset=\u00bb38daf00d-ad10-460d-98cc-26939271c41b\u00bb custom_padding_tablet=\u00bb\u00bb custom_padding_phone=\u00bb\u00bb locked=\u00bboff\u00bb global_colors_info=\u00bb{}\u00bb][et_pb_row _builder_version=\u00bb4.17.6&#8243; _module_preset=\u00bb_initial\u00bb global_colors_info=\u00bb{}\u00bb][et_pb_column type=\u00bb4_4&#8243; _builder_version=\u00bb4.16&#8243; _module_preset=\u00bbdefault\u00bb global_colors_info=\u00bb{}\u00bb][et_pb_text _builder_version=\u00bb4.17.6&#8243; _module_preset=\u00bb_initial\u00bb custom_padding_tablet=\u00bb\u00bb custom_padding_phone=\u00bb\u00bb custom_padding_last_edited=\u00bbon|desktop\u00bb global_colors_info=\u00bb{}\u00bb]<\/p>\n<p><strong>Minimizamos nuestra huella ambiental:<\/strong><\/p>\n<ul>\n<li><strong>Desmaterializaci\u00f3n de nuestros productos y servicios <\/strong><\/li>\n<li><strong>Apoyar la gesti\u00f3n sin papel<\/strong><\/li>\n<li><strong>Optimizaci\u00f3n tridimensional de procesos continuos<\/strong>: tiempo, material y huella ambiental<\/li>\n<li><strong>Uso de papel y cartucho de impresi\u00f3n reciclados<\/strong><\/li>\n<\/ul>\n<p>[\/et_pb_text][\/et_pb_column][\/et_pb_row][\/et_pb_section][et_pb_section fb_built=\u00bb1&#8243; custom_padding_last_edited=\u00bbon|desktop\u00bb _builder_version=\u00bb4.17.6&#8243; _module_preset=\u00bb38daf00d-ad10-460d-98cc-26939271c41b\u00bb custom_padding_tablet=\u00bb\u00bb custom_padding_phone=\u00bb\u00bb locked=\u00bboff\u00bb global_colors_info=\u00bb{}\u00bb][et_pb_row _builder_version=\u00bb4.17.6&#8243; _module_preset=\u00bb_initial\u00bb global_colors_info=\u00bb{}\u00bb][et_pb_column type=\u00bb4_4&#8243; _builder_version=\u00bb4.16&#8243; _module_preset=\u00bbdefault\u00bb global_colors_info=\u00bb{}\u00bb][et_pb_text _builder_version=\u00bb4.17.6&#8243; _module_preset=\u00bb_initial\u00bb custom_padding_tablet=\u00bb\u00bb custom_padding_phone=\u00bb\u00bb custom_padding_last_edited=\u00bbon|desktop\u00bb global_colors_info=\u00bb{}\u00bb]<\/p>\n<p><strong>Protegemos el medio ambiente y la biodiversidad:<\/strong><\/p>\n<ul>\n<li><strong>Recicla nuestros desechos<\/strong><\/li>\n<li><strong style=\"font-size: 16px;\">Residuos de productos y muebles provenientes de la deforestaci\u00f3n<\/strong><\/li>\n<li><strong>Apoyar la biodiversidad<\/strong><\/li>\n<\/ul>\n<p>[\/et_pb_text][\/et_pb_column][\/et_pb_row][\/et_pb_section][et_pb_section fb_built=\u00bb1&#8243; custom_padding_last_edited=\u00bbon|desktop\u00bb _builder_version=\u00bb4.17.6&#8243; _module_preset=\u00bb38daf00d-ad10-460d-98cc-26939271c41b\u00bb custom_padding_tablet=\u00bb\u00bb custom_padding_phone=\u00bb\u00bb locked=\u00bboff\u00bb global_colors_info=\u00bb{}\u00bb][et_pb_row _builder_version=\u00bb4.17.6&#8243; _module_preset=\u00bb_initial\u00bb global_colors_info=\u00bb{}\u00bb][et_pb_column type=\u00bb4_4&#8243; _builder_version=\u00bb4.16&#8243; _module_preset=\u00bbdefault\u00bb global_colors_info=\u00bb{}\u00bb][et_pb_text _builder_version=\u00bb4.17.6&#8243; _module_preset=\u00bb_initial\u00bb custom_padding_tablet=\u00bb\u00bb custom_padding_phone=\u00bb\u00bb custom_padding_last_edited=\u00bbon|desktop\u00bb global_colors_info=\u00bb{}\u00bb]<\/p>\n<p><strong>Mejoramos la protecci\u00f3n eficaz de los datos personales desde el dise\u00f1o:<\/strong><\/p>\n<ul>\n<li><strong>Siga la privacidad y la protecci\u00f3n de datos desde el dise\u00f1o<\/strong><\/li>\n<li><strong>Apoyar la investigaci\u00f3n y la cooperaci\u00f3n en materia de protecci\u00f3n de datos<\/strong><\/li>\n<li><strong>Desarrollar servicios y aplicaciones innovadores para la privacidad.<\/strong><\/li>\n<\/ul>\n<p>[\/et_pb_text][\/et_pb_column][\/et_pb_row][\/et_pb_section][et_pb_section fb_built=\u00bb1&#8243; custom_padding_last_edited=\u00bbon|desktop\u00bb _builder_version=\u00bb4.17.6&#8243; _module_preset=\u00bb38daf00d-ad10-460d-98cc-26939271c41b\u00bb custom_padding_tablet=\u00bb\u00bb custom_padding_phone=\u00bb\u00bb locked=\u00bboff\u00bb global_colors_info=\u00bb{}\u00bb][et_pb_row _builder_version=\u00bb4.17.6&#8243; _module_preset=\u00bb_initial\u00bb global_colors_info=\u00bb{}\u00bb][et_pb_column type=\u00bb4_4&#8243; _builder_version=\u00bb4.16&#8243; _module_preset=\u00bbdefault\u00bb global_colors_info=\u00bb{}\u00bb][et_pb_text _builder_version=\u00bb4.17.6&#8243; _module_preset=\u00bb_initial\u00bb custom_padding_tablet=\u00bb\u00bb custom_padding_phone=\u00bb\u00bb custom_padding_last_edited=\u00bbon|desktop\u00bb global_colors_info=\u00bb{}\u00bb]<\/p>\n<p><strong>Construimos una comunidad de apoyo mutuo que se cuida unos a otros:<\/strong><\/p>\n<ul>\n<li><strong>Apoyo comunitario y acompa\u00f1amiento<\/strong><\/li>\n<li><strong>Intercambio de conocimientos<\/strong> a trav\u00e9s de conferencias, seminarios web y nuestra biblioteca en l\u00ednea<\/li>\n<li><strong>Cooperaci\u00f3n internacional y di\u00e1logo<\/strong> a trav\u00e9s de eventos y conferencias<\/li>\n<\/ul>\n<p>[\/et_pb_text][\/et_pb_column][\/et_pb_row][\/et_pb_section][et_pb_section fb_built=\u00bb1&#8243; custom_padding_last_edited=\u00bbon|desktop\u00bb _builder_version=\u00bb4.17.6&#8243; _module_preset=\u00bb38daf00d-ad10-460d-98cc-26939271c41b\u00bb custom_padding_tablet=\u00bb\u00bb custom_padding_phone=\u00bb\u00bb locked=\u00bboff\u00bb global_colors_info=\u00bb{}\u00bb][et_pb_row _builder_version=\u00bb4.17.6&#8243; _module_preset=\u00bb_initial\u00bb global_colors_info=\u00bb{}\u00bb][et_pb_column type=\u00bb4_4&#8243; _builder_version=\u00bb4.16&#8243; _module_preset=\u00bbdefault\u00bb global_colors_info=\u00bb{}\u00bb][et_pb_text _builder_version=\u00bb4.17.6&#8243; _module_preset=\u00bb_initial\u00bb custom_padding_tablet=\u00bb\u00bb custom_padding_phone=\u00bb\u00bb custom_padding_last_edited=\u00bbon|desktop\u00bb global_colors_info=\u00bb{}\u00bb]<\/p>\n<p><strong>Participamos activamente en la investigaci\u00f3n y la innovaci\u00f3n:<\/strong><\/p>\n<ul>\n<li><strong>Nacido en la comunidad de investigaci\u00f3n.<\/strong><\/li>\n<li><strong>Participar en proyectos de investigaci\u00f3n internacionales.<\/strong><\/li>\n<li><strong>Cultura de innovaci\u00f3n continua<\/strong>: Kaizen!<\/li>\n<\/ul>\n<p>[\/et_pb_text][\/et_pb_column][\/et_pb_row][\/et_pb_section]<\/p>\n","protected":false},"excerpt":{"rendered":"<p>Construyendo un mundo mejor y sostenibleIoT Lab est\u00e1 comprometido con la construcci\u00f3n de un mundo mejor y sostenible para las generaciones presentes y futuras. Reducimos nuestras emisiones de CO2: Fomentar el teletrabajo desde casa Privilegiar el uso de energ\u00edas renovables Utilice servidores neutros en CO2 Alentar a caminar, andar en bicicleta y andar en tren [&hellip;]<\/p>\n","protected":false},"author":1,"featured_media":0,"parent":31512,"menu_order":0,"comment_status":"closed","ping_status":"closed","template":"","meta":{"_et_pb_use_builder":"on","_et_pb_old_content":"","_et_gb_content_width":"","inline_featured_image":false,"footnotes":""},"class_list":["post-33254","page","type-page","status-publish","hentry"],"yoast_head":"<!-- This site is optimized with the Yoast SEO Premium plugin v25.5 (Yoast SEO v27.3) - https:\/\/yoast.com\/product\/yoast-seo-premium-wordpress\/ -->\n<title>Nuestros compromisos ODS - IoT Lab<\/title>\n<meta name=\"robots\" content=\"index, follow, max-snippet:-1, max-image-preview:large, max-video-preview:-1\" \/>\n<link rel=\"canonical\" href=\"https:\/\/iotlab.com\/es\/desarrollo-sostenible\/nuestros-compromisos-ods\/\" \/>\n<meta property=\"og:locale\" content=\"es_ES\" \/>\n<meta property=\"og:type\" content=\"article\" \/>\n<meta property=\"og:title\" content=\"Nuestros compromisos ODS\" \/>\n<meta property=\"og:description\" content=\"Construyendo un mundo mejor y sostenibleIoT Lab est\u00e1 comprometido con la construcci\u00f3n de un mundo mejor y sostenible para las generaciones presentes y futuras. Reducimos nuestras emisiones de CO2: Fomentar el teletrabajo desde casa Privilegiar el uso de energ\u00edas renovables Utilice servidores neutros en CO2 Alentar a caminar, andar en bicicleta y andar en tren [&hellip;]\" \/>\n<meta property=\"og:url\" content=\"https:\/\/iotlab.com\/es\/desarrollo-sostenible\/nuestros-compromisos-ods\/\" \/>\n<meta property=\"og:site_name\" content=\"IoT Lab\" \/>\n<meta property=\"article:modified_time\" content=\"2022-08-29T06:15:59+00:00\" \/>\n<meta name=\"twitter:card\" content=\"summary_large_image\" \/>\n<meta name=\"twitter:label1\" content=\"Tiempo de lectura\" \/>\n\t<meta name=\"twitter:data1\" content=\"6 minutos\" \/>\n<script type=\"application\/ld+json\" class=\"yoast-schema-graph\">{\"@context\":\"https:\\\/\\\/schema.org\",\"@graph\":[{\"@type\":\"WebPage\",\"@id\":\"https:\\\/\\\/iotlab.com\\\/es\\\/desarrollo-sostenible\\\/nuestros-compromisos-ods\\\/\",\"url\":\"https:\\\/\\\/iotlab.com\\\/es\\\/desarrollo-sostenible\\\/nuestros-compromisos-ods\\\/\",\"name\":\"Nuestros compromisos ODS - IoT Lab\",\"isPartOf\":{\"@id\":\"https:\\\/\\\/iotlab.com\\\/es\\\/#website\"},\"datePublished\":\"2022-08-29T06:15:57+00:00\",\"dateModified\":\"2022-08-29T06:15:59+00:00\",\"breadcrumb\":{\"@id\":\"https:\\\/\\\/iotlab.com\\\/es\\\/desarrollo-sostenible\\\/nuestros-compromisos-ods\\\/#breadcrumb\"},\"inLanguage\":\"es\",\"potentialAction\":[{\"@type\":\"ReadAction\",\"target\":[\"https:\\\/\\\/iotlab.com\\\/es\\\/desarrollo-sostenible\\\/nuestros-compromisos-ods\\\/\"]}]},{\"@type\":\"BreadcrumbList\",\"@id\":\"https:\\\/\\\/iotlab.com\\\/es\\\/desarrollo-sostenible\\\/nuestros-compromisos-ods\\\/#breadcrumb\",\"itemListElement\":[{\"@type\":\"ListItem\",\"position\":1,\"name\":\"Home\",\"item\":\"https:\\\/\\\/iotlab.com\\\/es\\\/\"},{\"@type\":\"ListItem\",\"position\":2,\"name\":\"Desarrollo sostenible\",\"item\":\"https:\\\/\\\/iotlab.com\\\/es\\\/desarrollo-sostenible\\\/\"},{\"@type\":\"ListItem\",\"position\":3,\"name\":\"Nuestros compromisos ODS\"}]},{\"@type\":\"WebSite\",\"@id\":\"https:\\\/\\\/iotlab.com\\\/es\\\/#website\",\"url\":\"https:\\\/\\\/iotlab.com\\\/es\\\/\",\"name\":\"Iot Lab\",\"description\":\"IoT Lab is an international platform of services and resources for the Internet of Things (IoT), digital transformation and data protection, providing solutions and services for Internet of Things and Digital Transformation, Smart Cities, Privacy &amp; Security, Research &amp; Innovation, Technology transfer &amp; Standardization, International Cooperation and SDGs.\",\"alternateName\":\"Iot Lab\",\"potentialAction\":[{\"@type\":\"SearchAction\",\"target\":{\"@type\":\"EntryPoint\",\"urlTemplate\":\"https:\\\/\\\/iotlab.com\\\/es\\\/?s={search_term_string}\"},\"query-input\":{\"@type\":\"PropertyValueSpecification\",\"valueRequired\":true,\"valueName\":\"search_term_string\"}}],\"inLanguage\":\"es\"}]}<\/script>\n<!-- \/ Yoast SEO Premium plugin. -->","yoast_head_json":{"title":"Nuestros compromisos ODS - IoT Lab","robots":{"index":"index","follow":"follow","max-snippet":"max-snippet:-1","max-image-preview":"max-image-preview:large","max-video-preview":"max-video-preview:-1"},"canonical":"https:\/\/iotlab.com\/es\/desarrollo-sostenible\/nuestros-compromisos-ods\/","og_locale":"es_ES","og_type":"article","og_title":"Nuestros compromisos ODS","og_description":"Construyendo un mundo mejor y sostenibleIoT Lab est\u00e1 comprometido con la construcci\u00f3n de un mundo mejor y sostenible para las generaciones presentes y futuras. Reducimos nuestras emisiones de CO2: Fomentar el teletrabajo desde casa Privilegiar el uso de energ\u00edas renovables Utilice servidores neutros en CO2 Alentar a caminar, andar en bicicleta y andar en tren [&hellip;]","og_url":"https:\/\/iotlab.com\/es\/desarrollo-sostenible\/nuestros-compromisos-ods\/","og_site_name":"IoT Lab","article_modified_time":"2022-08-29T06:15:59+00:00","twitter_card":"summary_large_image","twitter_misc":{"Tiempo de lectura":"6 minutos"},"schema":{"@context":"https:\/\/schema.org","@graph":[{"@type":"WebPage","@id":"https:\/\/iotlab.com\/es\/desarrollo-sostenible\/nuestros-compromisos-ods\/","url":"https:\/\/iotlab.com\/es\/desarrollo-sostenible\/nuestros-compromisos-ods\/","name":"Nuestros compromisos ODS - IoT Lab","isPartOf":{"@id":"https:\/\/iotlab.com\/es\/#website"},"datePublished":"2022-08-29T06:15:57+00:00","dateModified":"2022-08-29T06:15:59+00:00","breadcrumb":{"@id":"https:\/\/iotlab.com\/es\/desarrollo-sostenible\/nuestros-compromisos-ods\/#breadcrumb"},"inLanguage":"es","potentialAction":[{"@type":"ReadAction","target":["https:\/\/iotlab.com\/es\/desarrollo-sostenible\/nuestros-compromisos-ods\/"]}]},{"@type":"BreadcrumbList","@id":"https:\/\/iotlab.com\/es\/desarrollo-sostenible\/nuestros-compromisos-ods\/#breadcrumb","itemListElement":[{"@type":"ListItem","position":1,"name":"Home","item":"https:\/\/iotlab.com\/es\/"},{"@type":"ListItem","position":2,"name":"Desarrollo sostenible","item":"https:\/\/iotlab.com\/es\/desarrollo-sostenible\/"},{"@type":"ListItem","position":3,"name":"Nuestros compromisos ODS"}]},{"@type":"WebSite","@id":"https:\/\/iotlab.com\/es\/#website","url":"https:\/\/iotlab.com\/es\/","name":"Iot Lab","description":"IoT Lab is an international platform of services and resources for the Internet of Things (IoT), digital transformation and data protection, providing solutions and services for Internet of Things and Digital Transformation, Smart Cities, Privacy &amp; Security, Research &amp; Innovation, Technology transfer &amp; Standardization, International Cooperation and SDGs.","alternateName":"Iot Lab","potentialAction":[{"@type":"SearchAction","target":{"@type":"EntryPoint","urlTemplate":"https:\/\/iotlab.com\/es\/?s={search_term_string}"},"query-input":{"@type":"PropertyValueSpecification","valueRequired":true,"valueName":"search_term_string"}}],"inLanguage":"es"}]}},"_links":{"self":[{"href":"https:\/\/iotlab.com\/es\/wp-json\/wp\/v2\/pages\/33254","targetHints":{"allow":["GET"]}}],"collection":[{"href":"https:\/\/iotlab.com\/es\/wp-json\/wp\/v2\/pages"}],"about":[{"href":"https:\/\/iotlab.com\/es\/wp-json\/wp\/v2\/types\/page"}],"author":[{"embeddable":true,"href":"https:\/\/iotlab.com\/es\/wp-json\/wp\/v2\/users\/1"}],"replies":[{"embeddable":true,"href":"https:\/\/iotlab.com\/es\/wp-json\/wp\/v2\/comments?post=33254"}],"version-history":[{"count":2,"href":"https:\/\/iotlab.com\/es\/wp-json\/wp\/v2\/pages\/33254\/revisions"}],"predecessor-version":[{"id":33256,"href":"https:\/\/iotlab.com\/es\/wp-json\/wp\/v2\/pages\/33254\/revisions\/33256"}],"up":[{"embeddable":true,"href":"https:\/\/iotlab.com\/es\/wp-json\/wp\/v2\/pages\/31512"}],"wp:attachment":[{"href":"https:\/\/iotlab.com\/es\/wp-json\/wp\/v2\/media?parent=33254"}],"curies":[{"name":"wp","href":"https:\/\/api.w.org\/{rel}","templated":true}]}}