{"id":30464,"date":"2021-10-01T08:56:59","date_gmt":"2021-10-01T06:56:59","guid":{"rendered":"https:\/\/iotlab.com\/12-bonnes-raisons-de-travailler-avec-nous\/"},"modified":"2022-08-29T08:44:11","modified_gmt":"2022-08-29T06:44:11","slug":"12-bonnes-raisons-de-travailler-avec-nous","status":"publish","type":"page","link":"https:\/\/iotlab.com\/fr\/12-bonnes-raisons-de-travailler-avec-nous\/","title":{"rendered":"13 bonnes raisons de travailler avec IoT Lab"},"content":{"rendered":"<p>[et_pb_section fb_built=\u00a0\u00bb1&Prime; fullwidth=\u00a0\u00bbon\u00a0\u00bb admin_label=\u00a0\u00bbHero\u00a0\u00bb _builder_version=\u00a0\u00bb4.16&Prime; _module_preset=\u00a0\u00bbdefault\u00a0\u00bb background_image=\u00a0\u00bbhttps:\/\/iotlab.com\/wp-content\/uploads\/2021\/08\/dreamstime_xxl_77811688.jpg\u00a0\u00bb background_position=\u00a0\u00bbcenter_left\u00a0\u00bb custom_css_main_element=\u00a0\u00bb  background-attachment: fixed;||  background-position: bottom;||  background-repeat: no-repeat;||  background-size: cover;\u00a0\u00bb box_shadow_style=\u00a0\u00bbpreset1&Prime; locked=\u00a0\u00bboff\u00a0\u00bb global_colors_info=\u00a0\u00bb{}\u00a0\u00bb][et_pb_fullwidth_slider use_bg_overlay=\u00a0\u00bboff\u00a0\u00bb use_text_overlay=\u00a0\u00bboff\u00a0\u00bb admin_label=\u00a0\u00bbFullwidth Slider\u00a0\u00bb _builder_version=\u00a0\u00bb4.16&Prime; _module_preset=\u00a0\u00bbdefault\u00a0\u00bb header_text_align=\u00a0\u00bbleft\u00a0\u00bb background_enable_color=\u00a0\u00bboff\u00a0\u00bb width=\u00a0\u00bb100%\u00a0\u00bb module_alignment=\u00a0\u00bbcenter\u00a0\u00bb content_width=\u00a0\u00bb100%\u00a0\u00bb content_max_width=\u00a0\u00bb100%\u00a0\u00bb max_height=\u00a0\u00bb351px\u00a0\u00bb custom_padding=\u00a0\u00bb80px||80px||true|false\u00a0\u00bb global_colors_info=\u00a0\u00bb{}\u00a0\u00bb][et_pb_slide heading=\u00a0\u00bb13 bonnes raisons de travailler avec IoT Lab\u00a0\u00bb _builder_version=\u00a0\u00bb4.16&Prime; _module_preset=\u00a0\u00bbdefault\u00a0\u00bb header_level=\u00a0\u00bbh1&Prime; header_font=\u00a0\u00bb|600|||||||\u00a0\u00bb header_text_align=\u00a0\u00bbcenter\u00a0\u00bb header_font_size=\u00a0\u00bb40px\u00a0\u00bb header_line_height=\u00a0\u00bb1.2em\u00a0\u00bb body_text_align=\u00a0\u00bbleft\u00a0\u00bb body_font_size=\u00a0\u00bb20px\u00a0\u00bb body_line_height=\u00a0\u00bb1.5em\u00a0\u00bb background_color=\u00a0\u00bbrgba(16,21,53,0.81)\u00a0\u00bb background_enable_color=\u00a0\u00bbon\u00a0\u00bb use_background_color_gradient=\u00a0\u00bbon\u00a0\u00bb background_color_gradient_type=\u00a0\u00bbcircular\u00a0\u00bb background_color_gradient_direction_radial=\u00a0\u00bbbottom\u00a0\u00bb background_color_gradient_stops=\u00a0\u00bbrgba(0,0,0,0) 0%|#00abd6 92%\u00a0\u00bb background_color_gradient_start=\u00a0\u00bbrgba(0,0,0,0)\u00a0\u00bb background_color_gradient_end=\u00a0\u00bb#00abd6&Prime; background_color_gradient_end_position=\u00a0\u00bb92%\u00a0\u00bb button_alignment=\u00a0\u00bbleft\u00a0\u00bb text_orientation=\u00a0\u00bbleft\u00a0\u00bb max_width=\u00a0\u00bb1080px\u00a0\u00bb max_width_tablet=\u00a0\u00bb605px\u00a0\u00bb max_width_phone=\u00a0\u00bb304px\u00a0\u00bb max_width_last_edited=\u00a0\u00bbon|phone\u00a0\u00bb custom_padding=\u00a0\u00bb|0px||0px|false|true\u00a0\u00bb custom_padding_tablet=\u00a0\u00bb30px|0px|30px|0px|true|false\u00a0\u00bb custom_padding_phone=\u00a0\u00bb25px|0px|25px|0px|true|true\u00a0\u00bb custom_padding_last_edited=\u00a0\u00bbon|phone\u00a0\u00bb header_font_size_tablet=\u00a0\u00bb\u00a0\u00bb header_font_size_phone=\u00a0\u00bb28px\u00a0\u00bb header_font_size_last_edited=\u00a0\u00bbon|phone\u00a0\u00bb custom_css_slide_image=\u00a0\u00bbmax-width: 40%;\u00a0\u00bb global_colors_info=\u00a0\u00bb{}\u00a0\u00bb sticky_transition=\u00a0\u00bbon\u00a0\u00bb][\/et_pb_slide][\/et_pb_fullwidth_slider][\/et_pb_section][et_pb_section fb_built=\u00a0\u00bb1&Prime; custom_padding_last_edited=\u00a0\u00bbon|desktop\u00a0\u00bb _builder_version=\u00a0\u00bb4.17.6&Prime; _module_preset=\u00a0\u00bb38daf00d-ad10-460d-98cc-26939271c41b\u00a0\u00bb custom_padding_tablet=\u00a0\u00bb\u00a0\u00bb custom_padding_phone=\u00a0\u00bb\u00a0\u00bb global_colors_info=\u00a0\u00bb{}\u00a0\u00bb][et_pb_row custom_padding_last_edited=\u00a0\u00bbon|desktop\u00a0\u00bb _builder_version=\u00a0\u00bb4.17.6&Prime; _module_preset=\u00a0\u00bb_initial\u00a0\u00bb custom_padding_tablet=\u00a0\u00bb\u00a0\u00bb custom_padding_phone=\u00a0\u00bb\u00a0\u00bb locked=\u00a0\u00bboff\u00a0\u00bb global_colors_info=\u00a0\u00bb{}\u00a0\u00bb][et_pb_column type=\u00a0\u00bb4_4&Prime; _builder_version=\u00a0\u00bb4.16&Prime; _module_preset=\u00a0\u00bbdefault\u00a0\u00bb global_colors_info=\u00a0\u00bb{}\u00a0\u00bb][et_pb_cta _builder_version=\u00a0\u00bb4.18.0&Prime; _module_preset=\u00a0\u00bbb7ff18db-5cb7-413a-86fc-ef1b2fa70a71&Prime; header_text_color=\u00a0\u00bb#0c71c3&Prime; custom_margin=\u00a0\u00bb0px|0px|0px|0px|false|false\u00a0\u00bb custom_padding_tablet=\u00a0\u00bb\u00a0\u00bb custom_padding_phone=\u00a0\u00bb\u00a0\u00bb custom_padding_last_edited=\u00a0\u00bbon|desktop\u00a0\u00bb hover_enabled=\u00a0\u00bb0&Prime; locked=\u00a0\u00bboff\u00a0\u00bb global_colors_info=\u00a0\u00bb{}\u00a0\u00bb sticky_enabled=\u00a0\u00bb0&Prime;]<\/p>\n<p>1. <strong>Une expertise de permier ordre en IoT transformation digitale <\/strong>, comprenant les Pr\u00e9sidents du Forum IoT et du Forum IPv6,<br \/>Europrivacy, Smart City Lab.<br \/>2. <strong>Une approache centr\u00e9e sur les clients<\/strong> pour adresser vos besoins sp\u00e9cifiques.<br \/>3. <strong>Agile and cost-efficient model to save costs<\/strong> et pour \u00e9viter des charges fixes avec un mod\u00e8le de paiement \u00e0 l&rsquo;utilisation.<br \/>4. <strong>Une connection directe \u00e0 la communaut\u00e9 de recherche europ\u00e9enne<\/strong> et \u00e0 un r\u00e9seau de plus de 150 partenaires dans 22<br \/>pays afin <strong>d&rsquo;acc\u00e9der au plus r\u00e9cents r\u00e9sultats de recherche et d&rsquo;innovation et de s\u00e9lectionner des technologies p\u00e9rennes<\/strong>.<br \/>5. <strong>Une exp\u00e9rience de projets et de d\u00e9ploiements \u00e0 large \u00e9chelle<\/strong>, incluant de grandes cit\u00e9s europ\u00e9ennes.<br \/>6. Une expertise unique dans plus de 50 standards IoT et M2M et de protocoles communication et une interoperability pour<br \/>garantir l&rsquo;integration avec l&rsquo;existant et pr\u00e9venir les blocages par des solutions propri\u00e9taires.<br \/>7. <strong>Un engagement actif dans la standardization<\/strong> afin d&rsquo;anticiper les technologies et normes \u00e0 venir.<br \/>8. <strong>Equipe multidisciplinaire<\/strong> incluant des experts ICT et des ing\u00e9nieurs, des juristes, des \u00e9conomistes, des auditeurs et<br \/>des sp\u00e9cialistes en environment.<br \/>9. <strong>Une exp\u00e9rience dans divers various verticaux<\/strong>, incluant les villes intelligentes, les donn\u00e9es m\u00e9dicales, le secteur des t\u00e9l\u00e9com, l&rsquo;industrie intelligente, l&rsquo;\u00e9nergie,<br \/>les v\u00e9hicules connect\u00e9s, les buildings intelligents, le management de l&rsquo;eau et l&rsquo;agriculture intelligente.<br \/>10. <strong>Une expertise en IPv6 et 5G<\/strong> et une architecture r\u00e9seau tr\u00e8s \u00e9volutive et des strat\u00e9gies de d\u00e9ploiement, depuis le coeur jusqu&rsquo;\u00e0<br \/>la p\u00e9riph\u00e9rie, incluant les technologies r\u00e9seau par couches.<br \/>11. <strong>Un acc\u00e8s \u00e0 la plus large infrastructure europ\u00e9enne de banc de tests<\/strong> comprenant plus de 5000 noeuds de test et<br \/>de solutions de validation.<br \/>12. <strong>Une expertise en protection des donn\u00e9es<\/strong> et un partenariat officiel avec Europrivacy pour fournir une \u00e9valuation d&rsquo;impact en protection des donn\u00e9es, une protection de la vie priv\u00e9e<br \/>par design, un audit et une analyse des lacunes, une certification RGPD et Suisse<br \/>13. Une expertise en <strong>D\u00e9veloppement Durable et ODDs<\/strong> afin de minimiser votre empreinte environnementale et climatique.<\/p>\n<p>[\/et_pb_cta][\/et_pb_column][\/et_pb_row][et_pb_row _builder_version=\u00a0\u00bb4.17.6&Prime; _module_preset=\u00a0\u00bbf3406a9a-c674-45a5-9082-7ddf65d6e8b4&Prime; global_colors_info=\u00a0\u00bb{}\u00a0\u00bb][et_pb_column type=\u00a0\u00bb4_4&Prime; _builder_version=\u00a0\u00bb4.16&Prime; _module_preset=\u00a0\u00bbdefault\u00a0\u00bb global_colors_info=\u00a0\u00bb{}\u00a0\u00bb][et_pb_button button_url=\u00a0\u00bb@ET-DC@eyJkeW5hbWljIjp0cnVlLCJjb250ZW50IjoicG9zdF9saW5rX3VybF9wYWdlIiwic2V0dGluZ3MiOnsicG9zdF9pZCI6IjQ1In19@\u00a0\u00bb button_text=\u00a0\u00bbNous contacter\u00a0\u00bb button_alignment=\u00a0\u00bbright\u00a0\u00bb _builder_version=\u00a0\u00bb4.16&Prime; _dynamic_attributes=\u00a0\u00bbbutton_url\u00a0\u00bb _module_preset=\u00a0\u00bbdefault\u00a0\u00bb global_colors_info=\u00a0\u00bb{}\u00a0\u00bb][\/et_pb_button][\/et_pb_column][\/et_pb_row][\/et_pb_section]<\/p>\n","protected":false},"excerpt":{"rendered":"<p>1. Une expertise de permier ordre en IoT transformation digitale , comprenant les Pr\u00e9sidents du Forum IoT et du Forum IPv6,Europrivacy, Smart City Lab.2. Une approache centr\u00e9e sur les clients pour adresser vos besoins sp\u00e9cifiques.3. Agile and cost-efficient model to save costs et pour \u00e9viter des charges fixes avec un mod\u00e8le de paiement \u00e0 l&rsquo;utilisation.4. [&hellip;]<\/p>\n","protected":false},"author":1,"featured_media":0,"parent":0,"menu_order":0,"comment_status":"closed","ping_status":"closed","template":"","meta":{"_et_pb_use_builder":"on","_et_pb_old_content":"","_et_gb_content_width":"","inline_featured_image":false,"footnotes":""},"class_list":["post-30464","page","type-page","status-publish","hentry"],"yoast_head":"<!-- This site is optimized with the Yoast SEO Premium plugin v27.4 (Yoast SEO v27.5) - https:\/\/yoast.com\/product\/yoast-seo-premium-wordpress\/ -->\n<title>13 bonnes raisons de travailler avec IoT Lab - IoT Lab<\/title>\n<meta name=\"robots\" content=\"index, follow, max-snippet:-1, max-image-preview:large, max-video-preview:-1\" \/>\n<link rel=\"canonical\" href=\"https:\/\/iotlab.com\/fr\/12-bonnes-raisons-de-travailler-avec-nous\/\" \/>\n<meta property=\"og:locale\" content=\"fr_FR\" \/>\n<meta property=\"og:type\" content=\"article\" \/>\n<meta property=\"og:title\" content=\"13 bonnes raisons de travailler avec IoT Lab\" \/>\n<meta property=\"og:description\" content=\"1. Une expertise de permier ordre en IoT transformation digitale , comprenant les Pr\u00e9sidents du Forum IoT et du Forum IPv6,Europrivacy, Smart City Lab.2. Une approache centr\u00e9e sur les clients pour adresser vos besoins sp\u00e9cifiques.3. Agile and cost-efficient model to save costs et pour \u00e9viter des charges fixes avec un mod\u00e8le de paiement \u00e0 l&#039;utilisation.4. [&hellip;]\" \/>\n<meta property=\"og:url\" content=\"https:\/\/iotlab.com\/fr\/12-bonnes-raisons-de-travailler-avec-nous\/\" \/>\n<meta property=\"og:site_name\" content=\"IoT Lab\" \/>\n<meta property=\"article:modified_time\" content=\"2022-08-29T06:44:11+00:00\" \/>\n<meta name=\"twitter:card\" content=\"summary_large_image\" \/>\n<meta name=\"twitter:label1\" content=\"Dur\u00e9e de lecture estim\u00e9e\" \/>\n\t<meta name=\"twitter:data1\" content=\"4 minutes\" \/>\n<script type=\"application\/ld+json\" class=\"yoast-schema-graph\">{\"@context\":\"https:\\\/\\\/schema.org\",\"@graph\":[{\"@type\":\"WebPage\",\"@id\":\"https:\\\/\\\/iotlab.com\\\/fr\\\/12-bonnes-raisons-de-travailler-avec-nous\\\/\",\"url\":\"https:\\\/\\\/iotlab.com\\\/fr\\\/12-bonnes-raisons-de-travailler-avec-nous\\\/\",\"name\":\"13 bonnes raisons de travailler avec IoT Lab - IoT Lab\",\"isPartOf\":{\"@id\":\"https:\\\/\\\/iotlab.com\\\/fr\\\/#website\"},\"datePublished\":\"2021-10-01T06:56:59+00:00\",\"dateModified\":\"2022-08-29T06:44:11+00:00\",\"breadcrumb\":{\"@id\":\"https:\\\/\\\/iotlab.com\\\/fr\\\/12-bonnes-raisons-de-travailler-avec-nous\\\/#breadcrumb\"},\"inLanguage\":\"fr-FR\",\"potentialAction\":[{\"@type\":\"ReadAction\",\"target\":[\"https:\\\/\\\/iotlab.com\\\/fr\\\/12-bonnes-raisons-de-travailler-avec-nous\\\/\"]}]},{\"@type\":\"BreadcrumbList\",\"@id\":\"https:\\\/\\\/iotlab.com\\\/fr\\\/12-bonnes-raisons-de-travailler-avec-nous\\\/#breadcrumb\",\"itemListElement\":[{\"@type\":\"ListItem\",\"position\":1,\"name\":\"Home\",\"item\":\"https:\\\/\\\/iotlab.com\\\/fr\\\/\"},{\"@type\":\"ListItem\",\"position\":2,\"name\":\"13 bonnes raisons de travailler avec IoT Lab\"}]},{\"@type\":\"WebSite\",\"@id\":\"https:\\\/\\\/iotlab.com\\\/fr\\\/#website\",\"url\":\"https:\\\/\\\/iotlab.com\\\/fr\\\/\",\"name\":\"Iot Lab\",\"description\":\"IoT Lab is an international platform of services and resources for the Internet of Things (IoT), digital transformation and data protection, providing solutions and services for Internet of Things and Digital Transformation, Smart Cities, Privacy &amp; Security, Research &amp; Innovation, Technology transfer &amp; Standardization, International Cooperation and SDGs.\",\"alternateName\":\"Iot Lab\",\"potentialAction\":[{\"@type\":\"SearchAction\",\"target\":{\"@type\":\"EntryPoint\",\"urlTemplate\":\"https:\\\/\\\/iotlab.com\\\/fr\\\/?s={search_term_string}\"},\"query-input\":{\"@type\":\"PropertyValueSpecification\",\"valueRequired\":true,\"valueName\":\"search_term_string\"}}],\"inLanguage\":\"fr-FR\"}]}<\/script>\n<!-- \/ Yoast SEO Premium plugin. -->","yoast_head_json":{"title":"13 bonnes raisons de travailler avec IoT Lab - IoT Lab","robots":{"index":"index","follow":"follow","max-snippet":"max-snippet:-1","max-image-preview":"max-image-preview:large","max-video-preview":"max-video-preview:-1"},"canonical":"https:\/\/iotlab.com\/fr\/12-bonnes-raisons-de-travailler-avec-nous\/","og_locale":"fr_FR","og_type":"article","og_title":"13 bonnes raisons de travailler avec IoT Lab","og_description":"1. Une expertise de permier ordre en IoT transformation digitale , comprenant les Pr\u00e9sidents du Forum IoT et du Forum IPv6,Europrivacy, Smart City Lab.2. Une approache centr\u00e9e sur les clients pour adresser vos besoins sp\u00e9cifiques.3. Agile and cost-efficient model to save costs et pour \u00e9viter des charges fixes avec un mod\u00e8le de paiement \u00e0 l'utilisation.4. [&hellip;]","og_url":"https:\/\/iotlab.com\/fr\/12-bonnes-raisons-de-travailler-avec-nous\/","og_site_name":"IoT Lab","article_modified_time":"2022-08-29T06:44:11+00:00","twitter_card":"summary_large_image","twitter_misc":{"Dur\u00e9e de lecture estim\u00e9e":"4 minutes"},"schema":{"@context":"https:\/\/schema.org","@graph":[{"@type":"WebPage","@id":"https:\/\/iotlab.com\/fr\/12-bonnes-raisons-de-travailler-avec-nous\/","url":"https:\/\/iotlab.com\/fr\/12-bonnes-raisons-de-travailler-avec-nous\/","name":"13 bonnes raisons de travailler avec IoT Lab - IoT Lab","isPartOf":{"@id":"https:\/\/iotlab.com\/fr\/#website"},"datePublished":"2021-10-01T06:56:59+00:00","dateModified":"2022-08-29T06:44:11+00:00","breadcrumb":{"@id":"https:\/\/iotlab.com\/fr\/12-bonnes-raisons-de-travailler-avec-nous\/#breadcrumb"},"inLanguage":"fr-FR","potentialAction":[{"@type":"ReadAction","target":["https:\/\/iotlab.com\/fr\/12-bonnes-raisons-de-travailler-avec-nous\/"]}]},{"@type":"BreadcrumbList","@id":"https:\/\/iotlab.com\/fr\/12-bonnes-raisons-de-travailler-avec-nous\/#breadcrumb","itemListElement":[{"@type":"ListItem","position":1,"name":"Home","item":"https:\/\/iotlab.com\/fr\/"},{"@type":"ListItem","position":2,"name":"13 bonnes raisons de travailler avec IoT Lab"}]},{"@type":"WebSite","@id":"https:\/\/iotlab.com\/fr\/#website","url":"https:\/\/iotlab.com\/fr\/","name":"Iot Lab","description":"IoT Lab is an international platform of services and resources for the Internet of Things (IoT), digital transformation and data protection, providing solutions and services for Internet of Things and Digital Transformation, Smart Cities, Privacy &amp; Security, Research &amp; Innovation, Technology transfer &amp; Standardization, International Cooperation and SDGs.","alternateName":"Iot Lab","potentialAction":[{"@type":"SearchAction","target":{"@type":"EntryPoint","urlTemplate":"https:\/\/iotlab.com\/fr\/?s={search_term_string}"},"query-input":{"@type":"PropertyValueSpecification","valueRequired":true,"valueName":"search_term_string"}}],"inLanguage":"fr-FR"}]}},"_links":{"self":[{"href":"https:\/\/iotlab.com\/fr\/wp-json\/wp\/v2\/pages\/30464","targetHints":{"allow":["GET"]}}],"collection":[{"href":"https:\/\/iotlab.com\/fr\/wp-json\/wp\/v2\/pages"}],"about":[{"href":"https:\/\/iotlab.com\/fr\/wp-json\/wp\/v2\/types\/page"}],"author":[{"embeddable":true,"href":"https:\/\/iotlab.com\/fr\/wp-json\/wp\/v2\/users\/1"}],"replies":[{"embeddable":true,"href":"https:\/\/iotlab.com\/fr\/wp-json\/wp\/v2\/comments?post=30464"}],"version-history":[{"count":21,"href":"https:\/\/iotlab.com\/fr\/wp-json\/wp\/v2\/pages\/30464\/revisions"}],"predecessor-version":[{"id":33279,"href":"https:\/\/iotlab.com\/fr\/wp-json\/wp\/v2\/pages\/30464\/revisions\/33279"}],"wp:attachment":[{"href":"https:\/\/iotlab.com\/fr\/wp-json\/wp\/v2\/media?parent=30464"}],"curies":[{"name":"wp","href":"https:\/\/api.w.org\/{rel}","templated":true}]}}