{"id":30534,"date":"2021-10-01T09:06:44","date_gmt":"2021-10-01T07:06:44","guid":{"rendered":"https:\/\/iotlab.com\/a-propos-de-nous-et-des-partenaires\/"},"modified":"2025-02-20T00:28:57","modified_gmt":"2025-02-19T23:28:57","slug":"a-propos-de-nous-et-des-partenaires","status":"publish","type":"page","link":"https:\/\/iotlab.com\/fr\/a-propos-de-nous-et-des-partenaires\/","title":{"rendered":"A propos"},"content":{"rendered":"<p>[et_pb_section fb_built=\u00a0\u00bb1&Prime; fullwidth=\u00a0\u00bbon\u00a0\u00bb admin_label=\u00a0\u00bbHero\u00a0\u00bb _builder_version=\u00a0\u00bb4.16&Prime; _module_preset=\u00a0\u00bbdefault\u00a0\u00bb background_image=\u00a0\u00bbhttps:\/\/iotlab.com\/wp-content\/uploads\/2021\/05\/Logo-Horizontal-innovation-crafters.png\u00a0\u00bb background_position=\u00a0\u00bbcenter_left\u00a0\u00bb custom_css_main_element=\u00a0\u00bb  background-attachment: fixed;||  background-position: bottom;||  background-repeat: no-repeat;||  background-size: cover;\u00a0\u00bb box_shadow_style=\u00a0\u00bbpreset1&Prime; locked=\u00a0\u00bboff\u00a0\u00bb global_colors_info=\u00a0\u00bb{}\u00a0\u00bb][et_pb_fullwidth_slider use_bg_overlay=\u00a0\u00bboff\u00a0\u00bb use_text_overlay=\u00a0\u00bboff\u00a0\u00bb admin_label=\u00a0\u00bbFullwidth Slider\u00a0\u00bb _builder_version=\u00a0\u00bb4.16&Prime; _module_preset=\u00a0\u00bbdefault\u00a0\u00bb header_text_align=\u00a0\u00bbleft\u00a0\u00bb background_enable_color=\u00a0\u00bboff\u00a0\u00bb width=\u00a0\u00bb100%\u00a0\u00bb module_alignment=\u00a0\u00bbcenter\u00a0\u00bb content_width=\u00a0\u00bb100%\u00a0\u00bb content_max_width=\u00a0\u00bb100%\u00a0\u00bb max_height=\u00a0\u00bb351px\u00a0\u00bb custom_padding=\u00a0\u00bb80px||80px||true|false\u00a0\u00bb global_colors_info=\u00a0\u00bb{}\u00a0\u00bb][et_pb_slide heading=\u00a0\u00bbA propos\u00a0\u00bb _builder_version=\u00a0\u00bb4.16&Prime; _module_preset=\u00a0\u00bbdefault\u00a0\u00bb header_level=\u00a0\u00bbh1&Prime; header_font=\u00a0\u00bb|600|||||||\u00a0\u00bb header_text_align=\u00a0\u00bbcenter\u00a0\u00bb header_font_size=\u00a0\u00bb40px\u00a0\u00bb header_line_height=\u00a0\u00bb1.2em\u00a0\u00bb body_text_align=\u00a0\u00bbleft\u00a0\u00bb body_font_size=\u00a0\u00bb20px\u00a0\u00bb body_line_height=\u00a0\u00bb1.5em\u00a0\u00bb background_color=\u00a0\u00bbrgba(16,21,53,0.81)\u00a0\u00bb background_enable_color=\u00a0\u00bbon\u00a0\u00bb use_background_color_gradient=\u00a0\u00bbon\u00a0\u00bb background_color_gradient_type=\u00a0\u00bbcircular\u00a0\u00bb background_color_gradient_direction_radial=\u00a0\u00bbbottom\u00a0\u00bb background_color_gradient_stops=\u00a0\u00bbrgba(0,0,0,0) 0%|#00abd6 92%\u00a0\u00bb background_color_gradient_start=\u00a0\u00bbrgba(0,0,0,0)\u00a0\u00bb background_color_gradient_end=\u00a0\u00bb#00abd6&Prime; background_color_gradient_end_position=\u00a0\u00bb92%\u00a0\u00bb button_alignment=\u00a0\u00bbleft\u00a0\u00bb text_orientation=\u00a0\u00bbleft\u00a0\u00bb max_width=\u00a0\u00bb1080px\u00a0\u00bb max_width_tablet=\u00a0\u00bb605px\u00a0\u00bb max_width_phone=\u00a0\u00bb304px\u00a0\u00bb max_width_last_edited=\u00a0\u00bbon|phone\u00a0\u00bb custom_padding=\u00a0\u00bb|0px||0px|false|true\u00a0\u00bb custom_padding_tablet=\u00a0\u00bb30px|0px|30px|0px|true|false\u00a0\u00bb custom_padding_phone=\u00a0\u00bb25px|0px|25px|0px|true|true\u00a0\u00bb custom_padding_last_edited=\u00a0\u00bbon|phone\u00a0\u00bb header_font_size_tablet=\u00a0\u00bb\u00a0\u00bb header_font_size_phone=\u00a0\u00bb28px\u00a0\u00bb header_font_size_last_edited=\u00a0\u00bbon|phone\u00a0\u00bb custom_css_slide_image=\u00a0\u00bbmax-width: 40%;\u00a0\u00bb global_colors_info=\u00a0\u00bb{}\u00a0\u00bb sticky_transition=\u00a0\u00bbon\u00a0\u00bb][\/et_pb_slide][\/et_pb_fullwidth_slider][\/et_pb_section][et_pb_section fb_built=\u00a0\u00bb1&Prime; custom_padding_last_edited=\u00a0\u00bbon|desktop\u00a0\u00bb admin_label=\u00a0\u00bbOur Mission\u00a0\u00bb module_id=\u00a0\u00bbA propos\u00a0\u00bb _builder_version=\u00a0\u00bb4.17.6&Prime; _module_preset=\u00a0\u00bb38daf00d-ad10-460d-98cc-26939271c41b\u00a0\u00bb custom_padding_tablet=\u00a0\u00bb\u00a0\u00bb custom_padding_phone=\u00a0\u00bb\u00a0\u00bb locked=\u00a0\u00bboff\u00a0\u00bb global_colors_info=\u00a0\u00bb{}\u00a0\u00bb][et_pb_row column_structure=\u00a0\u00bb1_2,1_2&Prime; custom_padding_last_edited=\u00a0\u00bbon|desktop\u00a0\u00bb _builder_version=\u00a0\u00bb4.17.6&Prime; _module_preset=\u00a0\u00bb_initial\u00a0\u00bb custom_padding_tablet=\u00a0\u00bb\u00a0\u00bb custom_padding_phone=\u00a0\u00bb\u00a0\u00bb global_colors_info=\u00a0\u00bb{}\u00a0\u00bb][et_pb_column type=\u00a0\u00bb1_2&Prime; _builder_version=\u00a0\u00bb4.16&Prime; _module_preset=\u00a0\u00bbdefault\u00a0\u00bb global_colors_info=\u00a0\u00bb{}\u00a0\u00bb][et_pb_text _builder_version=\u00a0\u00bb4.18.0&Prime; _module_preset=\u00a0\u00bb_initial\u00a0\u00bb custom_padding_tablet=\u00a0\u00bb23px|26px|23px|26px|true|true\u00a0\u00bb global_colors_info=\u00a0\u00bb{}\u00a0\u00bb]<\/p>\n<p>IoT Lab a \u00e9t\u00e9 cr\u00e9\u00e9 dans le cadre du projet de recherche europ\u00e9en \u00e9ponyme pour developper un laboratoire collaboratif qui rassemble des experts internationaux du domaine de l&rsquo;IoT issus de l&rsquo;industry et de la communaut\u00e9 de recherche. Son si\u00e8ge social est situ\u00e9<br \/>\u00e0 Gen\u00e8ve, au Biotech Campus, \u00e0 c\u00f4t\u00e9 des organisations internationales et des organisations mondiales de normalisation telles que l\u2019UIT, l\u2019ISO et la CEI.<\/p>\n<p>[\/et_pb_text][\/et_pb_column][et_pb_column type=\u00a0\u00bb1_2&Prime; _builder_version=\u00a0\u00bb4.16&Prime; _module_preset=\u00a0\u00bbdefault\u00a0\u00bb global_colors_info=\u00a0\u00bb{}\u00a0\u00bb][et_pb_image src=\u00a0\u00bbhttps:\/\/iotlab.com\/wp-content\/uploads\/2021\/05\/Logo-Horizontal-innovation-crafters-162&#215;60-1.png\u00a0\u00bb alt=\u00a0\u00bbIoT Lab &#8211; Logo Innovation Crafters\u00a0\u00bb title_text=\u00a0\u00bbIoT Lab &#8211; Logo Innovation Crafters\u00a0\u00bb align_tablet=\u00a0\u00bb\u00a0\u00bb align_phone=\u00a0\u00bb\u00a0\u00bb align_last_edited=\u00a0\u00bbon|desktop\u00a0\u00bb _builder_version=\u00a0\u00bb4.17.6&Prime; _module_preset=\u00a0\u00bbdefault\u00a0\u00bb max_width=\u00a0\u00bb88%\u00a0\u00bb custom_margin=\u00a0\u00bb||||false|false\u00a0\u00bb module_alignment_tablet=\u00a0\u00bb\u00a0\u00bb module_alignment_phone=\u00a0\u00bb\u00a0\u00bb module_alignment_last_edited=\u00a0\u00bbon|desktop\u00a0\u00bb global_colors_info=\u00a0\u00bb{}\u00a0\u00bb][\/et_pb_image][\/et_pb_column][\/et_pb_row][et_pb_row custom_padding_last_edited=\u00a0\u00bbon|desktop\u00a0\u00bb _builder_version=\u00a0\u00bb4.17.6&Prime; _module_preset=\u00a0\u00bb_initial\u00a0\u00bb custom_padding_tablet=\u00a0\u00bb\u00a0\u00bb custom_padding_phone=\u00a0\u00bb\u00a0\u00bb global_colors_info=\u00a0\u00bb{}\u00a0\u00bb][et_pb_column type=\u00a0\u00bb4_4&Prime; _builder_version=\u00a0\u00bb4.16&Prime; _module_preset=\u00a0\u00bbdefault\u00a0\u00bb global_colors_info=\u00a0\u00bb{}\u00a0\u00bb][et_pb_text _builder_version=\u00a0\u00bb4.18.0&Prime; _module_preset=\u00a0\u00bb_initial\u00a0\u00bb global_colors_info=\u00a0\u00bb{}\u00a0\u00bb]<\/p>\n<p>IoT Lab sert de point d&rsquo;entr\u00e9e et d&rsquo;interface avec la communaut\u00e9 de recherche et d&rsquo;innovation pour r\u00e9pondre aux demandes de:<\/p>\n<ul>\n<li>Compagnies et industries, y compris banques et assurances;<\/li>\n<li>Villes, municipalit\u00e9s et administrations publiques.<\/li>\n<\/ul>\n<p>[\/et_pb_text][\/et_pb_column][\/et_pb_row][et_pb_row custom_padding_last_edited=\u00a0\u00bbon|desktop\u00a0\u00bb _builder_version=\u00a0\u00bb4.17.6&Prime; _module_preset=\u00a0\u00bb_initial\u00a0\u00bb custom_padding_tablet=\u00a0\u00bb\u00a0\u00bb custom_padding_phone=\u00a0\u00bb\u00a0\u00bb global_colors_info=\u00a0\u00bb{}\u00a0\u00bb][et_pb_column type=\u00a0\u00bb4_4&Prime; _builder_version=\u00a0\u00bb4.16&Prime; _module_preset=\u00a0\u00bbdefault\u00a0\u00bb global_colors_info=\u00a0\u00bb{}\u00a0\u00bb][et_pb_text _builder_version=\u00a0\u00bb4.17.6&Prime; _module_preset=\u00a0\u00bb_initial\u00a0\u00bb global_colors_info=\u00a0\u00bb{}\u00a0\u00bb]<\/p>\n<p>L&rsquo;IoT Lab vise \u00e0 :<\/p>\n<ul>\n<li>Promouvoir la coop\u00e9ration internationale dans le domaine de la recherche&nbsp;;<\/li>\n<li>Soutenir et participer \u00e0 des activit\u00e9s de recherche et d\u00e9veloppement collaboratives;<\/li>\n<li>D\u00e9velopper et maintenir une infrastructure de recherche et de banc d&rsquo;essai partag\u00e9e, y compris la plate-forme IoT Lab de Testbed as a Service&nbsp;;<\/li>\n<li>Soutenir le transfert et l&rsquo;exploitation des r\u00e9sultats de la recherche vers la normalisation, le d\u00e9veloppement durable et l&rsquo;adoption par le march\u00e9&nbsp;;<\/li>\n<li>Promouvoir l&rsquo;utilisation des ressources et de l&rsquo;expertise de ses membres.<\/li>\n<\/ul>\n<p>[\/et_pb_text][\/et_pb_column][\/et_pb_row][et_pb_row custom_padding_last_edited=\u00a0\u00bbon|desktop\u00a0\u00bb _builder_version=\u00a0\u00bb4.17.6&Prime; _module_preset=\u00a0\u00bb_initial\u00a0\u00bb custom_padding_tablet=\u00a0\u00bb\u00a0\u00bb custom_padding_phone=\u00a0\u00bb\u00a0\u00bb global_colors_info=\u00a0\u00bb{}\u00a0\u00bb][et_pb_column type=\u00a0\u00bb4_4&Prime; _builder_version=\u00a0\u00bb4.16&Prime; _module_preset=\u00a0\u00bbdefault\u00a0\u00bb global_colors_info=\u00a0\u00bb{}\u00a0\u00bb][et_pb_text _builder_version=\u00a0\u00bb4.27.4&Prime; _module_preset=\u00a0\u00bb_initial\u00a0\u00bb global_colors_info=\u00a0\u00bb{}\u00a0\u00bb]A travers ses membres, IoT Lab rassemble et mutualise des expertises compl\u00e9mentaires en :<\/p>\n<ul>\n<li>L\u2019Internet des objets, y compris l\u2019int\u00e9gration multiprotocole, l\u2019interop\u00e9rabilit\u00e9, les plates-formes \u00e9volutives, etc.<\/li>\n<li>Protection des donn\u00e9es personnelles et conformit\u00e9 au RGPD, y compris la protection des donn\u00e9es d\u00e8s la conception, les services DPIA, DPO, etc.<\/li>\n<li>Cybers\u00e9curit\u00e9, y compris l\u2019expertise ISO\/IEC 27001<\/li>\n<li>Les technologies r\u00e9seau, y compris la 5G, IPv6, SDN, NFV, le d\u00e9coupage dynamique du r\u00e9seau, etc.<\/li>\n<li>D\u00e9veloppement durable, y compris les objectifs de d\u00e9veloppement durable (ODD)<\/li>\n<li>Standardisation et interop\u00e9rabilit\u00e9<\/li>\n<li>Sensibilisation et communication<\/li>\n<\/ul>\n<p>[\/et_pb_text][\/et_pb_column][\/et_pb_row][\/et_pb_section][et_pb_section fb_built=\u00a0\u00bb1&Prime; custom_padding_last_edited=\u00a0\u00bbon|desktop\u00a0\u00bb admin_label=\u00a0\u00bbOur Mission\u00a0\u00bb module_id=\u00a0\u00bbA propos\u00a0\u00bb _builder_version=\u00a0\u00bb4.16&Prime; _module_preset=\u00a0\u00bbdefault\u00a0\u00bb background_color=\u00a0\u00bb#fafafa\u00a0\u00bb custom_margin=\u00a0\u00bb||||false|false\u00a0\u00bb custom_padding=\u00a0\u00bb3px||10px||false|false\u00a0\u00bb custom_padding_tablet=\u00a0\u00bb\u00a0\u00bb custom_padding_phone=\u00a0\u00bb\u00a0\u00bb top_divider_color=\u00a0\u00bbrgba(12,113,195,0.56)\u00a0\u00bb top_divider_height=\u00a0\u00bb44px\u00a0\u00bb top_divider_flip=\u00a0\u00bbhorizontal\u00a0\u00bb bottom_divider_color=\u00a0\u00bb#FFFFFF\u00a0\u00bb bottom_divider_height=\u00a0\u00bb72px\u00a0\u00bb border_style_all=\u00a0\u00bbnone\u00a0\u00bb locked=\u00a0\u00bboff\u00a0\u00bb global_colors_info=\u00a0\u00bb{}\u00a0\u00bb][et_pb_row column_structure=\u00a0\u00bb1_2,1_2&Prime; _builder_version=\u00a0\u00bb4.16&Prime; _module_preset=\u00a0\u00bbdefault\u00a0\u00bb global_colors_info=\u00a0\u00bb{}\u00a0\u00bb][et_pb_column type=\u00a0\u00bb1_2&Prime; _builder_version=\u00a0\u00bb4.16&Prime; _module_preset=\u00a0\u00bbdefault\u00a0\u00bb global_colors_info=\u00a0\u00bb{}\u00a0\u00bb][et_pb_text _builder_version=\u00a0\u00bb4.17.6&Prime; _module_preset=\u00a0\u00bb_initial\u00a0\u00bb custom_padding=\u00a0\u00bb|23px||23px|true|true\u00a0\u00bb custom_padding_tablet=\u00a0\u00bb23px|26px|23px|26px|true|true\u00a0\u00bb global_colors_info=\u00a0\u00bb{}\u00a0\u00bb]<\/p>\n<p><a href=\"https:\/\/iotlab.com\/fr\/12-bonnes-raisons-de-travailler-avec-nous\/\">13 bonnes raisons de travailler avec IoT Lab<\/a><\/p>\n<p><a href=\"https:\/\/iotlab.com\/fr\/conseil-dexperts-de-liot-lab-smart-city\/\">Pannel d&rsquo;experts<\/a><\/p>\n<p><a href=\"https:\/\/iotlab.com\/fr\/partenaires\/\">Partenaires<\/a><\/p>\n<p>[\/et_pb_text][\/et_pb_column][et_pb_column type=\u00a0\u00bb1_2&Prime; _builder_version=\u00a0\u00bb4.16&Prime; _module_preset=\u00a0\u00bbdefault\u00a0\u00bb global_colors_info=\u00a0\u00bb{}\u00a0\u00bb][et_pb_text _builder_version=\u00a0\u00bb4.17.6&Prime; _module_preset=\u00a0\u00bb_initial\u00a0\u00bb custom_padding=\u00a0\u00bb|23px||23px|true|true\u00a0\u00bb custom_padding_tablet=\u00a0\u00bb23px|26px|23px|26px|true|true\u00a0\u00bb global_colors_info=\u00a0\u00bb{}\u00a0\u00bb]<\/p>\n<p><a href=\"https:\/\/iotlab.com\/fr\/politique-de-confidentialite-et-de-cookies\/\">Politique de confidentialit\u00e9 et de cookies<\/a><\/p>\n<p><a href=\"https:\/\/iotlab.com\/fr\/termes-et-conditions\/\">Termes et conditions<\/a><\/p>\n<p>[\/et_pb_text][\/et_pb_column][\/et_pb_row][et_pb_row _builder_version=\u00a0\u00bb4.17.6&Prime; _module_preset=\u00a0\u00bbf3406a9a-c674-45a5-9082-7ddf65d6e8b4&Prime; global_colors_info=\u00a0\u00bb{}\u00a0\u00bb][et_pb_column type=\u00a0\u00bb4_4&Prime; _builder_version=\u00a0\u00bb4.17.6&Prime; _module_preset=\u00a0\u00bbdefault\u00a0\u00bb global_colors_info=\u00a0\u00bb{}\u00a0\u00bb][et_pb_button button_url=\u00a0\u00bb@ET-DC@eyJkeW5hbWljIjp0cnVlLCJjb250ZW50IjoicG9zdF9saW5rX3VybF9wYWdlIiwic2V0dGluZ3MiOnsicG9zdF9pZCI6IjQ1In19@\u00a0\u00bb button_text=\u00a0\u00bbNous contacter\u00a0\u00bb button_alignment=\u00a0\u00bbright\u00a0\u00bb _builder_version=\u00a0\u00bb4.16&Prime; _dynamic_attributes=\u00a0\u00bbbutton_url\u00a0\u00bb _module_preset=\u00a0\u00bbdefault\u00a0\u00bb global_colors_info=\u00a0\u00bb{}\u00a0\u00bb][\/et_pb_button][\/et_pb_column][\/et_pb_row][\/et_pb_section]<\/p>\n","protected":false},"excerpt":{"rendered":"<p>IoT Lab a \u00e9t\u00e9 cr\u00e9\u00e9 dans le cadre du projet de recherche europ\u00e9en \u00e9ponyme pour developper un laboratoire collaboratif qui rassemble des experts internationaux du domaine de l&rsquo;IoT issus de l&rsquo;industry et de la communaut\u00e9 de recherche. Son si\u00e8ge social est situ\u00e9\u00e0 Gen\u00e8ve, au Biotech Campus, \u00e0 c\u00f4t\u00e9 des organisations internationales et des organisations mondiales [&hellip;]<\/p>\n","protected":false},"author":1,"featured_media":0,"parent":0,"menu_order":0,"comment_status":"closed","ping_status":"closed","template":"","meta":{"_et_pb_use_builder":"on","_et_pb_old_content":"","_et_gb_content_width":"","inline_featured_image":false,"footnotes":""},"class_list":["post-30534","page","type-page","status-publish","hentry"],"yoast_head":"<!-- This site is optimized with the Yoast SEO Premium plugin v27.4 (Yoast SEO v27.5) - https:\/\/yoast.com\/product\/yoast-seo-premium-wordpress\/ -->\n<title>A propos - IoT Lab<\/title>\n<meta name=\"robots\" content=\"index, follow, max-snippet:-1, max-image-preview:large, max-video-preview:-1\" \/>\n<link rel=\"canonical\" href=\"https:\/\/iotlab.com\/fr\/a-propos-de-nous-et-des-partenaires\/\" \/>\n<meta property=\"og:locale\" content=\"fr_FR\" \/>\n<meta property=\"og:type\" content=\"article\" \/>\n<meta property=\"og:title\" content=\"A propos\" \/>\n<meta property=\"og:description\" content=\"IoT Lab a \u00e9t\u00e9 cr\u00e9\u00e9 dans le cadre du projet de recherche europ\u00e9en \u00e9ponyme pour developper un laboratoire collaboratif qui rassemble des experts internationaux du domaine de l&#039;IoT issus de l&#039;industry et de la communaut\u00e9 de recherche. Son si\u00e8ge social est situ\u00e9\u00e0 Gen\u00e8ve, au Biotech Campus, \u00e0 c\u00f4t\u00e9 des organisations internationales et des organisations mondiales [&hellip;]\" \/>\n<meta property=\"og:url\" content=\"https:\/\/iotlab.com\/fr\/a-propos-de-nous-et-des-partenaires\/\" \/>\n<meta property=\"og:site_name\" content=\"IoT Lab\" \/>\n<meta property=\"article:modified_time\" content=\"2025-02-19T23:28:57+00:00\" \/>\n<meta name=\"twitter:card\" content=\"summary_large_image\" \/>\n<meta name=\"twitter:label1\" content=\"Dur\u00e9e de lecture estim\u00e9e\" \/>\n\t<meta name=\"twitter:data1\" content=\"6 minutes\" \/>\n<script type=\"application\/ld+json\" class=\"yoast-schema-graph\">{\"@context\":\"https:\\\/\\\/schema.org\",\"@graph\":[{\"@type\":\"WebPage\",\"@id\":\"https:\\\/\\\/iotlab.com\\\/fr\\\/a-propos-de-nous-et-des-partenaires\\\/\",\"url\":\"https:\\\/\\\/iotlab.com\\\/fr\\\/a-propos-de-nous-et-des-partenaires\\\/\",\"name\":\"A propos - IoT Lab\",\"isPartOf\":{\"@id\":\"https:\\\/\\\/iotlab.com\\\/fr\\\/#website\"},\"datePublished\":\"2021-10-01T07:06:44+00:00\",\"dateModified\":\"2025-02-19T23:28:57+00:00\",\"breadcrumb\":{\"@id\":\"https:\\\/\\\/iotlab.com\\\/fr\\\/a-propos-de-nous-et-des-partenaires\\\/#breadcrumb\"},\"inLanguage\":\"fr-FR\",\"potentialAction\":[{\"@type\":\"ReadAction\",\"target\":[\"https:\\\/\\\/iotlab.com\\\/fr\\\/a-propos-de-nous-et-des-partenaires\\\/\"]}]},{\"@type\":\"BreadcrumbList\",\"@id\":\"https:\\\/\\\/iotlab.com\\\/fr\\\/a-propos-de-nous-et-des-partenaires\\\/#breadcrumb\",\"itemListElement\":[{\"@type\":\"ListItem\",\"position\":1,\"name\":\"Home\",\"item\":\"https:\\\/\\\/iotlab.com\\\/fr\\\/\"},{\"@type\":\"ListItem\",\"position\":2,\"name\":\"A propos\"}]},{\"@type\":\"WebSite\",\"@id\":\"https:\\\/\\\/iotlab.com\\\/fr\\\/#website\",\"url\":\"https:\\\/\\\/iotlab.com\\\/fr\\\/\",\"name\":\"Iot Lab\",\"description\":\"IoT Lab is an international platform of services and resources for the Internet of Things (IoT), digital transformation and data protection, providing solutions and services for Internet of Things and Digital Transformation, Smart Cities, Privacy &amp; Security, Research &amp; Innovation, Technology transfer &amp; Standardization, International Cooperation and SDGs.\",\"alternateName\":\"Iot Lab\",\"potentialAction\":[{\"@type\":\"SearchAction\",\"target\":{\"@type\":\"EntryPoint\",\"urlTemplate\":\"https:\\\/\\\/iotlab.com\\\/fr\\\/?s={search_term_string}\"},\"query-input\":{\"@type\":\"PropertyValueSpecification\",\"valueRequired\":true,\"valueName\":\"search_term_string\"}}],\"inLanguage\":\"fr-FR\"}]}<\/script>\n<!-- \/ Yoast SEO Premium plugin. -->","yoast_head_json":{"title":"A propos - IoT Lab","robots":{"index":"index","follow":"follow","max-snippet":"max-snippet:-1","max-image-preview":"max-image-preview:large","max-video-preview":"max-video-preview:-1"},"canonical":"https:\/\/iotlab.com\/fr\/a-propos-de-nous-et-des-partenaires\/","og_locale":"fr_FR","og_type":"article","og_title":"A propos","og_description":"IoT Lab a \u00e9t\u00e9 cr\u00e9\u00e9 dans le cadre du projet de recherche europ\u00e9en \u00e9ponyme pour developper un laboratoire collaboratif qui rassemble des experts internationaux du domaine de l'IoT issus de l'industry et de la communaut\u00e9 de recherche. Son si\u00e8ge social est situ\u00e9\u00e0 Gen\u00e8ve, au Biotech Campus, \u00e0 c\u00f4t\u00e9 des organisations internationales et des organisations mondiales [&hellip;]","og_url":"https:\/\/iotlab.com\/fr\/a-propos-de-nous-et-des-partenaires\/","og_site_name":"IoT Lab","article_modified_time":"2025-02-19T23:28:57+00:00","twitter_card":"summary_large_image","twitter_misc":{"Dur\u00e9e de lecture estim\u00e9e":"6 minutes"},"schema":{"@context":"https:\/\/schema.org","@graph":[{"@type":"WebPage","@id":"https:\/\/iotlab.com\/fr\/a-propos-de-nous-et-des-partenaires\/","url":"https:\/\/iotlab.com\/fr\/a-propos-de-nous-et-des-partenaires\/","name":"A propos - IoT Lab","isPartOf":{"@id":"https:\/\/iotlab.com\/fr\/#website"},"datePublished":"2021-10-01T07:06:44+00:00","dateModified":"2025-02-19T23:28:57+00:00","breadcrumb":{"@id":"https:\/\/iotlab.com\/fr\/a-propos-de-nous-et-des-partenaires\/#breadcrumb"},"inLanguage":"fr-FR","potentialAction":[{"@type":"ReadAction","target":["https:\/\/iotlab.com\/fr\/a-propos-de-nous-et-des-partenaires\/"]}]},{"@type":"BreadcrumbList","@id":"https:\/\/iotlab.com\/fr\/a-propos-de-nous-et-des-partenaires\/#breadcrumb","itemListElement":[{"@type":"ListItem","position":1,"name":"Home","item":"https:\/\/iotlab.com\/fr\/"},{"@type":"ListItem","position":2,"name":"A propos"}]},{"@type":"WebSite","@id":"https:\/\/iotlab.com\/fr\/#website","url":"https:\/\/iotlab.com\/fr\/","name":"Iot Lab","description":"IoT Lab is an international platform of services and resources for the Internet of Things (IoT), digital transformation and data protection, providing solutions and services for Internet of Things and Digital Transformation, Smart Cities, Privacy &amp; Security, Research &amp; Innovation, Technology transfer &amp; Standardization, International Cooperation and SDGs.","alternateName":"Iot Lab","potentialAction":[{"@type":"SearchAction","target":{"@type":"EntryPoint","urlTemplate":"https:\/\/iotlab.com\/fr\/?s={search_term_string}"},"query-input":{"@type":"PropertyValueSpecification","valueRequired":true,"valueName":"search_term_string"}}],"inLanguage":"fr-FR"}]}},"_links":{"self":[{"href":"https:\/\/iotlab.com\/fr\/wp-json\/wp\/v2\/pages\/30534","targetHints":{"allow":["GET"]}}],"collection":[{"href":"https:\/\/iotlab.com\/fr\/wp-json\/wp\/v2\/pages"}],"about":[{"href":"https:\/\/iotlab.com\/fr\/wp-json\/wp\/v2\/types\/page"}],"author":[{"embeddable":true,"href":"https:\/\/iotlab.com\/fr\/wp-json\/wp\/v2\/users\/1"}],"replies":[{"embeddable":true,"href":"https:\/\/iotlab.com\/fr\/wp-json\/wp\/v2\/comments?post=30534"}],"version-history":[{"count":24,"href":"https:\/\/iotlab.com\/fr\/wp-json\/wp\/v2\/pages\/30534\/revisions"}],"predecessor-version":[{"id":33797,"href":"https:\/\/iotlab.com\/fr\/wp-json\/wp\/v2\/pages\/30534\/revisions\/33797"}],"wp:attachment":[{"href":"https:\/\/iotlab.com\/fr\/wp-json\/wp\/v2\/media?parent=30534"}],"curies":[{"name":"wp","href":"https:\/\/api.w.org\/{rel}","templated":true}]}}