{"id":31230,"date":"2022-08-18T04:45:31","date_gmt":"2022-08-18T02:45:31","guid":{"rendered":"https:\/\/iotlab.com\/?page_id=31230"},"modified":"2022-08-29T20:42:54","modified_gmt":"2022-08-29T18:42:54","slug":"termes-et-conditions","status":"publish","type":"page","link":"https:\/\/iotlab.com\/fr\/termes-et-conditions\/","title":{"rendered":"Termes et conditions"},"content":{"rendered":"\n[et_pb_section fb_built=\u00a0\u00bb1&Prime; fullwidth=\u00a0\u00bbon\u00a0\u00bb admin_label=\u00a0\u00bbHero\u00a0\u00bb _builder_version=\u00a0\u00bb4.16&Prime; _module_preset=\u00a0\u00bbdefault\u00a0\u00bb background_image=\u00a0\u00bbhttps:\/\/iotlab.com\/wp-content\/uploads\/2021\/05\/Logo-Horizontal-innovation-crafters.png\u00a0\u00bb background_position=\u00a0\u00bbcenter_left\u00a0\u00bb custom_css_main_element=\u00a0\u00bb  background-attachment: fixed;||  background-position: bottom;||  background-repeat: no-repeat;||  background-size: cover;\u00a0\u00bb box_shadow_style=\u00a0\u00bbpreset1&Prime; locked=\u00a0\u00bboff\u00a0\u00bb global_colors_info=\u00a0\u00bb{}\u00a0\u00bb][et_pb_fullwidth_slider use_bg_overlay=\u00a0\u00bboff\u00a0\u00bb use_text_overlay=\u00a0\u00bboff\u00a0\u00bb admin_label=\u00a0\u00bbFullwidth Slider\u00a0\u00bb _builder_version=\u00a0\u00bb4.16&Prime; _module_preset=\u00a0\u00bbdefault\u00a0\u00bb header_text_align=\u00a0\u00bbleft\u00a0\u00bb background_enable_color=\u00a0\u00bboff\u00a0\u00bb width=\u00a0\u00bb100%\u00a0\u00bb module_alignment=\u00a0\u00bbcenter\u00a0\u00bb content_width=\u00a0\u00bb100%\u00a0\u00bb content_max_width=\u00a0\u00bb100%\u00a0\u00bb max_height=\u00a0\u00bb351px\u00a0\u00bb custom_padding=\u00a0\u00bb80px||80px||true|false\u00a0\u00bb global_colors_info=\u00a0\u00bb{}\u00a0\u00bb][et_pb_slide heading=\u00a0\u00bbTermes et conditions\u00a0\u00bb _builder_version=\u00a0\u00bb4.16&Prime; _module_preset=\u00a0\u00bbdefault\u00a0\u00bb header_level=\u00a0\u00bbh1&Prime; header_font=\u00a0\u00bb|600|||||||\u00a0\u00bb header_text_align=\u00a0\u00bbcenter\u00a0\u00bb header_font_size=\u00a0\u00bb40px\u00a0\u00bb header_line_height=\u00a0\u00bb1.2em\u00a0\u00bb body_text_align=\u00a0\u00bbleft\u00a0\u00bb body_font_size=\u00a0\u00bb20px\u00a0\u00bb body_line_height=\u00a0\u00bb1.5em\u00a0\u00bb background_color=\u00a0\u00bbrgba(16,21,53,0.81)\u00a0\u00bb background_enable_color=\u00a0\u00bbon\u00a0\u00bb use_background_color_gradient=\u00a0\u00bbon\u00a0\u00bb background_color_gradient_type=\u00a0\u00bbcircular\u00a0\u00bb background_color_gradient_direction_radial=\u00a0\u00bbbottom\u00a0\u00bb background_color_gradient_stops=\u00a0\u00bbrgba(0,0,0,0) 0%|#00abd6 92%\u00a0\u00bb background_color_gradient_start=\u00a0\u00bbrgba(0,0,0,0)\u00a0\u00bb background_color_gradient_end=\u00a0\u00bb#00abd6&Prime; background_color_gradient_end_position=\u00a0\u00bb92%\u00a0\u00bb button_alignment=\u00a0\u00bbleft\u00a0\u00bb text_orientation=\u00a0\u00bbleft\u00a0\u00bb max_width=\u00a0\u00bb1080px\u00a0\u00bb max_width_tablet=\u00a0\u00bb605px\u00a0\u00bb max_width_phone=\u00a0\u00bb304px\u00a0\u00bb max_width_last_edited=\u00a0\u00bbon|phone\u00a0\u00bb custom_padding=\u00a0\u00bb|0px||0px|false|true\u00a0\u00bb custom_padding_tablet=\u00a0\u00bb30px|0px|30px|0px|true|false\u00a0\u00bb custom_padding_phone=\u00a0\u00bb25px|0px|25px|0px|true|true\u00a0\u00bb custom_padding_last_edited=\u00a0\u00bbon|phone\u00a0\u00bb header_font_size_tablet=\u00a0\u00bb\u00a0\u00bb header_font_size_phone=\u00a0\u00bb28px\u00a0\u00bb header_font_size_last_edited=\u00a0\u00bbon|phone\u00a0\u00bb custom_css_slide_image=\u00a0\u00bbmax-width: 40%;\u00a0\u00bb global_colors_info=\u00a0\u00bb{}\u00a0\u00bb sticky_transition=\u00a0\u00bbon\u00a0\u00bb][\/et_pb_slide][\/et_pb_fullwidth_slider][\/et_pb_section][et_pb_section fb_built=\u00a0\u00bb1&Prime; custom_padding_last_edited=\u00a0\u00bbon|desktop\u00a0\u00bb admin_label=\u00a0\u00bbOur Mission\u00a0\u00bb module_id=\u00a0\u00bbA propos\u00a0\u00bb _builder_version=\u00a0\u00bb4.17.6&Prime; _module_preset=\u00a0\u00bb38daf00d-ad10-460d-98cc-26939271c41b\u00a0\u00bb custom_padding_tablet=\u00a0\u00bb\u00a0\u00bb custom_padding_phone=\u00a0\u00bb\u00a0\u00bb locked=\u00a0\u00bboff\u00a0\u00bb global_colors_info=\u00a0\u00bb{}\u00a0\u00bb][et_pb_row custom_padding_last_edited=\u00a0\u00bbon|desktop\u00a0\u00bb _builder_version=\u00a0\u00bb4.17.6&Prime; _module_preset=\u00a0\u00bb_initial\u00a0\u00bb custom_padding_tablet=\u00a0\u00bb\u00a0\u00bb custom_padding_phone=\u00a0\u00bb\u00a0\u00bb global_colors_info=\u00a0\u00bb{}\u00a0\u00bb][et_pb_column type=\u00a0\u00bb4_4&Prime; _builder_version=\u00a0\u00bb4.16&Prime; _module_preset=\u00a0\u00bbdefault\u00a0\u00bb global_colors_info=\u00a0\u00bb{}\u00a0\u00bb][et_pb_text _builder_version=\u00a0\u00bb4.18.0&Prime; _module_preset=\u00a0\u00bb_initial\u00a0\u00bb hover_enabled=\u00a0\u00bb0&Prime; global_colors_info=\u00a0\u00bb{}\u00a0\u00bb sticky_enabled=\u00a0\u00bb0&Prime;]<p>Tous les contenus sont prot\u00e9g\u00e9s par Copyright \u00a9 IoT Lab et\/ou ses affili\u00e9s. Tous les droits sont r\u00e9serv\u00e9s.<br>Aucune partie de ce service ne peut \u00eatre reproduite sous quelque forme ou par quelque moyen que ce soit, sans l&rsquo;autorisation \u00e9crite pr\u00e9alable d&rsquo;IoT Lab et\/ou de ses soci\u00e9t\u00e9s affili\u00e9es.<\/p>\n<p><strong>1. R\u00e8gles et r\u00e8glements.<\/strong><br>Les r\u00e8gles et r\u00e9glementations suivantes s&rsquo;appliquent \u00e0 tous les visiteurs ou utilisateurs de ce site Web. En acc\u00e9dant \u00e0 ce site Web, l&rsquo;utilisateur reconna\u00eet accepter ces termes et conditions. IoT Lab se r\u00e9serve le droit de modifier ces r\u00e8gles et r\u00e9glementations de temps \u00e0 autre \u00e0 sa seule discr\u00e9tion. En cas de violation de ces r\u00e8gles et r\u00e9glementations, IoT Lab se r\u00e9serve le droit d&rsquo;exercer tous les recours disponibles en vertu de la loi et en \u00e9quit\u00e9 pour de telles violations. Ces r\u00e8gles et r\u00e9glementations s&rsquo;appliquent \u00e0 toutes les visites sur le site Web IoT Lab, maintenant et \u00e0 l&rsquo;avenir.<\/p>\n<p><strong>2. Licence limit\u00e9e.<\/strong><br>IoT Lab vous autorise par la pr\u00e9sente \u00e0 copier les documents publi\u00e9s par IoT Lab sur ce site Web uniquement \u00e0 des fins non commerciales au sein de votre organisation (ou, si vous \u00eates un partenaire IoT Lab, l&rsquo;organisation de votre client) \u00e0 l&rsquo;appui des produits IoT Lab.<br>Aucune autre utilisation des informations n&rsquo;est autoris\u00e9e. En contrepartie de cette autorisation, vous acceptez que toute copie de ces documents que vous faites conservera tous les droits d&rsquo;auteur et autres avis de propri\u00e9t\u00e9 sous la m\u00eame forme et de la m\u00eame mani\u00e8re que sur l&rsquo;original. Sauf indication contraire ci-dessus, rien de ce qui est contenu dans les pr\u00e9sentes ne doit \u00eatre interpr\u00e9t\u00e9 comme conf\u00e9rant implicitement, par pr\u00e9clusion ou autrement une licence ou un droit en vertu d&rsquo;un brevet, d&rsquo;une marque ou d&rsquo;un droit d&rsquo;auteur d&rsquo;IoT Lab ou d&rsquo;un tiers.<br>TOUT LE CONTENU DE CE SITE EST PROT\u00c9G\u00c9 PAR COPYRIGHT. SAUF EXPRESSEMENT AUTORIS\u00c9 DANS LES PR\u00c9SENTES, AUCUNE PARTIE DES INFORMATIONS DE CE SITE WEB NE PEUT \u00caTRE REPRODUITE SOUS QUELQUE FORME QUE CE SOIT, OU PAR QUELQUE MOYEN QUE CE SOIT, SANS L&rsquo;AUTORISATION \u00c9CRITE PR\u00c9ALABLE D&rsquo;IoT Lab. LES VISITEURS OU LES UTILISATEURS NE SONT PAS AUTORIS\u00c9S \u00c0 MODIFIER, DISTRIBUER, PUBLIER, TRANSMETTRE OU CR\u00c9ER DES \u0152UVRES D\u00c9RIV\u00c9ES DE TOUT MAT\u00c9RIEL TROUV\u00c9 SUR CE SITE \u00c0 DES FINS PUBLIQUES OU COMMERCIALES.<\/p>\n<p><strong>3. Conformit\u00e9 aux lois applicables ; Lois sur le contr\u00f4le des exportations.<\/strong><br>L&rsquo;acc\u00e8s des utilisateurs \u00e0 ce site Web est r\u00e9gi par toutes les lois f\u00e9d\u00e9rales, \u00e9tatiques et locales suisses applicables. Toutes les informations disponibles sur le site Web sont soumises aux lois suisses et peuvent \u00e9galement \u00eatre soumises aux lois du pays o\u00f9 vous r\u00e9sidez.<\/p>\n<p><strong>4. Marques de commerce.<\/strong><br>Les marques de commerce, logos et marques de service (\u00ab\u00a0Marques\u00a0\u00bb) affich\u00e9s sur ce site Web sont la propri\u00e9t\u00e9 d&rsquo;IoT Lab ou d&rsquo;autres tiers. Les utilisateurs ne sont pas autoris\u00e9s \u00e0 utiliser ces Marques sans le consentement \u00e9crit pr\u00e9alable d&rsquo;IoT Lab ou d&rsquo;un tiers qui peut \u00eatre propri\u00e9taire de la Marque. \u00ab\u00a0IoT Lab\u00a0\u00bb et \u00ab\u00a0UDG\u00a0\u00bb sont des marques d\u00e9pos\u00e9es d&rsquo;IoT Lab et\/ou de ses filiales. Les autres marques de tiers r\u00e9f\u00e9renc\u00e9es sont la propri\u00e9t\u00e9 de leurs propri\u00e9taires respectifs. L&rsquo;utilisation du mot partenaire n&rsquo;implique pas une relation de partenariat entre IoT Lab et toute autre entreprise.<\/p>\n<p><strong>5. Clause de non-responsabilit\u00e9 g\u00e9n\u00e9rale.<\/strong><br>Bien que IoT Lab ait tent\u00e9 de fournir des informations exactes sur le site Web, IoT Lab n&rsquo;assume aucune responsabilit\u00e9 quant \u00e0 l&rsquo;exactitude des informations. IoT Lab peut modifier les programmes ou produits mentionn\u00e9s \u00e0 tout moment sans pr\u00e9avis. La mention de produits ou services non IoT Lab est \u00e0 titre informatif uniquement et ne constitue ni une approbation ni une recommandation.<br>TOUTES LES INFORMATIONS FOURNIES SUR CE SITE WEB SONT FOURNIES \u00ab EN L&rsquo;\u00c9TAT \u00bb AVEC TOUS LES D\u00c9FAUTS SANS GARANTIE D&rsquo;AUCUNE SORTE, EXPLICITE OU IMPLICITE. IoT Lab ET SES FOURNISSEURS D\u00c9CLINENT TOUTE GARANTIE, EXPRESSE OU IMPLICITE, Y COMPRIS, SANS S&rsquo;Y LIMITER, CELLES DE QUALIT\u00c9 MARCHANDE, D&rsquo;AD\u00c9QUATION \u00c0 UN USAGE PARTICULIER ET D&rsquo;ABSENCE DE CONTREFA\u00c7ON OU D\u00c9COULANT D&rsquo;UNE CONDUITE, D&rsquo;UNE UTILISATION OU D&rsquo;UNE PRATIQUE COMMERCIALE.<br>IoT Lab ET SES FOURNISSEURS NE SERONT PAS RESPONSABLES DES DOMMAGES INDIRECTS, SP\u00c9CIAUX, CONS\u00c9CUTIFS OU ACCESSOIRES, Y COMPRIS, SANS LIMITATION, LES PERTES DE PROFITS OU DE REVENUS, LES CO\u00dbTS DES BIENS DE REMPLACEMENT, LA PERTE OU LES DOMMAGES AUX DONN\u00c9ES R\u00c9SULTANT DE L&rsquo;UTILISATION OU DE L&rsquo;INCAPACIT\u00c9 D&rsquo;UTILISER CE SITE OU TOUT PRODUIT IoT Lab, DOMMAGES R\u00c9SULTANT DE L&rsquo;UTILISATION OU DE LA CONFIANCE AUX INFORMATIONS PR\u00c9SENTES, M\u00caME SI IoT Lab OU SES FOURNISSEURS ONT \u00c9T\u00c9 AVIS\u00c9S DE LA POSSIBILIT\u00c9 DE TELS DOMMAGES.<\/p>\n<p><strong>6. Divulgation ; \u00c9nonc\u00e9s prospectifs.<\/strong><br>Certaines des informations sur ce site Web peuvent contenir des projections ou d&rsquo;autres d\u00e9clarations prospectives concernant des \u00e9v\u00e9nements futurs ou les performances financi\u00e8res futures de la Soci\u00e9t\u00e9. Nous tenons \u00e0 vous avertir que ces d\u00e9clarations ne sont que des pr\u00e9visions et que les \u00e9v\u00e9nements ou r\u00e9sultats r\u00e9els peuvent diff\u00e9rer sensiblement. Nous vous renvoyons aux documents que la Soci\u00e9t\u00e9 d\u00e9pose de temps \u00e0 autre aupr\u00e8s de la Securities and Exchange Commission, en particulier les formulaires 10-K, 10-Q et 10-Q\/A les plus r\u00e9cents de la Soci\u00e9t\u00e9. Ces documents contiennent et identifient des facteurs importants qui pourraient faire en sorte que les r\u00e9sultats r\u00e9els diff\u00e8rent sensiblement de ceux contenus dans nos projections ou d\u00e9clarations prospectives, y compris, entre autres, les fluctuations potentielles des r\u00e9sultats trimestriels, la d\u00e9pendance au d\u00e9veloppement de nouveaux produits ; changement rapide de la technologie et du march\u00e9, strat\u00e9gie d&rsquo;acquisition, risques de fabrication, risques associ\u00e9s \u00e0 l&rsquo;infrastructure Internet, volatilit\u00e9 des actions<br>prix, la gestion des risques financiers et la croissance future soumise \u00e0 des risques.<\/p>\n<p><strong>7. Cookies<\/strong><br>Un cookie est un petit fichier de donn\u00e9es que certains sites Web \u00e9crivent sur votre disque dur lorsque vous les visitez. Un fichier cookie peut contenir des informations telles qu&rsquo;un identifiant d&rsquo;utilisateur que le site utilise pour suivre les pages que vous avez visit\u00e9es, mais les seules informations personnelles qu&rsquo;un cookie peut contenir sont les informations que vous fournissez vous-m\u00eame. Un cookie ne peut pas lire les donn\u00e9es de votre disque dur ni lire les fichiers de cookies cr\u00e9\u00e9s par d&rsquo;autres sites. Certaines parties de CCO utilisent des cookies pour suivre les mod\u00e8les de trafic des utilisateurs. Nous le faisons afin de d\u00e9terminer l&rsquo;utilit\u00e9 des informations CCO pour nos utilisateurs et de voir \u00e0 quel point notre structure de navigation est efficace pour aider les utilisateurs \u00e0 acc\u00e9der \u00e0 ces informations. IoT Lab Systems ne corr\u00e8le pas ces informations avec des donn\u00e9es sur des utilisateurs individuels, ni ne partage ces informations ni ne les vend \u00e0 des tiers.<br>Si vous pr\u00e9f\u00e9rez ne pas recevoir de cookies sur CCO, vous pouvez configurer votre navigateur pour qu&rsquo;il vous avertisse avant d&rsquo;accepter les cookies et refuser le cookie lorsque votre navigateur vous avertit de sa pr\u00e9sence. Vous pouvez \u00e9galement refuser tous les cookies en les d\u00e9sactivant dans votre navigateur. Vous n&rsquo;avez pas besoin d&rsquo;activer les cookies pour utiliser n&rsquo;importe quelle zone de CCO.<\/p>\n<p><strong>8. Disponibilit\u00e9 des produits et services.<\/strong><br>\u00c9tant donn\u00e9 que des informations internationales sont fournies sur ce site Web, tous les produits ou programmes mentionn\u00e9s ne seront pas disponibles dans votre pays. Veuillez contacter votre repr\u00e9sentant commercial local pour obtenir des informations sur les produits et services disponibles dans votre pays.<\/p>\n<p><strong>9. Liens vers des sites tiers.<\/strong><br>Ce site Web peut contenir des liens vers des sites tiers. L&rsquo;acc\u00e8s \u00e0 tout autre site Internet li\u00e9 \u00e0 ce site Web se fait aux risques et p\u00e9rils de l&rsquo;utilisateur et IoT Lab n&rsquo;est pas responsable de l&rsquo;exactitude ou de la fiabilit\u00e9 de toute information, donn\u00e9e, opinion, conseil ou d\u00e9claration faite sur ces sites. IoT Lab fournit ces liens simplement \u00e0 titre de commodit\u00e9 et l&rsquo;inclusion de tels liens n&rsquo;implique pas une approbation.<\/p>\n<p><strong>10. Utilisation acceptable.<\/strong><br>L&rsquo;acc\u00e8s et l&rsquo;utilisation des zones prot\u00e9g\u00e9es par mot de passe et\/ou s\u00e9curis\u00e9es du site Web sont limit\u00e9s aux seuls utilisateurs autoris\u00e9s. Les personnes non autoris\u00e9es qui tentent d&rsquo;acc\u00e9der \u00e0 ces zones du site Web, ou les personnes\/utilisateurs qui tentent d&rsquo;acc\u00e9der \u00e0 des zones du site Web auxquelles ils n&rsquo;ont pas le droit d&rsquo;acc\u00e9der, peuvent faire l&rsquo;objet de poursuites. Vous acceptez de ne pas utiliser le site Web (a) dans le cadre de ou avec l&rsquo;intention de commettre des activit\u00e9s frauduleuses ou ill\u00e9gales, ou autrement en violation de toute loi, r\u00e9glementation, accord l\u00e9gal ou politique publi\u00e9e par IoT Lab ; ou (b) d&rsquo;une mani\u00e8re qui est abusive des programmes IoT Lab ou d&rsquo;autres informations sur le site Web.<\/p>\n<p><strong>11. Politique de droit d&rsquo;auteur\/DMCA.<\/strong><br>Vous ne pouvez pas publier, modifier, distribuer ou reproduire de quelque mani\u00e8re que ce soit des \u00e9l\u00e9ments prot\u00e9g\u00e9s par le droit d&rsquo;auteur ou d&rsquo;autres \u00e9l\u00e9ments exclusifs sans obtenir le consentement \u00e9crit pr\u00e9alable du propri\u00e9taire des droits d&rsquo;auteur de ces \u00e9l\u00e9ments. Nous pouvons r\u00e9silier un compte, refuser l&rsquo;acc\u00e8s \u00e0 un site ou \u00e0 un service, ou r\u00e9silier tout utilisateur soup\u00e7onn\u00e9 d&rsquo;avoir enfreint le droit d&rsquo;auteur ou les droits de propri\u00e9t\u00e9 d&rsquo;autrui.<br>Sans limiter ce qui pr\u00e9c\u00e8de, si vous pensez que vos droits d&rsquo;auteur ou autres droits ont \u00e9t\u00e9 enfreints, veuillez fournir \u00e0 notre agent d\u00e9sign\u00e9 un avis \u00e9crit contenant les informations suivantes :<br>Une signature \u00e9lectronique ou physique de la personne autoris\u00e9e \u00e0 agir au nom du titulaire du droit d&rsquo;auteur ou de tout autre int\u00e9r\u00eat<br>Une description de l&rsquo;\u0153uvre prot\u00e9g\u00e9e par le droit d&rsquo;auteur ou d&rsquo;une autre \u0153uvre qui, selon vous, a \u00e9t\u00e9 enfreinte<br>Une description de l&rsquo;endroit o\u00f9 le mat\u00e9riel que vous pr\u00e9tendez violer se trouve sur nos sites, r\u00e9seaux ou autres r\u00e9f\u00e9rentiels<\/p>\n<p>Votre adresse, num\u00e9ro de t\u00e9l\u00e9phone et adresse e-mail<br>Une d\u00e9claration \u00e9crite de votre part indiquant que vous pensez de bonne foi que l&rsquo;utilisation contest\u00e9e n&rsquo;est pas autoris\u00e9e par le titulaire du droit d&rsquo;auteur, son agent ou la loi<br>Une d\u00e9claration de votre part, faite sous peine de parjure, que les informations ci-dessus dans votre avis sont exactes et que vous \u00eates le titulaire du droit d&rsquo;auteur ou autoris\u00e9 \u00e0 agir au nom du titulaire du droit d&rsquo;auteur<br>Notre agent d\u00e9sign\u00e9 pour les avis de r\u00e9clamations pour violation de droits d&rsquo;auteur peut \u00eatre contact\u00e9 via l&rsquo;adresse de la soci\u00e9t\u00e9 indiqu\u00e9e sur la page Contact du site Web IoT Lab.<br>Si les documents contest\u00e9s ont \u00e9t\u00e9 publi\u00e9s par un tiers identifiable gr\u00e2ce \u00e0 des efforts raisonnables, nous fournirons un pr\u00e9avis raisonnable au tiers de la charge. Si le tiers r\u00e9pond par une contre-notification valide, nous vous fournirons une copie afin que vous puissiez prendre toute autre mesure que vous jugerez appropri\u00e9e.<\/p>[\/et_pb_text][\/et_pb_column][\/et_pb_row][\/et_pb_section]\n","protected":false},"excerpt":{"rendered":"<p>Tous les contenus sont prot\u00e9g\u00e9s par Copyright \u00a9 IoT Lab et\/ou ses affili\u00e9s. Tous les droits sont r\u00e9serv\u00e9s.Aucune partie de ce service ne peut \u00eatre reproduite sous quelque forme ou par quelque moyen que ce soit, sans l&rsquo;autorisation \u00e9crite pr\u00e9alable d&rsquo;IoT Lab et\/ou de ses soci\u00e9t\u00e9s affili\u00e9es. 1. R\u00e8gles et r\u00e8glements.Les r\u00e8gles et r\u00e9glementations suivantes [&hellip;]<\/p>\n","protected":false},"author":1,"featured_media":0,"parent":0,"menu_order":0,"comment_status":"closed","ping_status":"closed","template":"","meta":{"_et_pb_use_builder":"on","_et_pb_old_content":"","_et_gb_content_width":"","inline_featured_image":false,"footnotes":""},"class_list":["post-31230","page","type-page","status-publish","hentry"],"yoast_head":"<!-- This site is optimized with the Yoast SEO Premium plugin v25.5 (Yoast SEO v27.3) - https:\/\/yoast.com\/product\/yoast-seo-premium-wordpress\/ -->\n<title>Termes et conditions - IoT Lab<\/title>\n<meta name=\"robots\" content=\"index, follow, max-snippet:-1, max-image-preview:large, max-video-preview:-1\" \/>\n<link rel=\"canonical\" href=\"https:\/\/iotlab.com\/fr\/termes-et-conditions\/\" \/>\n<meta property=\"og:locale\" content=\"fr_FR\" \/>\n<meta property=\"og:type\" content=\"article\" \/>\n<meta property=\"og:title\" content=\"Termes et conditions\" \/>\n<meta property=\"og:description\" content=\"Tous les contenus sont prot\u00e9g\u00e9s par Copyright \u00a9 IoT Lab et\/ou ses affili\u00e9s. Tous les droits sont r\u00e9serv\u00e9s.Aucune partie de ce service ne peut \u00eatre reproduite sous quelque forme ou par quelque moyen que ce soit, sans l&#039;autorisation \u00e9crite pr\u00e9alable d&#039;IoT Lab et\/ou de ses soci\u00e9t\u00e9s affili\u00e9es. 1. R\u00e8gles et r\u00e8glements.Les r\u00e8gles et r\u00e9glementations suivantes [&hellip;]\" \/>\n<meta property=\"og:url\" content=\"https:\/\/iotlab.com\/fr\/termes-et-conditions\/\" \/>\n<meta property=\"og:site_name\" content=\"IoT Lab\" \/>\n<meta property=\"article:modified_time\" content=\"2022-08-29T18:42:54+00:00\" \/>\n<meta name=\"twitter:card\" content=\"summary_large_image\" \/>\n<meta name=\"twitter:label1\" content=\"Dur\u00e9e de lecture estim\u00e9e\" \/>\n\t<meta name=\"twitter:data1\" content=\"8 minutes\" \/>\n<script type=\"application\/ld+json\" class=\"yoast-schema-graph\">{\"@context\":\"https:\\\/\\\/schema.org\",\"@graph\":[{\"@type\":\"WebPage\",\"@id\":\"https:\\\/\\\/iotlab.com\\\/fr\\\/termes-et-conditions\\\/\",\"url\":\"https:\\\/\\\/iotlab.com\\\/fr\\\/termes-et-conditions\\\/\",\"name\":\"Termes et conditions - IoT Lab\",\"isPartOf\":{\"@id\":\"https:\\\/\\\/iotlab.com\\\/fr\\\/#website\"},\"datePublished\":\"2022-08-18T02:45:31+00:00\",\"dateModified\":\"2022-08-29T18:42:54+00:00\",\"breadcrumb\":{\"@id\":\"https:\\\/\\\/iotlab.com\\\/fr\\\/termes-et-conditions\\\/#breadcrumb\"},\"inLanguage\":\"fr-FR\",\"potentialAction\":[{\"@type\":\"ReadAction\",\"target\":[\"https:\\\/\\\/iotlab.com\\\/fr\\\/termes-et-conditions\\\/\"]}]},{\"@type\":\"BreadcrumbList\",\"@id\":\"https:\\\/\\\/iotlab.com\\\/fr\\\/termes-et-conditions\\\/#breadcrumb\",\"itemListElement\":[{\"@type\":\"ListItem\",\"position\":1,\"name\":\"Home\",\"item\":\"https:\\\/\\\/iotlab.com\\\/fr\\\/\"},{\"@type\":\"ListItem\",\"position\":2,\"name\":\"Termes et conditions\"}]},{\"@type\":\"WebSite\",\"@id\":\"https:\\\/\\\/iotlab.com\\\/fr\\\/#website\",\"url\":\"https:\\\/\\\/iotlab.com\\\/fr\\\/\",\"name\":\"Iot Lab\",\"description\":\"IoT Lab is an international platform of services and resources for the Internet of Things (IoT), digital transformation and data protection, providing solutions and services for Internet of Things and Digital Transformation, Smart Cities, Privacy &amp; Security, Research &amp; Innovation, Technology transfer &amp; Standardization, International Cooperation and SDGs.\",\"alternateName\":\"Iot Lab\",\"potentialAction\":[{\"@type\":\"SearchAction\",\"target\":{\"@type\":\"EntryPoint\",\"urlTemplate\":\"https:\\\/\\\/iotlab.com\\\/fr\\\/?s={search_term_string}\"},\"query-input\":{\"@type\":\"PropertyValueSpecification\",\"valueRequired\":true,\"valueName\":\"search_term_string\"}}],\"inLanguage\":\"fr-FR\"}]}<\/script>\n<!-- \/ Yoast SEO Premium plugin. -->","yoast_head_json":{"title":"Termes et conditions - IoT Lab","robots":{"index":"index","follow":"follow","max-snippet":"max-snippet:-1","max-image-preview":"max-image-preview:large","max-video-preview":"max-video-preview:-1"},"canonical":"https:\/\/iotlab.com\/fr\/termes-et-conditions\/","og_locale":"fr_FR","og_type":"article","og_title":"Termes et conditions","og_description":"Tous les contenus sont prot\u00e9g\u00e9s par Copyright \u00a9 IoT Lab et\/ou ses affili\u00e9s. Tous les droits sont r\u00e9serv\u00e9s.Aucune partie de ce service ne peut \u00eatre reproduite sous quelque forme ou par quelque moyen que ce soit, sans l'autorisation \u00e9crite pr\u00e9alable d'IoT Lab et\/ou de ses soci\u00e9t\u00e9s affili\u00e9es. 1. R\u00e8gles et r\u00e8glements.Les r\u00e8gles et r\u00e9glementations suivantes [&hellip;]","og_url":"https:\/\/iotlab.com\/fr\/termes-et-conditions\/","og_site_name":"IoT Lab","article_modified_time":"2022-08-29T18:42:54+00:00","twitter_card":"summary_large_image","twitter_misc":{"Dur\u00e9e de lecture estim\u00e9e":"8 minutes"},"schema":{"@context":"https:\/\/schema.org","@graph":[{"@type":"WebPage","@id":"https:\/\/iotlab.com\/fr\/termes-et-conditions\/","url":"https:\/\/iotlab.com\/fr\/termes-et-conditions\/","name":"Termes et conditions - IoT Lab","isPartOf":{"@id":"https:\/\/iotlab.com\/fr\/#website"},"datePublished":"2022-08-18T02:45:31+00:00","dateModified":"2022-08-29T18:42:54+00:00","breadcrumb":{"@id":"https:\/\/iotlab.com\/fr\/termes-et-conditions\/#breadcrumb"},"inLanguage":"fr-FR","potentialAction":[{"@type":"ReadAction","target":["https:\/\/iotlab.com\/fr\/termes-et-conditions\/"]}]},{"@type":"BreadcrumbList","@id":"https:\/\/iotlab.com\/fr\/termes-et-conditions\/#breadcrumb","itemListElement":[{"@type":"ListItem","position":1,"name":"Home","item":"https:\/\/iotlab.com\/fr\/"},{"@type":"ListItem","position":2,"name":"Termes et conditions"}]},{"@type":"WebSite","@id":"https:\/\/iotlab.com\/fr\/#website","url":"https:\/\/iotlab.com\/fr\/","name":"Iot Lab","description":"IoT Lab is an international platform of services and resources for the Internet of Things (IoT), digital transformation and data protection, providing solutions and services for Internet of Things and Digital Transformation, Smart Cities, Privacy &amp; Security, Research &amp; Innovation, Technology transfer &amp; Standardization, International Cooperation and SDGs.","alternateName":"Iot Lab","potentialAction":[{"@type":"SearchAction","target":{"@type":"EntryPoint","urlTemplate":"https:\/\/iotlab.com\/fr\/?s={search_term_string}"},"query-input":{"@type":"PropertyValueSpecification","valueRequired":true,"valueName":"search_term_string"}}],"inLanguage":"fr-FR"}]}},"_links":{"self":[{"href":"https:\/\/iotlab.com\/fr\/wp-json\/wp\/v2\/pages\/31230","targetHints":{"allow":["GET"]}}],"collection":[{"href":"https:\/\/iotlab.com\/fr\/wp-json\/wp\/v2\/pages"}],"about":[{"href":"https:\/\/iotlab.com\/fr\/wp-json\/wp\/v2\/types\/page"}],"author":[{"embeddable":true,"href":"https:\/\/iotlab.com\/fr\/wp-json\/wp\/v2\/users\/1"}],"replies":[{"embeddable":true,"href":"https:\/\/iotlab.com\/fr\/wp-json\/wp\/v2\/comments?post=31230"}],"version-history":[{"count":16,"href":"https:\/\/iotlab.com\/fr\/wp-json\/wp\/v2\/pages\/31230\/revisions"}],"predecessor-version":[{"id":33337,"href":"https:\/\/iotlab.com\/fr\/wp-json\/wp\/v2\/pages\/31230\/revisions\/33337"}],"wp:attachment":[{"href":"https:\/\/iotlab.com\/fr\/wp-json\/wp\/v2\/media?parent=31230"}],"curies":[{"name":"wp","href":"https:\/\/api.w.org\/{rel}","templated":true}]}}