{"id":31248,"date":"2022-08-29T19:18:27","date_gmt":"2022-08-29T17:18:27","guid":{"rendered":"https:\/\/iotlab.com\/?page_id=31248"},"modified":"2022-08-29T19:26:34","modified_gmt":"2022-08-29T17:26:34","slug":"politique-de-confidentialite-et-de-cookies","status":"publish","type":"page","link":"https:\/\/iotlab.com\/fr\/politique-de-confidentialite-et-de-cookies\/","title":{"rendered":"Politique de confidentialit\u00e9 et de cookies"},"content":{"rendered":"<p>[et_pb_section fb_built=\u00a0\u00bb1&Prime; fullwidth=\u00a0\u00bbon\u00a0\u00bb admin_label=\u00a0\u00bbHero\u00a0\u00bb _builder_version=\u00a0\u00bb4.16&Prime; _module_preset=\u00a0\u00bbdefault\u00a0\u00bb background_image=\u00a0\u00bbhttps:\/\/iotlab.com\/wp-content\/uploads\/2021\/05\/Logo-Horizontal-innovation-crafters.png\u00a0\u00bb background_position=\u00a0\u00bbcenter_left\u00a0\u00bb custom_css_main_element=\u00a0\u00bb  background-attachment: fixed;||  background-position: bottom;||  background-repeat: no-repeat;||  background-size: cover;\u00a0\u00bb box_shadow_style=\u00a0\u00bbpreset1&Prime; locked=\u00a0\u00bboff\u00a0\u00bb global_colors_info=\u00a0\u00bb{}\u00a0\u00bb][et_pb_fullwidth_slider use_bg_overlay=\u00a0\u00bboff\u00a0\u00bb use_text_overlay=\u00a0\u00bboff\u00a0\u00bb admin_label=\u00a0\u00bbFullwidth Slider\u00a0\u00bb _builder_version=\u00a0\u00bb4.16&Prime; _module_preset=\u00a0\u00bbdefault\u00a0\u00bb header_text_align=\u00a0\u00bbleft\u00a0\u00bb background_enable_color=\u00a0\u00bboff\u00a0\u00bb width=\u00a0\u00bb100%\u00a0\u00bb module_alignment=\u00a0\u00bbcenter\u00a0\u00bb content_width=\u00a0\u00bb100%\u00a0\u00bb content_max_width=\u00a0\u00bb100%\u00a0\u00bb max_height=\u00a0\u00bb351px\u00a0\u00bb custom_padding=\u00a0\u00bb80px||80px||true|false\u00a0\u00bb global_colors_info=\u00a0\u00bb{}\u00a0\u00bb][et_pb_slide heading=\u00a0\u00bbPolitique de confidentialit\u00e9 et de cookies\u00a0\u00bb _builder_version=\u00a0\u00bb4.16&Prime; _module_preset=\u00a0\u00bbdefault\u00a0\u00bb header_level=\u00a0\u00bbh1&Prime; header_font=\u00a0\u00bb|600|||||||\u00a0\u00bb header_text_align=\u00a0\u00bbcenter\u00a0\u00bb header_font_size=\u00a0\u00bb40px\u00a0\u00bb header_line_height=\u00a0\u00bb1.2em\u00a0\u00bb body_text_align=\u00a0\u00bbleft\u00a0\u00bb body_font_size=\u00a0\u00bb20px\u00a0\u00bb body_line_height=\u00a0\u00bb1.5em\u00a0\u00bb background_color=\u00a0\u00bbrgba(16,21,53,0.81)\u00a0\u00bb background_enable_color=\u00a0\u00bbon\u00a0\u00bb use_background_color_gradient=\u00a0\u00bbon\u00a0\u00bb background_color_gradient_type=\u00a0\u00bbcircular\u00a0\u00bb background_color_gradient_direction_radial=\u00a0\u00bbbottom\u00a0\u00bb background_color_gradient_stops=\u00a0\u00bbrgba(0,0,0,0) 0%|#00abd6 92%\u00a0\u00bb background_color_gradient_start=\u00a0\u00bbrgba(0,0,0,0)\u00a0\u00bb background_color_gradient_end=\u00a0\u00bb#00abd6&Prime; background_color_gradient_end_position=\u00a0\u00bb92%\u00a0\u00bb button_alignment=\u00a0\u00bbleft\u00a0\u00bb text_orientation=\u00a0\u00bbleft\u00a0\u00bb max_width=\u00a0\u00bb1080px\u00a0\u00bb max_width_tablet=\u00a0\u00bb605px\u00a0\u00bb max_width_phone=\u00a0\u00bb304px\u00a0\u00bb max_width_last_edited=\u00a0\u00bbon|phone\u00a0\u00bb custom_padding=\u00a0\u00bb|0px||0px|false|true\u00a0\u00bb custom_padding_tablet=\u00a0\u00bb30px|0px|30px|0px|true|false\u00a0\u00bb custom_padding_phone=\u00a0\u00bb25px|0px|25px|0px|true|true\u00a0\u00bb custom_padding_last_edited=\u00a0\u00bbon|phone\u00a0\u00bb header_font_size_tablet=\u00a0\u00bb\u00a0\u00bb header_font_size_phone=\u00a0\u00bb28px\u00a0\u00bb header_font_size_last_edited=\u00a0\u00bbon|phone\u00a0\u00bb custom_css_slide_image=\u00a0\u00bbmax-width: 40%;\u00a0\u00bb global_colors_info=\u00a0\u00bb{}\u00a0\u00bb sticky_transition=\u00a0\u00bbon\u00a0\u00bb][\/et_pb_slide][\/et_pb_fullwidth_slider][\/et_pb_section][et_pb_section fb_built=\u00a0\u00bb1&Prime; custom_padding_last_edited=\u00a0\u00bbon|desktop\u00a0\u00bb admin_label=\u00a0\u00bbOur Mission\u00a0\u00bb module_id=\u00a0\u00bbA propos\u00a0\u00bb _builder_version=\u00a0\u00bb4.17.6&Prime; _module_preset=\u00a0\u00bb38daf00d-ad10-460d-98cc-26939271c41b\u00a0\u00bb custom_padding_tablet=\u00a0\u00bb\u00a0\u00bb custom_padding_phone=\u00a0\u00bb\u00a0\u00bb top_divider_color=\u00a0\u00bbrgba(12,113,195,0.56)\u00a0\u00bb top_divider_height=\u00a0\u00bb44px\u00a0\u00bb top_divider_flip=\u00a0\u00bbhorizontal\u00a0\u00bb bottom_divider_color=\u00a0\u00bb#FFFFFF\u00a0\u00bb bottom_divider_height=\u00a0\u00bb72px\u00a0\u00bb hover_enabled=\u00a0\u00bb0&Prime; border_style_all=\u00a0\u00bbnone\u00a0\u00bb locked=\u00a0\u00bboff\u00a0\u00bb global_colors_info=\u00a0\u00bb{}\u00a0\u00bb sticky_enabled=\u00a0\u00bb0&Prime;][et_pb_row custom_padding_last_edited=\u00a0\u00bbon|desktop\u00a0\u00bb _builder_version=\u00a0\u00bb4.17.6&Prime; _module_preset=\u00a0\u00bb_initial\u00a0\u00bb custom_padding_tablet=\u00a0\u00bb\u00a0\u00bb custom_padding_phone=\u00a0\u00bb\u00a0\u00bb hover_enabled=\u00a0\u00bb0&Prime; global_colors_info=\u00a0\u00bb{}\u00a0\u00bb sticky_enabled=\u00a0\u00bb0&Prime;][et_pb_column type=\u00a0\u00bb4_4&Prime; _builder_version=\u00a0\u00bb4.16&Prime; _module_preset=\u00a0\u00bbdefault\u00a0\u00bb global_colors_info=\u00a0\u00bb{}\u00a0\u00bb][et_pb_text _builder_version=\u00a0\u00bb4.17.6&Prime; _module_preset=\u00a0\u00bb_initial\u00a0\u00bb hover_enabled=\u00a0\u00bb0&Prime; global_colors_info=\u00a0\u00bb{}\u00a0\u00bb sticky_enabled=\u00a0\u00bb0&Prime;]<\/p>\n<p>IoT Lab respecte et s&rsquo;engage \u00e0 prot\u00e9ger vos informations personnelles. Nos politiques de confidentialit\u00e9 refl\u00e8tent les principes et normes mondiaux actuels en mati\u00e8re de traitement des informations personnelles, y compris les normes suisses et europ\u00e9ennes sur la protection des donn\u00e9es personnelles, &#8211; avis et choix d&rsquo;utilisation des donn\u00e9es, acc\u00e8s et int\u00e9grit\u00e9 des donn\u00e9es, s\u00e9curit\u00e9 et application\/surveillance. Vous trouverez ci-dessous quelques-uns des points saillants de notre d\u00e9claration de confidentialit\u00e9 en ligne.<\/p>\n<p><strong>Renseignements personnels<\/strong><\/p>\n<p>Nous \u00e9vitons de collecter des donn\u00e9es personnelles inutiles. Les informations personnelles sont limit\u00e9es \u00e0 des raisons bien pr\u00e9cises, telles que le traitement de votre commande, l&rsquo;abonnement \u00e0 la newsletter, la personnalisation de votre exp\u00e9rience ou encore dans le cadre d&rsquo;une candidature \u00e0 un emploi. Nous vous informerons du but de la collecte d&rsquo;informations personnelles lorsque nous les recueillons aupr\u00e8s de vous et les conserverons pour remplir les objectifs pour lesquels elles ont \u00e9t\u00e9 collect\u00e9es ou comme l&rsquo;exigent les lois applicables ou \u00e0 des fins l\u00e9gitimes.<\/p>\n<p>Nous pouvons exceptionnellement combiner les informations que nous recueillons aupr\u00e8s de vous avec des informations obtenues aupr\u00e8s d&rsquo;autres sources pour nous aider \u00e0 am\u00e9liorer leur exactitude et leur exhaustivit\u00e9 globales, et pour nous aider \u00e0 mieux adapter nos interactions avec vous. Nous pouvons \u00e9galement collecter des informations relatives \u00e0 votre utilisation de nos sites Web gr\u00e2ce \u00e0 l&rsquo;utilisation de diverses technologies, y compris les cookies.<\/p>\n<p><strong>Avis et vos choix d&rsquo;utilisation des donn\u00e9es<\/strong><\/p>\n<p>Nous utiliserons vos informations personnelles aux fins pour lesquelles elles ont \u00e9t\u00e9 collect\u00e9es et ne les utiliserons pas \u00e0 d&rsquo;autres fins sans d&rsquo;abord demander votre permission.<\/p>\n<p>Par principe, nous ne partageons pas d&rsquo;informations personnelles avec des tiers, publics ou priv\u00e9s. Si, pour une raison non pr\u00e9vue, cela devait \u00eatre envisag\u00e9, nous vous demanderions votre permission avant de partager vos informations personnelles avec des tiers \u00e0 des fins autres que la raison pour laquelle vous les avez fournies ou comme indiqu\u00e9 dans notre d\u00e9claration de confidentialit\u00e9 en ligne.<\/p>\n<p>Pour obtenir des informations relatives \u00e0 votre utilisation de nos sites Web, vous pouvez d\u00e9sactiver les cookies dans votre navigateur.<\/p>\n<p><strong>Acc\u00e8s aux donn\u00e9es et int\u00e9grit\u00e9<\/strong><\/p>\n<p>Pour mettre \u00e0 jour vos informations personnelles et vos pr\u00e9f\u00e9rences de communication, ou obtenir plus d&rsquo;informations sur les donn\u00e9es personnelles que vous nous avez fournies, contactez-nous via notre formulaire de contact sur le site Web d&rsquo;IoT Lab.<\/p>\n<p><strong>S\u00e9curit\u00e9 des donn\u00e9es<\/strong><\/p>\n<p>Nous nous engageons \u00e0 prot\u00e9ger vos informations personnelles contre toute utilisation ou divulgation non autoris\u00e9e.<\/p>\n<p><strong>Politique de cookies<\/strong><\/p>\n<p>Lorsqu&rsquo;une personne visite notre site Web, nous pouvons collecter des informations de connexion Internet standard et des d\u00e9tails sur les mod\u00e8les de comportement des visiteurs. Nous faisons cela pour conna\u00eetre des choses telles que le nombre de visiteurs dans les diff\u00e9rentes parties du site. Nous recueillons ces informations d&rsquo;une mani\u00e8re qui n&rsquo;identifie personne. Nous n&rsquo;associerons aucune donn\u00e9e recueillie sur ce site \u00e0 des informations d&rsquo;identification personnelle provenant de quelque source que ce soit. Si nous souhaitons collecter des informations personnellement identifiables via notre site Web, nous serons francs \u00e0 ce sujet. Nous indiquerons clairement quand nous recueillons des informations personnelles et expliquerons ce que nous avons l&rsquo;intention d&rsquo;en faire.<\/p>\n<p><strong><em>Que sont les cookies ?<\/em><\/strong><\/p>\n<p>Un cookie est un simple fichier texte qui est stock\u00e9 sur votre ordinateur ou votre appareil mobile par le serveur d&rsquo;un site Web et seul ce serveur pourra r\u00e9cup\u00e9rer ou lire le contenu de ce cookie. Chaque cookie est unique \u00e0 votre navigateur Web. Il contiendra des informations anonymes telles qu&rsquo;un identifiant unique et le nom du site, ainsi que des chiffres et des num\u00e9ros. Nous utilisons le terme \u00ab cookies \u00bb dans cette politique pour d\u00e9signer tous les fichiers qui stockent des informations de cette mani\u00e8re.<\/p>\n<p>Les cookies remplissent de nombreuses fonctions. Par exemple, ils peuvent nous aider \u00e0 nous souvenir de votre nom d&rsquo;utilisateur et de vos pr\u00e9f\u00e9rences, \u00e0 analyser les performances de notre site Web ou m\u00eame \u00e0 nous permettre de recommander le contenu que nous pensons \u00eatre le plus pertinent pour vous.<\/p>\n<p>Certains cookies contiennent des informations personnelles &#8211; par exemple, si vous cliquez sur \u00ab\u00a0se souvenir de moi\u00a0\u00bb lors de la connexion, un cookie stockera votre nom d&rsquo;utilisateur. La plupart des cookies ne collectent pas d&rsquo;informations permettant de vous identifier, mais collectent \u00e0 la place des informations plus g\u00e9n\u00e9rales telles que la mani\u00e8re dont les utilisateurs acc\u00e8dent \u00e0 nos sites Web et les utilisent, ou l&#8217;emplacement g\u00e9n\u00e9ral d&rsquo;un utilisateur.<\/p>\n<p>La plupart des navigateurs Web permettent un certain contr\u00f4le de la plupart des cookies via les param\u00e8tres du navigateur. Pour en savoir plus sur les cookies, y compris comment voir quels cookies ont \u00e9t\u00e9 d\u00e9finis et comment les g\u00e9rer et les supprimer, visitez <a href=\"http:\/\/www.allaboutcookies.org\">www.allaboutcookies.org<\/a>.<\/p>\n<p><em><strong>Utilisation de cookies par l&rsquo;IES<\/strong><\/em><\/p>\n<p>L&rsquo;utilisation de cookies sur notre site est minime. Nous utilisons des cookies de session qui sont n\u00e9cessaires pour vous permettre de vous d\u00e9placer sur le site et de fournir certaines fonctionnalit\u00e9s ; par exemple, m\u00e9moriser vos param\u00e8tres de r\u00e9gion, de devise et de fuseau horaire afin que nous puissions personnaliser le contenu. De plus, si vous choisissez de cliquer sur \u00ab\u00a0se souvenir de moi\u00a0\u00bb lors de la connexion, un cookie sera utilis\u00e9 pour vous reconna\u00eetre et r\u00e9cup\u00e9rer votre nom d&rsquo;utilisateur.<\/p>\n<p>Si vous souhaitez d\u00e9sactiver nos cookies, veuillez suivre les instructions pour Internet Explorer, Google Chrome ou Firefox. Veuillez noter que si vous choisissez de d\u00e9sactiver les cookies, vous constaterez que certaines sections de notre site Web ne fonctionnent pas correctement.<\/p>\n<p><em><strong>Cookies de Google Analytics<\/strong><\/em><\/p>\n<p>Ces cookies peuvent \u00eatre utilis\u00e9s pour collecter des informations sur la fa\u00e7on dont les visiteurs utilisent notre site. Nous pouvons utiliser les informations pour compiler des rapports et nous aider \u00e0 am\u00e9liorer le site. Ces cookies collectent des informations sous une forme anonyme, y compris le nombre de visiteurs sur le site, d&rsquo;o\u00f9 les visiteurs sont venus sur le site et les pages qu&rsquo;ils ont visit\u00e9es. Vous pouvez trouver plus d&rsquo;informations sur la politique de confidentialit\u00e9 de Google sur son site Web. Pour refuser d&rsquo;\u00eatre suivi par Google Analytics sur tous les sites Web, visitez <a href=\"https:\/\/tools.google.com\/dlpage\/gaoptout\">https:\/\/tools.google.com\/dlpage\/gaoptout<\/a>.<\/p>\n<p><em><strong>Cookies YouTube<\/strong><\/em><\/p>\n<p>Nous relions et int\u00e9grons des vid\u00e9os de notre cha\u00eene YouTube officielle. YouTube utilise diverses technologies pour collecter et stocker des informations lorsque vous les visitez, qui peuvent inclure un ou plusieurs cookies ou identifiants anonymes envoy\u00e9s \u00e0 votre appareil. YouTube utilise des cookies pour aider \u00e0 maintenir l&rsquo;int\u00e9grit\u00e9 des statistiques vid\u00e9o, pr\u00e9venir la fraude et am\u00e9liorer leur exp\u00e9rience sur le site, entre autres. YouTube utilise \u00e9galement des cookies et des identifiants anonymes lorsque vous interagissez avec les services qu&rsquo;ils proposent \u00e0 leurs partenaires, tels que les services publicitaires ou les fonctionnalit\u00e9s de Google qui peuvent appara\u00eetre sur d&rsquo;autres sites. YouTube appartient \u00e0 Google et YouTube et Google partagent la m\u00eame technologie de cookies pour d\u00e9terminer les int\u00e9r\u00eats des utilisateurs. Vous pouvez en savoir plus sur l&rsquo;utilisation de la technologie des cookies utilis\u00e9e par Google pour diffuser des annonces dans le centre de confidentialit\u00e9 Google Ads. Google propose un gestionnaire de pr\u00e9f\u00e9rences pour les annonces et un plug-in de d\u00e9sactivation des cookies publicitaires qui couvre \u00e0 la fois Google et YouTube.<\/p>\n<p><em><strong>Ajouter ces cookies<\/strong><\/em><\/p>\n<p>Nous pouvons utiliser le bouton de bookmarking social AddThis sur notre blog (blog.iesve.com) pour permettre un partage facile des pages vers des sites Web tels que Facebook et Twitter. Un cookie est utilis\u00e9 pour enregistrer si un utilisateur a utilis\u00e9 le bouton de partage &lsquo;Addthis&rsquo;. Il stocke des informations sur les pages que vous avez partag\u00e9es, mais ne stocke aucune autre information personnelle. AddThis collecte des informations non personnellement identifiables sur de nombreux sites Web sur lesquels AddThis est activ\u00e9 et utilise ces informations pour diffuser des publicit\u00e9s cibl\u00e9es sur ces sites Web ainsi que sur d&rsquo;autres sites Web que vous pouvez visiter. Pour refuser la collecte de donn\u00e9es par Addthis, veuillez visiter <a href=\"http:\/\/www.addthis.com\/privacy\/opt-out\">www.addthis.com\/privacy\/opt-out<\/a>.<\/p>\n<p>[\/et_pb_text][\/et_pb_column][\/et_pb_row][\/et_pb_section]<\/p>\n","protected":false},"excerpt":{"rendered":"<p>IoT Lab respecte et s&rsquo;engage \u00e0 prot\u00e9ger vos informations personnelles. Nos politiques de confidentialit\u00e9 refl\u00e8tent les principes et normes mondiaux actuels en mati\u00e8re de traitement des informations personnelles, y compris les normes suisses et europ\u00e9ennes sur la protection des donn\u00e9es personnelles, &#8211; avis et choix d&rsquo;utilisation des donn\u00e9es, acc\u00e8s et int\u00e9grit\u00e9 des donn\u00e9es, s\u00e9curit\u00e9 et [&hellip;]<\/p>\n","protected":false},"author":1,"featured_media":0,"parent":0,"menu_order":0,"comment_status":"closed","ping_status":"closed","template":"","meta":{"_et_pb_use_builder":"on","_et_pb_old_content":"","_et_gb_content_width":"","inline_featured_image":false,"footnotes":""},"class_list":["post-31248","page","type-page","status-publish","hentry"],"yoast_head":"<!-- This site is optimized with the Yoast SEO Premium plugin v25.5 (Yoast SEO v27.4) - https:\/\/yoast.com\/product\/yoast-seo-premium-wordpress\/ -->\n<title>Politique de confidentialit\u00e9 et de cookies - IoT Lab<\/title>\n<meta name=\"robots\" content=\"index, follow, max-snippet:-1, max-image-preview:large, max-video-preview:-1\" \/>\n<link rel=\"canonical\" href=\"https:\/\/iotlab.com\/fr\/politique-de-confidentialite-et-de-cookies\/\" \/>\n<meta property=\"og:locale\" content=\"fr_FR\" \/>\n<meta property=\"og:type\" content=\"article\" \/>\n<meta property=\"og:title\" content=\"Politique de confidentialit\u00e9 et de cookies\" \/>\n<meta property=\"og:description\" content=\"IoT Lab respecte et s&#039;engage \u00e0 prot\u00e9ger vos informations personnelles. Nos politiques de confidentialit\u00e9 refl\u00e8tent les principes et normes mondiaux actuels en mati\u00e8re de traitement des informations personnelles, y compris les normes suisses et europ\u00e9ennes sur la protection des donn\u00e9es personnelles, - avis et choix d&#039;utilisation des donn\u00e9es, acc\u00e8s et int\u00e9grit\u00e9 des donn\u00e9es, s\u00e9curit\u00e9 et [&hellip;]\" \/>\n<meta property=\"og:url\" content=\"https:\/\/iotlab.com\/fr\/politique-de-confidentialite-et-de-cookies\/\" \/>\n<meta property=\"og:site_name\" content=\"IoT Lab\" \/>\n<meta property=\"article:modified_time\" content=\"2022-08-29T17:26:34+00:00\" \/>\n<meta name=\"twitter:card\" content=\"summary_large_image\" \/>\n<meta name=\"twitter:label1\" content=\"Dur\u00e9e de lecture estim\u00e9e\" \/>\n\t<meta name=\"twitter:data1\" content=\"9 minutes\" \/>\n<script type=\"application\/ld+json\" class=\"yoast-schema-graph\">{\"@context\":\"https:\\\/\\\/schema.org\",\"@graph\":[{\"@type\":\"WebPage\",\"@id\":\"https:\\\/\\\/iotlab.com\\\/fr\\\/politique-de-confidentialite-et-de-cookies\\\/\",\"url\":\"https:\\\/\\\/iotlab.com\\\/fr\\\/politique-de-confidentialite-et-de-cookies\\\/\",\"name\":\"Politique de confidentialit\u00e9 et de cookies - IoT Lab\",\"isPartOf\":{\"@id\":\"https:\\\/\\\/iotlab.com\\\/fr\\\/#website\"},\"datePublished\":\"2022-08-29T17:18:27+00:00\",\"dateModified\":\"2022-08-29T17:26:34+00:00\",\"breadcrumb\":{\"@id\":\"https:\\\/\\\/iotlab.com\\\/fr\\\/politique-de-confidentialite-et-de-cookies\\\/#breadcrumb\"},\"inLanguage\":\"fr-FR\",\"potentialAction\":[{\"@type\":\"ReadAction\",\"target\":[\"https:\\\/\\\/iotlab.com\\\/fr\\\/politique-de-confidentialite-et-de-cookies\\\/\"]}]},{\"@type\":\"BreadcrumbList\",\"@id\":\"https:\\\/\\\/iotlab.com\\\/fr\\\/politique-de-confidentialite-et-de-cookies\\\/#breadcrumb\",\"itemListElement\":[{\"@type\":\"ListItem\",\"position\":1,\"name\":\"Home\",\"item\":\"https:\\\/\\\/iotlab.com\\\/fr\\\/\"},{\"@type\":\"ListItem\",\"position\":2,\"name\":\"Politique de confidentialit\u00e9 et de cookies\"}]},{\"@type\":\"WebSite\",\"@id\":\"https:\\\/\\\/iotlab.com\\\/fr\\\/#website\",\"url\":\"https:\\\/\\\/iotlab.com\\\/fr\\\/\",\"name\":\"Iot Lab\",\"description\":\"IoT Lab is an international platform of services and resources for the Internet of Things (IoT), digital transformation and data protection, providing solutions and services for Internet of Things and Digital Transformation, Smart Cities, Privacy &amp; Security, Research &amp; Innovation, Technology transfer &amp; Standardization, International Cooperation and SDGs.\",\"alternateName\":\"Iot Lab\",\"potentialAction\":[{\"@type\":\"SearchAction\",\"target\":{\"@type\":\"EntryPoint\",\"urlTemplate\":\"https:\\\/\\\/iotlab.com\\\/fr\\\/?s={search_term_string}\"},\"query-input\":{\"@type\":\"PropertyValueSpecification\",\"valueRequired\":true,\"valueName\":\"search_term_string\"}}],\"inLanguage\":\"fr-FR\"}]}<\/script>\n<!-- \/ Yoast SEO Premium plugin. -->","yoast_head_json":{"title":"Politique de confidentialit\u00e9 et de cookies - IoT Lab","robots":{"index":"index","follow":"follow","max-snippet":"max-snippet:-1","max-image-preview":"max-image-preview:large","max-video-preview":"max-video-preview:-1"},"canonical":"https:\/\/iotlab.com\/fr\/politique-de-confidentialite-et-de-cookies\/","og_locale":"fr_FR","og_type":"article","og_title":"Politique de confidentialit\u00e9 et de cookies","og_description":"IoT Lab respecte et s'engage \u00e0 prot\u00e9ger vos informations personnelles. Nos politiques de confidentialit\u00e9 refl\u00e8tent les principes et normes mondiaux actuels en mati\u00e8re de traitement des informations personnelles, y compris les normes suisses et europ\u00e9ennes sur la protection des donn\u00e9es personnelles, - avis et choix d'utilisation des donn\u00e9es, acc\u00e8s et int\u00e9grit\u00e9 des donn\u00e9es, s\u00e9curit\u00e9 et [&hellip;]","og_url":"https:\/\/iotlab.com\/fr\/politique-de-confidentialite-et-de-cookies\/","og_site_name":"IoT Lab","article_modified_time":"2022-08-29T17:26:34+00:00","twitter_card":"summary_large_image","twitter_misc":{"Dur\u00e9e de lecture estim\u00e9e":"9 minutes"},"schema":{"@context":"https:\/\/schema.org","@graph":[{"@type":"WebPage","@id":"https:\/\/iotlab.com\/fr\/politique-de-confidentialite-et-de-cookies\/","url":"https:\/\/iotlab.com\/fr\/politique-de-confidentialite-et-de-cookies\/","name":"Politique de confidentialit\u00e9 et de cookies - IoT Lab","isPartOf":{"@id":"https:\/\/iotlab.com\/fr\/#website"},"datePublished":"2022-08-29T17:18:27+00:00","dateModified":"2022-08-29T17:26:34+00:00","breadcrumb":{"@id":"https:\/\/iotlab.com\/fr\/politique-de-confidentialite-et-de-cookies\/#breadcrumb"},"inLanguage":"fr-FR","potentialAction":[{"@type":"ReadAction","target":["https:\/\/iotlab.com\/fr\/politique-de-confidentialite-et-de-cookies\/"]}]},{"@type":"BreadcrumbList","@id":"https:\/\/iotlab.com\/fr\/politique-de-confidentialite-et-de-cookies\/#breadcrumb","itemListElement":[{"@type":"ListItem","position":1,"name":"Home","item":"https:\/\/iotlab.com\/fr\/"},{"@type":"ListItem","position":2,"name":"Politique de confidentialit\u00e9 et de cookies"}]},{"@type":"WebSite","@id":"https:\/\/iotlab.com\/fr\/#website","url":"https:\/\/iotlab.com\/fr\/","name":"Iot Lab","description":"IoT Lab is an international platform of services and resources for the Internet of Things (IoT), digital transformation and data protection, providing solutions and services for Internet of Things and Digital Transformation, Smart Cities, Privacy &amp; Security, Research &amp; Innovation, Technology transfer &amp; Standardization, International Cooperation and SDGs.","alternateName":"Iot Lab","potentialAction":[{"@type":"SearchAction","target":{"@type":"EntryPoint","urlTemplate":"https:\/\/iotlab.com\/fr\/?s={search_term_string}"},"query-input":{"@type":"PropertyValueSpecification","valueRequired":true,"valueName":"search_term_string"}}],"inLanguage":"fr-FR"}]}},"_links":{"self":[{"href":"https:\/\/iotlab.com\/fr\/wp-json\/wp\/v2\/pages\/31248","targetHints":{"allow":["GET"]}}],"collection":[{"href":"https:\/\/iotlab.com\/fr\/wp-json\/wp\/v2\/pages"}],"about":[{"href":"https:\/\/iotlab.com\/fr\/wp-json\/wp\/v2\/types\/page"}],"author":[{"embeddable":true,"href":"https:\/\/iotlab.com\/fr\/wp-json\/wp\/v2\/users\/1"}],"replies":[{"embeddable":true,"href":"https:\/\/iotlab.com\/fr\/wp-json\/wp\/v2\/comments?post=31248"}],"version-history":[{"count":6,"href":"https:\/\/iotlab.com\/fr\/wp-json\/wp\/v2\/pages\/31248\/revisions"}],"predecessor-version":[{"id":33303,"href":"https:\/\/iotlab.com\/fr\/wp-json\/wp\/v2\/pages\/31248\/revisions\/33303"}],"wp:attachment":[{"href":"https:\/\/iotlab.com\/fr\/wp-json\/wp\/v2\/media?parent=31248"}],"curies":[{"name":"wp","href":"https:\/\/api.w.org\/{rel}","templated":true}]}}