{"id":31513,"date":"2022-08-29T07:16:32","date_gmt":"2022-08-29T05:16:32","guid":{"rendered":"https:\/\/iotlab.com\/?page_id=31513"},"modified":"2022-08-29T07:17:30","modified_gmt":"2022-08-29T05:17:30","slug":"le-developpement-durable","status":"publish","type":"page","link":"https:\/\/iotlab.com\/fr\/le-developpement-durable\/","title":{"rendered":"Le d\u00e9veloppement durable"},"content":{"rendered":"<p>[et_pb_section fb_built=\u00a0\u00bb1&Prime; fullwidth=\u00a0\u00bbon\u00a0\u00bb admin_label=\u00a0\u00bbHero\u00a0\u00bb _builder_version=\u00a0\u00bb4.16&Prime; _module_preset=\u00a0\u00bbdefault\u00a0\u00bb background_image=\u00a0\u00bbhttps:\/\/iotlab.com\/wp-content\/uploads\/2021\/08\/earth-3866609_1280.jpg\u00a0\u00bb custom_css_main_element=\u00a0\u00bb  background-attachment: fixed;||  background-position: bottom;||  background-repeat: no-repeat;||  background-size: cover;\u00a0\u00bb box_shadow_style=\u00a0\u00bbpreset1&Prime; locked=\u00a0\u00bboff\u00a0\u00bb global_colors_info=\u00a0\u00bb{}\u00a0\u00bb][et_pb_fullwidth_slider use_bg_overlay=\u00a0\u00bboff\u00a0\u00bb use_text_overlay=\u00a0\u00bboff\u00a0\u00bb admin_label=\u00a0\u00bbFullwidth Slider\u00a0\u00bb _builder_version=\u00a0\u00bb4.16&Prime; _module_preset=\u00a0\u00bbdefault\u00a0\u00bb header_text_align=\u00a0\u00bbleft\u00a0\u00bb background_enable_color=\u00a0\u00bboff\u00a0\u00bb width=\u00a0\u00bb100%\u00a0\u00bb module_alignment=\u00a0\u00bbcenter\u00a0\u00bb content_width=\u00a0\u00bb100%\u00a0\u00bb content_max_width=\u00a0\u00bb100%\u00a0\u00bb max_height=\u00a0\u00bb351px\u00a0\u00bb custom_padding=\u00a0\u00bb80px||80px||true|false\u00a0\u00bb global_colors_info=\u00a0\u00bb{}\u00a0\u00bb][et_pb_slide heading=\u00a0\u00bbLe d\u00e9veloppement durable\u00a0\u00bb _builder_version=\u00a0\u00bb4.16&Prime; _module_preset=\u00a0\u00bbdefault\u00a0\u00bb header_level=\u00a0\u00bbh1&Prime; header_font=\u00a0\u00bb|600|||||||\u00a0\u00bb header_text_align=\u00a0\u00bbcenter\u00a0\u00bb header_font_size=\u00a0\u00bb40px\u00a0\u00bb header_line_height=\u00a0\u00bb1.2em\u00a0\u00bb body_text_align=\u00a0\u00bbleft\u00a0\u00bb body_font_size=\u00a0\u00bb20px\u00a0\u00bb body_line_height=\u00a0\u00bb1.5em\u00a0\u00bb background_color=\u00a0\u00bbrgba(16,21,53,0.81)\u00a0\u00bb background_enable_color=\u00a0\u00bbon\u00a0\u00bb use_background_color_gradient=\u00a0\u00bbon\u00a0\u00bb background_color_gradient_type=\u00a0\u00bbcircular\u00a0\u00bb background_color_gradient_direction_radial=\u00a0\u00bbbottom\u00a0\u00bb background_color_gradient_stops=\u00a0\u00bbrgba(0,0,0,0) 0%|#00abd6 92%\u00a0\u00bb background_color_gradient_start=\u00a0\u00bbrgba(0,0,0,0)\u00a0\u00bb background_color_gradient_end=\u00a0\u00bb#00abd6&Prime; background_color_gradient_end_position=\u00a0\u00bb92%\u00a0\u00bb button_alignment=\u00a0\u00bbleft\u00a0\u00bb text_orientation=\u00a0\u00bbleft\u00a0\u00bb max_width=\u00a0\u00bb1080px\u00a0\u00bb max_width_tablet=\u00a0\u00bb605px\u00a0\u00bb max_width_phone=\u00a0\u00bb304px\u00a0\u00bb max_width_last_edited=\u00a0\u00bbon|phone\u00a0\u00bb custom_padding=\u00a0\u00bb|0px||0px|false|true\u00a0\u00bb custom_padding_tablet=\u00a0\u00bb30px|0px|30px|0px|true|false\u00a0\u00bb custom_padding_phone=\u00a0\u00bb25px|0px|25px|0px|true|true\u00a0\u00bb custom_padding_last_edited=\u00a0\u00bbon|phone\u00a0\u00bb header_font_size_tablet=\u00a0\u00bb\u00a0\u00bb header_font_size_phone=\u00a0\u00bb28px\u00a0\u00bb header_font_size_last_edited=\u00a0\u00bbon|phone\u00a0\u00bb custom_css_slide_image=\u00a0\u00bbmax-width: 40%;\u00a0\u00bb global_colors_info=\u00a0\u00bb{}\u00a0\u00bb sticky_transition=\u00a0\u00bbon\u00a0\u00bb][\/et_pb_slide][\/et_pb_fullwidth_slider][\/et_pb_section][et_pb_section fb_built=\u00a0\u00bb1&Prime; admin_label=\u00a0\u00bbOur Mission\u00a0\u00bb module_id=\u00a0\u00bbA propos\u00a0\u00bb _builder_version=\u00a0\u00bb4.17.6&Prime; _module_preset=\u00a0\u00bb38daf00d-ad10-460d-98cc-26939271c41b\u00a0\u00bb locked=\u00a0\u00bboff\u00a0\u00bb global_colors_info=\u00a0\u00bb{}\u00a0\u00bb][et_pb_row column_structure=\u00a0\u00bb1_2,1_2&Prime; custom_padding_last_edited=\u00a0\u00bbon|desktop\u00a0\u00bb _builder_version=\u00a0\u00bb4.17.6&Prime; _module_preset=\u00a0\u00bb_initial\u00a0\u00bb background_color=\u00a0\u00bb#ffffff\u00a0\u00bb custom_padding_tablet=\u00a0\u00bb\u00a0\u00bb custom_padding_phone=\u00a0\u00bb\u00a0\u00bb global_colors_info=\u00a0\u00bb{}\u00a0\u00bb][et_pb_column type=\u00a0\u00bb1_2&Prime; _builder_version=\u00a0\u00bb4.16&Prime; _module_preset=\u00a0\u00bbdefault\u00a0\u00bb global_colors_info=\u00a0\u00bb{}\u00a0\u00bb][et_pb_image src=\u00a0\u00bbhttps:\/\/iotlab.com\/wp-content\/uploads\/2021\/06\/International-Cooperation-and-SDGs.jpg\u00a0\u00bb alt=\u00a0\u00bbIoTLab &#8211; Coop\u00e9ration internationale et ODD\u00a0\u00bb title_text=\u00a0\u00bbIoTLab &#8211; Coop\u00e9ration internationale et ODD\u00a0\u00bb align=\u00a0\u00bbcenter\u00a0\u00bb _builder_version=\u00a0\u00bb4.16&Prime; _module_preset=\u00a0\u00bbdefault\u00a0\u00bb background_color=\u00a0\u00bb#ffffff\u00a0\u00bb custom_margin=\u00a0\u00bb||-2px|||\u00a0\u00bb custom_padding=\u00a0\u00bb0px|21px|0px|21px|true|true\u00a0\u00bb custom_padding_tablet=\u00a0\u00bb14px|14px|14px|14px|true|true\u00a0\u00bb custom_padding_phone=\u00a0\u00bb\u00a0\u00bb custom_padding_last_edited=\u00a0\u00bbon|desktop\u00a0\u00bb background_color_tablet=\u00a0\u00bb#FFFFFF\u00a0\u00bb background_last_edited=\u00a0\u00bbon|phone\u00a0\u00bb background_enable_color_tablet=\u00a0\u00bbon\u00a0\u00bb border_radii=\u00a0\u00bboff|34px||34px|\u00a0\u00bb global_colors_info=\u00a0\u00bb{}\u00a0\u00bb][\/et_pb_image][et_pb_text _builder_version=\u00a0\u00bb4.16&Prime; _module_preset=\u00a0\u00bbdefault\u00a0\u00bb text_orientation=\u00a0\u00bbcenter\u00a0\u00bb custom_padding=\u00a0\u00bb0px||0px||true|false\u00a0\u00bb custom_padding_tablet=\u00a0\u00bb\u00a0\u00bb custom_padding_phone=\u00a0\u00bb\u00a0\u00bb custom_padding_last_edited=\u00a0\u00bbon|desktop\u00a0\u00bb locked=\u00a0\u00bboff\u00a0\u00bb global_colors_info=\u00a0\u00bb{}\u00a0\u00bb]<\/p>\n<p>IoT Lab soutien le d\u00e9veloppement durable<\/p>\n<p>[\/et_pb_text][\/et_pb_column][et_pb_column type=\u00a0\u00bb1_2&Prime; _builder_version=\u00a0\u00bb4.16&Prime; _module_preset=\u00a0\u00bbdefault\u00a0\u00bb global_colors_info=\u00a0\u00bb{}\u00a0\u00bb][et_pb_text _builder_version=\u00a0\u00bb4.18.0&Prime; _module_preset=\u00a0\u00bbdefault\u00a0\u00bb custom_padding_tablet=\u00a0\u00bb\u00a0\u00bb custom_padding_phone=\u00a0\u00bb\u00a0\u00bb custom_padding_last_edited=\u00a0\u00bbon|desktop\u00a0\u00bb hover_enabled=\u00a0\u00bb0&Prime; global_colors_info=\u00a0\u00bb{}\u00a0\u00bb sticky_enabled=\u00a0\u00bb0&Prime;]<\/p>\n<p>IoT Lab <strong>dispose d&rsquo;une \u00e9quipe d\u00e9di\u00e9e d&rsquo;experts en d\u00e9veloppement<\/strong> durable pour optimiser l&rsquo;efficacit\u00e9 \u00e9nerg\u00e9tique et la neutralit\u00e9 climatique de vos projets. L&rsquo;\u00e9quipe de recherche d&rsquo;IoT Lab est \u00e9galement activement engag\u00e9e dans des projets de recherche europ\u00e9ens tirant parti de l&rsquo;IoT et de la transformation num\u00e9rique pour le d\u00e9veloppement durable. Notre ambition est de construire un avenir meilleur pour notre plan\u00e8te et ses habitants.<\/p>\n<p>IoT Lab soutient activement <strong><a href=\"https:\/\/iotforum.org\/international-declaration-on-the-internet-of-things-for-sustainable-development\" target=\"_blank\" rel=\"noopener\">la D\u00e9claration internationale sur l&rsquo;IoT pour le d\u00e9veloppement<\/a><\/strong> durable et les 17 objectifs de d\u00e9veloppement durable (ODD) adopt\u00e9s par l&rsquo;Assembl\u00e9e g\u00e9n\u00e9rale des Nations Unies.<\/p>\n<p>[\/et_pb_text][\/et_pb_column][\/et_pb_row][\/et_pb_section][et_pb_section fb_built=\u00a0\u00bb1&Prime; admin_label=\u00a0\u00bbOur Mission\u00a0\u00bb module_id=\u00a0\u00bbiam4sdg\u00a0\u00bb _builder_version=\u00a0\u00bb4.17.6&Prime; _module_preset=\u00a0\u00bbc52d8cf5-37f6-4515-901c-c58cf5d675a2&Prime; locked=\u00a0\u00bboff\u00a0\u00bb global_colors_info=\u00a0\u00bb{}\u00a0\u00bb][et_pb_row module_id=\u00a0\u00bbabout-us\u00a0\u00bb _builder_version=\u00a0\u00bb4.17.6&Prime; _module_preset=\u00a0\u00bb7fd053b9-c243-4260-9eb4-baa2e3fdd7d7&Prime; background_color=\u00a0\u00bb#FFFFFF\u00a0\u00bb width_tablet=\u00a0\u00bb\u00a0\u00bb width_phone=\u00a0\u00bb\u00a0\u00bb width_last_edited=\u00a0\u00bbon|tablet\u00a0\u00bb module_alignment=\u00a0\u00bbcenter\u00a0\u00bb locked=\u00a0\u00bboff\u00a0\u00bb global_colors_info=\u00a0\u00bb{}\u00a0\u00bb][et_pb_column type=\u00a0\u00bb4_4&Prime; _builder_version=\u00a0\u00bb4.16&Prime; _module_preset=\u00a0\u00bbdefault\u00a0\u00bb global_colors_info=\u00a0\u00bb{}\u00a0\u00bb][et_pb_text _builder_version=\u00a0\u00bb4.17.6&Prime; _module_preset=\u00a0\u00bb65dfe38b-9d4a-4738-83a5-344f025501a8&Prime; text_text_color=\u00a0\u00bb#0f9ac3&Prime; width_tablet=\u00a0\u00bb\u00a0\u00bb width_phone=\u00a0\u00bb\u00a0\u00bb width_last_edited=\u00a0\u00bbon|phone\u00a0\u00bb module_alignment=\u00a0\u00bbcenter\u00a0\u00bb global_colors_info=\u00a0\u00bb{}\u00a0\u00bb]<\/p>\n<h2>IAM4SDG<\/h2>\n<p>[\/et_pb_text][\/et_pb_column][\/et_pb_row][et_pb_row custom_padding_last_edited=\u00a0\u00bbon|desktop\u00a0\u00bb _builder_version=\u00a0\u00bb4.17.6&Prime; _module_preset=\u00a0\u00bb_initial\u00a0\u00bb custom_padding_tablet=\u00a0\u00bb\u00a0\u00bb custom_padding_phone=\u00a0\u00bb\u00a0\u00bb global_colors_info=\u00a0\u00bb{}\u00a0\u00bb][et_pb_column type=\u00a0\u00bb4_4&Prime; _builder_version=\u00a0\u00bb4.16&Prime; _module_preset=\u00a0\u00bbdefault\u00a0\u00bb global_colors_info=\u00a0\u00bb{}\u00a0\u00bb][et_pb_text _builder_version=\u00a0\u00bb4.17.6&Prime; _module_preset=\u00a0\u00bb_initial\u00a0\u00bb custom_padding_tablet=\u00a0\u00bb\u00a0\u00bb custom_padding_phone=\u00a0\u00bb\u00a0\u00bb custom_padding_last_edited=\u00a0\u00bbon|desktop\u00a0\u00bb global_colors_info=\u00a0\u00bb{}\u00a0\u00bb]<\/p>\n<p>IoT Lab a la charge de maintenir la m\u00e9thodologie <strong>IAM4SDG<\/strong> d\u00e9velopp\u00e9e dans le cadre du programme de recherche europ\u00e9en. IAM4SDG permet d&rsquo;\u00e9valuer et d&rsquo;am\u00e9liorer l&rsquo;impact de tous types de projets en mati\u00e8re de d\u00e9veloppement durable. Il permet d&rsquo;aligner les projets sur les 17 objectifs des ODD de mani\u00e8re rentable. Il s&rsquo;agit d&rsquo;un instrument puissant pour fournir des \u00e9valuations d&rsquo;impact environnemental plus compl\u00e8tes, pour documenter la conformit\u00e9, pour am\u00e9liorer les projets et pour surveiller et rendre compte de leurs r\u00e9alisations environnementales.<\/p>\n<p>[\/et_pb_text][\/et_pb_column][\/et_pb_row][et_pb_row _builder_version=\u00a0\u00bb4.17.6&Prime; _module_preset=\u00a0\u00bbf3406a9a-c674-45a5-9082-7ddf65d6e8b4&Prime; global_colors_info=\u00a0\u00bb{}\u00a0\u00bb][et_pb_column type=\u00a0\u00bb4_4&Prime; _builder_version=\u00a0\u00bb4.16&Prime; _module_preset=\u00a0\u00bbdefault\u00a0\u00bb global_colors_info=\u00a0\u00bb{}\u00a0\u00bb][et_pb_button button_url=\u00a0\u00bb@ET-DC@eyJkeW5hbWljIjp0cnVlLCJjb250ZW50IjoicG9zdF9saW5rX3VybF9wYWdlIiwic2V0dGluZ3MiOnsicG9zdF9pZCI6IjQ1In19@\u00a0\u00bb button_text=\u00a0\u00bbNous contacter\u00a0\u00bb button_alignment=\u00a0\u00bbright\u00a0\u00bb _builder_version=\u00a0\u00bb4.17.6&Prime; _dynamic_attributes=\u00a0\u00bbbutton_url\u00a0\u00bb _module_preset=\u00a0\u00bbdefault\u00a0\u00bb global_colors_info=\u00a0\u00bb{}\u00a0\u00bb][\/et_pb_button][\/et_pb_column][\/et_pb_row][\/et_pb_section]<\/p>\n","protected":false},"excerpt":{"rendered":"<p>IoT Lab soutien le d\u00e9veloppement durableIoT Lab dispose d&rsquo;une \u00e9quipe d\u00e9di\u00e9e d&rsquo;experts en d\u00e9veloppement durable pour optimiser l&rsquo;efficacit\u00e9 \u00e9nerg\u00e9tique et la neutralit\u00e9 climatique de vos projets. L&rsquo;\u00e9quipe de recherche d&rsquo;IoT Lab est \u00e9galement activement engag\u00e9e dans des projets de recherche europ\u00e9ens tirant parti de l&rsquo;IoT et de la transformation num\u00e9rique pour le d\u00e9veloppement durable. Notre [&hellip;]<\/p>\n","protected":false},"author":1,"featured_media":0,"parent":0,"menu_order":0,"comment_status":"closed","ping_status":"closed","template":"","meta":{"_et_pb_use_builder":"on","_et_pb_old_content":"","_et_gb_content_width":"","inline_featured_image":false,"footnotes":""},"class_list":["post-31513","page","type-page","status-publish","hentry"],"yoast_head":"<!-- This site is optimized with the Yoast SEO Premium plugin v27.5 (Yoast SEO v27.6) - https:\/\/yoast.com\/product\/yoast-seo-premium-wordpress\/ -->\n<title>Le d\u00e9veloppement durable - IoT Lab<\/title>\n<meta name=\"robots\" content=\"index, follow, max-snippet:-1, max-image-preview:large, max-video-preview:-1\" \/>\n<link rel=\"canonical\" href=\"https:\/\/iotlab.com\/fr\/le-developpement-durable\/\" \/>\n<meta property=\"og:locale\" content=\"fr_FR\" \/>\n<meta property=\"og:type\" content=\"article\" \/>\n<meta property=\"og:title\" content=\"Le d\u00e9veloppement durable\" \/>\n<meta property=\"og:description\" content=\"IoT Lab soutien le d\u00e9veloppement durableIoT Lab dispose d&#039;une \u00e9quipe d\u00e9di\u00e9e d&#039;experts en d\u00e9veloppement durable pour optimiser l&#039;efficacit\u00e9 \u00e9nerg\u00e9tique et la neutralit\u00e9 climatique de vos projets. L&#039;\u00e9quipe de recherche d&#039;IoT Lab est \u00e9galement activement engag\u00e9e dans des projets de recherche europ\u00e9ens tirant parti de l&#039;IoT et de la transformation num\u00e9rique pour le d\u00e9veloppement durable. Notre [&hellip;]\" \/>\n<meta property=\"og:url\" content=\"https:\/\/iotlab.com\/fr\/le-developpement-durable\/\" \/>\n<meta property=\"og:site_name\" content=\"IoT Lab\" \/>\n<meta property=\"article:modified_time\" content=\"2022-08-29T05:17:30+00:00\" \/>\n<meta name=\"twitter:card\" content=\"summary_large_image\" \/>\n<meta name=\"twitter:label1\" content=\"Dur\u00e9e de lecture estim\u00e9e\" \/>\n\t<meta name=\"twitter:data1\" content=\"5 minutes\" \/>\n<script type=\"application\/ld+json\" class=\"yoast-schema-graph\">{\"@context\":\"https:\\\/\\\/schema.org\",\"@graph\":[{\"@type\":\"WebPage\",\"@id\":\"https:\\\/\\\/iotlab.com\\\/fr\\\/le-developpement-durable\\\/\",\"url\":\"https:\\\/\\\/iotlab.com\\\/fr\\\/le-developpement-durable\\\/\",\"name\":\"Le d\u00e9veloppement durable - IoT Lab\",\"isPartOf\":{\"@id\":\"https:\\\/\\\/iotlab.com\\\/fr\\\/#website\"},\"datePublished\":\"2022-08-29T05:16:32+00:00\",\"dateModified\":\"2022-08-29T05:17:30+00:00\",\"breadcrumb\":{\"@id\":\"https:\\\/\\\/iotlab.com\\\/fr\\\/le-developpement-durable\\\/#breadcrumb\"},\"inLanguage\":\"fr-FR\",\"potentialAction\":[{\"@type\":\"ReadAction\",\"target\":[\"https:\\\/\\\/iotlab.com\\\/fr\\\/le-developpement-durable\\\/\"]}]},{\"@type\":\"BreadcrumbList\",\"@id\":\"https:\\\/\\\/iotlab.com\\\/fr\\\/le-developpement-durable\\\/#breadcrumb\",\"itemListElement\":[{\"@type\":\"ListItem\",\"position\":1,\"name\":\"Home\",\"item\":\"https:\\\/\\\/iotlab.com\\\/fr\\\/\"},{\"@type\":\"ListItem\",\"position\":2,\"name\":\"Le d\u00e9veloppement durable\"}]},{\"@type\":\"WebSite\",\"@id\":\"https:\\\/\\\/iotlab.com\\\/fr\\\/#website\",\"url\":\"https:\\\/\\\/iotlab.com\\\/fr\\\/\",\"name\":\"Iot Lab\",\"description\":\"IoT Lab is an international platform of services and resources for the Internet of Things (IoT), digital transformation and data protection, providing solutions and services for Internet of Things and Digital Transformation, Smart Cities, Privacy &amp; Security, Research &amp; Innovation, Technology transfer &amp; Standardization, International Cooperation and SDGs.\",\"alternateName\":\"Iot Lab\",\"potentialAction\":[{\"@type\":\"SearchAction\",\"target\":{\"@type\":\"EntryPoint\",\"urlTemplate\":\"https:\\\/\\\/iotlab.com\\\/fr\\\/?s={search_term_string}\"},\"query-input\":{\"@type\":\"PropertyValueSpecification\",\"valueRequired\":true,\"valueName\":\"search_term_string\"}}],\"inLanguage\":\"fr-FR\"}]}<\/script>\n<!-- \/ Yoast SEO Premium plugin. -->","yoast_head_json":{"title":"Le d\u00e9veloppement durable - IoT Lab","robots":{"index":"index","follow":"follow","max-snippet":"max-snippet:-1","max-image-preview":"max-image-preview:large","max-video-preview":"max-video-preview:-1"},"canonical":"https:\/\/iotlab.com\/fr\/le-developpement-durable\/","og_locale":"fr_FR","og_type":"article","og_title":"Le d\u00e9veloppement durable","og_description":"IoT Lab soutien le d\u00e9veloppement durableIoT Lab dispose d'une \u00e9quipe d\u00e9di\u00e9e d'experts en d\u00e9veloppement durable pour optimiser l'efficacit\u00e9 \u00e9nerg\u00e9tique et la neutralit\u00e9 climatique de vos projets. L'\u00e9quipe de recherche d'IoT Lab est \u00e9galement activement engag\u00e9e dans des projets de recherche europ\u00e9ens tirant parti de l'IoT et de la transformation num\u00e9rique pour le d\u00e9veloppement durable. Notre [&hellip;]","og_url":"https:\/\/iotlab.com\/fr\/le-developpement-durable\/","og_site_name":"IoT Lab","article_modified_time":"2022-08-29T05:17:30+00:00","twitter_card":"summary_large_image","twitter_misc":{"Dur\u00e9e de lecture estim\u00e9e":"5 minutes"},"schema":{"@context":"https:\/\/schema.org","@graph":[{"@type":"WebPage","@id":"https:\/\/iotlab.com\/fr\/le-developpement-durable\/","url":"https:\/\/iotlab.com\/fr\/le-developpement-durable\/","name":"Le d\u00e9veloppement durable - IoT Lab","isPartOf":{"@id":"https:\/\/iotlab.com\/fr\/#website"},"datePublished":"2022-08-29T05:16:32+00:00","dateModified":"2022-08-29T05:17:30+00:00","breadcrumb":{"@id":"https:\/\/iotlab.com\/fr\/le-developpement-durable\/#breadcrumb"},"inLanguage":"fr-FR","potentialAction":[{"@type":"ReadAction","target":["https:\/\/iotlab.com\/fr\/le-developpement-durable\/"]}]},{"@type":"BreadcrumbList","@id":"https:\/\/iotlab.com\/fr\/le-developpement-durable\/#breadcrumb","itemListElement":[{"@type":"ListItem","position":1,"name":"Home","item":"https:\/\/iotlab.com\/fr\/"},{"@type":"ListItem","position":2,"name":"Le d\u00e9veloppement durable"}]},{"@type":"WebSite","@id":"https:\/\/iotlab.com\/fr\/#website","url":"https:\/\/iotlab.com\/fr\/","name":"Iot Lab","description":"IoT Lab is an international platform of services and resources for the Internet of Things (IoT), digital transformation and data protection, providing solutions and services for Internet of Things and Digital Transformation, Smart Cities, Privacy &amp; Security, Research &amp; Innovation, Technology transfer &amp; Standardization, International Cooperation and SDGs.","alternateName":"Iot Lab","potentialAction":[{"@type":"SearchAction","target":{"@type":"EntryPoint","urlTemplate":"https:\/\/iotlab.com\/fr\/?s={search_term_string}"},"query-input":{"@type":"PropertyValueSpecification","valueRequired":true,"valueName":"search_term_string"}}],"inLanguage":"fr-FR"}]}},"_links":{"self":[{"href":"https:\/\/iotlab.com\/fr\/wp-json\/wp\/v2\/pages\/31513","targetHints":{"allow":["GET"]}}],"collection":[{"href":"https:\/\/iotlab.com\/fr\/wp-json\/wp\/v2\/pages"}],"about":[{"href":"https:\/\/iotlab.com\/fr\/wp-json\/wp\/v2\/types\/page"}],"author":[{"embeddable":true,"href":"https:\/\/iotlab.com\/fr\/wp-json\/wp\/v2\/users\/1"}],"replies":[{"embeddable":true,"href":"https:\/\/iotlab.com\/fr\/wp-json\/wp\/v2\/comments?post=31513"}],"version-history":[{"count":10,"href":"https:\/\/iotlab.com\/fr\/wp-json\/wp\/v2\/pages\/31513\/revisions"}],"predecessor-version":[{"id":33217,"href":"https:\/\/iotlab.com\/fr\/wp-json\/wp\/v2\/pages\/31513\/revisions\/33217"}],"wp:attachment":[{"href":"https:\/\/iotlab.com\/fr\/wp-json\/wp\/v2\/media?parent=31513"}],"curies":[{"name":"wp","href":"https:\/\/api.w.org\/{rel}","templated":true}]}}