{"id":33223,"date":"2022-08-29T07:30:40","date_gmt":"2022-08-29T05:30:40","guid":{"rendered":"https:\/\/iotlab.com\/le-developpement-durable\/expertise-developpement-durable-et-esg\/"},"modified":"2022-08-29T07:30:42","modified_gmt":"2022-08-29T05:30:42","slug":"expertise-developpement-durable-et-esg","status":"publish","type":"page","link":"https:\/\/iotlab.com\/fr\/le-developpement-durable\/expertise-developpement-durable-et-esg\/","title":{"rendered":"Expertise D\u00e9veloppement Durable et ESG"},"content":{"rendered":"<p>[et_pb_section fb_built=\u00a0\u00bb1&Prime; fullwidth=\u00a0\u00bbon\u00a0\u00bb admin_label=\u00a0\u00bbHero\u00a0\u00bb _builder_version=\u00a0\u00bb4.16&Prime; _module_preset=\u00a0\u00bbdefault\u00a0\u00bb background_image=\u00a0\u00bbhttps:\/\/iotlab.com\/wp-content\/uploads\/2021\/08\/earth-3866609_1280.jpg\u00a0\u00bb custom_css_main_element=\u00a0\u00bb  background-attachment: fixed;||  background-position: bottom;||  background-repeat: no-repeat;||  background-size: cover;\u00a0\u00bb box_shadow_style=\u00a0\u00bbpreset1&Prime; locked=\u00a0\u00bboff\u00a0\u00bb global_colors_info=\u00a0\u00bb{}\u00a0\u00bb][et_pb_fullwidth_slider use_bg_overlay=\u00a0\u00bboff\u00a0\u00bb use_text_overlay=\u00a0\u00bboff\u00a0\u00bb admin_label=\u00a0\u00bbFullwidth Slider\u00a0\u00bb _builder_version=\u00a0\u00bb4.17.6&Prime; _module_preset=\u00a0\u00bbdefault\u00a0\u00bb header_text_align=\u00a0\u00bbleft\u00a0\u00bb background_enable_color=\u00a0\u00bboff\u00a0\u00bb width=\u00a0\u00bb100%\u00a0\u00bb module_alignment=\u00a0\u00bbcenter\u00a0\u00bb content_width=\u00a0\u00bb100%\u00a0\u00bb content_max_width=\u00a0\u00bb100%\u00a0\u00bb max_height=\u00a0\u00bb351px\u00a0\u00bb custom_padding=\u00a0\u00bb80px||80px||true|false\u00a0\u00bb global_colors_info=\u00a0\u00bb{}\u00a0\u00bb][et_pb_slide heading=\u00a0\u00bbExpertise D\u00e9veloppement Durable et ESG\u00a0\u00bb _builder_version=\u00a0\u00bb4.17.6&Prime; _module_preset=\u00a0\u00bbdefault\u00a0\u00bb header_level=\u00a0\u00bbh1&Prime; header_font=\u00a0\u00bb|600|||||||\u00a0\u00bb header_text_align=\u00a0\u00bbcenter\u00a0\u00bb header_font_size=\u00a0\u00bb40px\u00a0\u00bb header_line_height=\u00a0\u00bb1.2em\u00a0\u00bb body_text_align=\u00a0\u00bbleft\u00a0\u00bb body_font_size=\u00a0\u00bb20px\u00a0\u00bb body_line_height=\u00a0\u00bb1.5em\u00a0\u00bb background_color=\u00a0\u00bbrgba(16,21,53,0.81)\u00a0\u00bb background_enable_color=\u00a0\u00bbon\u00a0\u00bb use_background_color_gradient=\u00a0\u00bbon\u00a0\u00bb background_color_gradient_type=\u00a0\u00bbcircular\u00a0\u00bb background_color_gradient_direction_radial=\u00a0\u00bbbottom\u00a0\u00bb background_color_gradient_stops=\u00a0\u00bbrgba(0,0,0,0) 0%|#00abd6 92%\u00a0\u00bb background_color_gradient_start=\u00a0\u00bbrgba(0,0,0,0)\u00a0\u00bb background_color_gradient_end=\u00a0\u00bb#00abd6&Prime; background_color_gradient_end_position=\u00a0\u00bb92%\u00a0\u00bb button_alignment=\u00a0\u00bbleft\u00a0\u00bb text_orientation=\u00a0\u00bbleft\u00a0\u00bb max_width=\u00a0\u00bb1080px\u00a0\u00bb max_width_tablet=\u00a0\u00bb605px\u00a0\u00bb max_width_phone=\u00a0\u00bb304px\u00a0\u00bb max_width_last_edited=\u00a0\u00bbon|phone\u00a0\u00bb custom_padding=\u00a0\u00bb|0px||0px|false|true\u00a0\u00bb custom_padding_tablet=\u00a0\u00bb30px|0px|30px|0px|true|false\u00a0\u00bb custom_padding_phone=\u00a0\u00bb25px|0px|25px|0px|true|true\u00a0\u00bb custom_padding_last_edited=\u00a0\u00bbon|phone\u00a0\u00bb header_font_size_tablet=\u00a0\u00bb\u00a0\u00bb header_font_size_phone=\u00a0\u00bb28px\u00a0\u00bb header_font_size_last_edited=\u00a0\u00bbon|phone\u00a0\u00bb custom_css_slide_image=\u00a0\u00bbmax-width: 40%;\u00a0\u00bb global_colors_info=\u00a0\u00bb{}\u00a0\u00bb sticky_transition=\u00a0\u00bbon\u00a0\u00bb][\/et_pb_slide][\/et_pb_fullwidth_slider][\/et_pb_section][et_pb_section fb_built=\u00a0\u00bb1&Prime; admin_label=\u00a0\u00bbOur Mission\u00a0\u00bb module_id=\u00a0\u00bbiam4sdg\u00a0\u00bb _builder_version=\u00a0\u00bb4.17.6&Prime; _module_preset=\u00a0\u00bbc52d8cf5-37f6-4515-901c-c58cf5d675a2&Prime; locked=\u00a0\u00bboff\u00a0\u00bb global_colors_info=\u00a0\u00bb{}\u00a0\u00bb][et_pb_row module_id=\u00a0\u00bbabout-us\u00a0\u00bb _builder_version=\u00a0\u00bb4.17.6&Prime; _module_preset=\u00a0\u00bb7fd053b9-c243-4260-9eb4-baa2e3fdd7d7&Prime; background_color=\u00a0\u00bb#FFFFFF\u00a0\u00bb width_tablet=\u00a0\u00bb\u00a0\u00bb width_phone=\u00a0\u00bb\u00a0\u00bb width_last_edited=\u00a0\u00bbon|tablet\u00a0\u00bb module_alignment=\u00a0\u00bbcenter\u00a0\u00bb locked=\u00a0\u00bboff\u00a0\u00bb global_colors_info=\u00a0\u00bb{}\u00a0\u00bb][et_pb_column type=\u00a0\u00bb4_4&Prime; _builder_version=\u00a0\u00bb4.16&Prime; _module_preset=\u00a0\u00bbdefault\u00a0\u00bb global_colors_info=\u00a0\u00bb{}\u00a0\u00bb][et_pb_text _builder_version=\u00a0\u00bb4.17.6&Prime; _module_preset=\u00a0\u00bb65dfe38b-9d4a-4738-83a5-344f025501a8&Prime; header_2_text_align=\u00a0\u00bbcenter\u00a0\u00bb global_colors_info=\u00a0\u00bb{}\u00a0\u00bb]<\/p>\n<h2>Services D\u00e9veloppement Durable et Conformit\u00e9 ESG<\/h2>\n<p>[\/et_pb_text][et_pb_image src=\u00a0\u00bbhttps:\/\/iotlab.com\/wp-content\/uploads\/2022\/07\/Sustainable-Development-Goals-_1005x505.png\u00a0\u00bb alt=\u00a0\u00bbObjectifs de d\u00e9veloppement durable\u00a0\u00bb title_text=\u00a0\u00bbObjectifs de d\u00e9veloppement durable\u00a0\u00bb align=\u00a0\u00bbcenter\u00a0\u00bb _builder_version=\u00a0\u00bb4.17.6&Prime; _module_preset=\u00a0\u00bbdefault\u00a0\u00bb global_colors_info=\u00a0\u00bb{}\u00a0\u00bb][\/et_pb_image][et_pb_text _builder_version=\u00a0\u00bb4.17.6&Prime; _module_preset=\u00a0\u00bb_initial\u00a0\u00bb global_colors_info=\u00a0\u00bb{}\u00a0\u00bb]<\/p>\n<p>Notre \u00e9quipe d&rsquo;experts en ESG et d\u00e9veloppement durable vous accompagne pour :<\/p>\n<p>[\/et_pb_text][et_pb_text _builder_version=\u00a0\u00bb4.17.6&Prime; _module_preset=\u00a0\u00bb_initial\u00a0\u00bb global_colors_info=\u00a0\u00bb{}\u00a0\u00bb]<\/p>\n<p><strong>Alignez vos activit\u00e9s sur les principes du d\u00e9veloppement durable<\/strong>, notamment :<\/p>\n<ul>\n<li>Objectifs de d\u00e9veloppement durable (ODD) des Nations Unies ;<\/li>\n<li>R\u00e8glement europ\u00e9en sur les investissements durables (R\u00e8glement UE 2020\/852 relatif \u00e0 la mise en place d&rsquo;un cadre pour faciliter les investissements durables) ;<\/li>\n<li>Conf\u00e9rence des Nations Unies sur le d\u00e9veloppement durable (UNCSD);<\/li>\n<li>Convention des Nations Unies sur la diversit\u00e9 biologique (CDB).<\/li>\n<\/ul>\n<p>[\/et_pb_text][et_pb_text _builder_version=\u00a0\u00bb4.17.6&Prime; _module_preset=\u00a0\u00bb_initial\u00a0\u00bb global_colors_info=\u00a0\u00bb{}\u00a0\u00bb]<\/p>\n<p><strong>\u00c9valuez l&rsquo;impact de votre projet et de vos activit\u00e9s sur le d\u00e9veloppement<\/strong> durable, avec une m\u00e9thodologie de pointe, IAM4SDG, d\u00e9velopp\u00e9e dans le cadre du programme de recherche europ\u00e9en.<\/p>\n<p>[\/et_pb_text][et_pb_text _builder_version=\u00a0\u00bb4.17.6&Prime; _module_preset=\u00a0\u00bb_initial\u00a0\u00bb global_colors_info=\u00a0\u00bb{}\u00a0\u00bb]<\/p>\n<p><strong>Auditer et certifier le respect du r\u00e8glement europ\u00e9en sur les investissements durables et son principe Do Not Harm<\/strong>, notamment pour :<\/p>\n<ul>\n<li>att\u00e9nuation du changement climatique;<\/li>\n<li>adaptation au changement climatique;<\/li>\n<li>l&rsquo;utilisation durable et la protection des ressources hydriques et marines;<\/li>\n<li>la transition vers une \u00e9conomie circulaire ;<\/li>\n<li>pr\u00e9vention et contr\u00f4le de la pollution;<\/li>\n<li>la protection et la restauration de la biodiversit\u00e9 et des \u00e9cosyst\u00e8mes.<\/li>\n<\/ul>\n<p>[\/et_pb_text][et_pb_text _builder_version=\u00a0\u00bb4.17.6&Prime; _module_preset=\u00a0\u00bb_initial\u00a0\u00bb global_colors_info=\u00a0\u00bb{}\u00a0\u00bb]<\/p>\n<p><strong>Vous donner acc\u00e8s \u00e0 son r\u00e9seau international d&rsquo;experts<\/strong> en d\u00e9veloppement durable englobant la finance verte, l&rsquo;industrie et les cha\u00eenes d&rsquo;approvisionnement vertes, les villes intelligentes, l&rsquo;agriculture intelligente, la gestion de l&rsquo;\u00e9nergie et de l&rsquo;eau, les transports, la biodiversit\u00e9, la sant\u00e9 et la pollution.<\/p>\n<p>[\/et_pb_text][\/et_pb_column][\/et_pb_row][et_pb_row _builder_version=\u00a0\u00bb4.17.6&Prime; _module_preset=\u00a0\u00bbf3406a9a-c674-45a5-9082-7ddf65d6e8b4&Prime; global_colors_info=\u00a0\u00bb{}\u00a0\u00bb][et_pb_column type=\u00a0\u00bb4_4&Prime; _builder_version=\u00a0\u00bb4.16&Prime; _module_preset=\u00a0\u00bbdefault\u00a0\u00bb global_colors_info=\u00a0\u00bb{}\u00a0\u00bb][et_pb_button button_url=\u00a0\u00bb@ET-DC@eyJkeW5hbWljIjp0cnVlLCJjb250ZW50IjoicG9zdF9saW5rX3VybF9wYWdlIiwic2V0dGluZ3MiOnsicG9zdF9pZCI6IjQ1In19@\u00a0\u00bb button_text=\u00a0\u00bbNous contacter\u00a0\u00bb button_alignment=\u00a0\u00bbright\u00a0\u00bb _builder_version=\u00a0\u00bb4.17.6&Prime; _dynamic_attributes=\u00a0\u00bbbutton_url\u00a0\u00bb _module_preset=\u00a0\u00bbdefault\u00a0\u00bb global_colors_info=\u00a0\u00bb{}\u00a0\u00bb][\/et_pb_button][\/et_pb_column][\/et_pb_row][\/et_pb_section]<\/p>\n","protected":false},"excerpt":{"rendered":"<p>Services D\u00e9veloppement Durable et Conformit\u00e9 ESGNotre \u00e9quipe d&rsquo;experts en ESG et d\u00e9veloppement durable vous accompagne pour :Alignez vos activit\u00e9s sur les principes du d\u00e9veloppement durable, notamment : Objectifs de d\u00e9veloppement durable (ODD) des Nations Unies ; R\u00e8glement europ\u00e9en sur les investissements durables (R\u00e8glement UE 2020\/852 relatif \u00e0 la mise en place d&rsquo;un cadre pour faciliter [&hellip;]<\/p>\n","protected":false},"author":1,"featured_media":0,"parent":31513,"menu_order":0,"comment_status":"closed","ping_status":"closed","template":"","meta":{"_et_pb_use_builder":"on","_et_pb_old_content":"","_et_gb_content_width":"","inline_featured_image":false,"footnotes":""},"class_list":["post-33223","page","type-page","status-publish","hentry"],"yoast_head":"<!-- This site is optimized with the Yoast SEO Premium plugin v25.5 (Yoast SEO v27.3) - https:\/\/yoast.com\/product\/yoast-seo-premium-wordpress\/ -->\n<title>Expertise D\u00e9veloppement Durable et ESG - IoT Lab<\/title>\n<meta name=\"robots\" content=\"index, follow, max-snippet:-1, max-image-preview:large, max-video-preview:-1\" \/>\n<link rel=\"canonical\" href=\"https:\/\/iotlab.com\/fr\/le-developpement-durable\/expertise-developpement-durable-et-esg\/\" \/>\n<meta property=\"og:locale\" content=\"fr_FR\" \/>\n<meta property=\"og:type\" content=\"article\" \/>\n<meta property=\"og:title\" content=\"Expertise D\u00e9veloppement Durable et ESG\" \/>\n<meta property=\"og:description\" content=\"Services D\u00e9veloppement Durable et Conformit\u00e9 ESGNotre \u00e9quipe d&#039;experts en ESG et d\u00e9veloppement durable vous accompagne pour :Alignez vos activit\u00e9s sur les principes du d\u00e9veloppement durable, notamment : Objectifs de d\u00e9veloppement durable (ODD) des Nations Unies ; R\u00e8glement europ\u00e9en sur les investissements durables (R\u00e8glement UE 2020\/852 relatif \u00e0 la mise en place d&#039;un cadre pour faciliter [&hellip;]\" \/>\n<meta property=\"og:url\" content=\"https:\/\/iotlab.com\/fr\/le-developpement-durable\/expertise-developpement-durable-et-esg\/\" \/>\n<meta property=\"og:site_name\" content=\"IoT Lab\" \/>\n<meta property=\"article:modified_time\" content=\"2022-08-29T05:30:42+00:00\" \/>\n<meta name=\"twitter:card\" content=\"summary_large_image\" \/>\n<meta name=\"twitter:label1\" content=\"Dur\u00e9e de lecture estim\u00e9e\" \/>\n\t<meta name=\"twitter:data1\" content=\"4 minutes\" \/>\n<script type=\"application\/ld+json\" class=\"yoast-schema-graph\">{\"@context\":\"https:\\\/\\\/schema.org\",\"@graph\":[{\"@type\":\"WebPage\",\"@id\":\"https:\\\/\\\/iotlab.com\\\/fr\\\/le-developpement-durable\\\/expertise-developpement-durable-et-esg\\\/\",\"url\":\"https:\\\/\\\/iotlab.com\\\/fr\\\/le-developpement-durable\\\/expertise-developpement-durable-et-esg\\\/\",\"name\":\"Expertise D\u00e9veloppement Durable et ESG - IoT Lab\",\"isPartOf\":{\"@id\":\"https:\\\/\\\/iotlab.com\\\/fr\\\/#website\"},\"datePublished\":\"2022-08-29T05:30:40+00:00\",\"dateModified\":\"2022-08-29T05:30:42+00:00\",\"breadcrumb\":{\"@id\":\"https:\\\/\\\/iotlab.com\\\/fr\\\/le-developpement-durable\\\/expertise-developpement-durable-et-esg\\\/#breadcrumb\"},\"inLanguage\":\"fr-FR\",\"potentialAction\":[{\"@type\":\"ReadAction\",\"target\":[\"https:\\\/\\\/iotlab.com\\\/fr\\\/le-developpement-durable\\\/expertise-developpement-durable-et-esg\\\/\"]}]},{\"@type\":\"BreadcrumbList\",\"@id\":\"https:\\\/\\\/iotlab.com\\\/fr\\\/le-developpement-durable\\\/expertise-developpement-durable-et-esg\\\/#breadcrumb\",\"itemListElement\":[{\"@type\":\"ListItem\",\"position\":1,\"name\":\"Home\",\"item\":\"https:\\\/\\\/iotlab.com\\\/fr\\\/\"},{\"@type\":\"ListItem\",\"position\":2,\"name\":\"Le d\u00e9veloppement durable\",\"item\":\"https:\\\/\\\/iotlab.com\\\/fr\\\/le-developpement-durable\\\/\"},{\"@type\":\"ListItem\",\"position\":3,\"name\":\"Expertise D\u00e9veloppement Durable et ESG\"}]},{\"@type\":\"WebSite\",\"@id\":\"https:\\\/\\\/iotlab.com\\\/fr\\\/#website\",\"url\":\"https:\\\/\\\/iotlab.com\\\/fr\\\/\",\"name\":\"Iot Lab\",\"description\":\"IoT Lab is an international platform of services and resources for the Internet of Things (IoT), digital transformation and data protection, providing solutions and services for Internet of Things and Digital Transformation, Smart Cities, Privacy &amp; Security, Research &amp; Innovation, Technology transfer &amp; Standardization, International Cooperation and SDGs.\",\"alternateName\":\"Iot Lab\",\"potentialAction\":[{\"@type\":\"SearchAction\",\"target\":{\"@type\":\"EntryPoint\",\"urlTemplate\":\"https:\\\/\\\/iotlab.com\\\/fr\\\/?s={search_term_string}\"},\"query-input\":{\"@type\":\"PropertyValueSpecification\",\"valueRequired\":true,\"valueName\":\"search_term_string\"}}],\"inLanguage\":\"fr-FR\"}]}<\/script>\n<!-- \/ Yoast SEO Premium plugin. -->","yoast_head_json":{"title":"Expertise D\u00e9veloppement Durable et ESG - IoT Lab","robots":{"index":"index","follow":"follow","max-snippet":"max-snippet:-1","max-image-preview":"max-image-preview:large","max-video-preview":"max-video-preview:-1"},"canonical":"https:\/\/iotlab.com\/fr\/le-developpement-durable\/expertise-developpement-durable-et-esg\/","og_locale":"fr_FR","og_type":"article","og_title":"Expertise D\u00e9veloppement Durable et ESG","og_description":"Services D\u00e9veloppement Durable et Conformit\u00e9 ESGNotre \u00e9quipe d'experts en ESG et d\u00e9veloppement durable vous accompagne pour :Alignez vos activit\u00e9s sur les principes du d\u00e9veloppement durable, notamment : Objectifs de d\u00e9veloppement durable (ODD) des Nations Unies ; R\u00e8glement europ\u00e9en sur les investissements durables (R\u00e8glement UE 2020\/852 relatif \u00e0 la mise en place d'un cadre pour faciliter [&hellip;]","og_url":"https:\/\/iotlab.com\/fr\/le-developpement-durable\/expertise-developpement-durable-et-esg\/","og_site_name":"IoT Lab","article_modified_time":"2022-08-29T05:30:42+00:00","twitter_card":"summary_large_image","twitter_misc":{"Dur\u00e9e de lecture estim\u00e9e":"4 minutes"},"schema":{"@context":"https:\/\/schema.org","@graph":[{"@type":"WebPage","@id":"https:\/\/iotlab.com\/fr\/le-developpement-durable\/expertise-developpement-durable-et-esg\/","url":"https:\/\/iotlab.com\/fr\/le-developpement-durable\/expertise-developpement-durable-et-esg\/","name":"Expertise D\u00e9veloppement Durable et ESG - IoT Lab","isPartOf":{"@id":"https:\/\/iotlab.com\/fr\/#website"},"datePublished":"2022-08-29T05:30:40+00:00","dateModified":"2022-08-29T05:30:42+00:00","breadcrumb":{"@id":"https:\/\/iotlab.com\/fr\/le-developpement-durable\/expertise-developpement-durable-et-esg\/#breadcrumb"},"inLanguage":"fr-FR","potentialAction":[{"@type":"ReadAction","target":["https:\/\/iotlab.com\/fr\/le-developpement-durable\/expertise-developpement-durable-et-esg\/"]}]},{"@type":"BreadcrumbList","@id":"https:\/\/iotlab.com\/fr\/le-developpement-durable\/expertise-developpement-durable-et-esg\/#breadcrumb","itemListElement":[{"@type":"ListItem","position":1,"name":"Home","item":"https:\/\/iotlab.com\/fr\/"},{"@type":"ListItem","position":2,"name":"Le d\u00e9veloppement durable","item":"https:\/\/iotlab.com\/fr\/le-developpement-durable\/"},{"@type":"ListItem","position":3,"name":"Expertise D\u00e9veloppement Durable et ESG"}]},{"@type":"WebSite","@id":"https:\/\/iotlab.com\/fr\/#website","url":"https:\/\/iotlab.com\/fr\/","name":"Iot Lab","description":"IoT Lab is an international platform of services and resources for the Internet of Things (IoT), digital transformation and data protection, providing solutions and services for Internet of Things and Digital Transformation, Smart Cities, Privacy &amp; Security, Research &amp; Innovation, Technology transfer &amp; Standardization, International Cooperation and SDGs.","alternateName":"Iot Lab","potentialAction":[{"@type":"SearchAction","target":{"@type":"EntryPoint","urlTemplate":"https:\/\/iotlab.com\/fr\/?s={search_term_string}"},"query-input":{"@type":"PropertyValueSpecification","valueRequired":true,"valueName":"search_term_string"}}],"inLanguage":"fr-FR"}]}},"_links":{"self":[{"href":"https:\/\/iotlab.com\/fr\/wp-json\/wp\/v2\/pages\/33223","targetHints":{"allow":["GET"]}}],"collection":[{"href":"https:\/\/iotlab.com\/fr\/wp-json\/wp\/v2\/pages"}],"about":[{"href":"https:\/\/iotlab.com\/fr\/wp-json\/wp\/v2\/types\/page"}],"author":[{"embeddable":true,"href":"https:\/\/iotlab.com\/fr\/wp-json\/wp\/v2\/users\/1"}],"replies":[{"embeddable":true,"href":"https:\/\/iotlab.com\/fr\/wp-json\/wp\/v2\/comments?post=33223"}],"version-history":[{"count":2,"href":"https:\/\/iotlab.com\/fr\/wp-json\/wp\/v2\/pages\/33223\/revisions"}],"predecessor-version":[{"id":33225,"href":"https:\/\/iotlab.com\/fr\/wp-json\/wp\/v2\/pages\/33223\/revisions\/33225"}],"up":[{"embeddable":true,"href":"https:\/\/iotlab.com\/fr\/wp-json\/wp\/v2\/pages\/31513"}],"wp:attachment":[{"href":"https:\/\/iotlab.com\/fr\/wp-json\/wp\/v2\/media?parent=33223"}],"curies":[{"name":"wp","href":"https:\/\/api.w.org\/{rel}","templated":true}]}}