{"id":33232,"date":"2022-08-29T07:41:56","date_gmt":"2022-08-29T05:41:56","guid":{"rendered":"https:\/\/iotlab.com\/le-developpement-durable\/iam4sdg\/"},"modified":"2022-08-29T07:41:58","modified_gmt":"2022-08-29T05:41:58","slug":"iam4sdg","status":"publish","type":"page","link":"https:\/\/iotlab.com\/fr\/le-developpement-durable\/iam4sdg\/","title":{"rendered":"IAM4SDG"},"content":{"rendered":"<p>[et_pb_section fb_built=\u00a0\u00bb1&Prime; fullwidth=\u00a0\u00bbon\u00a0\u00bb admin_label=\u00a0\u00bbHero\u00a0\u00bb _builder_version=\u00a0\u00bb4.16&Prime; _module_preset=\u00a0\u00bbdefault\u00a0\u00bb background_image=\u00a0\u00bbhttps:\/\/iotlab.com\/wp-content\/uploads\/2021\/08\/earth-3866609_1280.jpg\u00a0\u00bb custom_css_main_element=\u00a0\u00bb  background-attachment: fixed;||  background-position: bottom;||  background-repeat: no-repeat;||  background-size: cover;\u00a0\u00bb box_shadow_style=\u00a0\u00bbpreset1&Prime; locked=\u00a0\u00bboff\u00a0\u00bb global_colors_info=\u00a0\u00bb{}\u00a0\u00bb][et_pb_fullwidth_slider use_bg_overlay=\u00a0\u00bboff\u00a0\u00bb use_text_overlay=\u00a0\u00bboff\u00a0\u00bb admin_label=\u00a0\u00bbFullwidth Slider\u00a0\u00bb _builder_version=\u00a0\u00bb4.17.6&Prime; _module_preset=\u00a0\u00bbdefault\u00a0\u00bb header_text_align=\u00a0\u00bbleft\u00a0\u00bb background_enable_color=\u00a0\u00bboff\u00a0\u00bb width=\u00a0\u00bb100%\u00a0\u00bb module_alignment=\u00a0\u00bbcenter\u00a0\u00bb content_width=\u00a0\u00bb100%\u00a0\u00bb content_max_width=\u00a0\u00bb100%\u00a0\u00bb max_height=\u00a0\u00bb351px\u00a0\u00bb custom_padding=\u00a0\u00bb80px||80px||true|false\u00a0\u00bb global_colors_info=\u00a0\u00bb{}\u00a0\u00bb][et_pb_slide heading=\u00a0\u00bbIAM4SDG\u00a0\u00bb _builder_version=\u00a0\u00bb4.17.6&Prime; _module_preset=\u00a0\u00bbdefault\u00a0\u00bb header_level=\u00a0\u00bbh1&Prime; header_font=\u00a0\u00bb|600|||||||\u00a0\u00bb header_text_align=\u00a0\u00bbcenter\u00a0\u00bb header_font_size=\u00a0\u00bb40px\u00a0\u00bb header_line_height=\u00a0\u00bb1.2em\u00a0\u00bb body_text_align=\u00a0\u00bbleft\u00a0\u00bb body_font_size=\u00a0\u00bb20px\u00a0\u00bb body_line_height=\u00a0\u00bb1.5em\u00a0\u00bb background_color=\u00a0\u00bbrgba(16,21,53,0.81)\u00a0\u00bb background_enable_color=\u00a0\u00bbon\u00a0\u00bb use_background_color_gradient=\u00a0\u00bbon\u00a0\u00bb background_color_gradient_type=\u00a0\u00bbcircular\u00a0\u00bb background_color_gradient_direction_radial=\u00a0\u00bbbottom\u00a0\u00bb background_color_gradient_stops=\u00a0\u00bbrgba(0,0,0,0) 0%|#00abd6 92%\u00a0\u00bb background_color_gradient_start=\u00a0\u00bbrgba(0,0,0,0)\u00a0\u00bb background_color_gradient_end=\u00a0\u00bb#00abd6&Prime; background_color_gradient_end_position=\u00a0\u00bb92%\u00a0\u00bb button_alignment=\u00a0\u00bbleft\u00a0\u00bb text_orientation=\u00a0\u00bbleft\u00a0\u00bb max_width=\u00a0\u00bb1080px\u00a0\u00bb max_width_tablet=\u00a0\u00bb605px\u00a0\u00bb max_width_phone=\u00a0\u00bb304px\u00a0\u00bb max_width_last_edited=\u00a0\u00bbon|phone\u00a0\u00bb custom_padding=\u00a0\u00bb|0px||0px|false|true\u00a0\u00bb custom_padding_tablet=\u00a0\u00bb30px|0px|30px|0px|true|false\u00a0\u00bb custom_padding_phone=\u00a0\u00bb25px|0px|25px|0px|true|true\u00a0\u00bb custom_padding_last_edited=\u00a0\u00bbon|phone\u00a0\u00bb header_font_size_tablet=\u00a0\u00bb\u00a0\u00bb header_font_size_phone=\u00a0\u00bb28px\u00a0\u00bb header_font_size_last_edited=\u00a0\u00bbon|phone\u00a0\u00bb custom_css_slide_image=\u00a0\u00bbmax-width: 40%;\u00a0\u00bb global_colors_info=\u00a0\u00bb{}\u00a0\u00bb sticky_transition=\u00a0\u00bbon\u00a0\u00bb][\/et_pb_slide][\/et_pb_fullwidth_slider][\/et_pb_section][et_pb_section fb_built=\u00a0\u00bb1&Prime; admin_label=\u00a0\u00bbOur Mission\u00a0\u00bb module_id=\u00a0\u00bbiam4sdg\u00a0\u00bb _builder_version=\u00a0\u00bb4.17.6&Prime; _module_preset=\u00a0\u00bb38daf00d-ad10-460d-98cc-26939271c41b\u00a0\u00bb hover_enabled=\u00a0\u00bb0&Prime; locked=\u00a0\u00bboff\u00a0\u00bb global_colors_info=\u00a0\u00bb{}\u00a0\u00bb sticky_enabled=\u00a0\u00bb0&Prime;][et_pb_row module_id=\u00a0\u00bbabout-us\u00a0\u00bb _builder_version=\u00a0\u00bb4.17.6&Prime; _module_preset=\u00a0\u00bb7fd053b9-c243-4260-9eb4-baa2e3fdd7d7&Prime; background_color=\u00a0\u00bb#FFFFFF\u00a0\u00bb width_tablet=\u00a0\u00bb\u00a0\u00bb width_phone=\u00a0\u00bb\u00a0\u00bb width_last_edited=\u00a0\u00bbon|tablet\u00a0\u00bb module_alignment=\u00a0\u00bbcenter\u00a0\u00bb hover_enabled=\u00a0\u00bb0&Prime; locked=\u00a0\u00bboff\u00a0\u00bb global_colors_info=\u00a0\u00bb{}\u00a0\u00bb sticky_enabled=\u00a0\u00bb0&Prime;][et_pb_column type=\u00a0\u00bb4_4&Prime; _builder_version=\u00a0\u00bb4.16&Prime; _module_preset=\u00a0\u00bbdefault\u00a0\u00bb global_colors_info=\u00a0\u00bb{}\u00a0\u00bb][et_pb_text _builder_version=\u00a0\u00bb4.17.6&Prime; _module_preset=\u00a0\u00bb_initial\u00a0\u00bb hover_enabled=\u00a0\u00bb0&Prime; global_colors_info=\u00a0\u00bb{}\u00a0\u00bb sticky_enabled=\u00a0\u00bb0&Prime;]<\/p>\n<p>Cherchez-vous\u2026<\/p>\n<ul>\n<li>Un <strong>outil holistique et convivial<\/strong> pour vous aider \u00e0 identifier les risques et les opportunit\u00e9s pour les ODD d\u00e9coulant des activit\u00e9s de votre organisation\/projet ?<\/li>\n<li><strong>Des conseils personnalis\u00e9s<\/strong> pour vous aider \u00e0 d\u00e9finir les actions d&rsquo;att\u00e9nuation des <strong>risques<\/strong> ad\u00e9quates et les strat\u00e9gies de mise en \u0153uvre des <strong>opportunit\u00e9s<\/strong> pour soutenir l&rsquo;Agenda 2030 pour le d\u00e9veloppement durable ?<\/li>\n<li>Une m\u00e9thodologie \u00ab\u00a0<strong>pr\u00eate \u00e0 l&#8217;emploi<\/strong>\u00a0\u00bb pour les d\u00e9butants et les experts, qui vous aidera \u00e0 d\u00e9couvrir le sujet des ODD ?<\/li>\n<li>Aide \u00e0 la <strong>sensibilisation<\/strong> sur les ODD dans le cadre de vos activit\u00e9s ?<\/li>\n<\/ul>\n<p>[\/et_pb_text][\/et_pb_column][\/et_pb_row][\/et_pb_section][et_pb_section fb_built=\u00a0\u00bb1&Prime; theme_builder_area=\u00a0\u00bbpost_content\u00a0\u00bb _builder_version=\u00a0\u00bb4.17.6&Prime; _module_preset=\u00a0\u00bb38daf00d-ad10-460d-98cc-26939271c41b\u00a0\u00bb hover_enabled=\u00a0\u00bb0&Prime; sticky_enabled=\u00a0\u00bb0&Prime;][et_pb_row _builder_version=\u00a0\u00bb4.17.6&Prime; _module_preset=\u00a0\u00bb_initial\u00a0\u00bb theme_builder_area=\u00a0\u00bbpost_content\u00a0\u00bb hover_enabled=\u00a0\u00bb0&Prime; sticky_enabled=\u00a0\u00bb0&Prime;][et_pb_column _builder_version=\u00a0\u00bb4.17.6&Prime; _module_preset=\u00a0\u00bbdefault\u00a0\u00bb type=\u00a0\u00bb4_4&Prime; theme_builder_area=\u00a0\u00bbpost_content\u00a0\u00bb][et_pb_text _builder_version=\u00a0\u00bb4.17.6&Prime; _module_preset=\u00a0\u00bbb7aad84b-4396-4388-862b-89f63d9791bf\u00a0\u00bb theme_builder_area=\u00a0\u00bbpost_content\u00a0\u00bb header_2_text_align=\u00a0\u00bbcenter\u00a0\u00bb hover_enabled=\u00a0\u00bb0&Prime; sticky_enabled=\u00a0\u00bb0&Prime;]<\/p>\n<h2>IAM4SDG est l&rsquo;outil qu&rsquo;il vous faut !<\/h2>\n<p>[\/et_pb_text][\/et_pb_column][\/et_pb_row][et_pb_row _builder_version=\u00a0\u00bb4.17.6&Prime; _module_preset=\u00a0\u00bb_initial\u00a0\u00bb theme_builder_area=\u00a0\u00bbpost_content\u00a0\u00bb hover_enabled=\u00a0\u00bb0&Prime; sticky_enabled=\u00a0\u00bb0&Prime;][et_pb_column _builder_version=\u00a0\u00bb4.17.6&Prime; _module_preset=\u00a0\u00bbdefault\u00a0\u00bb type=\u00a0\u00bb4_4&Prime; theme_builder_area=\u00a0\u00bbpost_content\u00a0\u00bb][et_pb_text _builder_version=\u00a0\u00bb4.17.6&Prime; _module_preset=\u00a0\u00bb_initial\u00a0\u00bb theme_builder_area=\u00a0\u00bbpost_content\u00a0\u00bb hover_enabled=\u00a0\u00bb0&Prime; sticky_enabled=\u00a0\u00bb0&Prime;]<\/p>\n<p><strong>Qu&rsquo;est-ce que IAM4SDG ?<\/strong><\/p>\n<p>IAM4SDG est une \u00e9valuation d&rsquo;impact pour la m\u00e9thodologie des ODD d\u00e9velopp\u00e9e dans le cadre du projet de recherche NAIADES Horizon 2020. Il fournit une m\u00e9thodologie formelle et bien structur\u00e9e permettant aux parties prenantes d&rsquo;\u00e9valuer syst\u00e9matiquement les impacts n\u00e9gatifs et positifs potentiels d&rsquo;un projet sur les ODD et de traduire les r\u00e9sultats en un plan d&rsquo;action pratique pour mieux aligner leurs activit\u00e9s sur les ODD. Au-del\u00e0 de ses r\u00e9sultats formels, IAM4SDG peut \u00e9galement contribuer \u00e0 sensibiliser aux exigences des ODD dans un projet.<\/p>\n<p>Il a <strong><em>deux objectifs :<\/em><\/strong><\/p>\n<ol>\n<li>Identifier et att\u00e9nuer les risques potentiels et les impacts n\u00e9gatifs du projet \u00e9valu\u00e9 sur les 17 ODD<\/li>\n<li>Identifier et exploiter les impacts positifs potentiels<\/li>\n<\/ol>\n<p>[\/et_pb_text][\/et_pb_column][\/et_pb_row][et_pb_row _builder_version=\u00a0\u00bb4.17.6&Prime; _module_preset=\u00a0\u00bb_initial\u00a0\u00bb theme_builder_area=\u00a0\u00bbpost_content\u00a0\u00bb hover_enabled=\u00a0\u00bb0&Prime; sticky_enabled=\u00a0\u00bb0&Prime;][et_pb_column _builder_version=\u00a0\u00bb4.17.6&Prime; _module_preset=\u00a0\u00bbdefault\u00a0\u00bb type=\u00a0\u00bb4_4&Prime; theme_builder_area=\u00a0\u00bbpost_content\u00a0\u00bb][et_pb_text _builder_version=\u00a0\u00bb4.17.6&Prime; _module_preset=\u00a0\u00bb_initial\u00a0\u00bb theme_builder_area=\u00a0\u00bbpost_content\u00a0\u00bb hover_enabled=\u00a0\u00bb0&Prime; sticky_enabled=\u00a0\u00bb0&Prime;]<\/p>\n<p><strong>Pourquoi devriez-vous utiliser IAM4SDG et comment votre organisation peut-elle en b\u00e9n\u00e9ficier ?<\/strong><\/p>\n<p>IAM4SDG, contrairement aux \u00e9valuations d&rsquo;impact sur l&rsquo;environnement (EIE) classiques, fournit un outil pratique pour mesurer l&rsquo;impact d&rsquo;un projet sp\u00e9cifique qui va au-del\u00e0 de la simple \u00e9valuation des risques pour l&rsquo;environnement. En effet, IAM4SDG \u00e9largit les perspectives dans deux directions en (1) consid\u00e9rant l&rsquo;ensemble des ODD et (2) identifiant et consid\u00e9rant \u00e0 la fois les impacts positifs et n\u00e9gatifs potentiels du projet pour la r\u00e9alisation des ODD, au lieu de se limiter aux risques.<br \/>La m\u00e9thodologie sera particuli\u00e8rement utile si vous d\u00e9marrez un nouveau projet et souhaitez comprendre de mani\u00e8re globale comment ce projet sp\u00e9cifique influencera les ODD. Cela vous aidera \u00e0 maximiser votre impact positif sur les questions de d\u00e9veloppement durable tout en minimisant les cons\u00e9quences potentiellement n\u00e9gatives. De plus, IAM4SDG vise \u00e0 vous inciter \u00e0 mieux vous familiariser avec les diff\u00e9rents aspects du d\u00e9veloppement durable tout en vous invitant \u00e0 sortir des sentiers battus en vous faisant envisager les liens possibles entre votre projet et l&rsquo;impact sur le d\u00e9veloppement durable. En cons\u00e9quence, IAM4SDG vous permet d&rsquo;\u00eatre mieux \u00e9quip\u00e9 pour prioriser les actions futures tout en vous renseignant sur les opportunit\u00e9s et les difficult\u00e9s de la mise en \u0153uvre des ODD.<\/p>\n<p>[\/et_pb_text][\/et_pb_column][\/et_pb_row][et_pb_row _builder_version=\u00a0\u00bb4.17.6&Prime; _module_preset=\u00a0\u00bb_initial\u00a0\u00bb theme_builder_area=\u00a0\u00bbpost_content\u00a0\u00bb hover_enabled=\u00a0\u00bb0&Prime; sticky_enabled=\u00a0\u00bb0&Prime;][et_pb_column _builder_version=\u00a0\u00bb4.17.6&Prime; _module_preset=\u00a0\u00bbdefault\u00a0\u00bb type=\u00a0\u00bb4_4&Prime; theme_builder_area=\u00a0\u00bbpost_content\u00a0\u00bb][et_pb_text _builder_version=\u00a0\u00bb4.17.6&Prime; _module_preset=\u00a0\u00bb_initial\u00a0\u00bb theme_builder_area=\u00a0\u00bbpost_content\u00a0\u00bb hover_enabled=\u00a0\u00bb0&Prime; sticky_enabled=\u00a0\u00bb0&Prime;]<\/p>\n<p><strong>Qui doit appliquer IAM4SDG ?<\/strong><\/p>\n<p>IAM4SDG entend \u00e9valuer les activit\u00e9s en fonction de leur impact sur les 17 ODD. Il est ainsi recommand\u00e9 \u00e0 tous les acteurs qui envisagent de lancer ou de s&rsquo;impliquer dans un nouveau projet ou une nouvelle activit\u00e9 d&rsquo;appliquer pr\u00e9alablement la m\u00e9thodologie. Les acteurs cibl\u00e9s comprennent donc, entre autres, les pouvoirs publics, les industries, les chercheurs, les d\u00e9cideurs politiques, les \u00e9valuateurs de projets et les gestionnaires de projets.<\/p>\n<p>[\/et_pb_text][\/et_pb_column][\/et_pb_row][et_pb_row _builder_version=\u00a0\u00bb4.17.6&Prime; _module_preset=\u00a0\u00bb_initial\u00a0\u00bb theme_builder_area=\u00a0\u00bbpost_content\u00a0\u00bb hover_enabled=\u00a0\u00bb0&Prime; sticky_enabled=\u00a0\u00bb0&Prime;][et_pb_column _builder_version=\u00a0\u00bb4.17.6&Prime; _module_preset=\u00a0\u00bbdefault\u00a0\u00bb type=\u00a0\u00bb4_4&Prime; theme_builder_area=\u00a0\u00bbpost_content\u00a0\u00bb][et_pb_text _builder_version=\u00a0\u00bb4.17.6&Prime; _module_preset=\u00a0\u00bb_initial\u00a0\u00bb theme_builder_area=\u00a0\u00bbpost_content\u00a0\u00bb hover_enabled=\u00a0\u00bb0&Prime; sticky_enabled=\u00a0\u00bb0&Prime;]<\/p>\n<p><strong>Comment \u00e7a marche?<\/strong><\/p>\n<p>La m\u00e9thodologie consiste en six phases qui doivent \u00eatre r\u00e9alis\u00e9es dans un ordre cons\u00e9cutif.<\/p>\n<p>[\/et_pb_text][et_pb_image src=\u00a0\u00bbhttps:\/\/iotlab.com\/wp-content\/uploads\/2022\/07\/six-phases_1030x205.png\u00a0\u00bb _builder_version=\u00a0\u00bb4.17.6&Prime; _module_preset=\u00a0\u00bbdefault\u00a0\u00bb theme_builder_area=\u00a0\u00bbpost_content\u00a0\u00bb alt=\u00a0\u00bbIAM4SDG &#8211; six phases\u00a0\u00bb title_text=\u00a0\u00bbIAM4SDG &#8211; six phases\u00a0\u00bb hover_enabled=\u00a0\u00bb0&Prime; sticky_enabled=\u00a0\u00bb0&Prime; align=\u00a0\u00bbcenter\u00a0\u00bb][\/et_pb_image][et_pb_text _builder_version=\u00a0\u00bb4.17.6&Prime; _module_preset=\u00a0\u00bb_initial\u00a0\u00bb theme_builder_area=\u00a0\u00bbpost_content\u00a0\u00bb hover_enabled=\u00a0\u00bb0&Prime; sticky_enabled=\u00a0\u00bb0&Prime;]<\/p>\n<p>Nous vous guiderons pas \u00e0 pas pour vous aider \u00e0 obtenir les meilleurs r\u00e9sultats !<\/p>\n<p>&nbsp;<\/p>\n<p>Int\u00e9ress\u00e9?<\/p>\n<p>N&rsquo;h\u00e9sitez pas \u00e0 nous contacter via le formulaire de contact et nous vous r\u00e9pondrons dans les plus brefs d\u00e9lais !<\/p>\n<p>[\/et_pb_text][\/et_pb_column][\/et_pb_row][et_pb_row _builder_version=\u00a0\u00bb4.17.6&Prime; _module_preset=\u00a0\u00bbf3406a9a-c674-45a5-9082-7ddf65d6e8b4&Prime; min_height=\u00a0\u00bb70.2px\u00a0\u00bb hover_enabled=\u00a0\u00bb0&Prime; global_colors_info=\u00a0\u00bb{}\u00a0\u00bb locked=\u00a0\u00bboff\u00a0\u00bb theme_builder_area=\u00a0\u00bbpost_content\u00a0\u00bb sticky_enabled=\u00a0\u00bb0&Prime;][et_pb_column type=\u00a0\u00bb4_4&Prime; _builder_version=\u00a0\u00bb4.16&Prime; _module_preset=\u00a0\u00bbdefault\u00a0\u00bb global_colors_info=\u00a0\u00bb{}\u00a0\u00bb theme_builder_area=\u00a0\u00bbpost_content\u00a0\u00bb][et_pb_button button_url=\u00a0\u00bb@ET-DC@eyJkeW5hbWljIjp0cnVlLCJjb250ZW50IjoicG9zdF9saW5rX3VybF9wYWdlIiwic2V0dGluZ3MiOnsicG9zdF9pZCI6IjQ1In19@\u00a0\u00bb button_text=\u00a0\u00bbNous contacter\u00a0\u00bb button_alignment=\u00a0\u00bbright\u00a0\u00bb _builder_version=\u00a0\u00bb4.17.6&Prime; _dynamic_attributes=\u00a0\u00bbbutton_url\u00a0\u00bb _module_preset=\u00a0\u00bbdefault\u00a0\u00bb hover_enabled=\u00a0\u00bb0&Prime; global_colors_info=\u00a0\u00bb{}\u00a0\u00bb theme_builder_area=\u00a0\u00bbpost_content\u00a0\u00bb sticky_enabled=\u00a0\u00bb0&Prime;][\/et_pb_button][\/et_pb_column][\/et_pb_row][\/et_pb_section]<\/p>\n","protected":false},"excerpt":{"rendered":"<p>Cherchez-vous\u2026 Un outil holistique et convivial pour vous aider \u00e0 identifier les risques et les opportunit\u00e9s pour les ODD d\u00e9coulant des activit\u00e9s de votre organisation\/projet ? Des conseils personnalis\u00e9s pour vous aider \u00e0 d\u00e9finir les actions d&rsquo;att\u00e9nuation des risques ad\u00e9quates et les strat\u00e9gies de mise en \u0153uvre des opportunit\u00e9s pour soutenir l&rsquo;Agenda 2030 pour le [&hellip;]<\/p>\n","protected":false},"author":1,"featured_media":0,"parent":31513,"menu_order":0,"comment_status":"closed","ping_status":"closed","template":"","meta":{"_et_pb_use_builder":"on","_et_pb_old_content":"","_et_gb_content_width":"","inline_featured_image":false,"footnotes":""},"class_list":["post-33232","page","type-page","status-publish","hentry"],"yoast_head":"<!-- This site is optimized with the Yoast SEO Premium plugin v27.5 (Yoast SEO v27.5) - https:\/\/yoast.com\/product\/yoast-seo-premium-wordpress\/ -->\n<title>IAM4SDG - IoT Lab<\/title>\n<meta name=\"robots\" content=\"index, follow, max-snippet:-1, max-image-preview:large, max-video-preview:-1\" \/>\n<link rel=\"canonical\" href=\"https:\/\/iotlab.com\/fr\/le-developpement-durable\/iam4sdg\/\" \/>\n<meta property=\"og:locale\" content=\"fr_FR\" \/>\n<meta property=\"og:type\" content=\"article\" \/>\n<meta property=\"og:title\" content=\"IAM4SDG\" \/>\n<meta property=\"og:description\" content=\"Cherchez-vous\u2026 Un outil holistique et convivial pour vous aider \u00e0 identifier les risques et les opportunit\u00e9s pour les ODD d\u00e9coulant des activit\u00e9s de votre organisation\/projet ? Des conseils personnalis\u00e9s pour vous aider \u00e0 d\u00e9finir les actions d&#039;att\u00e9nuation des risques ad\u00e9quates et les strat\u00e9gies de mise en \u0153uvre des opportunit\u00e9s pour soutenir l&#039;Agenda 2030 pour le [&hellip;]\" \/>\n<meta property=\"og:url\" content=\"https:\/\/iotlab.com\/fr\/le-developpement-durable\/iam4sdg\/\" \/>\n<meta property=\"og:site_name\" content=\"IoT Lab\" \/>\n<meta property=\"article:modified_time\" content=\"2022-08-29T05:41:58+00:00\" \/>\n<meta name=\"twitter:card\" content=\"summary_large_image\" \/>\n<meta name=\"twitter:label1\" content=\"Dur\u00e9e de lecture estim\u00e9e\" \/>\n\t<meta name=\"twitter:data1\" content=\"7 minutes\" \/>\n<script type=\"application\/ld+json\" class=\"yoast-schema-graph\">{\"@context\":\"https:\\\/\\\/schema.org\",\"@graph\":[{\"@type\":\"WebPage\",\"@id\":\"https:\\\/\\\/iotlab.com\\\/fr\\\/le-developpement-durable\\\/iam4sdg\\\/\",\"url\":\"https:\\\/\\\/iotlab.com\\\/fr\\\/le-developpement-durable\\\/iam4sdg\\\/\",\"name\":\"IAM4SDG - IoT Lab\",\"isPartOf\":{\"@id\":\"https:\\\/\\\/iotlab.com\\\/fr\\\/#website\"},\"datePublished\":\"2022-08-29T05:41:56+00:00\",\"dateModified\":\"2022-08-29T05:41:58+00:00\",\"breadcrumb\":{\"@id\":\"https:\\\/\\\/iotlab.com\\\/fr\\\/le-developpement-durable\\\/iam4sdg\\\/#breadcrumb\"},\"inLanguage\":\"fr-FR\",\"potentialAction\":[{\"@type\":\"ReadAction\",\"target\":[\"https:\\\/\\\/iotlab.com\\\/fr\\\/le-developpement-durable\\\/iam4sdg\\\/\"]}]},{\"@type\":\"BreadcrumbList\",\"@id\":\"https:\\\/\\\/iotlab.com\\\/fr\\\/le-developpement-durable\\\/iam4sdg\\\/#breadcrumb\",\"itemListElement\":[{\"@type\":\"ListItem\",\"position\":1,\"name\":\"Home\",\"item\":\"https:\\\/\\\/iotlab.com\\\/fr\\\/\"},{\"@type\":\"ListItem\",\"position\":2,\"name\":\"Le d\u00e9veloppement durable\",\"item\":\"https:\\\/\\\/iotlab.com\\\/fr\\\/le-developpement-durable\\\/\"},{\"@type\":\"ListItem\",\"position\":3,\"name\":\"IAM4SDG\"}]},{\"@type\":\"WebSite\",\"@id\":\"https:\\\/\\\/iotlab.com\\\/fr\\\/#website\",\"url\":\"https:\\\/\\\/iotlab.com\\\/fr\\\/\",\"name\":\"Iot Lab\",\"description\":\"IoT Lab is an international platform of services and resources for the Internet of Things (IoT), digital transformation and data protection, providing solutions and services for Internet of Things and Digital Transformation, Smart Cities, Privacy &amp; Security, Research &amp; Innovation, Technology transfer &amp; Standardization, International Cooperation and SDGs.\",\"alternateName\":\"Iot Lab\",\"potentialAction\":[{\"@type\":\"SearchAction\",\"target\":{\"@type\":\"EntryPoint\",\"urlTemplate\":\"https:\\\/\\\/iotlab.com\\\/fr\\\/?s={search_term_string}\"},\"query-input\":{\"@type\":\"PropertyValueSpecification\",\"valueRequired\":true,\"valueName\":\"search_term_string\"}}],\"inLanguage\":\"fr-FR\"}]}<\/script>\n<!-- \/ Yoast SEO Premium plugin. -->","yoast_head_json":{"title":"IAM4SDG - IoT Lab","robots":{"index":"index","follow":"follow","max-snippet":"max-snippet:-1","max-image-preview":"max-image-preview:large","max-video-preview":"max-video-preview:-1"},"canonical":"https:\/\/iotlab.com\/fr\/le-developpement-durable\/iam4sdg\/","og_locale":"fr_FR","og_type":"article","og_title":"IAM4SDG","og_description":"Cherchez-vous\u2026 Un outil holistique et convivial pour vous aider \u00e0 identifier les risques et les opportunit\u00e9s pour les ODD d\u00e9coulant des activit\u00e9s de votre organisation\/projet ? Des conseils personnalis\u00e9s pour vous aider \u00e0 d\u00e9finir les actions d'att\u00e9nuation des risques ad\u00e9quates et les strat\u00e9gies de mise en \u0153uvre des opportunit\u00e9s pour soutenir l'Agenda 2030 pour le [&hellip;]","og_url":"https:\/\/iotlab.com\/fr\/le-developpement-durable\/iam4sdg\/","og_site_name":"IoT Lab","article_modified_time":"2022-08-29T05:41:58+00:00","twitter_card":"summary_large_image","twitter_misc":{"Dur\u00e9e de lecture estim\u00e9e":"7 minutes"},"schema":{"@context":"https:\/\/schema.org","@graph":[{"@type":"WebPage","@id":"https:\/\/iotlab.com\/fr\/le-developpement-durable\/iam4sdg\/","url":"https:\/\/iotlab.com\/fr\/le-developpement-durable\/iam4sdg\/","name":"IAM4SDG - IoT Lab","isPartOf":{"@id":"https:\/\/iotlab.com\/fr\/#website"},"datePublished":"2022-08-29T05:41:56+00:00","dateModified":"2022-08-29T05:41:58+00:00","breadcrumb":{"@id":"https:\/\/iotlab.com\/fr\/le-developpement-durable\/iam4sdg\/#breadcrumb"},"inLanguage":"fr-FR","potentialAction":[{"@type":"ReadAction","target":["https:\/\/iotlab.com\/fr\/le-developpement-durable\/iam4sdg\/"]}]},{"@type":"BreadcrumbList","@id":"https:\/\/iotlab.com\/fr\/le-developpement-durable\/iam4sdg\/#breadcrumb","itemListElement":[{"@type":"ListItem","position":1,"name":"Home","item":"https:\/\/iotlab.com\/fr\/"},{"@type":"ListItem","position":2,"name":"Le d\u00e9veloppement durable","item":"https:\/\/iotlab.com\/fr\/le-developpement-durable\/"},{"@type":"ListItem","position":3,"name":"IAM4SDG"}]},{"@type":"WebSite","@id":"https:\/\/iotlab.com\/fr\/#website","url":"https:\/\/iotlab.com\/fr\/","name":"Iot Lab","description":"IoT Lab is an international platform of services and resources for the Internet of Things (IoT), digital transformation and data protection, providing solutions and services for Internet of Things and Digital Transformation, Smart Cities, Privacy &amp; Security, Research &amp; Innovation, Technology transfer &amp; Standardization, International Cooperation and SDGs.","alternateName":"Iot Lab","potentialAction":[{"@type":"SearchAction","target":{"@type":"EntryPoint","urlTemplate":"https:\/\/iotlab.com\/fr\/?s={search_term_string}"},"query-input":{"@type":"PropertyValueSpecification","valueRequired":true,"valueName":"search_term_string"}}],"inLanguage":"fr-FR"}]}},"_links":{"self":[{"href":"https:\/\/iotlab.com\/fr\/wp-json\/wp\/v2\/pages\/33232","targetHints":{"allow":["GET"]}}],"collection":[{"href":"https:\/\/iotlab.com\/fr\/wp-json\/wp\/v2\/pages"}],"about":[{"href":"https:\/\/iotlab.com\/fr\/wp-json\/wp\/v2\/types\/page"}],"author":[{"embeddable":true,"href":"https:\/\/iotlab.com\/fr\/wp-json\/wp\/v2\/users\/1"}],"replies":[{"embeddable":true,"href":"https:\/\/iotlab.com\/fr\/wp-json\/wp\/v2\/comments?post=33232"}],"version-history":[{"count":2,"href":"https:\/\/iotlab.com\/fr\/wp-json\/wp\/v2\/pages\/33232\/revisions"}],"predecessor-version":[{"id":33234,"href":"https:\/\/iotlab.com\/fr\/wp-json\/wp\/v2\/pages\/33232\/revisions\/33234"}],"up":[{"embeddable":true,"href":"https:\/\/iotlab.com\/fr\/wp-json\/wp\/v2\/pages\/31513"}],"wp:attachment":[{"href":"https:\/\/iotlab.com\/fr\/wp-json\/wp\/v2\/media?parent=33232"}],"curies":[{"name":"wp","href":"https:\/\/api.w.org\/{rel}","templated":true}]}}