{"id":33240,"date":"2022-08-29T07:54:37","date_gmt":"2022-08-29T05:54:37","guid":{"rendered":"https:\/\/iotlab.com\/le-developpement-durable\/declaration-iot-pour-le-developpement-durable\/"},"modified":"2022-08-29T07:54:39","modified_gmt":"2022-08-29T05:54:39","slug":"declaration-iot-pour-le-developpement-durable","status":"publish","type":"page","link":"https:\/\/iotlab.com\/fr\/le-developpement-durable\/declaration-iot-pour-le-developpement-durable\/","title":{"rendered":"D\u00e9claration IoT pour le d\u00e9veloppement durable"},"content":{"rendered":"<p>[et_pb_section fb_built=\u00a0\u00bb1&Prime; fullwidth=\u00a0\u00bbon\u00a0\u00bb admin_label=\u00a0\u00bbHero\u00a0\u00bb _builder_version=\u00a0\u00bb4.16&Prime; _module_preset=\u00a0\u00bbdefault\u00a0\u00bb background_image=\u00a0\u00bbhttps:\/\/iotlab.com\/wp-content\/uploads\/2021\/08\/earth-3866609_1280.jpg\u00a0\u00bb custom_css_main_element=\u00a0\u00bb  background-attachment: fixed;||  background-position: bottom;||  background-repeat: no-repeat;||  background-size: cover;\u00a0\u00bb box_shadow_style=\u00a0\u00bbpreset1&Prime; locked=\u00a0\u00bboff\u00a0\u00bb global_colors_info=\u00a0\u00bb{}\u00a0\u00bb][et_pb_fullwidth_slider use_bg_overlay=\u00a0\u00bboff\u00a0\u00bb use_text_overlay=\u00a0\u00bboff\u00a0\u00bb admin_label=\u00a0\u00bbFullwidth Slider\u00a0\u00bb _builder_version=\u00a0\u00bb4.17.6&Prime; _module_preset=\u00a0\u00bbdefault\u00a0\u00bb header_text_align=\u00a0\u00bbleft\u00a0\u00bb background_enable_color=\u00a0\u00bboff\u00a0\u00bb width=\u00a0\u00bb100%\u00a0\u00bb module_alignment=\u00a0\u00bbcenter\u00a0\u00bb content_width=\u00a0\u00bb100%\u00a0\u00bb content_max_width=\u00a0\u00bb100%\u00a0\u00bb max_height=\u00a0\u00bb351px\u00a0\u00bb custom_padding=\u00a0\u00bb80px||80px||true|false\u00a0\u00bb global_colors_info=\u00a0\u00bb{}\u00a0\u00bb][et_pb_slide heading=\u00a0\u00bbD\u00e9claration IoT pour le d\u00e9veloppement durable\u00a0\u00bb _builder_version=\u00a0\u00bb4.17.6&Prime; _module_preset=\u00a0\u00bbdefault\u00a0\u00bb header_level=\u00a0\u00bbh1&Prime; header_font=\u00a0\u00bb|600|||||||\u00a0\u00bb header_text_align=\u00a0\u00bbcenter\u00a0\u00bb header_font_size=\u00a0\u00bb40px\u00a0\u00bb header_line_height=\u00a0\u00bb1.2em\u00a0\u00bb body_text_align=\u00a0\u00bbleft\u00a0\u00bb body_font_size=\u00a0\u00bb20px\u00a0\u00bb body_line_height=\u00a0\u00bb1.5em\u00a0\u00bb background_color=\u00a0\u00bbrgba(16,21,53,0.81)\u00a0\u00bb background_enable_color=\u00a0\u00bbon\u00a0\u00bb use_background_color_gradient=\u00a0\u00bbon\u00a0\u00bb background_color_gradient_type=\u00a0\u00bbcircular\u00a0\u00bb background_color_gradient_direction_radial=\u00a0\u00bbbottom\u00a0\u00bb background_color_gradient_stops=\u00a0\u00bbrgba(0,0,0,0) 0%|#00abd6 92%\u00a0\u00bb background_color_gradient_start=\u00a0\u00bbrgba(0,0,0,0)\u00a0\u00bb background_color_gradient_end=\u00a0\u00bb#00abd6&Prime; background_color_gradient_end_position=\u00a0\u00bb92%\u00a0\u00bb button_alignment=\u00a0\u00bbleft\u00a0\u00bb text_orientation=\u00a0\u00bbleft\u00a0\u00bb max_width=\u00a0\u00bb1080px\u00a0\u00bb max_width_tablet=\u00a0\u00bb605px\u00a0\u00bb max_width_phone=\u00a0\u00bb304px\u00a0\u00bb max_width_last_edited=\u00a0\u00bbon|phone\u00a0\u00bb custom_padding=\u00a0\u00bb|0px||0px|false|true\u00a0\u00bb custom_padding_tablet=\u00a0\u00bb30px|0px|30px|0px|true|false\u00a0\u00bb custom_padding_phone=\u00a0\u00bb25px|0px|25px|0px|true|true\u00a0\u00bb custom_padding_last_edited=\u00a0\u00bbon|phone\u00a0\u00bb header_font_size_tablet=\u00a0\u00bb\u00a0\u00bb header_font_size_phone=\u00a0\u00bb28px\u00a0\u00bb header_font_size_last_edited=\u00a0\u00bbon|phone\u00a0\u00bb custom_css_slide_image=\u00a0\u00bbmax-width: 40%;\u00a0\u00bb global_colors_info=\u00a0\u00bb{}\u00a0\u00bb sticky_transition=\u00a0\u00bbon\u00a0\u00bb][\/et_pb_slide][\/et_pb_fullwidth_slider][\/et_pb_section][et_pb_section fb_built=\u00a0\u00bb1&Prime; admin_label=\u00a0\u00bbOur Mission\u00a0\u00bb module_id=\u00a0\u00bbiam4sdg\u00a0\u00bb _builder_version=\u00a0\u00bb4.17.6&Prime; _module_preset=\u00a0\u00bb38daf00d-ad10-460d-98cc-26939271c41b\u00a0\u00bb locked=\u00a0\u00bboff\u00a0\u00bb global_colors_info=\u00a0\u00bb{}\u00a0\u00bb][et_pb_row module_id=\u00a0\u00bbabout-us\u00a0\u00bb _builder_version=\u00a0\u00bb4.17.6&Prime; _module_preset=\u00a0\u00bb7fd053b9-c243-4260-9eb4-baa2e3fdd7d7&Prime; background_color=\u00a0\u00bb#FFFFFF\u00a0\u00bb width_tablet=\u00a0\u00bb\u00a0\u00bb width_phone=\u00a0\u00bb\u00a0\u00bb width_last_edited=\u00a0\u00bbon|tablet\u00a0\u00bb module_alignment=\u00a0\u00bbcenter\u00a0\u00bb locked=\u00a0\u00bboff\u00a0\u00bb global_colors_info=\u00a0\u00bb{}\u00a0\u00bb][et_pb_column type=\u00a0\u00bb4_4&Prime; _builder_version=\u00a0\u00bb4.16&Prime; _module_preset=\u00a0\u00bbdefault\u00a0\u00bb global_colors_info=\u00a0\u00bb{}\u00a0\u00bb][et_pb_text _builder_version=\u00a0\u00bb4.17.6&Prime; _module_preset=\u00a0\u00bb_initial\u00a0\u00bb hover_enabled=\u00a0\u00bb0&Prime; global_colors_info=\u00a0\u00bb{}\u00a0\u00bb sticky_enabled=\u00a0\u00bb0&Prime;]<\/p>\n<p>IoT Lab a soutenu la r\u00e9daction de la D\u00e9claration internationale sur l&rsquo;Internet des objets pour le d\u00e9veloppement durable adopt\u00e9e par la communaut\u00e9 internationale lors de l&rsquo;IoT Week 2017 \u00e0 Gen\u00e8ve. <\/p>\n<p>[\/et_pb_text][\/et_pb_column][\/et_pb_row][\/et_pb_section][et_pb_section fb_built=\u00a0\u00bb1&Prime; _builder_version=\u00a0\u00bb4.17.6&Prime; _module_preset=\u00a0\u00bb38daf00d-ad10-460d-98cc-26939271c41b\u00a0\u00bb locked=\u00a0\u00bboff\u00a0\u00bb global_colors_info=\u00a0\u00bb{}\u00a0\u00bb][et_pb_row _builder_version=\u00a0\u00bb4.17.6&Prime; _module_preset=\u00a0\u00bb_initial\u00a0\u00bb global_colors_info=\u00a0\u00bb{}\u00a0\u00bb][et_pb_column type=\u00a0\u00bb4_4&Prime; _builder_version=\u00a0\u00bb4.17.6&Prime; _module_preset=\u00a0\u00bbdefault\u00a0\u00bb global_colors_info=\u00a0\u00bb{}\u00a0\u00bb][et_pb_text _builder_version=\u00a0\u00bb4.17.6&Prime; _module_preset=\u00a0\u00bb65dfe38b-9d4a-4738-83a5-344f025501a8&Prime; global_colors_info=\u00a0\u00bb{}\u00a0\u00bb]<\/p>\n<h2>\u00c0 propos de la D\u00e9claration internationale sur l&rsquo;Internet des objets pour le d\u00e9veloppement durable<\/h2>\n<p>[\/et_pb_text][\/et_pb_column][\/et_pb_row][et_pb_row _builder_version=\u00a0\u00bb4.17.6&Prime; _module_preset=\u00a0\u00bb_initial\u00a0\u00bb global_colors_info=\u00a0\u00bb{}\u00a0\u00bb][et_pb_column type=\u00a0\u00bb4_4&Prime; _builder_version=\u00a0\u00bb4.17.6&Prime; _module_preset=\u00a0\u00bbdefault\u00a0\u00bb global_colors_info=\u00a0\u00bb{}\u00a0\u00bb][et_pb_text _builder_version=\u00a0\u00bb4.17.6&Prime; _module_preset=\u00a0\u00bb_initial\u00a0\u00bb hover_enabled=\u00a0\u00bb0&Prime; global_colors_info=\u00a0\u00bb{}\u00a0\u00bb sticky_enabled=\u00a0\u00bb0&Prime;]<\/p>\n<p>Les participants \u00e0 la conf\u00e9rence IoT Week 2017 \u00e0 Gen\u00e8ve ont adopt\u00e9 par acclamation la D\u00e9claration internationale sur l&rsquo;Internet des objets pour le d\u00e9veloppement durable. Il pr\u00e9sente une vision et une strat\u00e9gie pour tirer parti de l&rsquo;Internet des objets pour atteindre les 17 objectifs de d\u00e9veloppement durable adopt\u00e9s par l&rsquo;ONU et la communaut\u00e9 internationale. Il entend ouvrir la voie \u00e0 une collaboration plus \u00e9troite entre la communaut\u00e9 internationale d&rsquo;experts et de chercheurs de l&rsquo;Internet des objets et les syst\u00e8mes des Nations Unies pour faire du d\u00e9veloppement durable une r\u00e9alit\u00e9.<\/p>\n<p>[\/et_pb_text][et_pb_text _builder_version=\u00a0\u00bb4.17.6&Prime; _module_preset=\u00a0\u00bb_initial\u00a0\u00bb hover_enabled=\u00a0\u00bb0&Prime; global_colors_info=\u00a0\u00bb{}\u00a0\u00bb sticky_enabled=\u00a0\u00bb0&Prime;]<\/p>\n<p>Cette D\u00e9claration a \u00e9t\u00e9 pr\u00e9par\u00e9e par l&rsquo;UIT et le Forum IoT au cours d&rsquo;un processus de six mois, impliquant des consultations ouvertes. Tout le monde avait la possibilit\u00e9 de soumettre des id\u00e9es et des propositions pour examen via le site Web de la conf\u00e9rence sur chacun des 17 objectifs de d\u00e9veloppement durable. Un premier projet a \u00e9t\u00e9 \u00e9labor\u00e9 par un comit\u00e9 \u00e9ditorial r\u00e9unissant l&rsquo;UIT et le Forum IoT et a \u00e9t\u00e9 soumis \u00e0 plus de 200 experts de la communaut\u00e9 IoT et du syst\u00e8me des Nations Unies. Sur la base des commentaires re\u00e7us, un projet r\u00e9vis\u00e9 a \u00e9t\u00e9 publi\u00e9 avant la conf\u00e9rence. Des sessions d\u00e9di\u00e9es \u00e0 l&rsquo;IoT et au d\u00e9veloppement durable ont \u00e9t\u00e9 organis\u00e9es pendant la conf\u00e9rence pour affiner la D\u00e9claration, qui a \u00e9t\u00e9 approuv\u00e9e par acclamation \u00e0 l&rsquo;issue de la conf\u00e9rence, le 9 juin 2017.<\/p>\n<p>[\/et_pb_text][et_pb_text _builder_version=\u00a0\u00bb4.17.6&Prime; _module_preset=\u00a0\u00bbdefault\u00a0\u00bb global_colors_info=\u00a0\u00bb{}\u00a0\u00bb]<\/p>\n<p>Texte de la D\u00e9claration :<\/p>\n<ul>\n<li><strong><a href=\"https:\/\/iotforum.org\/wp-content\/uploads\/2019\/10\/IoT4SDG-Declaration.pdf\" target=\"_blank\" rel=\"noopener\">D\u00e9claration internationale sur l&rsquo;Internet des objets pour le d\u00e9veloppement durable \u2013 Anglais<\/a><\/strong><\/li>\n<li><strong><a href=\"https:\/\/iotforum.org\/wp-content\/uploads\/2019\/10\/IoT4SDG-Declaration_Arabic.pdf\" target=\"_blank\" rel=\"noopener\">D\u00e9claration internationale sur l&rsquo;Internet des objets pour le d\u00e9veloppement durable &#8211; Arabe<\/a><\/strong><\/li>\n<li><strong><a href=\"https:\/\/iotforum.org\/wp-content\/uploads\/2019\/10\/IoT4SDG-Declaration_Chinese.pdf\" target=\"_blank\" rel=\"noopener\">D\u00e9claration internationale sur l&rsquo;Internet des objets pour le d\u00e9veloppement durable &#8211; Chinois<\/a><\/strong><\/li>\n<li><strong><a href=\"https:\/\/iotforum.org\/wp-content\/uploads\/2019\/10\/IoT4SDG-Declaration_French.pdf\" target=\"_blank\" rel=\"noopener\">D\u00e9claration internationale sur l&rsquo;Internet des objets pour le d\u00e9veloppement durable \u2013 Fran\u00e7ais<\/a><\/strong><\/li>\n<li><strong><a href=\"https:\/\/iotforum.org\/wp-content\/uploads\/2019\/10\/IoT4SDG-Declaration_Russian.pdf\" target=\"_blank\" rel=\"noopener\">D\u00e9claration internationale sur l&rsquo;Internet des objets pour le d\u00e9veloppement durable \u2013 Russe<\/a><\/strong><\/li>\n<li><strong><a href=\"https:\/\/iotforum.org\/wp-content\/uploads\/2019\/10\/IoT4SDG-Declaration_Spanish.pdf\" target=\"_blank\" rel=\"noopener\">D\u00e9claration internationale sur l&rsquo;Internet des objets pour le d\u00e9veloppement durable &#8211; Espagnol<\/a><\/strong><\/li>\n<\/ul>\n<p>[\/et_pb_text][\/et_pb_column][\/et_pb_row][\/et_pb_section]<\/p>\n","protected":false},"excerpt":{"rendered":"<p>IoT Lab a soutenu la r\u00e9daction de la D\u00e9claration internationale sur l&rsquo;Internet des objets pour le d\u00e9veloppement durable adopt\u00e9e par la communaut\u00e9 internationale lors de l&rsquo;IoT Week 2017 \u00e0 Gen\u00e8ve. \u00c0 propos de la D\u00e9claration internationale sur l&rsquo;Internet des objets pour le d\u00e9veloppement durableLes participants \u00e0 la conf\u00e9rence IoT Week 2017 \u00e0 Gen\u00e8ve ont adopt\u00e9 [&hellip;]<\/p>\n","protected":false},"author":1,"featured_media":0,"parent":31513,"menu_order":0,"comment_status":"closed","ping_status":"closed","template":"","meta":{"_et_pb_use_builder":"on","_et_pb_old_content":"","_et_gb_content_width":"","inline_featured_image":false,"footnotes":""},"class_list":["post-33240","page","type-page","status-publish","hentry"],"yoast_head":"<!-- This site is optimized with the Yoast SEO Premium plugin v25.5 (Yoast SEO v27.4) - https:\/\/yoast.com\/product\/yoast-seo-premium-wordpress\/ -->\n<title>D\u00e9claration IoT pour le d\u00e9veloppement durable - IoT Lab<\/title>\n<meta name=\"robots\" content=\"index, follow, max-snippet:-1, max-image-preview:large, max-video-preview:-1\" \/>\n<link rel=\"canonical\" href=\"https:\/\/iotlab.com\/fr\/le-developpement-durable\/declaration-iot-pour-le-developpement-durable\/\" \/>\n<meta property=\"og:locale\" content=\"fr_FR\" \/>\n<meta property=\"og:type\" content=\"article\" \/>\n<meta property=\"og:title\" content=\"D\u00e9claration IoT pour le d\u00e9veloppement durable\" \/>\n<meta property=\"og:description\" content=\"IoT Lab a soutenu la r\u00e9daction de la D\u00e9claration internationale sur l&#039;Internet des objets pour le d\u00e9veloppement durable adopt\u00e9e par la communaut\u00e9 internationale lors de l&#039;IoT Week 2017 \u00e0 Gen\u00e8ve. \u00c0 propos de la D\u00e9claration internationale sur l&#039;Internet des objets pour le d\u00e9veloppement durableLes participants \u00e0 la conf\u00e9rence IoT Week 2017 \u00e0 Gen\u00e8ve ont adopt\u00e9 [&hellip;]\" \/>\n<meta property=\"og:url\" content=\"https:\/\/iotlab.com\/fr\/le-developpement-durable\/declaration-iot-pour-le-developpement-durable\/\" \/>\n<meta property=\"og:site_name\" content=\"IoT Lab\" \/>\n<meta property=\"article:modified_time\" content=\"2022-08-29T05:54:39+00:00\" \/>\n<meta name=\"twitter:card\" content=\"summary_large_image\" \/>\n<meta name=\"twitter:label1\" content=\"Dur\u00e9e de lecture estim\u00e9e\" \/>\n\t<meta name=\"twitter:data1\" content=\"5 minutes\" \/>\n<script type=\"application\/ld+json\" class=\"yoast-schema-graph\">{\"@context\":\"https:\\\/\\\/schema.org\",\"@graph\":[{\"@type\":\"WebPage\",\"@id\":\"https:\\\/\\\/iotlab.com\\\/fr\\\/le-developpement-durable\\\/declaration-iot-pour-le-developpement-durable\\\/\",\"url\":\"https:\\\/\\\/iotlab.com\\\/fr\\\/le-developpement-durable\\\/declaration-iot-pour-le-developpement-durable\\\/\",\"name\":\"D\u00e9claration IoT pour le d\u00e9veloppement durable - IoT Lab\",\"isPartOf\":{\"@id\":\"https:\\\/\\\/iotlab.com\\\/fr\\\/#website\"},\"datePublished\":\"2022-08-29T05:54:37+00:00\",\"dateModified\":\"2022-08-29T05:54:39+00:00\",\"breadcrumb\":{\"@id\":\"https:\\\/\\\/iotlab.com\\\/fr\\\/le-developpement-durable\\\/declaration-iot-pour-le-developpement-durable\\\/#breadcrumb\"},\"inLanguage\":\"fr-FR\",\"potentialAction\":[{\"@type\":\"ReadAction\",\"target\":[\"https:\\\/\\\/iotlab.com\\\/fr\\\/le-developpement-durable\\\/declaration-iot-pour-le-developpement-durable\\\/\"]}]},{\"@type\":\"BreadcrumbList\",\"@id\":\"https:\\\/\\\/iotlab.com\\\/fr\\\/le-developpement-durable\\\/declaration-iot-pour-le-developpement-durable\\\/#breadcrumb\",\"itemListElement\":[{\"@type\":\"ListItem\",\"position\":1,\"name\":\"Home\",\"item\":\"https:\\\/\\\/iotlab.com\\\/fr\\\/\"},{\"@type\":\"ListItem\",\"position\":2,\"name\":\"Le d\u00e9veloppement durable\",\"item\":\"https:\\\/\\\/iotlab.com\\\/fr\\\/le-developpement-durable\\\/\"},{\"@type\":\"ListItem\",\"position\":3,\"name\":\"D\u00e9claration IoT pour le d\u00e9veloppement durable\"}]},{\"@type\":\"WebSite\",\"@id\":\"https:\\\/\\\/iotlab.com\\\/fr\\\/#website\",\"url\":\"https:\\\/\\\/iotlab.com\\\/fr\\\/\",\"name\":\"Iot Lab\",\"description\":\"IoT Lab is an international platform of services and resources for the Internet of Things (IoT), digital transformation and data protection, providing solutions and services for Internet of Things and Digital Transformation, Smart Cities, Privacy &amp; Security, Research &amp; Innovation, Technology transfer &amp; Standardization, International Cooperation and SDGs.\",\"alternateName\":\"Iot Lab\",\"potentialAction\":[{\"@type\":\"SearchAction\",\"target\":{\"@type\":\"EntryPoint\",\"urlTemplate\":\"https:\\\/\\\/iotlab.com\\\/fr\\\/?s={search_term_string}\"},\"query-input\":{\"@type\":\"PropertyValueSpecification\",\"valueRequired\":true,\"valueName\":\"search_term_string\"}}],\"inLanguage\":\"fr-FR\"}]}<\/script>\n<!-- \/ Yoast SEO Premium plugin. -->","yoast_head_json":{"title":"D\u00e9claration IoT pour le d\u00e9veloppement durable - IoT Lab","robots":{"index":"index","follow":"follow","max-snippet":"max-snippet:-1","max-image-preview":"max-image-preview:large","max-video-preview":"max-video-preview:-1"},"canonical":"https:\/\/iotlab.com\/fr\/le-developpement-durable\/declaration-iot-pour-le-developpement-durable\/","og_locale":"fr_FR","og_type":"article","og_title":"D\u00e9claration IoT pour le d\u00e9veloppement durable","og_description":"IoT Lab a soutenu la r\u00e9daction de la D\u00e9claration internationale sur l'Internet des objets pour le d\u00e9veloppement durable adopt\u00e9e par la communaut\u00e9 internationale lors de l'IoT Week 2017 \u00e0 Gen\u00e8ve. \u00c0 propos de la D\u00e9claration internationale sur l'Internet des objets pour le d\u00e9veloppement durableLes participants \u00e0 la conf\u00e9rence IoT Week 2017 \u00e0 Gen\u00e8ve ont adopt\u00e9 [&hellip;]","og_url":"https:\/\/iotlab.com\/fr\/le-developpement-durable\/declaration-iot-pour-le-developpement-durable\/","og_site_name":"IoT Lab","article_modified_time":"2022-08-29T05:54:39+00:00","twitter_card":"summary_large_image","twitter_misc":{"Dur\u00e9e de lecture estim\u00e9e":"5 minutes"},"schema":{"@context":"https:\/\/schema.org","@graph":[{"@type":"WebPage","@id":"https:\/\/iotlab.com\/fr\/le-developpement-durable\/declaration-iot-pour-le-developpement-durable\/","url":"https:\/\/iotlab.com\/fr\/le-developpement-durable\/declaration-iot-pour-le-developpement-durable\/","name":"D\u00e9claration IoT pour le d\u00e9veloppement durable - IoT Lab","isPartOf":{"@id":"https:\/\/iotlab.com\/fr\/#website"},"datePublished":"2022-08-29T05:54:37+00:00","dateModified":"2022-08-29T05:54:39+00:00","breadcrumb":{"@id":"https:\/\/iotlab.com\/fr\/le-developpement-durable\/declaration-iot-pour-le-developpement-durable\/#breadcrumb"},"inLanguage":"fr-FR","potentialAction":[{"@type":"ReadAction","target":["https:\/\/iotlab.com\/fr\/le-developpement-durable\/declaration-iot-pour-le-developpement-durable\/"]}]},{"@type":"BreadcrumbList","@id":"https:\/\/iotlab.com\/fr\/le-developpement-durable\/declaration-iot-pour-le-developpement-durable\/#breadcrumb","itemListElement":[{"@type":"ListItem","position":1,"name":"Home","item":"https:\/\/iotlab.com\/fr\/"},{"@type":"ListItem","position":2,"name":"Le d\u00e9veloppement durable","item":"https:\/\/iotlab.com\/fr\/le-developpement-durable\/"},{"@type":"ListItem","position":3,"name":"D\u00e9claration IoT pour le d\u00e9veloppement durable"}]},{"@type":"WebSite","@id":"https:\/\/iotlab.com\/fr\/#website","url":"https:\/\/iotlab.com\/fr\/","name":"Iot Lab","description":"IoT Lab is an international platform of services and resources for the Internet of Things (IoT), digital transformation and data protection, providing solutions and services for Internet of Things and Digital Transformation, Smart Cities, Privacy &amp; Security, Research &amp; Innovation, Technology transfer &amp; Standardization, International Cooperation and SDGs.","alternateName":"Iot Lab","potentialAction":[{"@type":"SearchAction","target":{"@type":"EntryPoint","urlTemplate":"https:\/\/iotlab.com\/fr\/?s={search_term_string}"},"query-input":{"@type":"PropertyValueSpecification","valueRequired":true,"valueName":"search_term_string"}}],"inLanguage":"fr-FR"}]}},"_links":{"self":[{"href":"https:\/\/iotlab.com\/fr\/wp-json\/wp\/v2\/pages\/33240","targetHints":{"allow":["GET"]}}],"collection":[{"href":"https:\/\/iotlab.com\/fr\/wp-json\/wp\/v2\/pages"}],"about":[{"href":"https:\/\/iotlab.com\/fr\/wp-json\/wp\/v2\/types\/page"}],"author":[{"embeddable":true,"href":"https:\/\/iotlab.com\/fr\/wp-json\/wp\/v2\/users\/1"}],"replies":[{"embeddable":true,"href":"https:\/\/iotlab.com\/fr\/wp-json\/wp\/v2\/comments?post=33240"}],"version-history":[{"count":2,"href":"https:\/\/iotlab.com\/fr\/wp-json\/wp\/v2\/pages\/33240\/revisions"}],"predecessor-version":[{"id":33242,"href":"https:\/\/iotlab.com\/fr\/wp-json\/wp\/v2\/pages\/33240\/revisions\/33242"}],"up":[{"embeddable":true,"href":"https:\/\/iotlab.com\/fr\/wp-json\/wp\/v2\/pages\/31513"}],"wp:attachment":[{"href":"https:\/\/iotlab.com\/fr\/wp-json\/wp\/v2\/media?parent=33240"}],"curies":[{"name":"wp","href":"https:\/\/api.w.org\/{rel}","templated":true}]}}