{"id":33356,"date":"2022-08-29T21:13:33","date_gmt":"2022-08-29T19:13:33","guid":{"rendered":"https:\/\/iotlab.com\/evenements\/slices-ch-2022\/"},"modified":"2022-08-29T21:13:35","modified_gmt":"2022-08-29T19:13:35","slug":"slices-ch-2022","status":"publish","type":"page","link":"https:\/\/iotlab.com\/fr\/evenements\/slices-ch-2022\/","title":{"rendered":"SLICES-CH 2022"},"content":{"rendered":"<p>[et_pb_section fb_built=\u00a0\u00bb1&Prime; fullwidth=\u00a0\u00bbon\u00a0\u00bb admin_label=\u00a0\u00bbHero\u00a0\u00bb _builder_version=\u00a0\u00bb4.16&Prime; _module_preset=\u00a0\u00bbdefault\u00a0\u00bb background_image=\u00a0\u00bbhttps:\/\/iotlab.com\/wp-content\/uploads\/2021\/08\/dreamstime_xxl_108521747.jpg\u00a0\u00bb background_position=\u00a0\u00bbbottom_left\u00a0\u00bb custom_css_main_element=\u00a0\u00bb  background-attachment: fixed;||  background-position: bottom;||  background-repeat: no-repeat;||  background-size: cover;\u00a0\u00bb box_shadow_style=\u00a0\u00bbpreset1&Prime; locked=\u00a0\u00bboff\u00a0\u00bb global_colors_info=\u00a0\u00bb{}\u00a0\u00bb][et_pb_fullwidth_slider use_bg_overlay=\u00a0\u00bboff\u00a0\u00bb use_text_overlay=\u00a0\u00bboff\u00a0\u00bb admin_label=\u00a0\u00bbFullwidth Slider\u00a0\u00bb _builder_version=\u00a0\u00bb4.17.6&Prime; _module_preset=\u00a0\u00bbdefault\u00a0\u00bb header_text_align=\u00a0\u00bbleft\u00a0\u00bb background_enable_color=\u00a0\u00bboff\u00a0\u00bb width=\u00a0\u00bb100%\u00a0\u00bb module_alignment=\u00a0\u00bbcenter\u00a0\u00bb content_width=\u00a0\u00bb100%\u00a0\u00bb content_max_width=\u00a0\u00bb100%\u00a0\u00bb max_height=\u00a0\u00bb351px\u00a0\u00bb custom_padding=\u00a0\u00bb80px||80px||true|false\u00a0\u00bb global_colors_info=\u00a0\u00bb{}\u00a0\u00bb][et_pb_slide heading=\u00a0\u00bbSLICES-CH 2022&Prime; _builder_version=\u00a0\u00bb4.17.6&Prime; _module_preset=\u00a0\u00bbdefault\u00a0\u00bb header_level=\u00a0\u00bbh1&Prime; header_font=\u00a0\u00bb|600|||||||\u00a0\u00bb header_text_align=\u00a0\u00bbcenter\u00a0\u00bb header_font_size=\u00a0\u00bb40px\u00a0\u00bb header_line_height=\u00a0\u00bb1.2em\u00a0\u00bb body_text_align=\u00a0\u00bbleft\u00a0\u00bb body_font_size=\u00a0\u00bb20px\u00a0\u00bb body_line_height=\u00a0\u00bb1.5em\u00a0\u00bb background_color=\u00a0\u00bbrgba(16,21,53,0.81)\u00a0\u00bb background_enable_color=\u00a0\u00bbon\u00a0\u00bb use_background_color_gradient=\u00a0\u00bbon\u00a0\u00bb background_color_gradient_type=\u00a0\u00bbcircular\u00a0\u00bb background_color_gradient_direction_radial=\u00a0\u00bbbottom\u00a0\u00bb background_color_gradient_stops=\u00a0\u00bbrgba(0,0,0,0) 0%|#00abd6 92%\u00a0\u00bb background_color_gradient_start=\u00a0\u00bbrgba(0,0,0,0)\u00a0\u00bb background_color_gradient_end=\u00a0\u00bb#00abd6&Prime; background_color_gradient_end_position=\u00a0\u00bb92%\u00a0\u00bb button_alignment=\u00a0\u00bbleft\u00a0\u00bb text_orientation=\u00a0\u00bbleft\u00a0\u00bb max_width=\u00a0\u00bb1080px\u00a0\u00bb max_width_tablet=\u00a0\u00bb605px\u00a0\u00bb max_width_phone=\u00a0\u00bb304px\u00a0\u00bb max_width_last_edited=\u00a0\u00bbon|phone\u00a0\u00bb custom_padding=\u00a0\u00bb|0px||0px|false|true\u00a0\u00bb custom_padding_tablet=\u00a0\u00bb30px|0px|30px|0px|true|false\u00a0\u00bb custom_padding_phone=\u00a0\u00bb25px|0px|25px|0px|true|true\u00a0\u00bb custom_padding_last_edited=\u00a0\u00bbon|phone\u00a0\u00bb header_font_size_tablet=\u00a0\u00bb\u00a0\u00bb header_font_size_phone=\u00a0\u00bb28px\u00a0\u00bb header_font_size_last_edited=\u00a0\u00bbon|phone\u00a0\u00bb custom_css_slide_image=\u00a0\u00bbmax-width: 40%;\u00a0\u00bb global_colors_info=\u00a0\u00bb{}\u00a0\u00bb sticky_transition=\u00a0\u00bbon\u00a0\u00bb][\/et_pb_slide][\/et_pb_fullwidth_slider][\/et_pb_section][et_pb_section fb_built=\u00a0\u00bb1&Prime; custom_padding_last_edited=\u00a0\u00bbon|tablet\u00a0\u00bb module_id=\u00a0\u00bbA propos\u00a0\u00bb _builder_version=\u00a0\u00bb4.17.6&Prime; _module_preset=\u00a0\u00bb38daf00d-ad10-460d-98cc-26939271c41b\u00a0\u00bb custom_padding_tablet=\u00a0\u00bb\u00a0\u00bb custom_padding_phone=\u00a0\u00bb\u00a0\u00bb locked=\u00a0\u00bboff\u00a0\u00bb global_colors_info=\u00a0\u00bb{}\u00a0\u00bb][et_pb_row custom_padding_last_edited=\u00a0\u00bbon|desktop\u00a0\u00bb _builder_version=\u00a0\u00bb4.17.6&Prime; _module_preset=\u00a0\u00bb7fd053b9-c243-4260-9eb4-baa2e3fdd7d7&Prime; custom_padding_tablet=\u00a0\u00bb\u00a0\u00bb custom_padding_phone=\u00a0\u00bb\u00a0\u00bb global_colors_info=\u00a0\u00bb{}\u00a0\u00bb][et_pb_column type=\u00a0\u00bb4_4&Prime; admin_label=\u00a0\u00bbColumn\u00a0\u00bb _builder_version=\u00a0\u00bb4.16&Prime; _module_preset=\u00a0\u00bbdefault\u00a0\u00bb global_colors_info=\u00a0\u00bb{}\u00a0\u00bb][et_pb_text _builder_version=\u00a0\u00bb4.17.6&Prime; _module_preset=\u00a0\u00bbb7aad84b-4396-4388-862b-89f63d9791bf\u00a0\u00bb header_2_text_align=\u00a0\u00bbcenter\u00a0\u00bb global_colors_info=\u00a0\u00bb{}\u00a0\u00bb]<\/p>\n<h2>Conf\u00e9rence sur l&rsquo;infrastructure de recherche paneurop\u00e9enne SLICES pour l&rsquo;innovation et la transformation num\u00e9riques &#8211; Swiss Cluster Event<\/h2>\n<p>[\/et_pb_text][\/et_pb_column][\/et_pb_row][\/et_pb_section][et_pb_section fb_built=\u00a0\u00bb1&Prime; custom_padding_last_edited=\u00a0\u00bbon|desktop\u00a0\u00bb _builder_version=\u00a0\u00bb4.17.6&Prime; _module_preset=\u00a0\u00bb38daf00d-ad10-460d-98cc-26939271c41b\u00a0\u00bb custom_padding_tablet=\u00a0\u00bb\u00a0\u00bb custom_padding_phone=\u00a0\u00bb\u00a0\u00bb global_colors_info=\u00a0\u00bb{}\u00a0\u00bb][et_pb_row column_structure=\u00a0\u00bb1_3,2_3&Prime; _builder_version=\u00a0\u00bb4.17.6&Prime; _module_preset=\u00a0\u00bbdefault\u00a0\u00bb background_color=\u00a0\u00bb#000000&Prime; custom_padding=\u00a0\u00bb12px|20px|12px|20px|true|true\u00a0\u00bb locked=\u00a0\u00bboff\u00a0\u00bb global_colors_info=\u00a0\u00bb{}\u00a0\u00bb][et_pb_column type=\u00a0\u00bb1_3&Prime; _builder_version=\u00a0\u00bb4.17.6&Prime; _module_preset=\u00a0\u00bbdefault\u00a0\u00bb global_colors_info=\u00a0\u00bb{}\u00a0\u00bb][et_pb_image src=\u00a0\u00bbhttps:\/\/iotlab.com\/wp-content\/uploads\/2022\/07\/slices-logo_281x80.png\u00a0\u00bb alt=\u00a0\u00bbSLICES &#8211; logo\u00a0\u00bb title_text=\u00a0\u00bbSlices &#8211; logo\u00a0\u00bb align_tablet=\u00a0\u00bbcenter\u00a0\u00bb align_phone=\u00a0\u00bbcenter\u00a0\u00bb align_last_edited=\u00a0\u00bbon|tablet\u00a0\u00bb _builder_version=\u00a0\u00bb4.17.6&Prime; _module_preset=\u00a0\u00bbdefault\u00a0\u00bb custom_margin_tablet=\u00a0\u00bb20px||0px||false|false\u00a0\u00bb custom_margin_phone=\u00a0\u00bb||0px||false|false\u00a0\u00bb custom_margin_last_edited=\u00a0\u00bbon|tablet\u00a0\u00bb custom_padding=\u00a0\u00bb||||false|false\u00a0\u00bb global_colors_info=\u00a0\u00bb{}\u00a0\u00bb][\/et_pb_image][\/et_pb_column][et_pb_column type=\u00a0\u00bb2_3&Prime; _builder_version=\u00a0\u00bb4.17.6&Prime; _module_preset=\u00a0\u00bbdefault\u00a0\u00bb global_colors_info=\u00a0\u00bb{}\u00a0\u00bb][et_pb_text _builder_version=\u00a0\u00bb4.17.6&Prime; _module_preset=\u00a0\u00bb79c8b34a-6293-481e-93ee-498bc7976b59&Prime; text_text_color=\u00a0\u00bb#FFFFFF\u00a0\u00bb header_2_text_color=\u00a0\u00bb#FFFFFF\u00a0\u00bb header_2_font_size=\u00a0\u00bb41px\u00a0\u00bb header_3_text_color=\u00a0\u00bb#FFFFFF\u00a0\u00bb background_color=\u00a0\u00bb#000000&Prime; custom_margin=\u00a0\u00bb11px||||false|false\u00a0\u00bb custom_margin_tablet=\u00a0\u00bb11px||||false|false\u00a0\u00bb custom_margin_phone=\u00a0\u00bb11px||||false|false\u00a0\u00bb custom_margin_last_edited=\u00a0\u00bbon|desktop\u00a0\u00bb global_colors_info=\u00a0\u00bb{}\u00a0\u00bb]<\/p>\n<h3>Date : 6 octobre 2022, 9-17 CET<br \/>Link : <span style=\"color: #00ccff;\"><a href=\"https:\/\/bit.ly\/3z0KawH\" target=\"_blank\" rel=\"noopener\" style=\"color: #00ccff;\">https:\/\/bit.ly\/3z0KawH<\/a><\/span><\/h3>\n<p>[\/et_pb_text][\/et_pb_column][\/et_pb_row][et_pb_row _builder_version=\u00a0\u00bb4.17.6&Prime; _module_preset=\u00a0\u00bbdefault\u00a0\u00bb global_colors_info=\u00a0\u00bb{}\u00a0\u00bb][et_pb_column type=\u00a0\u00bb4_4&Prime; _builder_version=\u00a0\u00bb4.17.6&Prime; _module_preset=\u00a0\u00bbdefault\u00a0\u00bb global_colors_info=\u00a0\u00bb{}\u00a0\u00bb][et_pb_text _builder_version=\u00a0\u00bb4.17.6&Prime; _module_preset=\u00a0\u00bb_initial\u00a0\u00bb global_colors_info=\u00a0\u00bb{}\u00a0\u00bb]<\/p>\n<p>Vous souhaitez d\u00e9couvrir\u2026<\/p>\n<ul>\n<li>Comment acc\u00e9der \u00e0 la plus grande infrastructure de recherche europ\u00e9enne pour vos recherches ?<\/li>\n<li>Comment les chercheurs suisses peuvent-ils rejoindre et participer \u00e0 la coop\u00e9ration de recherche ?<\/li>\n<li>De nouvelles opportunit\u00e9s pour les chercheurs suisses de collaborer avec des pairs europ\u00e9ens ?<\/li>\n<li>Une infrastructure de recherche innovante pour les technologies futures ?<\/li>\n<li>Comment renforcer la collaboration au niveau suisse et europ\u00e9en \u00e0 travers l&rsquo;initiative Slices ?<\/li>\n<\/ul>\n<p>SLICES est une plate-forme flexible con\u00e7ue pour soutenir la recherche exp\u00e9rimentale \u00e0 grande \u00e9chelle ax\u00e9e sur les protocoles de r\u00e9seau, les technologies radio, les services, la collecte de donn\u00e9es, l&rsquo;informatique parall\u00e8le et distribu\u00e9e et en particulier les architectures et les services informatiques bas\u00e9s sur le cloud et la p\u00e9riph\u00e9rie.<\/p>\n<p>Le projet SLICES H2020 est ravi de vous inviter \u00e0 un atelier suisse en ligne <strong>d&rsquo;une journ\u00e9e sur l&rsquo;infrastructure paneurop\u00e9enne SLICES pour les TIC<\/strong> le <sup>6<\/sup> octobre, de 9 \u00e0 17 CET.<\/p>\n<p>Rejoignez-nous et participez \u00e0 la discussion !<\/p>\n<p>[\/et_pb_text][\/et_pb_column][\/et_pb_row][\/et_pb_section][et_pb_section fb_built=\u00a0\u00bb1&Prime; _builder_version=\u00a0\u00bb4.17.6&Prime; _module_preset=\u00a0\u00bb38daf00d-ad10-460d-98cc-26939271c41b\u00a0\u00bb global_colors_info=\u00a0\u00bb{}\u00a0\u00bb][et_pb_row _builder_version=\u00a0\u00bb4.17.6&Prime; _module_preset=\u00a0\u00bbdefault\u00a0\u00bb global_colors_info=\u00a0\u00bb{}\u00a0\u00bb][et_pb_column type=\u00a0\u00bb4_4&Prime; _builder_version=\u00a0\u00bb4.17.6&Prime; _module_preset=\u00a0\u00bbdefault\u00a0\u00bb global_colors_info=\u00a0\u00bb{}\u00a0\u00bb][et_pb_text _builder_version=\u00a0\u00bb4.17.6&Prime; _module_preset=\u00a0\u00bbb7aad84b-4396-4388-862b-89f63d9791bf\u00a0\u00bb header_2_text_align=\u00a0\u00bbcenter\u00a0\u00bb global_colors_info=\u00a0\u00bb{}\u00a0\u00bb]<\/p>\n<h2>Agenda<\/h2>\n<p>[\/et_pb_text][et_pb_text _builder_version=\u00a0\u00bb4.17.6&Prime; _module_preset=\u00a0\u00bb79c8b34a-6293-481e-93ee-498bc7976b59&Prime; global_colors_info=\u00a0\u00bb{}\u00a0\u00bb]<\/p>\n<p><span><strong>9 h 00 <\/strong><\/span><span>.<\/span><span><strong>TRANCHES INFRASTRUCTURE DE RECHERCHE PANEUROP\u00c9ENNE POUR LES TIC<\/strong><\/span> <span><strong>APER\u00c7U<\/strong><\/span><\/p>\n<ul>\n<li>S\u00e9bastien Ziegler, Pr\u00e9sident de IoT Lab et IoT Forum<\/li>\n<li>Anna Fill, Secr\u00e9tariat d&rsquo;\u00c9tat suisse \u00e0 la formation, \u00e0 la recherche et \u00e0 l&rsquo;innovation<\/li>\n<li>Elena Hoffert, Minist\u00e8re de l&rsquo;Enseignement Sup\u00e9rieur et de la Recherche<\/li>\n<li>Ana Proykova, pr\u00e9sidente du groupe DIGIT, Forum strat\u00e9gique europ\u00e9en sur les infrastructures de recherche (ESFRI)<\/li>\n<li>Serge Fdida, Sorbonne Universit\u00e9<\/li>\n<\/ul>\n<p>[\/et_pb_text][et_pb_text _builder_version=\u00a0\u00bb4.17.6&Prime; _module_preset=\u00a0\u00bb79c8b34a-6293-481e-93ee-498bc7976b59&Prime; global_colors_info=\u00a0\u00bb{}\u00a0\u00bb]<\/p>\n<p><span><strong>10:00<\/strong><\/span><span>     <\/span><span><strong>DE NOUVELLES FRONTIERES POUR LA RECHERCHE<\/strong><\/span><br \/><span><strong>Quelques d\u00e9fis scientifiques relev\u00e9s par SLICES <\/strong><\/span><\/p>\n<ul>\n<li>Ari Pottu, Universit\u00e9 d&rsquo;Oulu<\/li>\n<li>Bartosz Belter, Centre de supercalcul et de mise en r\u00e9seau de Poznan<\/li>\n<li>Andrea Passarella, Institut d&rsquo;informatique et de t\u00e9l\u00e9matique (IIT) &#8211; CNR<\/li>\n<li>Yuri Demchenko, Universit\u00e9 d&rsquo;Amsterdam<\/li>\n<li>Q&amp;A<\/li>\n<\/ul>\n<p>[\/et_pb_text][et_pb_text _builder_version=\u00a0\u00bb4.17.6&Prime; _module_preset=\u00a0\u00bb79c8b34a-6293-481e-93ee-498bc7976b59&Prime; global_colors_info=\u00a0\u00bb{}\u00a0\u00bb]<\/p>\n<p><span><strong><em>11:00 <\/em><\/strong><\/span><span> <\/span><span><strong><em>Coffee break<\/em><\/strong><\/span><\/p>\n<p>[\/et_pb_text][et_pb_text _builder_version=\u00a0\u00bb4.17.6&Prime; _module_preset=\u00a0\u00bb79c8b34a-6293-481e-93ee-498bc7976b59&Prime; global_colors_info=\u00a0\u00bb{}\u00a0\u00bb]<\/p>\n<p><span><strong>11:30<\/strong><\/span><span>     <\/span><span><strong>SLICES OPPORTUNIT\u00c9S ET VALEUR AJOUT\u00c9E POUR LES CHERCHEURS SUISSES<\/strong><\/span><br \/><span><strong>Rejoindre la communaut\u00e9 et opportunit\u00e9s pour les chercheurs suisses<\/strong><\/span><\/p>\n<p>[\/et_pb_text][et_pb_text _builder_version=\u00a0\u00bb4.17.6&Prime; _module_preset=\u00a0\u00bb79c8b34a-6293-481e-93ee-498bc7976b59&Prime; global_colors_info=\u00a0\u00bb{}\u00a0\u00bb]<\/p>\n<p><span><strong><em>12 :30<\/em><\/strong><\/span><span> <\/span><span><strong><em>Lunch break<\/em><\/strong><\/span><\/p>\n<p>[\/et_pb_text][et_pb_text _builder_version=\u00a0\u00bb4.17.6&Prime; _module_preset=\u00a0\u00bb79c8b34a-6293-481e-93ee-498bc7976b59&Prime; global_colors_info=\u00a0\u00bb{}\u00a0\u00bb]<\/p>\n<p><span><strong><\/strong><\/span><\/p>\n<p><span><strong>14 :00<\/strong><\/span><span>    <\/span><span><strong>OPPORTUNIT\u00c9S SUISSES ET VALEUR AJOUT\u00c9E POUR LES SLICES <\/strong><\/span><span> <\/span><br \/><span> <\/span> <span><strong>Aper\u00e7u des infrastructures de recherche suisses<\/strong><\/span><\/p>\n<ul>\n<li>Bernhard Plattner, Prof. \u00e9m., ETH Z\u00fcrich<\/li>\n<li>Dimitri Konstantas, Universit\u00e9 de Gen\u00e8ve<\/li>\n<li>Jan Kerschgens, EPFL Centre pour les syst\u00e8mes intelligents<\/li>\n<li>Laurent Sciboz, Haute Ecole Sp\u00e9cialis\u00e9e de Suisse Occidentale (HES-SO)<\/li>\n<li>Gustavo Alonso, ETH Zurich<\/li>\n<li>Juerg Leuthold, ETH Zurich<\/li>\n<\/ul>\n<p>[\/et_pb_text][et_pb_text _builder_version=\u00a0\u00bb4.17.6&Prime; _module_preset=\u00a0\u00bb79c8b34a-6293-481e-93ee-498bc7976b59&Prime; global_colors_info=\u00a0\u00bb{}\u00a0\u00bb]<\/p>\n<p><span><strong>15:00<\/strong><\/span><span>     <\/span><span><strong>LA VOIE \u00c0 SUIVRE ET LE PLAN D&rsquo;ACTION<\/strong><\/span><br \/><span><strong>Discussion ouverte sur les actions prioritaires pour le cluster suisse<\/strong><\/span><\/p>\n<p>[\/et_pb_text][et_pb_text _builder_version=\u00a0\u00bb4.17.6&Prime; _module_preset=\u00a0\u00bb79c8b34a-6293-481e-93ee-498bc7976b59&Prime; global_colors_info=\u00a0\u00bb{}\u00a0\u00bb]<\/p>\n<p><span><strong>16:00<\/strong><\/span><span> <\/span><span><strong>CONCLUSION ET PROCHAINES \u00c9TAPES <\/strong><\/span><\/p>\n<p>[\/et_pb_text][et_pb_text _builder_version=\u00a0\u00bb4.17.6&Prime; _module_preset=\u00a0\u00bb79c8b34a-6293-481e-93ee-498bc7976b59&Prime; global_colors_info=\u00a0\u00bb{}\u00a0\u00bb]<\/p>\n<p><span><strong>17:00<\/strong><\/span><span> <\/span><span><strong>Fin<\/strong><\/span><\/p>\n<p>[\/et_pb_text][\/et_pb_column][\/et_pb_row][\/et_pb_section]<\/p>\n","protected":false},"excerpt":{"rendered":"<p>Conf\u00e9rence sur l&rsquo;infrastructure de recherche paneurop\u00e9enne SLICES pour l&rsquo;innovation et la transformation num\u00e9riques &#8211; Swiss Cluster EventDate : 6 octobre 2022, 9-17 CETLink : https:\/\/bit.ly\/3z0KawHVous souhaitez d\u00e9couvrir\u2026 Comment acc\u00e9der \u00e0 la plus grande infrastructure de recherche europ\u00e9enne pour vos recherches ? Comment les chercheurs suisses peuvent-ils rejoindre et participer \u00e0 la coop\u00e9ration de recherche ? [&hellip;]<\/p>\n","protected":false},"author":1,"featured_media":0,"parent":32827,"menu_order":0,"comment_status":"closed","ping_status":"closed","template":"","meta":{"_et_pb_use_builder":"on","_et_pb_old_content":"","_et_gb_content_width":"","inline_featured_image":false,"footnotes":""},"class_list":["post-33356","page","type-page","status-publish","hentry"],"yoast_head":"<!-- This site is optimized with the Yoast SEO Premium plugin v27.5 (Yoast SEO v27.6) - https:\/\/yoast.com\/product\/yoast-seo-premium-wordpress\/ -->\n<title>SLICES-CH 2022 - IoT Lab<\/title>\n<meta name=\"robots\" content=\"index, follow, max-snippet:-1, max-image-preview:large, max-video-preview:-1\" \/>\n<link rel=\"canonical\" href=\"https:\/\/iotlab.com\/fr\/evenements\/slices-ch-2022\/\" \/>\n<meta property=\"og:locale\" content=\"fr_FR\" \/>\n<meta property=\"og:type\" content=\"article\" \/>\n<meta property=\"og:title\" content=\"SLICES-CH 2022\" \/>\n<meta property=\"og:description\" content=\"Conf\u00e9rence sur l&#039;infrastructure de recherche paneurop\u00e9enne SLICES pour l&#039;innovation et la transformation num\u00e9riques - Swiss Cluster EventDate : 6 octobre 2022, 9-17 CETLink : https:\/\/bit.ly\/3z0KawHVous souhaitez d\u00e9couvrir\u2026 Comment acc\u00e9der \u00e0 la plus grande infrastructure de recherche europ\u00e9enne pour vos recherches ? Comment les chercheurs suisses peuvent-ils rejoindre et participer \u00e0 la coop\u00e9ration de recherche ? [&hellip;]\" \/>\n<meta property=\"og:url\" content=\"https:\/\/iotlab.com\/fr\/evenements\/slices-ch-2022\/\" \/>\n<meta property=\"og:site_name\" content=\"IoT Lab\" \/>\n<meta property=\"article:modified_time\" content=\"2022-08-29T19:13:35+00:00\" \/>\n<meta name=\"twitter:card\" content=\"summary_large_image\" \/>\n<meta name=\"twitter:label1\" content=\"Dur\u00e9e de lecture estim\u00e9e\" \/>\n\t<meta name=\"twitter:data1\" content=\"7 minutes\" \/>\n<script type=\"application\/ld+json\" class=\"yoast-schema-graph\">{\"@context\":\"https:\\\/\\\/schema.org\",\"@graph\":[{\"@type\":\"WebPage\",\"@id\":\"https:\\\/\\\/iotlab.com\\\/fr\\\/evenements\\\/slices-ch-2022\\\/\",\"url\":\"https:\\\/\\\/iotlab.com\\\/fr\\\/evenements\\\/slices-ch-2022\\\/\",\"name\":\"SLICES-CH 2022 - IoT Lab\",\"isPartOf\":{\"@id\":\"https:\\\/\\\/iotlab.com\\\/fr\\\/#website\"},\"datePublished\":\"2022-08-29T19:13:33+00:00\",\"dateModified\":\"2022-08-29T19:13:35+00:00\",\"breadcrumb\":{\"@id\":\"https:\\\/\\\/iotlab.com\\\/fr\\\/evenements\\\/slices-ch-2022\\\/#breadcrumb\"},\"inLanguage\":\"fr-FR\",\"potentialAction\":[{\"@type\":\"ReadAction\",\"target\":[\"https:\\\/\\\/iotlab.com\\\/fr\\\/evenements\\\/slices-ch-2022\\\/\"]}]},{\"@type\":\"BreadcrumbList\",\"@id\":\"https:\\\/\\\/iotlab.com\\\/fr\\\/evenements\\\/slices-ch-2022\\\/#breadcrumb\",\"itemListElement\":[{\"@type\":\"ListItem\",\"position\":1,\"name\":\"Home\",\"item\":\"https:\\\/\\\/iotlab.com\\\/fr\\\/\"},{\"@type\":\"ListItem\",\"position\":2,\"name\":\"\u00c9v\u00e9nements\",\"item\":\"https:\\\/\\\/iotlab.com\\\/fr\\\/evenements\\\/\"},{\"@type\":\"ListItem\",\"position\":3,\"name\":\"SLICES-CH 2022\"}]},{\"@type\":\"WebSite\",\"@id\":\"https:\\\/\\\/iotlab.com\\\/fr\\\/#website\",\"url\":\"https:\\\/\\\/iotlab.com\\\/fr\\\/\",\"name\":\"Iot Lab\",\"description\":\"IoT Lab is an international platform of services and resources for the Internet of Things (IoT), digital transformation and data protection, providing solutions and services for Internet of Things and Digital Transformation, Smart Cities, Privacy &amp; Security, Research &amp; Innovation, Technology transfer &amp; Standardization, International Cooperation and SDGs.\",\"alternateName\":\"Iot Lab\",\"potentialAction\":[{\"@type\":\"SearchAction\",\"target\":{\"@type\":\"EntryPoint\",\"urlTemplate\":\"https:\\\/\\\/iotlab.com\\\/fr\\\/?s={search_term_string}\"},\"query-input\":{\"@type\":\"PropertyValueSpecification\",\"valueRequired\":true,\"valueName\":\"search_term_string\"}}],\"inLanguage\":\"fr-FR\"}]}<\/script>\n<!-- \/ Yoast SEO Premium plugin. -->","yoast_head_json":{"title":"SLICES-CH 2022 - IoT Lab","robots":{"index":"index","follow":"follow","max-snippet":"max-snippet:-1","max-image-preview":"max-image-preview:large","max-video-preview":"max-video-preview:-1"},"canonical":"https:\/\/iotlab.com\/fr\/evenements\/slices-ch-2022\/","og_locale":"fr_FR","og_type":"article","og_title":"SLICES-CH 2022","og_description":"Conf\u00e9rence sur l'infrastructure de recherche paneurop\u00e9enne SLICES pour l'innovation et la transformation num\u00e9riques - Swiss Cluster EventDate : 6 octobre 2022, 9-17 CETLink : https:\/\/bit.ly\/3z0KawHVous souhaitez d\u00e9couvrir\u2026 Comment acc\u00e9der \u00e0 la plus grande infrastructure de recherche europ\u00e9enne pour vos recherches ? Comment les chercheurs suisses peuvent-ils rejoindre et participer \u00e0 la coop\u00e9ration de recherche ? [&hellip;]","og_url":"https:\/\/iotlab.com\/fr\/evenements\/slices-ch-2022\/","og_site_name":"IoT Lab","article_modified_time":"2022-08-29T19:13:35+00:00","twitter_card":"summary_large_image","twitter_misc":{"Dur\u00e9e de lecture estim\u00e9e":"7 minutes"},"schema":{"@context":"https:\/\/schema.org","@graph":[{"@type":"WebPage","@id":"https:\/\/iotlab.com\/fr\/evenements\/slices-ch-2022\/","url":"https:\/\/iotlab.com\/fr\/evenements\/slices-ch-2022\/","name":"SLICES-CH 2022 - IoT Lab","isPartOf":{"@id":"https:\/\/iotlab.com\/fr\/#website"},"datePublished":"2022-08-29T19:13:33+00:00","dateModified":"2022-08-29T19:13:35+00:00","breadcrumb":{"@id":"https:\/\/iotlab.com\/fr\/evenements\/slices-ch-2022\/#breadcrumb"},"inLanguage":"fr-FR","potentialAction":[{"@type":"ReadAction","target":["https:\/\/iotlab.com\/fr\/evenements\/slices-ch-2022\/"]}]},{"@type":"BreadcrumbList","@id":"https:\/\/iotlab.com\/fr\/evenements\/slices-ch-2022\/#breadcrumb","itemListElement":[{"@type":"ListItem","position":1,"name":"Home","item":"https:\/\/iotlab.com\/fr\/"},{"@type":"ListItem","position":2,"name":"\u00c9v\u00e9nements","item":"https:\/\/iotlab.com\/fr\/evenements\/"},{"@type":"ListItem","position":3,"name":"SLICES-CH 2022"}]},{"@type":"WebSite","@id":"https:\/\/iotlab.com\/fr\/#website","url":"https:\/\/iotlab.com\/fr\/","name":"Iot Lab","description":"IoT Lab is an international platform of services and resources for the Internet of Things (IoT), digital transformation and data protection, providing solutions and services for Internet of Things and Digital Transformation, Smart Cities, Privacy &amp; Security, Research &amp; Innovation, Technology transfer &amp; Standardization, International Cooperation and SDGs.","alternateName":"Iot Lab","potentialAction":[{"@type":"SearchAction","target":{"@type":"EntryPoint","urlTemplate":"https:\/\/iotlab.com\/fr\/?s={search_term_string}"},"query-input":{"@type":"PropertyValueSpecification","valueRequired":true,"valueName":"search_term_string"}}],"inLanguage":"fr-FR"}]}},"_links":{"self":[{"href":"https:\/\/iotlab.com\/fr\/wp-json\/wp\/v2\/pages\/33356","targetHints":{"allow":["GET"]}}],"collection":[{"href":"https:\/\/iotlab.com\/fr\/wp-json\/wp\/v2\/pages"}],"about":[{"href":"https:\/\/iotlab.com\/fr\/wp-json\/wp\/v2\/types\/page"}],"author":[{"embeddable":true,"href":"https:\/\/iotlab.com\/fr\/wp-json\/wp\/v2\/users\/1"}],"replies":[{"embeddable":true,"href":"https:\/\/iotlab.com\/fr\/wp-json\/wp\/v2\/comments?post=33356"}],"version-history":[{"count":2,"href":"https:\/\/iotlab.com\/fr\/wp-json\/wp\/v2\/pages\/33356\/revisions"}],"predecessor-version":[{"id":33358,"href":"https:\/\/iotlab.com\/fr\/wp-json\/wp\/v2\/pages\/33356\/revisions\/33358"}],"up":[{"embeddable":true,"href":"https:\/\/iotlab.com\/fr\/wp-json\/wp\/v2\/pages\/32827"}],"wp:attachment":[{"href":"https:\/\/iotlab.com\/fr\/wp-json\/wp\/v2\/media?parent=33356"}],"curies":[{"name":"wp","href":"https:\/\/api.w.org\/{rel}","templated":true}]}}